{"id":16518,"date":"2018-12-19T07:05:09","date_gmt":"2018-12-19T07:05:09","guid":{"rendered":"https:\/\/www.losesculloscabodegata.com\/unterkunft\/bungalows-premium\/"},"modified":"2025-02-24T08:07:42","modified_gmt":"2025-02-24T08:07:42","slug":"bungalows-premium","status":"publish","type":"page","link":"https:\/\/www.losesculloscabodegata.com\/de\/unterkunft\/bungalows-premium\/","title":{"rendered":"Premium-Bungalows"},"content":{"rendered":"<div class=\"wpb-content-wrapper\"><p>[vc_row disable_element=&#8220;yes&#8220; css=&#8220;.vc_custom_1726650552898{margin-bottom: 30px !important;}&#8220;][vc_column][vc_column_text]Die perfekte Unterkunft f\u00fcr das ideale Paar. Es ist der Ort, an dem Sie sich wie zu Hause f\u00fchlen werden und alle Annehmlichkeiten genie\u00dfen k\u00f6nnen, die es mit 22 Quadratmetern bietet. Das Ausruhen in der N\u00e4he der Natur war noch nie so angenehm wie jetzt. Haben Sie sich einen solchen Urlaub vorgestellt? Im Camping Los Escullos k\u00f6nnen Sie es mit einem einzigen Klick Wirklichkeit werden lassen.<\/p>\n<p>&nbsp;<\/p>\n<p>Wir bringen das Beste aus Ihrem Zuhause in eine unvergleichliche nat\u00fcrliche Umgebung, damit Sie alles haben. Die Premium-Bungalows verf\u00fcgen \u00fcber eine K\u00fcche, ein Wohn-Schlafzimmer und ein Badezimmer mit Dusche. Dar\u00fcber hinaus haben sie eine kleine Terrasse am Eingang, von der aus Sie die Natur betrachten k\u00f6nnen.<\/p>\n<p>&nbsp;<\/p>\n<p>Ein Hinterhof mit Kunstrasen, zwei H\u00e4ngematten und einer Au\u00dfendusche vervollst\u00e4ndigen eine Unterkunft, die f\u00fcr besondere Momente konzipiert ist. Sie m\u00fcssen sich keine Sorgen um die Ger\u00e4te machen: Geschirrsp\u00fcler, K\u00fchlschrank, Keramikkochfeld, Mikrowelle, Nespresso-Kaffeemaschine, Toaster und Geschirr sind ebenfalls enthalten.[\/vc_column_text]\n\t<div class=\"nd_options_section nd_options_text_align_center\">\n\t<a style=\"border: px solid;border-radius:px;letter-spacing:px;line-height:18px;font-size:18px;background-color:#22205f;padding:10px 20px;margin:10px;color:#ffffff\" rel=\"\" target=\"_blank\" href=\"https:\/\/ctescullos.bookinweb.es\/es\/booking\/process\/\" class=\"nicdark_display_inline_block  nd_options_font_weight_normal nd_options_second_font  \">UNTERKUNFT BUCHEN<\/a>\n\t<\/div>\n[\/vc_column][\/vc_row][vc_row][vc_column width=&#8220;1\/2&#8243;][vc_raw_html]JTNDaWZyYW1lJTIwY2xhc3MlM0QlMjJ2aWRlby15b3V0dWJlJTIyJTBBJTIwJTIwJTIwd2lkdGglM0QlMjIxMDAlMjUlMjIlMEElMjAlMjAlMjBoZWlnaHQlM0QlMjI1NzBweCUyMiUwQSUyMCUyMCUyMHNyYyUzRCUyMmh0dHBzJTNBJTJGJTJGd3d3LnlvdXR1YmUuY29tJTJGZW1iZWQlMkZhX19pZFZrSHY0cyUzRnJlbCUzRDAlMjIlMEElMjAlMjAlMjBmcmFtZWJvcmRlciUzRCUyMjAlMjIlMEElMjAlMjAlMjBhbGxvdyUzRCUyMmFjY2VsZXJvbWV0ZXIlM0IlMjBhdXRvcGxheSUzQiUyMGNsaXBib2FyZC13cml0ZSUzQiUyMGVuY3J5cHRlZC1tZWRpYSUzQiUyMGd5cm9zY29wZSUzQiUyMHBpY3R1cmUtaW4tcGljdHVyZSUyMiUwQSUyMCUyMCUyMGFsbG93ZnVsbHNjcmVlbiUyMCUzRSUwQSUzQyUyRmlmcmFtZSUzRQ==[\/vc_raw_html][\/vc_column][vc_column width=&#8220;1\/2&#8243;][vc_column_text]Die <strong>perfekte Unterkunft f\u00fcr das ideale Paar<\/strong>.<br \/>\nSie finden:<\/p>\n<ul>\n<li>22 Quadratmeter gro\u00dfe Studio-H\u00e4user<\/li>\n<li>Voll ausgestattete K\u00fcche<\/li>\n<li>Wohn-Schlafzimmer<\/li>\n<li>Badezimmer mit privater Dusche<\/li>\n<li>Doppelbett und Schlafsofa<\/li>\n<li>M\u00f6glichkeit eines Reisebettes<\/li>\n<li>Bade- und Bettw\u00e4sche inklusive<\/li>\n<li>Veranda<\/li>\n<li>Parkplatz<\/li>\n<li>Klimaanlage<\/li>\n<\/ul>\n<p><strong>Haustiere sind nicht erlaubt.<\/strong>[\/vc_column_text]\n\t\n\t<a style=\"border: px solid;border-radius:px;letter-spacing:px;line-height:18px;font-size:18px;background-color:#22205f;padding:10px 20px;margin:10px;color:#ffffff\" rel=\"\" target=\"_blank\" href=\"https:\/\/ctescullos.bookinweb.es\/es\/booking\/process\/\" class=\"nicdark_display_inline_block nd_options_float_left nd_options_font_weight_normal nd_options_second_font  \">UNTERKUNFT BUCHEN<\/a>\n\t\n[\/vc_column][\/vc_row][vc_row][vc_column width=&#8220;1\/3&#8243;][vc_single_image image=&#8220;18968&#8243; img_size=&#8220;full&#8220; onclick=&#8220;link_image&#8220;][\/vc_column][vc_column width=&#8220;1\/3&#8243;][vc_single_image image=&#8220;18963&#8243; img_size=&#8220;large&#8220; onclick=&#8220;link_image&#8220;][\/vc_column][vc_column width=&#8220;1\/3&#8243;][vc_single_image image=&#8220;18953&#8243; img_size=&#8220;large&#8220; onclick=&#8220;link_image&#8220;][\/vc_column][\/vc_row][vc_row][vc_column width=&#8220;1\/3&#8243;][vc_single_image image=&#8220;18973&#8243; img_size=&#8220;large&#8220; onclick=&#8220;link_image&#8220;][\/vc_column][vc_column width=&#8220;1\/3&#8243;][vc_single_image image=&#8220;18958&#8243; img_size=&#8220;large&#8220; onclick=&#8220;link_image&#8220;][\/vc_column][vc_column width=&#8220;1\/3&#8243;][vc_single_image image=&#8220;18978&#8243; img_size=&#8220;large&#8220; onclick=&#8220;link_image&#8220;][\/vc_column][\/vc_row][vc_row css=&#8220;.vc_custom_1623142928641{margin-top: 60px !important;}&#8220;][vc_column][vc_custom_heading text=&#8220;Das k\u00f6nnte Sie interessieren&#8220; font_container=&#8220;tag:h2|font_size:30px|text_align:left|line_height:30px&#8220; use_theme_fonts=&#8220;yes&#8220; css=&#8220;.vc_custom_1623142913135{margin-bottom: 15px !important;}&#8220;][vc_basic_grid post_type=&#8220;ids&#8220; item=&#8220;1399&#8243; grid_id=&#8220;vc_gid:1740384343736-ee84345a-e614-2&#8243; include=&#8220;1349, 1347, 1353&#8243; el_class=&#8220;listado-alojamientos-home&#8220;]\n\t<div class=\"nd_options_section nd_options_text_align_center\">\n\t<a style=\"border: px solid;border-radius:px;letter-spacing:px;line-height:18px;font-size:18px;background-color:#22205f;padding:10px 20px;margin:10px;color:#ffffff\" rel=\"\" target=\"_blank\" href=\"https:\/\/www.losesculloscabodegata.com\/wp-content\/uploads\/2025\/02\/Plano-de-los-Escullos-ALE.pdf\" class=\"nicdark_display_inline_block  nd_options_font_weight_normal nd_options_second_font  \">DOWNLOAD CAMPING LOS ESCULLOS MAP<\/a>\n\t<\/div>\n[\/vc_column][\/vc_row]<\/p>\n<\/div>","protected":false},"excerpt":{"rendered":"<p>[vc_row disable_element=&#8220;yes&#8220; css=&#8220;.vc_custom_1726650552898{margin-bottom: 30px !important;}&#8220;][vc_column][vc_column_text]Die perfekte Unterkunft f\u00fcr das ideale Paar. Es ist der Ort, an dem Sie sich wie zu Hause f\u00fchlen werden und alle Annehmlichkeiten genie\u00dfen k\u00f6nnen, die es mit 22 Quadratmetern bietet. Das Ausruhen in der N\u00e4he der Natur war noch nie so angenehm wie jetzt. Haben Sie sich einen solchen Urlaub [&hellip;]<\/p>\n","protected":false},"author":2,"featured_media":13996,"parent":3451,"menu_order":0,"comment_status":"closed","ping_status":"closed","template":"","meta":{"_acf_changed":false,"footnotes":""},"class_list":["post-16518","page","type-page","status-publish","has-post-thumbnail","hentry"],"acf":[],"publishpress_future_action":{"enabled":false,"date":"2026-04-25 10:50:23","action":"change-status","newStatus":"draft","terms":[],"taxonomy":"translation_priority"},"publishpress_future_workflow_manual_trigger":{"enabledWorkflows":[]},"_links":{"self":[{"href":"https:\/\/www.losesculloscabodegata.com\/de\/wp-json\/wp\/v2\/pages\/16518","targetHints":{"allow":["GET"]}}],"collection":[{"href":"https:\/\/www.losesculloscabodegata.com\/de\/wp-json\/wp\/v2\/pages"}],"about":[{"href":"https:\/\/www.losesculloscabodegata.com\/de\/wp-json\/wp\/v2\/types\/page"}],"author":[{"embeddable":true,"href":"https:\/\/www.losesculloscabodegata.com\/de\/wp-json\/wp\/v2\/users\/2"}],"replies":[{"embeddable":true,"href":"https:\/\/www.losesculloscabodegata.com\/de\/wp-json\/wp\/v2\/comments?post=16518"}],"version-history":[{"count":7,"href":"https:\/\/www.losesculloscabodegata.com\/de\/wp-json\/wp\/v2\/pages\/16518\/revisions"}],"predecessor-version":[{"id":20548,"href":"https:\/\/www.losesculloscabodegata.com\/de\/wp-json\/wp\/v2\/pages\/16518\/revisions\/20548"}],"up":[{"embeddable":true,"href":"https:\/\/www.losesculloscabodegata.com\/de\/wp-json\/wp\/v2\/pages\/3451"}],"wp:featuredmedia":[{"embeddable":true,"href":"https:\/\/www.losesculloscabodegata.com\/de\/wp-json\/wp\/v2\/media\/13996"}],"wp:attachment":[{"href":"https:\/\/www.losesculloscabodegata.com\/de\/wp-json\/wp\/v2\/media?parent=16518"}],"curies":[{"name":"wp","href":"https:\/\/api.w.org\/{rel}","templated":true}]}}