{"id":16579,"date":"2018-12-19T07:05:42","date_gmt":"2018-12-19T07:05:42","guid":{"rendered":"https:\/\/www.losesculloscabodegata.com\/unterkunft\/mobilhomes\/"},"modified":"2025-02-24T08:00:48","modified_gmt":"2025-02-24T08:00:48","slug":"mobilheime","status":"publish","type":"page","link":"https:\/\/www.losesculloscabodegata.com\/de\/unterkunft\/mobilheime\/","title":{"rendered":"Mobilheime"},"content":{"rendered":"<div class=\"wpb-content-wrapper\"><p>[vc_row disable_element=&#8220;yes&#8220; css=&#8220;.vc_custom_1681383022705{margin-bottom: 30px !important;}&#8220;][vc_column][vc_column_text]Das Mobil-Home ist eine Unterkunft, die f\u00fcr Gruppenaufenthalte empfohlen wird. Es kommt einem traditionellen Haus am n\u00e4chsten, befindet sich aber auf einem unvergleichlichen Campingplatz. In einem separaten Bereich des Campingplatzes gelegen, k\u00f6nnen Sie absolute Ruhe und Frieden mit den Kleinen im Haus genie\u00dfen. Oder, wenn Sie es vorziehen, mit den Freunden, die einen tollen Urlaub verdient haben. \u00dcbersetzt mit<\/p>\n<p>&nbsp;<\/p>\n<p>Mit einer Kapazit\u00e4t f\u00fcr f\u00fcnf Personen, ist es eine Art von Bungalow, die zahlreiche Annehmlichkeiten f\u00fcr Ihre Familie entwickelt hat. Dazu geh\u00f6ren Klimaanlage, K\u00fcchenutensilien, Mikrowelle, elektrische Kaffeemaschine, Cerankochfeld, K\u00fchlschrank, Flachbildfernseher, Gartenm\u00f6bel, Schr\u00e4nke und Bettw\u00e4sche.<\/p>\n<p>&nbsp;<\/p>\n<p>Reisebetten sind auf Anfrage ebenfalls kostenlos erh\u00e4ltlich. Bade- und Toilettenhandt\u00fccher werden in den Bungalows kostenlos zur Verf\u00fcgung gestellt.[\/vc_column_text][\/vc_column][\/vc_row][vc_row full_width=&#8220;stretch_row&#8220;][vc_column width=&#8220;1\/2&#8243;][vc_raw_html]JTNDdmlkZW8lMjB3aWR0aCUzRCUyMjEwMCUyNSUyMiUyMGhlaWdodCUzRCUyMmF1dG8lMjIlMjBjb250cm9scyUyMGF1dG9wbGF5JTIwbG9vcCUzRSUwQSUyMCUyMCUzQ3NvdXJjZSUyMHNyYyUzRCUyMmh0dHBzJTNBJTJGJTJGd3d3Lmxvc2VzY3VsbG9zY2Fib2RlZ2F0YS5jb20lMkZ3cC1jb250ZW50JTJGdXBsb2FkcyUyRjIwMjMlMkYwNyUyRm1vYmlsZWhvbWVzLm1wNCUyMiUyMHR5cGUlM0QlMjJ2aWRlbyUyRm1wNCUyMiUzRSUwQSUyMCUyMCUzQ3NvdXJjZSUyMHNyYyUzRCUyMmh0dHBzJTNBJTJGJTJGd3d3Lmxvc2VzY3VsbG9zY2Fib2RlZ2F0YS5jb20lMkZ3cC1jb250ZW50JTJGdXBsb2FkcyUyRjIwMjMlMkYwNyUyRm1vYmlsZWhvbWVzLm1wNCUyMiUyMHR5cGUlM0QlMjJ2aWRlbyUyRm9nZyUyMiUzRSUwQSUzQyUyRnZpZGVvJTNFJTIw[\/vc_raw_html][\/vc_column][vc_column width=&#8220;1\/2&#8243;][vc_custom_heading text=&#8220;Wir bringen neue Mobilheime auf den Markt!&#8220; font_container=&#8220;tag:h2|font_size:38|text_align:left|color:%2322205f|line_height:46px&#8220; use_theme_fonts=&#8220;yes&#8220; css_animation=&#8220;none&#8220;][vc_empty_space height=&#8220;35px&#8220;][vc_column_text]Ideal <strong>f\u00fcr Familien oder Gruppen von Freunden:<\/strong><\/p>\n<ul>\n<li>Abmessungen: <strong>8,80 x 3,80 m<\/strong><\/li>\n<li>Kapazit\u00e4t f\u00fcr 4 <strong>Personen<\/strong><\/li>\n<li>Zwei Schlafzimmer<\/li>\n<li>Helles Wohnzimmer mit Blick nach drau\u00dfen<\/li>\n<li>Doppelte Eingangst\u00fcr, f\u00fcr einen hellen Innenraum<\/li>\n<li>Sehr angenehme \u00fcberdachte Terrasse<\/li>\n<li>Haustiere sind <strong>NICHT<\/strong> erlaubt<\/li>\n<\/ul>\n<p>[\/vc_column_text][vc_empty_space height=&#8220;15px&#8220;]\n\t\n\t<a style=\"border: px solid;border-radius:px;letter-spacing:px;line-height:18px;font-size:18px;background-color:#22205f;padding:10px 20px;margin:10px;color:#ffffff\" rel=\"\" target=\"_blank\" href=\"https:\/\/ctescullos.bookinweb.es\/es\/booking\/process\/\" class=\"nicdark_display_inline_block nd_options_float_left nd_options_font_weight_normal nd_options_second_font  \">UNTERKUNFT BUCHEN<\/a>\n\t\n[\/vc_column][\/vc_row][vc_row][vc_column width=&#8220;1\/3&#8243;][vc_single_image image=&#8220;15992&#8243; img_size=&#8220;large&#8220; onclick=&#8220;link_image&#8220;][\/vc_column][vc_column width=&#8220;1\/3&#8243;][vc_single_image image=&#8220;15997&#8243; img_size=&#8220;large&#8220; onclick=&#8220;link_image&#8220;][\/vc_column][vc_column width=&#8220;1\/3&#8243;][vc_single_image image=&#8220;16003&#8243; img_size=&#8220;large&#8220; onclick=&#8220;link_image&#8220;][\/vc_column][\/vc_row][vc_row][vc_column width=&#8220;1\/2&#8243;][vc_single_image image=&#8220;15095&#8243; img_size=&#8220;full&#8220; onclick=&#8220;link_image&#8220;][\/vc_column][vc_column width=&#8220;1\/2&#8243;][vc_single_image image=&#8220;15054&#8243; img_size=&#8220;full&#8220; onclick=&#8220;link_image&#8220;][\/vc_column][\/vc_row][vc_row css=&#8220;.vc_custom_1623144012257{margin-top: 60px !important;}&#8220;][vc_column][vc_custom_heading text=&#8220;Das k\u00f6nnte Sie interessieren&#8220; font_container=&#8220;tag:h2|font_size:30px|text_align:left|line_height:30px&#8220; use_theme_fonts=&#8220;yes&#8220; css=&#8220;.vc_custom_1700221966519{margin-bottom: 15px !important;}&#8220;][vc_basic_grid post_type=&#8220;ids&#8220; item=&#8220;1399&#8243; grid_id=&#8220;vc_gid:1740383877671-be0cf7aa-e653-0&#8243; include=&#8220;1349, 1347, 1353&#8243; el_class=&#8220;listado-alojamientos-home&#8220;]\n\t<div class=\"nd_options_section nd_options_text_align_center\">\n\t<a style=\"border: px solid;border-radius:px;letter-spacing:px;line-height:18px;font-size:18px;background-color:#22205f;padding:10px 20px;margin:10px;color:#ffffff\" rel=\"\" target=\"_blank\" href=\"https:\/\/www.losesculloscabodegata.com\/wp-content\/uploads\/2025\/02\/Plano-de-los-Escullos-ALE.pdf\" class=\"nicdark_display_inline_block  nd_options_font_weight_normal nd_options_second_font  \">KARTE DES CAMPINGPLATZES LOS ESCULLOS HERUNTERLADEN<\/a>\n\t<\/div>\n[\/vc_column][\/vc_row]<\/p>\n<\/div>","protected":false},"excerpt":{"rendered":"<p>[vc_row disable_element=&#8220;yes&#8220; css=&#8220;.vc_custom_1681383022705{margin-bottom: 30px !important;}&#8220;][vc_column][vc_column_text]Das Mobil-Home ist eine Unterkunft, die f\u00fcr Gruppenaufenthalte empfohlen wird. Es kommt einem traditionellen Haus am n\u00e4chsten, befindet sich aber auf einem unvergleichlichen Campingplatz. In einem separaten Bereich des Campingplatzes gelegen, k\u00f6nnen Sie absolute Ruhe und Frieden mit den Kleinen im Haus genie\u00dfen. Oder, wenn Sie es vorziehen, mit den Freunden, [&hellip;]<\/p>\n","protected":false},"author":2,"featured_media":15981,"parent":3451,"menu_order":0,"comment_status":"closed","ping_status":"closed","template":"","meta":{"_acf_changed":false,"footnotes":""},"class_list":["post-16579","page","type-page","status-publish","has-post-thumbnail","hentry"],"acf":[],"publishpress_future_action":{"enabled":false,"date":"2026-04-25 12:25:32","action":"change-status","newStatus":"draft","terms":[],"taxonomy":"translation_priority"},"publishpress_future_workflow_manual_trigger":{"enabledWorkflows":[]},"_links":{"self":[{"href":"https:\/\/www.losesculloscabodegata.com\/de\/wp-json\/wp\/v2\/pages\/16579","targetHints":{"allow":["GET"]}}],"collection":[{"href":"https:\/\/www.losesculloscabodegata.com\/de\/wp-json\/wp\/v2\/pages"}],"about":[{"href":"https:\/\/www.losesculloscabodegata.com\/de\/wp-json\/wp\/v2\/types\/page"}],"author":[{"embeddable":true,"href":"https:\/\/www.losesculloscabodegata.com\/de\/wp-json\/wp\/v2\/users\/2"}],"replies":[{"embeddable":true,"href":"https:\/\/www.losesculloscabodegata.com\/de\/wp-json\/wp\/v2\/comments?post=16579"}],"version-history":[{"count":4,"href":"https:\/\/www.losesculloscabodegata.com\/de\/wp-json\/wp\/v2\/pages\/16579\/revisions"}],"predecessor-version":[{"id":20535,"href":"https:\/\/www.losesculloscabodegata.com\/de\/wp-json\/wp\/v2\/pages\/16579\/revisions\/20535"}],"up":[{"embeddable":true,"href":"https:\/\/www.losesculloscabodegata.com\/de\/wp-json\/wp\/v2\/pages\/3451"}],"wp:featuredmedia":[{"embeddable":true,"href":"https:\/\/www.losesculloscabodegata.com\/de\/wp-json\/wp\/v2\/media\/15981"}],"wp:attachment":[{"href":"https:\/\/www.losesculloscabodegata.com\/de\/wp-json\/wp\/v2\/media?parent=16579"}],"curies":[{"name":"wp","href":"https:\/\/api.w.org\/{rel}","templated":true}]}}