{"id":19905,"date":"2025-01-20T10:47:07","date_gmt":"2025-01-20T10:47:07","guid":{"rendered":"https:\/\/www.losesculloscabodegata.com\/?page_id=19905"},"modified":"2025-01-20T10:58:41","modified_gmt":"2025-01-20T10:58:41","slug":"supermarkt","status":"publish","type":"page","link":"https:\/\/www.losesculloscabodegata.com\/de\/services\/supermarkt\/","title":{"rendered":"Supermarkt"},"content":{"rendered":"<div class=\"wpb-content-wrapper\"><p>[vc_row][vc_column][vc_column_text]Der Campingplatz Los Escullos verf\u00fcgt \u00fcber einen eigenen Supermarkt, der allen Besuchern eine gro\u00dfe Auswahl an Produkten bietet. Neben t\u00e4glich frischen Produkten finden Sie auch verschiedene Sorten von t\u00e4glich frisch gebackenem Brot.<\/p>\n<p>\u00d6ffnungszeiten: t\u00e4glich ge\u00f6ffnet.<\/p>\n<p>Es kann bar oder mit Kreditkarte bezahlt werden.<\/p>\n<p>Wir betreuen Sie auf <strong>Spanisch, Englisch, Franz\u00f6sisch und Deutsch<\/strong>.<\/p>\n<p>&nbsp;<\/p>\n<p>Wir bieten gro\u00dfe Rabatte sowohl auf Bungalows als auch auf Stellpl\u00e4tze.<br \/>\nKontaktieren Sie uns unter <a href=\"mailto:info@losesculloscabodegata.com\"><strong>info@losesculloscabodegata.com<\/strong><\/a> oder rufen Sie uns unter <a href=\"tel:+34950389811\"><strong>950 389 811<\/strong><\/a> f\u00fcr weitere Informationen an.[\/vc_column_text][\/vc_column][\/vc_row][vc_row][vc_column][vc_single_image image=&#8220;14220&#8243; img_size=&#8220;full&#8220; onclick=&#8220;link_image&#8220;][\/vc_column][\/vc_row][vc_row][vc_column width=&#8220;1\/4&#8243;][vc_single_image image=&#8220;14230&#8243; img_size=&#8220;full&#8220; onclick=&#8220;link_image&#8220;][\/vc_column][vc_column width=&#8220;1\/4&#8243;][vc_single_image image=&#8220;14225&#8243; img_size=&#8220;full&#8220; onclick=&#8220;link_image&#8220;][\/vc_column][vc_column width=&#8220;1\/4&#8243;][vc_single_image image=&#8220;14235&#8243; img_size=&#8220;full&#8220; onclick=&#8220;link_image&#8220;][\/vc_column][vc_column width=&#8220;1\/4&#8243;][vc_single_image image=&#8220;14215&#8243; img_size=&#8220;full&#8220; onclick=&#8220;link_image&#8220;][\/vc_column][\/vc_row][vc_row][vc_column][vc_column_text]<\/p>\n<h2>Weitere Dienstleistungen<\/h2>\n<p>[\/vc_column_text][vc_basic_grid post_type=&#8220;ids&#8220; item=&#8220;1450&#8243; grid_id=&#8220;vc_gid:1737370689146-34e2b48e-9d33-0&#8243; include=&#8220;1322, 1326, 1330&#8243;][\/vc_column][\/vc_row]<\/p>\n<\/div>","protected":false},"excerpt":{"rendered":"<p>[vc_row][vc_column][vc_column_text]Der Campingplatz Los Escullos verf\u00fcgt \u00fcber einen eigenen Supermarkt, der allen Besuchern eine gro\u00dfe Auswahl an Produkten bietet. Neben t\u00e4glich frischen Produkten finden Sie auch verschiedene Sorten von t\u00e4glich frisch gebackenem Brot. \u00d6ffnungszeiten: t\u00e4glich ge\u00f6ffnet. Es kann bar oder mit Kreditkarte bezahlt werden. Wir betreuen Sie auf Spanisch, Englisch, Franz\u00f6sisch und Deutsch. &nbsp; Wir bieten [&hellip;]<\/p>\n","protected":false},"author":31,"featured_media":7743,"parent":3459,"menu_order":0,"comment_status":"closed","ping_status":"closed","template":"","meta":{"_acf_changed":false,"footnotes":""},"class_list":["post-19905","page","type-page","status-publish","has-post-thumbnail","hentry"],"acf":[],"publishpress_future_action":{"enabled":false,"date":"2026-04-25 09:25:13","action":"change-status","newStatus":"draft","terms":[],"taxonomy":"translation_priority"},"publishpress_future_workflow_manual_trigger":{"enabledWorkflows":[]},"_links":{"self":[{"href":"https:\/\/www.losesculloscabodegata.com\/de\/wp-json\/wp\/v2\/pages\/19905","targetHints":{"allow":["GET"]}}],"collection":[{"href":"https:\/\/www.losesculloscabodegata.com\/de\/wp-json\/wp\/v2\/pages"}],"about":[{"href":"https:\/\/www.losesculloscabodegata.com\/de\/wp-json\/wp\/v2\/types\/page"}],"author":[{"embeddable":true,"href":"https:\/\/www.losesculloscabodegata.com\/de\/wp-json\/wp\/v2\/users\/31"}],"replies":[{"embeddable":true,"href":"https:\/\/www.losesculloscabodegata.com\/de\/wp-json\/wp\/v2\/comments?post=19905"}],"version-history":[{"count":3,"href":"https:\/\/www.losesculloscabodegata.com\/de\/wp-json\/wp\/v2\/pages\/19905\/revisions"}],"predecessor-version":[{"id":19913,"href":"https:\/\/www.losesculloscabodegata.com\/de\/wp-json\/wp\/v2\/pages\/19905\/revisions\/19913"}],"up":[{"embeddable":true,"href":"https:\/\/www.losesculloscabodegata.com\/de\/wp-json\/wp\/v2\/pages\/3459"}],"wp:featuredmedia":[{"embeddable":true,"href":"https:\/\/www.losesculloscabodegata.com\/de\/wp-json\/wp\/v2\/media\/7743"}],"wp:attachment":[{"href":"https:\/\/www.losesculloscabodegata.com\/de\/wp-json\/wp\/v2\/media?parent=19905"}],"curies":[{"name":"wp","href":"https:\/\/api.w.org\/{rel}","templated":true}]}}