{"id":19935,"date":"2025-01-20T12:27:01","date_gmt":"2025-01-20T12:27:01","guid":{"rendered":"https:\/\/www.losesculloscabodegata.com\/?page_id=19935"},"modified":"2025-01-21T08:39:53","modified_gmt":"2025-01-21T08:39:53","slug":"grosse-rabatte-fuer-lange-aufenthalte","status":"publish","type":"page","link":"https:\/\/www.losesculloscabodegata.com\/de\/grosse-rabatte-fuer-lange-aufenthalte\/","title":{"rendered":"Gro\u00dfe Rabatte f\u00fcr lange Aufenthalte"},"content":{"rendered":"<div class=\"wpb-content-wrapper\"><p>[vc_row][vc_column][vc_column_text]<\/p>\n<h3 style=\"color: #1c75a9; margin-bottom: 30px;\">Angebote: lange Aufenthalte<\/h3>\n<p>Wenn man Spa\u00df hat, vergeht die Zeit wie im Flug, und wenn Sie ein paar Tage bei uns im <strong>El Camping Los Escullos Complejo Tur\u00edstico Cabo de Gata<\/strong> verbringen, werden Sie so viel Spa\u00df haben, dass Sie gar nicht mehr weg wollen. Warum nutzen Sie nicht unsere <strong>unglaublichen Rabatte f\u00fcr lange Aufenthalte<\/strong> und bleiben l\u00e4nger bei uns?<\/p>\n<p>&nbsp;<\/p>\n<p>Wir bieten gro\u00dfe Rabatte sowohl auf Bungalows als auch auf Stellpl\u00e4tze. Kontaktieren Sie uns unter <a href=\"mailto:info@losesculloscabodegata.com\">info@losesculloscabodegata.com<\/a> oder rufen Sie uns unter <a href=\"tel:+34950389811\">950 389 811<\/a> an, um weitere Informationen zu erhalten.[\/vc_column_text][\/vc_column][\/vc_row]<\/p>\n<\/div>","protected":false},"excerpt":{"rendered":"<p>[vc_row][vc_column][vc_column_text] Angebote: lange Aufenthalte Wenn man Spa\u00df hat, vergeht die Zeit wie im Flug, und wenn Sie ein paar Tage bei uns im El Camping Los Escullos Complejo Tur\u00edstico Cabo de Gata verbringen, werden Sie so viel Spa\u00df haben, dass Sie gar nicht mehr weg wollen. Warum nutzen Sie nicht unsere unglaublichen Rabatte f\u00fcr lange [&hellip;]<\/p>\n","protected":false},"author":31,"featured_media":0,"parent":0,"menu_order":0,"comment_status":"closed","ping_status":"closed","template":"","meta":{"_acf_changed":false,"footnotes":""},"class_list":["post-19935","page","type-page","status-publish","hentry"],"acf":[],"publishpress_future_action":{"enabled":false,"date":"2026-04-29 08:53:01","action":"change-status","newStatus":"draft","terms":[],"taxonomy":"translation_priority"},"publishpress_future_workflow_manual_trigger":{"enabledWorkflows":[]},"_links":{"self":[{"href":"https:\/\/www.losesculloscabodegata.com\/de\/wp-json\/wp\/v2\/pages\/19935","targetHints":{"allow":["GET"]}}],"collection":[{"href":"https:\/\/www.losesculloscabodegata.com\/de\/wp-json\/wp\/v2\/pages"}],"about":[{"href":"https:\/\/www.losesculloscabodegata.com\/de\/wp-json\/wp\/v2\/types\/page"}],"author":[{"embeddable":true,"href":"https:\/\/www.losesculloscabodegata.com\/de\/wp-json\/wp\/v2\/users\/31"}],"replies":[{"embeddable":true,"href":"https:\/\/www.losesculloscabodegata.com\/de\/wp-json\/wp\/v2\/comments?post=19935"}],"version-history":[{"count":1,"href":"https:\/\/www.losesculloscabodegata.com\/de\/wp-json\/wp\/v2\/pages\/19935\/revisions"}],"predecessor-version":[{"id":19936,"href":"https:\/\/www.losesculloscabodegata.com\/de\/wp-json\/wp\/v2\/pages\/19935\/revisions\/19936"}],"wp:attachment":[{"href":"https:\/\/www.losesculloscabodegata.com\/de\/wp-json\/wp\/v2\/media?parent=19935"}],"curies":[{"name":"wp","href":"https:\/\/api.w.org\/{rel}","templated":true}]}}