{"id":20118,"date":"2025-01-21T16:56:11","date_gmt":"2025-01-21T16:56:11","guid":{"rendered":"https:\/\/www.losesculloscabodegata.com\/?page_id=20118"},"modified":"2025-01-21T16:56:11","modified_gmt":"2025-01-21T16:56:11","slug":"familie","status":"publish","type":"page","link":"https:\/\/www.losesculloscabodegata.com\/de\/gruppen\/familie\/","title":{"rendered":"Familie"},"content":{"rendered":"<div class=\"wpb-content-wrapper\"><p>[vc_row][vc_column width=&#8220;1\/2&#8243;][vc_single_image image=&#8220;7239&#8243; img_size=&#8220;full&#8220;][\/vc_column][vc_column width=&#8220;1\/2&#8243;][vc_column_text]<\/p>\n<p>Wir vergessen unseren <strong>FAMILI\u00c4REN<\/strong> Charakter nicht und organisieren eine Vielzahl von Unterhaltungsaktivit\u00e4ten f\u00fcr die Kleinen (und auch f\u00fcr die Gro\u00dfen!), mit einem umfangreichen Angebot an Animationen und Auff\u00fchrungen.<\/p>\n<p>[\/vc_column_text][\/vc_column][\/vc_row][vc_row][vc_column]\n\t<div class=\"nd_options_section nd_options_text_align_center\">\n\t<a style=\"border: px solid;border-radius:px;letter-spacing:px;line-height:18px;font-size:18px;background-color:#22205f;padding:10px 20px;margin:10px;color:#ffffff\" rel=\"\" href=\"https:\/\/www.losesculloscabodegata.com\/animacion\/\" class=\"nicdark_display_inline_block   nd_options_second_font  \">MEHR INFORMATIONEN ZU GRUPPEN<\/a>\n\t<\/div>\n[\/vc_column][\/vc_row]<\/p>\n<\/div>","protected":false},"excerpt":{"rendered":"<p>[vc_row][vc_column width=&#8220;1\/2&#8243;][vc_single_image image=&#8220;7239&#8243; img_size=&#8220;full&#8220;][\/vc_column][vc_column width=&#8220;1\/2&#8243;][vc_column_text] Wir vergessen unseren FAMILI\u00c4REN Charakter nicht und organisieren eine Vielzahl von Unterhaltungsaktivit\u00e4ten f\u00fcr die Kleinen (und auch f\u00fcr die Gro\u00dfen!), mit einem umfangreichen Angebot an Animationen und Auff\u00fchrungen. [\/vc_column_text][\/vc_column][\/vc_row][vc_row][vc_column][\/vc_column][\/vc_row]<\/p>\n","protected":false},"author":31,"featured_media":7203,"parent":3504,"menu_order":0,"comment_status":"closed","ping_status":"closed","template":"","meta":{"_acf_changed":false,"footnotes":""},"class_list":["post-20118","page","type-page","status-publish","has-post-thumbnail","hentry"],"acf":[],"publishpress_future_action":{"enabled":false,"date":"2026-04-29 09:12:02","action":"change-status","newStatus":"draft","terms":[],"taxonomy":"translation_priority"},"publishpress_future_workflow_manual_trigger":{"enabledWorkflows":[]},"_links":{"self":[{"href":"https:\/\/www.losesculloscabodegata.com\/de\/wp-json\/wp\/v2\/pages\/20118","targetHints":{"allow":["GET"]}}],"collection":[{"href":"https:\/\/www.losesculloscabodegata.com\/de\/wp-json\/wp\/v2\/pages"}],"about":[{"href":"https:\/\/www.losesculloscabodegata.com\/de\/wp-json\/wp\/v2\/types\/page"}],"author":[{"embeddable":true,"href":"https:\/\/www.losesculloscabodegata.com\/de\/wp-json\/wp\/v2\/users\/31"}],"replies":[{"embeddable":true,"href":"https:\/\/www.losesculloscabodegata.com\/de\/wp-json\/wp\/v2\/comments?post=20118"}],"version-history":[{"count":2,"href":"https:\/\/www.losesculloscabodegata.com\/de\/wp-json\/wp\/v2\/pages\/20118\/revisions"}],"predecessor-version":[{"id":20124,"href":"https:\/\/www.losesculloscabodegata.com\/de\/wp-json\/wp\/v2\/pages\/20118\/revisions\/20124"}],"up":[{"embeddable":true,"href":"https:\/\/www.losesculloscabodegata.com\/de\/wp-json\/wp\/v2\/pages\/3504"}],"wp:featuredmedia":[{"embeddable":true,"href":"https:\/\/www.losesculloscabodegata.com\/de\/wp-json\/wp\/v2\/media\/7203"}],"wp:attachment":[{"href":"https:\/\/www.losesculloscabodegata.com\/de\/wp-json\/wp\/v2\/media?parent=20118"}],"curies":[{"name":"wp","href":"https:\/\/api.w.org\/{rel}","templated":true}]}}