{"id":20148,"date":"2025-01-22T07:28:11","date_gmt":"2025-01-22T07:28:11","guid":{"rendered":"https:\/\/www.losesculloscabodegata.com\/?page_id=20148"},"modified":"2025-01-22T07:28:12","modified_gmt":"2025-01-22T07:28:12","slug":"aktivitaeten","status":"publish","type":"page","link":"https:\/\/www.losesculloscabodegata.com\/de\/aktivitaeten\/","title":{"rendered":"Aktivit\u00e4ten"},"content":{"rendered":"<div class=\"wpb-content-wrapper\"><p>[vc_row css=&#8220;.vc_custom_1551434606509{margin-top: 0px !important;border-top-width: 0px !important;border-bottom-width: 0px !important;padding-top: 0px !important;padding-right: 0px !important;padding-bottom: 0px !important;padding-left: 0px !important;background-color: #f9f9f9 !important;}&#8220;][vc_column width=&#8220;1\/2&#8243; css=&#8220;.vc_custom_1551287192418{padding-top: 0px !important;padding-right: 0px !important;padding-bottom: 0px !important;padding-left: 0px !important;}&#8220;][vc_single_image image=&#8220;6159&#8243; img_size=&#8220;600&#215;300&#8243; css=&#8220;.vc_custom_1551287634243{margin-bottom: 0px !important;}&#8220;][\/vc_column][vc_column width=&#8220;1\/2&#8243; css=&#8220;.vc_custom_1551432247658{margin-top: 10px !important;padding-left: 30px !important;}&#8220;][vc_column_text]<\/p>\n<h2>Kajak<\/h2>\n<p>[\/vc_column_text][vc_column_text]<\/p>\n<p>Selbstlenzendes Kajak, Schwimmweste mit Pfeife, Paddel.<br \/>\nSicherheitsausr\u00fcstung f\u00fcr Gruppen: Funkger\u00e4te, Erste-Hilfe-Kasten, Motorboot verf\u00fcgbar. (Erforderlich gem\u00e4\u00df den Vorschriften).<\/p>\n<p>[\/vc_column_text][\/vc_column][\/vc_row][vc_row css=&#8220;.vc_custom_1551431259156{margin-top: 20px !important;border-top-width: 0px !important;border-bottom-width: 0px !important;padding-top: 0px !important;padding-right: 0px !important;padding-bottom: 0px !important;padding-left: 0px !important;background-color: #f9f9f9 !important;}&#8220; el_class=&#8220;fila-inversa&#8220;][vc_column width=&#8220;1\/2&#8243; css=&#8220;.vc_custom_1551431775630{padding-top: 0px !important;padding-right: 0px !important;padding-bottom: 0px !important;padding-left: 0px !important;}&#8220;][vc_single_image image=&#8220;6170&#8243; img_size=&#8220;600&#215;300&#8243; css=&#8220;.vc_custom_1551287568608{margin-bottom: 0px !important;padding-bottom: 0px !important;}&#8220;][\/vc_column][vc_column width=&#8220;1\/2&#8243; css=&#8220;.vc_custom_1551432269971{margin-top: 10px !important;padding-left: 30px !important;}&#8220;][vc_column_text]<\/p>\n<h2>Tauchen<\/h2>\n<p>[\/vc_column_text][vc_column_text]Wir bieten verschiedene Kursarten f\u00fcr unterschiedliche Niveaus an.<\/p>\n<p>Open Water Diver.<br \/>\nAdvanced Open Water Diver.<br \/>\nRescue Diver&#8230;<\/p>\n<p>[\/vc_column_text][\/vc_column][\/vc_row][vc_row css=&#8220;.vc_custom_1551288158111{margin-top: 20px !important;border-top-width: 0px !important;border-bottom-width: 0px !important;padding-top: 0px !important;padding-right: 0px !important;padding-bottom: 0px !important;padding-left: 0px !important;background-color: #f9f9f9 !important;}&#8220;][vc_column width=&#8220;1\/2&#8243; css=&#8220;.vc_custom_1551287819717{padding-top: 0px !important;padding-right: 0px !important;padding-bottom: 0px !important;padding-left: 0px !important;}&#8220;][vc_single_image image=&#8220;6180&#8243; img_size=&#8220;600&#215;300&#8243; css=&#8220;.vc_custom_1551287578536{margin-bottom: 0px !important;padding-bottom: 0px !important;}&#8220;][\/vc_column][vc_column width=&#8220;1\/2&#8243; css=&#8220;.vc_custom_1551432277800{margin-top: 10px !important;padding-left: 30px !important;}&#8220;][vc_column_text]<\/p>\n<h2>Canyoning<\/h2>\n<p>[\/vc_column_text][vc_column_text]Eine Schlucht ist immer eine Herausforderung, und ihr Abstieg ein spannendes Abenteuer.<\/p>\n<p>Bei AZSUR bieten wir haupts\u00e4chlich vier Schluchten an, die Naturwunder und einzigartige Orte sind, um die Gebiete der Naturparks von Granada und Cazorla zu erkunden.[\/vc_column_text][\/vc_column][\/vc_row][vc_row css=&#8220;.vc_custom_1551431268379{margin-top: 10px !important;border-top-width: 0px !important;border-bottom-width: 0px !important;padding-top: 0px !important;padding-right: 0px !important;padding-bottom: 0px !important;padding-left: 0px !important;background-color: #f9f9f9 !important;}&#8220; el_class=&#8220;fila-inversa&#8220;][vc_column width=&#8220;1\/2&#8243; css=&#8220;.vc_custom_1551431748263{padding-top: 0px !important;padding-right: 0px !important;padding-bottom: 0px !important;padding-left: 0px !important;}&#8220;][vc_single_image image=&#8220;6187&#8243; img_size=&#8220;600&#215;300&#8243; css=&#8220;.vc_custom_1551287584840{margin-right: 0px !important;margin-bottom: 0px !important;padding-right: 0px !important;padding-bottom: 0px !important;}&#8220;][\/vc_column][vc_column width=&#8220;1\/2&#8243; css=&#8220;.vc_custom_1551432285824{margin-top: 10px !important;padding-left: 30px !important;}&#8220;][vc_column_text]<\/p>\n<h2>Wandern<\/h2>\n<p>[\/vc_column_text][vc_column_text]Gef\u00fchrte Wanderungen zu jeder Jahreszeit, von 1 bis 4 Tagen und mit unterschiedlichen Schwierigkeitsgraden.<\/p>\n<p>Wasserpfade (Las Canales de Padules).<\/p>\n<p>[\/vc_column_text][\/vc_column][\/vc_row][vc_row gap=&#8220;10&#8243; el_class=&#8220;fila-btn-actividades&#8220;][vc_column width=&#8220;1\/2&#8243;]\n\t<div class=\"nd_options_section nd_options_text_align_center\">\n\t<a style=\"border: px solid;border-radius:px;letter-spacing:px;line-height:18px;font-size:18px;background-color:#22205f;padding:;margin:5px;color:#ffffff\" rel=\"\" href=\"https:\/\/www.losesculloscabodegata.com\/eventos\/\" class=\"nicdark_display_inline_block  nd_options_font_weight_normal nd_options_second_font btn-actividades \">VERANSTALTUNGEN<\/a>\n\t<\/div>\n[\/vc_column][vc_column width=&#8220;1\/2&#8243;]\n\t<div class=\"nd_options_section nd_options_text_align_center\">\n\t<a style=\"border: px solid;border-radius:px;letter-spacing:px;line-height:18px;font-size:18px;background-color:#22205f;padding:;margin:5px;color:#ffffff\" rel=\"\" href=\"https:\/\/www.losesculloscabodegata.com\/oferta-complementaria\/\" class=\"nicdark_display_inline_block  nd_options_font_weight_normal nd_options_second_font btn-actividades \">ZUS\u00c4TZLICHES ANGEBOT<\/a>\n\t<\/div>\n[\/vc_column][\/vc_row][vc_row css=&#8220;.vc_custom_1552387581553{margin-top: 50px !important;}&#8220;][vc_column][vc_column_text]<\/p>\n<h2>Partnerunternehmen<\/h2>\n<p>[\/vc_column_text][\/vc_column][\/vc_row][vc_row full_width=&#8220;stretch_row_content_no_spaces&#8220; el_class=&#8220;slider-logos&#8220;][vc_column][vc_column_text]\n\t\t\t\t<p class=\"rs-p-wp-fix\"><\/p>\n\t\t\t\t<sr7-module data-alias=\"logos\" data-id=\"21\" id=\"SR7_21_1\" class=\"rs-ov-hidden\" data-version=\"6.7.28\">\n\t\t\t\t\t<sr7-adjuster><\/sr7-adjuster>\n\t\t\t\t\t<sr7-content>\n\t\t\t\t\t\t<sr7-carousel>\n\t\t\t\t\t\t<sr7-slide id=\"SR7_21_1-26\" data-key=\"26\">\n\t\t\t\t\t\t\t<sr7-bg id=\"SR7_21_1-26-2\" class=\"sr7-layer\"><noscript><img decoding=\"async\" src=\"https:\/\/www.losesculloscabodegata.com\/wp-content\/uploads\/2018\/12\/kayak-sur.jpg\" alt=\"Kayak Sur\" title=\"Kayak Sur\"><\/noscript><\/sr7-bg>\n\t\t\t\t\t\t<\/sr7-slide>\n\t\t\t\t\t\t<sr7-slide id=\"SR7_21_1-27\" data-key=\"27\">\n\t\t\t\t\t\t\t<sr7-bg id=\"SR7_21_1-27-2\" class=\"sr7-layer\"><noscript><img decoding=\"async\" src=\"https:\/\/www.losesculloscabodegata.com\/wp-content\/uploads\/2018\/12\/subparke1.jpg\" alt=\"Subparke - Centro de buceo\" title=\"Subparke &#8211; Centro de buceo\"><\/noscript><\/sr7-bg>\n\t\t\t\t\t\t<\/sr7-slide>\n\t\t\t\t\t\t<sr7-slide id=\"SR7_21_1-28\" data-key=\"28\">\n\t\t\t\t\t\t\t<sr7-bg id=\"SR7_21_1-28-2\" class=\"sr7-layer\"><noscript><img decoding=\"async\" src=\"https:\/\/www.losesculloscabodegata.com\/wp-content\/uploads\/2018\/12\/pita-aventura.jpg\" alt=\"Pita Aventura\" title=\"Pita Aventura\"><\/noscript><\/sr7-bg>\n\t\t\t\t\t\t<\/sr7-slide>\n\t\t\t\t\t\t<sr7-slide id=\"SR7_21_1-29\" data-key=\"29\">\n\t\t\t\t\t\t\t<sr7-bg id=\"SR7_21_1-29-2\" class=\"sr7-layer\"><noscript><img decoding=\"async\" src=\"https:\/\/www.losesculloscabodegata.com\/wp-content\/uploads\/2018\/12\/toyo-aventura.jpg\" alt=\"Toyo aventura\" title=\"Toyo aventura\"><\/noscript><\/sr7-bg>\n\t\t\t\t\t\t<\/sr7-slide>\n\t\t\t\t\t\t<sr7-slide id=\"SR7_21_1-38\" data-key=\"38\">\n\t\t\t\t\t\t\t<sr7-bg id=\"SR7_21_1-38-2\" class=\"sr7-layer\"><noscript><img decoding=\"async\" src=\"https:\/\/www.losesculloscabodegata.com\/wp-content\/uploads\/2019\/07\/planeta40-logo.jpg\" alt=\"\" title=\"Planeta40 &#8211; Logo\"><\/noscript><\/sr7-bg>\n\t\t\t\t\t\t<\/sr7-slide>\n\t\t\t\t\t\t<sr7-slide id=\"SR7_21_1-30\" data-key=\"30\">\n\t\t\t\t\t\t\t<sr7-bg id=\"SR7_21_1-30-2\" class=\"sr7-layer\"><noscript><img decoding=\"async\" src=\"https:\/\/www.losesculloscabodegata.com\/wp-content\/uploads\/2019\/01\/azimut-logo.jpg\" alt=\"Azimut logo\" title=\"Azimut logo\"><\/noscript><\/sr7-bg>\n\t\t\t\t\t\t<\/sr7-slide>\n\t\t\t\t\t\t<sr7-slide id=\"SR7_21_1-31\" data-key=\"31\">\n\t\t\t\t\t\t\t<sr7-bg id=\"SR7_21_1-31-2\" class=\"sr7-layer\"><noscript><img decoding=\"async\" src=\"https:\/\/www.losesculloscabodegata.com\/wp-content\/uploads\/2019\/01\/cristal-kayak-almeria.jpg\" alt=\"Cristal Kayak\" title=\"Cristal Kayak\"><\/noscript><\/sr7-bg>\n\t\t\t\t\t\t<\/sr7-slide>\n\t\t\t\t\t\t<sr7-slide id=\"SR7_21_1-32\" data-key=\"32\">\n\t\t\t\t\t\t\t<sr7-bg id=\"SR7_21_1-32-2\" class=\"sr7-layer\"><noscript><img decoding=\"async\" src=\"https:\/\/www.losesculloscabodegata.com\/wp-content\/uploads\/2019\/01\/factor-deporte-almeria-logo.jpg\" alt=\"Factor Deporte - Almer\u00eda\" title=\"Factor Deporte &#8211; Almer\u00eda\"><\/noscript><\/sr7-bg>\n\t\t\t\t\t\t<\/sr7-slide>\n\t\t\t\t\t\t<sr7-slide id=\"SR7_21_1-33\" data-key=\"33\">\n\t\t\t\t\t\t\t<sr7-bg id=\"SR7_21_1-33-2\" class=\"sr7-layer\"><noscript><img decoding=\"async\" src=\"https:\/\/www.losesculloscabodegata.com\/wp-content\/uploads\/2019\/01\/cima.jpg\" alt=\"Cima - Club deportivo Almer\u00eda\" title=\"Cima &#8211; Club deportivo Almer\u00eda\"><\/noscript><\/sr7-bg>\n\t\t\t\t\t\t<\/sr7-slide>\n\t\t\t\t\t\t<sr7-slide id=\"SR7_21_1-34\" data-key=\"34\">\n\t\t\t\t\t\t\t<sr7-bg id=\"SR7_21_1-34-2\" class=\"sr7-layer\"><noscript><img decoding=\"async\" src=\"https:\/\/www.losesculloscabodegata.com\/wp-content\/uploads\/2019\/01\/ecoalmeria-activa.jpg\" alt=\"EcoAlmer\u00eda Activa - Almer\u00eda\" title=\"EcoAlmer\u00eda Activa &#8211; Almer\u00eda\"><\/noscript><\/sr7-bg>\n\t\t\t\t\t\t<\/sr7-slide>\n\t\t\t\t\t\t<sr7-slide id=\"SR7_21_1-35\" data-key=\"35\">\n\t\t\t\t\t\t\t<sr7-bg id=\"SR7_21_1-35-1\" class=\"sr7-layer\"><noscript><img decoding=\"async\" src=\"https:\/\/www.losesculloscabodegata.com\/wp-content\/uploads\/2019\/01\/grupo-j126.jpg\" alt=\"Grupo J126\" title=\"Grupo J126\"><\/noscript><\/sr7-bg>\n\t\t\t\t\t\t<\/sr7-slide>\n\t\t\t\t\t\t<sr7-slide id=\"SR7_21_1-36\" data-key=\"36\">\n\t\t\t\t\t\t\t<sr7-bg id=\"SR7_21_1-36-1\" class=\"sr7-layer\"><noscript><img decoding=\"async\" src=\"https:\/\/www.losesculloscabodegata.com\/wp-content\/uploads\/2019\/01\/kuspide.jpg\" alt=\"Kuspide Aventura\" title=\"Kuspide Aventura\"><\/noscript><\/sr7-bg>\n\t\t\t\t\t\t<\/sr7-slide>\n\t\t\t\t\t\t<sr7-slide id=\"SR7_21_1-68\" data-key=\"68\">\n\t\t\t\t\t\t<\/sr7-slide>\n\t\t\t\t\t\t<\/sr7-carousel>\n\t\t\t\t\t<\/sr7-content>\n\t\t\t\t\t<image_lists style=\"display:none\">\n\t\t\t\t\t\t<img data-src=\"\/\/www.losesculloscabodegata.com\/wp-content\/uploads\/2018\/12\/kayak-sur.jpg\" width=\"0\" height=\"0\" data-dbsrc=\"Ly93d3cubG9zZXNjdWxsb3NjYWJvZGVnYXRhLmNvbS93cC1jb250ZW50L3VwbG9hZHMvMjAxOC8xMi9rYXlhay1zdXIuanBn\"\/>\n\t\t\t\t\t\t<img data-src=\"\/\/www.losesculloscabodegata.com\/wp-content\/uploads\/2018\/12\/subparke1.jpg\" width=\"0\" height=\"0\" data-dbsrc=\"Ly93d3cubG9zZXNjdWxsb3NjYWJvZGVnYXRhLmNvbS93cC1jb250ZW50L3VwbG9hZHMvMjAxOC8xMi9zdWJwYXJrZTEuanBn\"\/>\n\t\t\t\t\t\t<img data-src=\"\/\/www.losesculloscabodegata.com\/wp-content\/uploads\/2018\/12\/pita-aventura.jpg\" width=\"0\" height=\"0\" data-dbsrc=\"Ly93d3cubG9zZXNjdWxsb3NjYWJvZGVnYXRhLmNvbS93cC1jb250ZW50L3VwbG9hZHMvMjAxOC8xMi9waXRhLWF2ZW50dXJhLmpwZw==\"\/>\n\t\t\t\t\t\t<img data-src=\"\/\/www.losesculloscabodegata.com\/wp-content\/uploads\/2018\/12\/toyo-aventura.jpg\" width=\"0\" height=\"0\" data-dbsrc=\"Ly93d3cubG9zZXNjdWxsb3NjYWJvZGVnYXRhLmNvbS93cC1jb250ZW50L3VwbG9hZHMvMjAxOC8xMi90b3lvLWF2ZW50dXJhLmpwZw==\"\/>\n\t\t\t\t\t\t<img data-src=\"\/\/www.losesculloscabodegata.com\/wp-content\/uploads\/2019\/01\/azimut-logo.jpg\" width=\"0\" height=\"0\" data-dbsrc=\"Ly93d3cubG9zZXNjdWxsb3NjYWJvZGVnYXRhLmNvbS93cC1jb250ZW50L3VwbG9hZHMvMjAxOS8wMS9hemltdXQtbG9nby5qcGc=\"\/>\n\t\t\t\t\t\t<img data-src=\"\/\/www.losesculloscabodegata.com\/wp-content\/uploads\/2019\/01\/cristal-kayak-almeria.jpg\" width=\"0\" height=\"0\" data-dbsrc=\"Ly93d3cubG9zZXNjdWxsb3NjYWJvZGVnYXRhLmNvbS93cC1jb250ZW50L3VwbG9hZHMvMjAxOS8wMS9jcmlzdGFsLWtheWFrLWFsbWVyaWEuanBn\"\/>\n\t\t\t\t\t\t<img data-src=\"\/\/www.losesculloscabodegata.com\/wp-content\/uploads\/2019\/01\/factor-deporte-almeria-logo.jpg\" width=\"0\" height=\"0\" data-dbsrc=\"Ly93d3cubG9zZXNjdWxsb3NjYWJvZGVnYXRhLmNvbS93cC1jb250ZW50L3VwbG9hZHMvMjAxOS8wMS9mYWN0b3ItZGVwb3J0ZS1hbG1lcmlhLWxvZ28uanBn\"\/>\n\t\t\t\t\t\t<img data-src=\"\/\/www.losesculloscabodegata.com\/wp-content\/uploads\/2019\/01\/cima.jpg\" width=\"0\" height=\"0\" data-dbsrc=\"Ly93d3cubG9zZXNjdWxsb3NjYWJvZGVnYXRhLmNvbS93cC1jb250ZW50L3VwbG9hZHMvMjAxOS8wMS9jaW1hLmpwZw==\"\/>\n\t\t\t\t\t\t<img data-src=\"\/\/www.losesculloscabodegata.com\/wp-content\/uploads\/2019\/01\/ecoalmeria-activa.jpg\" width=\"0\" height=\"0\" data-dbsrc=\"Ly93d3cubG9zZXNjdWxsb3NjYWJvZGVnYXRhLmNvbS93cC1jb250ZW50L3VwbG9hZHMvMjAxOS8wMS9lY29hbG1lcmlhLWFjdGl2YS5qcGc=\"\/>\n\t\t\t\t\t\t<img data-src=\"\/\/www.losesculloscabodegata.com\/wp-content\/uploads\/2019\/01\/grupo-j126.jpg\" width=\"0\" height=\"0\" data-dbsrc=\"Ly93d3cubG9zZXNjdWxsb3NjYWJvZGVnYXRhLmNvbS93cC1jb250ZW50L3VwbG9hZHMvMjAxOS8wMS9ncnVwby1qMTI2LmpwZw==\"\/>\n\t\t\t\t\t\t<img data-src=\"\/\/www.losesculloscabodegata.com\/wp-content\/uploads\/2019\/01\/kuspide.jpg\" width=\"0\" height=\"0\" data-dbsrc=\"Ly93d3cubG9zZXNjdWxsb3NjYWJvZGVnYXRhLmNvbS93cC1jb250ZW50L3VwbG9hZHMvMjAxOS8wMS9rdXNwaWRlLmpwZw==\"\/>\n\t\t\t\t\t\t<img data-src=\"\/\/www.losesculloscabodegata.com\/wp-content\/uploads\/2019\/07\/planeta40-logo.jpg\" width=\"0\" height=\"0\" data-dbsrc=\"Ly93d3cubG9zZXNjdWxsb3NjYWJvZGVnYXRhLmNvbS93cC1jb250ZW50L3VwbG9hZHMvMjAxOS8wNy9wbGFuZXRhNDAtbG9nby5qcGc=\"\/>\n\t\t\t\t\t<\/image_lists>\n\t\t\t\t<\/sr7-module>\n\t\t\t\t<script>\n\t\t\t\t\tSR7.PMH ??={}; SR7.PMH[\"SR7_21_1\"] = {cn:100,state:false,fn: function() { if (_tpt!==undefined && _tpt.prepareModuleHeight !== undefined) {  _tpt.prepareModuleHeight({id:\"SR7_21_1\",el:[200,200,768,960,720],type:'carousel',shdw:'0',gh:[200,200,200,200,200],gw:[200,200,200,200,200],vpt:['-100px'],size:{fullWidth:false, fullHeight:false},mh:'0',onh:0,onw:0,bg:{color:'{\"orig\":\"transparent\",\"type\":\"solid\",\"string\":\"transparent\"}'},carousel:{pt:'0',pb:'0'},plType:'0',plColor:'#FFFFFF'});   SR7.PMH[\"SR7_21_1\"].state=true;} else if(SR7.PMH[\"SR7_21_1\"].cn-->0)\tsetTimeout( SR7.PMH[\"SR7_21_1\"].fn,19);}};SR7.PMH[\"SR7_21_1\" ].fn();\n\t\t\t\t<\/script>\n[\/vc_column_text][\/vc_column][\/vc_row]<\/p>\n<\/div>","protected":false},"excerpt":{"rendered":"<p>[vc_row css=&#8220;.vc_custom_1551434606509{margin-top: 0px !important;border-top-width: 0px !important;border-bottom-width: 0px !important;padding-top: 0px !important;padding-right: 0px !important;padding-bottom: 0px !important;padding-left: 0px !important;background-color: #f9f9f9 !important;}&#8220;][vc_column width=&#8220;1\/2&#8243; css=&#8220;.vc_custom_1551287192418{padding-top: 0px !important;padding-right: 0px !important;padding-bottom: 0px !important;padding-left: 0px !important;}&#8220;][vc_single_image image=&#8220;6159&#8243; img_size=&#8220;600&#215;300&#8243; css=&#8220;.vc_custom_1551287634243{margin-bottom: 0px !important;}&#8220;][\/vc_column][vc_column width=&#8220;1\/2&#8243; css=&#8220;.vc_custom_1551432247658{margin-top: 10px !important;padding-left: 30px !important;}&#8220;][vc_column_text] Kajak [\/vc_column_text][vc_column_text] Selbstlenzendes Kajak, Schwimmweste mit Pfeife, Paddel. Sicherheitsausr\u00fcstung f\u00fcr Gruppen: Funkger\u00e4te, Erste-Hilfe-Kasten, Motorboot verf\u00fcgbar. (Erforderlich [&hellip;]<\/p>\n","protected":false},"author":31,"featured_media":0,"parent":0,"menu_order":0,"comment_status":"closed","ping_status":"closed","template":"","meta":{"_acf_changed":false,"footnotes":""},"class_list":["post-20148","page","type-page","status-publish","hentry"],"acf":[],"publishpress_future_action":{"enabled":false,"date":"2026-04-25 10:49:00","action":"change-status","newStatus":"draft","terms":[],"taxonomy":"translation_priority"},"publishpress_future_workflow_manual_trigger":{"enabledWorkflows":[]},"_links":{"self":[{"href":"https:\/\/www.losesculloscabodegata.com\/de\/wp-json\/wp\/v2\/pages\/20148","targetHints":{"allow":["GET"]}}],"collection":[{"href":"https:\/\/www.losesculloscabodegata.com\/de\/wp-json\/wp\/v2\/pages"}],"about":[{"href":"https:\/\/www.losesculloscabodegata.com\/de\/wp-json\/wp\/v2\/types\/page"}],"author":[{"embeddable":true,"href":"https:\/\/www.losesculloscabodegata.com\/de\/wp-json\/wp\/v2\/users\/31"}],"replies":[{"embeddable":true,"href":"https:\/\/www.losesculloscabodegata.com\/de\/wp-json\/wp\/v2\/comments?post=20148"}],"version-history":[{"count":2,"href":"https:\/\/www.losesculloscabodegata.com\/de\/wp-json\/wp\/v2\/pages\/20148\/revisions"}],"predecessor-version":[{"id":20150,"href":"https:\/\/www.losesculloscabodegata.com\/de\/wp-json\/wp\/v2\/pages\/20148\/revisions\/20150"}],"wp:attachment":[{"href":"https:\/\/www.losesculloscabodegata.com\/de\/wp-json\/wp\/v2\/media?parent=20148"}],"curies":[{"name":"wp","href":"https:\/\/api.w.org\/{rel}","templated":true}]}}