{"id":20500,"date":"2025-02-24T07:04:04","date_gmt":"2025-02-24T07:04:04","guid":{"rendered":"https:\/\/www.losesculloscabodegata.com\/?page_id=20500"},"modified":"2025-02-24T07:04:04","modified_gmt":"2025-02-24T07:04:04","slug":"fahrplaene","status":"publish","type":"page","link":"https:\/\/www.losesculloscabodegata.com\/de\/fahrplaene\/","title":{"rendered":"Fahrpl\u00e4ne"},"content":{"rendered":"<div class=\"wpb-content-wrapper\"><p>[vc_section css=&#8220;.vc_custom_1717672723276{padding-top: 37px !important;padding-bottom: 21px !important;border-radius: 10px !important;}&#8220;][vc_row gap=&#8220;20&#8243; content_placement=&#8220;middle&#8220;][vc_column][vc_column_text]<strong>Supermarkt<\/strong>: 9 Uhr bis 14 Uhr &#8211; 17 Uhr bis 21 Uhr<\/p>\n<p><strong>Schwimmbad<\/strong>: 11 Uhr bis 19 Uhr<\/p>\n<p><strong>Restaurant<\/strong>: 8 Uhr bis 24 Uhr<\/p>\n<p><strong>Fr\u00fchst\u00fcck<\/strong>: 8 Uhr bis 12 Uhr<\/p>\n<p><strong>Mittagessen<\/strong>: 13:30 Uhr bis 16 Uhr<\/p>\n<p><strong>Abendessen<\/strong>: 20 Uhr bis 23 Uhr<\/p>\n<p><strong>Rezeption<\/strong>: 24 Stunden<\/p>\n<p><strong>Telefonservicezeiten:<\/strong> 8 Uhr bis 24 Uhr<\/p>\n<p><strong>Check-in:<\/strong> von 14 Uhr bis 23 Uhr<\/p>\n<p><strong>Check-out:<\/strong> vor 12 Uhr<\/p>\n<p><strong>Bez\u00fcglich der allgemeinen Regeln:<\/strong><\/p>\n<ul>\n<li>Ruhe zu jeder Zeit und absolute Stille w\u00e4hrend der Ruhezeiten sind ein Recht aller Camper.<\/li>\n<li>Verkehr mit Fahrzeugen von 24 Uhr bis 7 Uhr ist nicht gestattet. Die Eingangsschranke schlie\u00dft um 24 Uhr.<\/li>\n<li>Rauchen ist in Gemeinschaftsgeb\u00e4uden und in allen Unterk\u00fcnften verboten.<\/li>\n<li>Haustiere m\u00fcssen immer an der Leine gef\u00fchrt werden, und ihre Exkremente m\u00fcssen beseitigt werden. Stellen Sie sicher, dass sie nicht durch Bellen st\u00f6ren.<\/li>\n<\/ul>\n<p>[\/vc_column_text][\/vc_column][\/vc_row][\/vc_section]<\/p>\n<\/div>","protected":false},"excerpt":{"rendered":"<p>[vc_section css=&#8220;.vc_custom_1717672723276{padding-top: 37px !important;padding-bottom: 21px !important;border-radius: 10px !important;}&#8220;][vc_row gap=&#8220;20&#8243; content_placement=&#8220;middle&#8220;][vc_column][vc_column_text]Supermarkt: 9 Uhr bis 14 Uhr &#8211; 17 Uhr bis 21 Uhr Schwimmbad: 11 Uhr bis 19 Uhr Restaurant: 8 Uhr bis 24 Uhr Fr\u00fchst\u00fcck: 8 Uhr bis 12 Uhr Mittagessen: 13:30 Uhr bis 16 Uhr Abendessen: 20 Uhr bis 23 Uhr Rezeption: 24 Stunden Telefonservicezeiten: [&hellip;]<\/p>\n","protected":false},"author":2,"featured_media":15986,"parent":0,"menu_order":0,"comment_status":"closed","ping_status":"closed","template":"","meta":{"_acf_changed":false,"footnotes":""},"class_list":["post-20500","page","type-page","status-publish","has-post-thumbnail","hentry"],"acf":[],"publishpress_future_action":{"enabled":false,"date":"2026-04-18 08:56:16","action":"change-status","newStatus":"draft","terms":[],"taxonomy":"translation_priority"},"publishpress_future_workflow_manual_trigger":{"enabledWorkflows":[]},"_links":{"self":[{"href":"https:\/\/www.losesculloscabodegata.com\/de\/wp-json\/wp\/v2\/pages\/20500","targetHints":{"allow":["GET"]}}],"collection":[{"href":"https:\/\/www.losesculloscabodegata.com\/de\/wp-json\/wp\/v2\/pages"}],"about":[{"href":"https:\/\/www.losesculloscabodegata.com\/de\/wp-json\/wp\/v2\/types\/page"}],"author":[{"embeddable":true,"href":"https:\/\/www.losesculloscabodegata.com\/de\/wp-json\/wp\/v2\/users\/2"}],"replies":[{"embeddable":true,"href":"https:\/\/www.losesculloscabodegata.com\/de\/wp-json\/wp\/v2\/comments?post=20500"}],"version-history":[{"count":1,"href":"https:\/\/www.losesculloscabodegata.com\/de\/wp-json\/wp\/v2\/pages\/20500\/revisions"}],"predecessor-version":[{"id":20503,"href":"https:\/\/www.losesculloscabodegata.com\/de\/wp-json\/wp\/v2\/pages\/20500\/revisions\/20503"}],"wp:featuredmedia":[{"embeddable":true,"href":"https:\/\/www.losesculloscabodegata.com\/de\/wp-json\/wp\/v2\/media\/15986"}],"wp:attachment":[{"href":"https:\/\/www.losesculloscabodegata.com\/de\/wp-json\/wp\/v2\/media?parent=20500"}],"curies":[{"name":"wp","href":"https:\/\/api.w.org\/{rel}","templated":true}]}}