{"id":3410,"date":"2018-03-13T12:29:57","date_gmt":"2018-03-13T12:29:57","guid":{"rendered":"https:\/\/www.losesculloscabodegata.com\/bengalis\/"},"modified":"2022-09-26T11:21:05","modified_gmt":"2022-09-26T11:21:05","slug":"bengalis","status":"publish","type":"page","link":"https:\/\/www.losesculloscabodegata.com\/de\/unterkunft\/bengalis\/","title":{"rendered":"Bengalis"},"content":{"rendered":"<div class=\"wpb-content-wrapper\"><p>[vc_row][vc_column][vc_column_text]Bengalis sind Zeltbungalows im Stil einer W\u00fcsten- Heima. Unsere Bengalis sind die beste Option, um die Erfahrung eines Camping zu erleben ohne ein Zelt aufbauen zu m\u00fcssen, und ohne den Kontakt zur Natur zu verlieren. Sie sind ideal f\u00fcr diejenigen, die <strong>Komfort, Funktionalit\u00e4t suchen und eine kosteng\u00fcnstige L\u00f6sung<\/strong>.<\/p>\n<p>&nbsp;<\/p>\n<p>Die Bengalis haben eine Fl\u00e4che von 25 m2 und bieten Platz f\u00fcr 5 Personen. Unser Bengali besteht aus einem kleinen Vorraum\/Wohnbereich mit offener K\u00fcche; und zwei Schlafzimmer: ein Zimmer mit Ehebett (2 Pl\u00e4tze) und ein Zimmer mit Etagenbett und ein Einzelbett (3Pl\u00e4tze).<\/p>\n<p>&nbsp;<\/p>\n<p>Der Bengali hat einen Holzboden und ist mit Strom versorgt. Die Unterkunft verf\u00fcgt \u00fcber eine kleine Schr\u00e4nke, Bettw\u00e4sche und Gartenm\u00f6bel. Sie k\u00f6nnen kostenlos einen Kinderbett anzufordern (Bei der Reservierung bitte mitteilen). Badezimmer und Warmwasser-Duschen stehen ihnen die zentralen Sanit\u00e4ranlagen zur Verf\u00fcgung.[\/vc_column_text][\/vc_column][\/vc_row][vc_row full_width=&#8220;stretch_row&#8220;][vc_column][vc_single_image image=&#8220;13954&#8243; img_size=&#8220;full&#8220;][\/vc_column][\/vc_row][vc_row][vc_column width=&#8220;1\/4&#8243;][vc_single_image image=&#8220;13920&#8243; img_size=&#8220;large&#8220; onclick=&#8220;link_image&#8220;][\/vc_column][vc_column width=&#8220;1\/4&#8243;][vc_single_image image=&#8220;13925&#8243; img_size=&#8220;large&#8220; onclick=&#8220;link_image&#8220;][\/vc_column][vc_column width=&#8220;1\/4&#8243;][vc_single_image image=&#8220;13930&#8243; img_size=&#8220;large&#8220; onclick=&#8220;link_image&#8220;][\/vc_column][vc_column width=&#8220;1\/4&#8243;][vc_single_image image=&#8220;13935&#8243; img_size=&#8220;large&#8220; onclick=&#8220;link_image&#8220;][\/vc_column][\/vc_row][vc_row][vc_column][vc_column_text]<\/p>\n<h2>Andere Unterk\u00fcnfte<\/h2>\n<p>[\/vc_column_text][\/vc_column][\/vc_row][vc_row][vc_column][vc_basic_grid post_type=&#8220;ids&#8220; item=&#8220;1399&#8243; grid_id=&#8220;vc_gid:1664191198764-2822353c-7a2d-8&#8243; include=&#8220;1349, 1347, 1353&#8243;]\n\t<div class=\"nd_options_section nd_options_text_align_center\">\n\t<a style=\"border: px solid;border-radius:px;letter-spacing:px;line-height:18px;font-size:18px;background-color:#22205f;padding:10px 20px;margin:10px;color:#ffffff\" rel=\"\" target=\"_blank\" href=\"http:\/\/www.losesculloscabodegata.com\/wp-content\/uploads\/2018\/05\/Los-Escullos-Plano-Camping.pdf\" class=\"nicdark_display_inline_block  nd_options_font_weight_normal nd_options_second_font  \">KARTE CAMPING LOS ESCULLOS<\/a>\n\t<\/div>\n[\/vc_column][\/vc_row]<\/p>\n<\/div>","protected":false},"excerpt":{"rendered":"<p>[vc_row][vc_column][vc_column_text]Bengalis sind Zeltbungalows im Stil einer W\u00fcsten- Heima. Unsere Bengalis sind die beste Option, um die Erfahrung eines Camping zu erleben ohne ein Zelt aufbauen zu m\u00fcssen, und ohne den Kontakt zur Natur zu verlieren. Sie sind ideal f\u00fcr diejenigen, die Komfort, Funktionalit\u00e4t suchen und eine kosteng\u00fcnstige L\u00f6sung. &nbsp; Die Bengalis haben eine Fl\u00e4che von [&hellip;]<\/p>\n","protected":false},"author":2,"featured_media":13910,"parent":3451,"menu_order":0,"comment_status":"closed","ping_status":"closed","template":"","meta":{"_acf_changed":false,"footnotes":""},"class_list":["post-3410","page","type-page","status-publish","has-post-thumbnail","hentry"],"acf":[],"publishpress_future_action":{"enabled":false,"date":"2026-04-24 06:15:13","action":"change-status","newStatus":"draft","terms":[],"taxonomy":"translation_priority"},"publishpress_future_workflow_manual_trigger":{"enabledWorkflows":[]},"_links":{"self":[{"href":"https:\/\/www.losesculloscabodegata.com\/de\/wp-json\/wp\/v2\/pages\/3410","targetHints":{"allow":["GET"]}}],"collection":[{"href":"https:\/\/www.losesculloscabodegata.com\/de\/wp-json\/wp\/v2\/pages"}],"about":[{"href":"https:\/\/www.losesculloscabodegata.com\/de\/wp-json\/wp\/v2\/types\/page"}],"author":[{"embeddable":true,"href":"https:\/\/www.losesculloscabodegata.com\/de\/wp-json\/wp\/v2\/users\/2"}],"replies":[{"embeddable":true,"href":"https:\/\/www.losesculloscabodegata.com\/de\/wp-json\/wp\/v2\/comments?post=3410"}],"version-history":[{"count":8,"href":"https:\/\/www.losesculloscabodegata.com\/de\/wp-json\/wp\/v2\/pages\/3410\/revisions"}],"predecessor-version":[{"id":14054,"href":"https:\/\/www.losesculloscabodegata.com\/de\/wp-json\/wp\/v2\/pages\/3410\/revisions\/14054"}],"up":[{"embeddable":true,"href":"https:\/\/www.losesculloscabodegata.com\/de\/wp-json\/wp\/v2\/pages\/3451"}],"wp:featuredmedia":[{"embeddable":true,"href":"https:\/\/www.losesculloscabodegata.com\/de\/wp-json\/wp\/v2\/media\/13910"}],"wp:attachment":[{"href":"https:\/\/www.losesculloscabodegata.com\/de\/wp-json\/wp\/v2\/media?parent=3410"}],"curies":[{"name":"wp","href":"https:\/\/api.w.org\/{rel}","templated":true}]}}