{"id":3425,"date":"2018-03-13T12:27:44","date_gmt":"2018-03-13T12:27:44","guid":{"rendered":"https:\/\/www.losesculloscabodegata.com\/casa-rural-la-noria\/"},"modified":"2025-02-24T08:10:23","modified_gmt":"2025-02-24T08:10:23","slug":"landhaus-la-noria","status":"publish","type":"page","link":"https:\/\/www.losesculloscabodegata.com\/de\/unterkunft\/landhaus-la-noria\/","title":{"rendered":"Landhaus La Noria"},"content":{"rendered":"<div class=\"wpb-content-wrapper\"><p>[vc_row][vc_column][vc_column_text]Das <strong>Landhaus La Noria<\/strong> de Los Escullos geh\u00f6rt zum Touristik Resort Los Escullos. Plaziert im n\u00f6rdlichen Teil unserer turistischen Anlage mit einen unabh\u00e4gingen Eingang, ist es eine gute Alternative f\u00fcr Familien und Freundesgruppen. Durch seine lage, bietet das Haus Intimit\u00e4t, Charm und alle Service unserer Anlage und somit, eine ideale Unterkunftsm\u00f6glichkeit um den Naturparks Cabo de Gata kennen zu lernen.<\/p>\n<p>&nbsp;<\/p>\n<p>Landhaus La Noria de Los Escullos verf\u00fcgt \u00fcber 4 Schlafzimmer mit Betten und Etagenbetten f\u00fcr <strong>8 Personen<\/strong>. Das Haus verf\u00fcgt \u00fcber eine voll ausgestattete K\u00fcche, grosses Wohnzimmer, augeteilt in Wohn- und Essbereich, eine gro\u00dfe Terrasse und zwei Badezimmer behindertengerecht ausgestattet.<\/p>\n<p>&nbsp;<\/p>\n<p>Landhaus La Noria de Los Escullos hat neben dem Haus einen <strong>privaten Parkplatz<\/strong> f\u00fcr 6 Fahrzeuge , Holzlagerplatz (kostenlos) und eine gro\u00dfe Terrasse mit Blick auf die <strong>Bucht von Los Escullos<\/strong> und \u00fcber die ganze Anlage und Camping Los Escullos. Alle Ecken unseres Hauses lassen Sie und ihre Familie und Freunde einen wundersch\u00f6nen Aufenthalt geniessen.<\/p>\n<p>&nbsp;<\/p>\n<p>Die K\u00fcchenausstattung umfasst: K\u00fchlschrank, Mikrowelle, Backofen, Kochutensilien, Geschirr, etc&#8230; Das Wohnzimmer verf\u00fcgt \u00fcber einen gro\u00dfen Esstisch und einem traditionellen Holzofen\/Kamin und Fernseher. Die K\u00fcche ist durch einen Verteiler mit dem Wohnzimmer verbunden.<\/p>\n<p>&nbsp;<\/p>\n<p><strong>N\u00ba de Registro de Turismo<\/strong>: CR\/AL\/00095.[\/vc_column_text][\/vc_column][\/vc_row][vc_row][vc_column][vc_gallery interval=&#8220;3&#8243; images=&#8220;19731,19734,19737,19740,19743&#8243; img_size=&#8220;1162&#215;500&#8243; title=&#8220;Bilder von Landhaus&#8220;][vc_column_text]<\/p>\n<h2>Andere Unterk\u00fcnfte<\/h2>\n<p>[\/vc_column_text][vc_basic_grid post_type=&#8220;ids&#8220; item=&#8220;1399&#8243; grid_id=&#8220;vc_gid:1740384566456-353d2c7b-fbaa-7&#8243; include=&#8220;1351, 1349, 1353&#8243;]\n\t<div class=\"nd_options_section nd_options_text_align_center\">\n\t<a style=\"border: px solid;border-radius:px;letter-spacing:px;line-height:18px;font-size:18px;background-color:#22205f;padding:10px 20px;margin:10px;color:#ffffff\" rel=\"\" target=\"_blank\" href=\"https:\/\/www.losesculloscabodegata.com\/wp-content\/uploads\/2025\/02\/Plano-de-los-Escullos-ALE.pdf\" class=\"nicdark_display_inline_block  nd_options_font_weight_normal nd_options_second_font  \">KARTE CAMPING LOS ESCULLOS<\/a>\n\t<\/div>\n[\/vc_column][\/vc_row]<\/p>\n<\/div>","protected":false},"excerpt":{"rendered":"<p>[vc_row][vc_column][vc_column_text]Das Landhaus La Noria de Los Escullos geh\u00f6rt zum Touristik Resort Los Escullos. Plaziert im n\u00f6rdlichen Teil unserer turistischen Anlage mit einen unabh\u00e4gingen Eingang, ist es eine gute Alternative f\u00fcr Familien und Freundesgruppen. Durch seine lage, bietet das Haus Intimit\u00e4t, Charm und alle Service unserer Anlage und somit, eine ideale Unterkunftsm\u00f6glichkeit um den Naturparks Cabo [&hellip;]<\/p>\n","protected":false},"author":2,"featured_media":3133,"parent":3451,"menu_order":0,"comment_status":"closed","ping_status":"closed","template":"","meta":{"_acf_changed":false,"footnotes":""},"class_list":["post-3425","page","type-page","status-publish","has-post-thumbnail","hentry"],"acf":[],"publishpress_future_action":{"enabled":false,"date":"2026-04-25 10:11:50","action":"change-status","newStatus":"draft","terms":[],"taxonomy":"translation_priority"},"publishpress_future_workflow_manual_trigger":{"enabledWorkflows":[]},"_links":{"self":[{"href":"https:\/\/www.losesculloscabodegata.com\/de\/wp-json\/wp\/v2\/pages\/3425","targetHints":{"allow":["GET"]}}],"collection":[{"href":"https:\/\/www.losesculloscabodegata.com\/de\/wp-json\/wp\/v2\/pages"}],"about":[{"href":"https:\/\/www.losesculloscabodegata.com\/de\/wp-json\/wp\/v2\/types\/page"}],"author":[{"embeddable":true,"href":"https:\/\/www.losesculloscabodegata.com\/de\/wp-json\/wp\/v2\/users\/2"}],"replies":[{"embeddable":true,"href":"https:\/\/www.losesculloscabodegata.com\/de\/wp-json\/wp\/v2\/comments?post=3425"}],"version-history":[{"count":7,"href":"https:\/\/www.losesculloscabodegata.com\/de\/wp-json\/wp\/v2\/pages\/3425\/revisions"}],"predecessor-version":[{"id":20559,"href":"https:\/\/www.losesculloscabodegata.com\/de\/wp-json\/wp\/v2\/pages\/3425\/revisions\/20559"}],"up":[{"embeddable":true,"href":"https:\/\/www.losesculloscabodegata.com\/de\/wp-json\/wp\/v2\/pages\/3451"}],"wp:featuredmedia":[{"embeddable":true,"href":"https:\/\/www.losesculloscabodegata.com\/de\/wp-json\/wp\/v2\/media\/3133"}],"wp:attachment":[{"href":"https:\/\/www.losesculloscabodegata.com\/de\/wp-json\/wp\/v2\/media?parent=3425"}],"curies":[{"name":"wp","href":"https:\/\/api.w.org\/{rel}","templated":true}]}}