{"id":3432,"date":"2018-03-13T12:32:23","date_gmt":"2018-03-13T12:32:23","guid":{"rendered":"https:\/\/www.losesculloscabodegata.com\/parcelas\/"},"modified":"2025-02-24T08:08:59","modified_gmt":"2025-02-24T08:08:59","slug":"parzellen","status":"publish","type":"page","link":"https:\/\/www.losesculloscabodegata.com\/de\/unterkunft\/parzellen\/","title":{"rendered":"Parzellen"},"content":{"rendered":"<div class=\"wpb-content-wrapper\"><p>[vc_row][vc_column][vc_column_text]Die Unterkunft im <strong>Camping Los Escullos Cabo de Gata<\/strong> ist <span id=\"result_box\" class=\"short_text\" lang=\"de\" tabindex=\"-1\"><span class=\"\">4 Sterne<\/span><\/span>, wir bieten Ihnen 208 abgegrenzte und individuelle Parzellen, ideal f\u00fcr das ganze Jahr ! Unsere Parzellen rechnen mit Stromanschluss (20 Amp) und alle notwendigen Service f\u00fcr Camping und Caravaning: Restauration, Sanit\u00e4ranlage mit Warmwasser, W\u00e4scherei, Supermarkt, Sportpl\u00e4tze, Versammlungssaal, etc&#8230;<\/p>\n<p>Sie k\u00f6nnen unsere <strong>Parzellen<\/strong> in jeder seiner drei Modalit\u00e4ten genie\u00dfen: 1.Zelt + Auto ; 2.Karavan + Auto oder 3.Wohnwagen. Um den Preiss ihres Aufenthaltes zu best\u00e4tigen, ist es wichtig die zu zahlenden Extras zu ber\u00fccksichtigen: Anzahl der Erwachsenen, Kinder unter 12 Jahren, Kleinkinder, Stromanschluss, K\u00fchlschrank -Verleih, oder Begleittiere.<\/p>\n<p>&nbsp;<\/p>\n<p>Campingplatz Los Escullos verf\u00fcgt \u00fcber eine zentrale Toiletten-und Sanit\u00e4ranlage in der Mitte des Komplexes, wo Sie alle Bequemlichkeiten f\u00fcr den Camper vorfinden. Fragen Sie hier nach alle Service des Campingplatzes. Wir stehen ihnen gerne unter folgenden Telefonnumer (+34) 950 38 98 11 oder unter fogenden Mailadresse: info@losesculloscabodegata.com f\u00fcr jede Nachfrage zur Verf\u00fcgung.<\/p>\n<p>&nbsp;<\/p>\n<p>Auf dem Campingplatz Los Escullos arbeiten wir zusammen mit den meisten Campingclubs in der Organisierung von Versammlungen oder Gruppentreffen (aber auch auf pers\u00f6nlichen Niveau). Clubs und ihre Mitglieder erhalten bei uns zus\u00e4tzliche Rabatte. F\u00fcr mehr Information oder einen Kostenvoranschlag wenden Sie sich bitte an unserem Sales-Team.[\/vc_column_text][\/vc_column][\/vc_row][vc_row][vc_column][vc_single_image image=&#8220;13970&#8243; img_size=&#8220;full&#8220; onclick=&#8220;link_image&#8220;][\/vc_column][\/vc_row][vc_row][vc_column width=&#8220;1\/4&#8243;][vc_single_image image=&#8220;13980&#8243; img_size=&#8220;large&#8220; onclick=&#8220;link_image&#8220;][\/vc_column][vc_column width=&#8220;1\/4&#8243;][vc_single_image image=&#8220;13975&#8243; img_size=&#8220;large&#8220; onclick=&#8220;link_image&#8220;][\/vc_column][vc_column width=&#8220;1\/4&#8243;][vc_single_image image=&#8220;13990&#8243; img_size=&#8220;large&#8220; onclick=&#8220;link_image&#8220;][\/vc_column][vc_column width=&#8220;1\/4&#8243;][vc_single_image image=&#8220;13985&#8243; img_size=&#8220;large&#8220; onclick=&#8220;link_image&#8220;][\/vc_column][\/vc_row][vc_row][vc_column][vc_column_text]<\/p>\n<h2>Andere Unterk\u00fcnfte<\/h2>\n<p>[\/vc_column_text][vc_basic_grid post_type=&#8220;ids&#8220; item=&#8220;1399&#8243; grid_id=&#8220;vc_gid:1740384477731-5d0f655e-0375-9&#8243; include=&#8220;1351, 1349, 1347&#8243;]\n\t<div class=\"nd_options_section nd_options_text_align_center\">\n\t<a style=\"border: px solid;border-radius:px;letter-spacing:px;line-height:18px;font-size:18px;background-color:#22205f;padding:10px 20px;margin:10px;color:#ffffff\" rel=\"\" target=\"_blank\" href=\"https:\/\/www.losesculloscabodegata.com\/wp-content\/uploads\/2025\/02\/Plano-de-los-Escullos-ALE.pdf\" class=\"nicdark_display_inline_block  nd_options_font_weight_normal nd_options_second_font  \">KARTE CAMPING LOS ESCULLOS<\/a>\n\t<\/div>\n[\/vc_column][\/vc_row]<\/p>\n<\/div>","protected":false},"excerpt":{"rendered":"<p>[vc_row][vc_column][vc_column_text]Die Unterkunft im Camping Los Escullos Cabo de Gata ist 4 Sterne, wir bieten Ihnen 208 abgegrenzte und individuelle Parzellen, ideal f\u00fcr das ganze Jahr ! Unsere Parzellen rechnen mit Stromanschluss (20 Amp) und alle notwendigen Service f\u00fcr Camping und Caravaning: Restauration, Sanit\u00e4ranlage mit Warmwasser, W\u00e4scherei, Supermarkt, Sportpl\u00e4tze, Versammlungssaal, etc&#8230; Sie k\u00f6nnen unsere Parzellen in [&hellip;]<\/p>\n","protected":false},"author":2,"featured_media":13960,"parent":3451,"menu_order":0,"comment_status":"closed","ping_status":"closed","template":"","meta":{"_acf_changed":false,"footnotes":""},"class_list":["post-3432","page","type-page","status-publish","has-post-thumbnail","hentry"],"acf":[],"publishpress_future_action":{"enabled":false,"date":"2026-04-25 10:39:29","action":"change-status","newStatus":"draft","terms":[],"taxonomy":"translation_priority"},"publishpress_future_workflow_manual_trigger":{"enabledWorkflows":[]},"_links":{"self":[{"href":"https:\/\/www.losesculloscabodegata.com\/de\/wp-json\/wp\/v2\/pages\/3432","targetHints":{"allow":["GET"]}}],"collection":[{"href":"https:\/\/www.losesculloscabodegata.com\/de\/wp-json\/wp\/v2\/pages"}],"about":[{"href":"https:\/\/www.losesculloscabodegata.com\/de\/wp-json\/wp\/v2\/types\/page"}],"author":[{"embeddable":true,"href":"https:\/\/www.losesculloscabodegata.com\/de\/wp-json\/wp\/v2\/users\/2"}],"replies":[{"embeddable":true,"href":"https:\/\/www.losesculloscabodegata.com\/de\/wp-json\/wp\/v2\/comments?post=3432"}],"version-history":[{"count":10,"href":"https:\/\/www.losesculloscabodegata.com\/de\/wp-json\/wp\/v2\/pages\/3432\/revisions"}],"predecessor-version":[{"id":20552,"href":"https:\/\/www.losesculloscabodegata.com\/de\/wp-json\/wp\/v2\/pages\/3432\/revisions\/20552"}],"up":[{"embeddable":true,"href":"https:\/\/www.losesculloscabodegata.com\/de\/wp-json\/wp\/v2\/pages\/3451"}],"wp:featuredmedia":[{"embeddable":true,"href":"https:\/\/www.losesculloscabodegata.com\/de\/wp-json\/wp\/v2\/media\/13960"}],"wp:attachment":[{"href":"https:\/\/www.losesculloscabodegata.com\/de\/wp-json\/wp\/v2\/media?parent=3432"}],"curies":[{"name":"wp","href":"https:\/\/api.w.org\/{rel}","templated":true}]}}