{"id":3443,"date":"2018-04-26T08:23:22","date_gmt":"2018-04-26T08:23:22","guid":{"rendered":"https:\/\/www.losesculloscabodegata.com\/el-camping\/"},"modified":"2025-02-19T11:47:20","modified_gmt":"2025-02-19T11:47:20","slug":"der-campingplatz","status":"publish","type":"page","link":"https:\/\/www.losesculloscabodegata.com\/de\/der-campingplatz\/","title":{"rendered":"Der Campingplatz"},"content":{"rendered":"<div class=\"wpb-content-wrapper\"><p>[vc_row][vc_column width=&#8220;1\/2&#8243;][vc_column_text]Unser <strong>Touristik Resort und Camping Los Escullos <\/strong>befindet sich im Naturpark<strong> Cabo de Gata<\/strong> in <strong>Almer\u00eda<\/strong> (Spanien), zwischen den D\u00f6rfern Rodalquilar und San Jose.<\/p>\n<p>Unser Touristik Resort setzt sich zusammen aus einem Bungalow Park mit 42 Bungalows, Bengalis, Mobilheime, Landhaus la Noria Los Escullos und einem erstklassigen Campingplatz mit 208 dieferenzierten Parzellen. Wir verf\u00fcgen auch \u00fcber ein Restaurant, ein Caf\u00e9, Pizzeria, Snack-Bar, Supermarkt, Schwimmbad, Fitnessraum, Sauna, Jacuzzi, K\u00f6rperpflegeraum und Massage, Rezeption 24 Stunden, Sportpl\u00e4tze, Paddle, Aktivit\u00e4ten,Tauch- Club und <span id=\"result_box\" class=\"short_text\" lang=\"de\" tabindex=\"-1\">Tagungsraum f\u00fcr 50 Personen<\/span>.[\/vc_column_text][\/vc_column][vc_column width=&#8220;1\/2&#8243;][vc_gmaps link=&#8220;#E-8_JTNDaWZyYW1lJTIwc3JjJTNEJTIyaHR0cHMlM0ElMkYlMkZ3d3cuZ29vZ2xlLmNvbSUyRm1hcHMlMkZlbWJlZCUzRnBiJTNEJTIxMW0xNCUyMTFtOCUyMTFtMyUyMTFkMTI3NzguNTM5MzAzMDE3MzIlMjEyZC0yLjA3ODczMyUyMTNkMzYuODAzMzA1JTIxM20yJTIxMWkxMDI0JTIxMmk3NjglMjE0ZjEzLjElMjEzbTMlMjExbTIlMjExczB4MCUyNTNBMHhiYWM2MzFjMTI4MjliNWQ0JTIxMnNDYW1waW5nJTJCTG9zJTJCRXNjdWxsb3MlMjE1ZTAlMjEzbTIlMjExc2VzJTIxMnNlcyUyMTR2MTUyNDgxMzkxOTM0NiUyMiUyMHdpZHRoJTNEJTIyMTAwJTI1JTIyJTIwaGVpZ2h0JTNEJTIyMzA1JTIyJTIwZnJhbWVib3JkZXIlM0QlMjIwJTIyJTIwc3R5bGUlM0QlMjJib3JkZXIlM0EwJTIyJTIwYWxsb3dmdWxsc2NyZWVuJTNFJTNDJTJGaWZyYW1lJTNF&#8220;][\/vc_column][\/vc_row][vc_row][vc_column][vc_separator color=&#8220;custom&#8220; accent_color=&#8220;#1c75a9&#8243;][\/vc_column][\/vc_row][vc_section][vc_row][vc_column width=&#8220;1\/3&#8243;][vc_column_text]<\/p>\n<h3 style=\"text-align: center;\">WEGBESCHREIBUNG MIT AUTO<\/h3>\n<p>[\/vc_column_text][vc_column_text]<\/p>\n<div style=\"text-align: center;\"><\/div>\n<p>[\/vc_column_text][vc_column_text]Sie m\u00fcssen von der A-7 (E-15) kommen: Autovia del Mediterr\u00e1neo (Barcelona-Valencia-Alicante-Murcia-Almer\u00eda-M\u00e1laga-Algeciras).<br \/>\nNehmen Sie die A-7 Ausfahrt Nummer 750 (NIJAR-SAN ISIDRO-SAN JOSE), fahren Sie ca. 20 km weiter und folgen Sie den Schildern nach San Jose, bis Sie die Ausfahrt auf der linken Seite Richtung Los Escullos-La Isleta-Rodalquilar nehmen. In wenigen Minuten (3 km) finden Sie das Gel\u00e4nde auf der rechten Seite.<br \/>\nKoordinaten: 36\u00b0 48\u2032 11.898\u2033 N 2\u00b0 4\u2032 43.439\u2033 W[\/vc_column_text][\/vc_column][vc_column width=&#8220;1\/3&#8243;][vc_column_text]<\/p>\n<h3 style=\"text-align: center;\">WEGBESCHREIBUNG MIT BUS\/BAHN<\/h3>\n<p>[\/vc_column_text][vc_column_text]<\/p>\n<div style=\"text-align: center;\"><\/div>\n<p>[\/vc_column_text][vc_column_text]Die Zug-und Busverbindungen sind in der Intermodalen Station Almeria, 38 Km konzentriert (40 Min.)<\/p>\n<p>&nbsp;<\/p>\n<p>Der intermodale Bahnhof befindet sich im Zentrum von Almeria: Plaza de la Estaci\u00f3n, S\/N. Bietet Verbindungsm\u00f6glichkeiten zu den meisten gro\u00dfen St\u00e4dte in Spanien.<\/p>\n<p>&nbsp;<\/p>\n<p>Fragen Sie nach Fahrpl\u00e4nen in unserem Intermodalen Bahnhof.[\/vc_column_text][\/vc_column][vc_column width=&#8220;1\/3&#8243;][vc_column_text]<\/p>\n<h3 style=\"text-align: center;\">ANREISE MIT DEM FLUGZEUG<\/h3>\n<p>[\/vc_column_text][vc_column_text]<\/p>\n<div style=\"text-align: center;\"><\/div>\n<p>[\/vc_column_text][vc_column_text]Der Flughaven von Almeria befindet sich 32 km (30 Minuten) von unserem Camping und Touristik Resort entfernt.<\/p>\n<p>&nbsp;<\/p>\n<p>Der Flughaven von Almer\u00eda bietet Fl\u00fcge nach Madrid, Barcelona, Sevilla und anderen europ\u00e4ischen St\u00e4dten.<\/p>\n<p>&nbsp;<\/p>\n<p>Zu den nahegelegenen Flugh\u00e4fen zu unserem Resort befinden sich die Flugh\u00e4fe von Alicante (275 Km.) Und Malaga (262 Km.)[\/vc_column_text][\/vc_column][\/vc_row][\/vc_section][vc_row][vc_column][vc_custom_heading text=&#8220;Entdecken Sie unsere Unterk\u00fcnfte&#8220; font_container=&#8220;tag:h2|font_size:40px|text_align:center|line_height:44px&#8220; use_theme_fonts=&#8220;yes&#8220;][vc_basic_grid post_type=&#8220;ids&#8220; element_width=&#8220;2&#8243; gap=&#8220;15&#8243; item=&#8220;3845&#8243; grid_id=&#8220;vc_gid:1737449260441-f91ac4ae-ded3-1&#8243; include=&#8220;1347, 1349, 5077, 1353, 5079, 17489&#8243; el_id=&#8220;top-grid-home&#8220; el_class=&#8220;listado-alojamientos-home&#8220; css=&#8220;.vc_custom_1737449293539{padding-top: 20px !important;}&#8220;][vc_custom_heading text=&#8220;Conoce nuestros Servicios&#8220; font_container=&#8220;tag:h2|font_size:40px|text_align:center|line_height:44px&#8220; use_theme_fonts=&#8220;yes&#8220;][vc_basic_grid post_type=&#8220;ids&#8220; element_width=&#8220;3&#8243; item=&#8220;1399&#8243; initial_loading_animation=&#8220;none&#8220; grid_id=&#8220;vc_gid:1737449260443-f2fe953b-6ad2-1&#8243; include=&#8220;1322, 1326, 1330, 1332&#8243; css=&#8220;.vc_custom_1623146837096{margin-top: 40px !important;}&#8220; el_class=&#8220;listado-alojamientos-home&#8220;][\/vc_column][\/vc_row][vc_section][\/vc_section]<\/p>\n<\/div>","protected":false},"excerpt":{"rendered":"<p>[vc_row][vc_column width=&#8220;1\/2&#8243;][vc_column_text]Unser Touristik Resort und Camping Los Escullos befindet sich im Naturpark Cabo de Gata in Almer\u00eda (Spanien), zwischen den D\u00f6rfern Rodalquilar und San Jose. Unser Touristik Resort setzt sich zusammen aus einem Bungalow Park mit 42 Bungalows, Bengalis, Mobilheime, Landhaus la Noria Los Escullos und einem erstklassigen Campingplatz mit 208 dieferenzierten Parzellen. Wir verf\u00fcgen [&hellip;]<\/p>\n","protected":false},"author":2,"featured_media":0,"parent":0,"menu_order":0,"comment_status":"closed","ping_status":"closed","template":"","meta":{"_acf_changed":false,"footnotes":""},"class_list":["post-3443","page","type-page","status-publish","hentry"],"acf":[],"publishpress_future_action":{"enabled":false,"date":"2026-04-25 10:32:49","action":"change-status","newStatus":"draft","terms":[],"taxonomy":"translation_priority"},"publishpress_future_workflow_manual_trigger":{"enabledWorkflows":[]},"_links":{"self":[{"href":"https:\/\/www.losesculloscabodegata.com\/de\/wp-json\/wp\/v2\/pages\/3443","targetHints":{"allow":["GET"]}}],"collection":[{"href":"https:\/\/www.losesculloscabodegata.com\/de\/wp-json\/wp\/v2\/pages"}],"about":[{"href":"https:\/\/www.losesculloscabodegata.com\/de\/wp-json\/wp\/v2\/types\/page"}],"author":[{"embeddable":true,"href":"https:\/\/www.losesculloscabodegata.com\/de\/wp-json\/wp\/v2\/users\/2"}],"replies":[{"embeddable":true,"href":"https:\/\/www.losesculloscabodegata.com\/de\/wp-json\/wp\/v2\/comments?post=3443"}],"version-history":[{"count":12,"href":"https:\/\/www.losesculloscabodegata.com\/de\/wp-json\/wp\/v2\/pages\/3443\/revisions"}],"predecessor-version":[{"id":20435,"href":"https:\/\/www.losesculloscabodegata.com\/de\/wp-json\/wp\/v2\/pages\/3443\/revisions\/20435"}],"wp:attachment":[{"href":"https:\/\/www.losesculloscabodegata.com\/de\/wp-json\/wp\/v2\/media?parent=3443"}],"curies":[{"name":"wp","href":"https:\/\/api.w.org\/{rel}","templated":true}]}}