{"id":3451,"date":"2018-03-13T11:29:08","date_gmt":"2018-03-13T11:29:08","guid":{"rendered":"https:\/\/www.losesculloscabodegata.com\/alojamientos\/"},"modified":"2025-02-19T12:05:28","modified_gmt":"2025-02-19T12:05:28","slug":"unterkunft","status":"publish","type":"page","link":"https:\/\/www.losesculloscabodegata.com\/de\/unterkunft\/","title":{"rendered":"Unterkunft"},"content":{"rendered":"<div class=\"wpb-content-wrapper\"><p>[vc_row el_class=&#8220;top-margin&#8220;][vc_column] <h2 style=\"color:#000000;padding:px;text-align:center;font-size:48px;line-height:52px;letter-spacing: px;font-weight:bold\" class=\"   nd_options_first_font \">Arten von Unterk\u00fcnften<\/h2> [vc_basic_grid post_type=&#8220;ids&#8220; element_width=&#8220;2&#8243; gap=&#8220;15&#8243; item=&#8220;3845&#8243; grid_id=&#8220;vc_gid:1737456019839-b22bad9d-93d3-5&#8243; include=&#8220;1347, 1349, 5077, 1353, 5079, 17489&#8243; el_id=&#8220;top-grid-home&#8220; el_class=&#8220;listado-alojamientos-home&#8220; css=&#8220;.vc_custom_1737456025534{padding-top: 40px !important;}&#8220;][\/vc_column][\/vc_row][vc_row][vc_column width=&#8220;1\/3&#8243;][vc_column_text css_animation=&#8220;lightSpeedIn&#8220;]<\/p>\n<h3>24-Stunden-Rezeption<\/h3>\n<p><i class=\"fas fa-angle-right\" style=\"color: #b2e1f5;\"><\/i> 24-Stunden-Service.<\/p>\n<p>&nbsp;<\/p>\n<h3>Touristische Informationen<\/h3>\n<p><i class=\"fas fa-angle-right\" style=\"color: #b2e1f5;\"><\/i> Informationen an der Rezeption.<\/p>\n<p>&nbsp;<\/p>\n<h3>Fitnessstudio<\/h3>\n<p><i class=\"fas fa-angle-right\" style=\"color: #b2e1f5;\"><\/i> Komplettes Fitnessstudio.<\/p>\n<p>&nbsp;<\/p>\n<h3>W\u00e4scherei<\/h3>\n<p><i class=\"fas fa-angle-right\" style=\"color: #b2e1f5;\"><\/i> Selbstreinigungs- und Trockenservice.[\/vc_column_text][\/vc_column][vc_column width=&#8220;1\/3&#8243;][vc_column_text css_animation=&#8220;lightSpeedIn&#8220;]<\/p>\n<h3>Barrierefreiheit<\/h3>\n<p><i class=\"fas fa-angle-right\" style=\"color: #b2e1f5;\"><\/i> Angepasste Einrichtungen.<\/p>\n<p>&nbsp;<\/p>\n<h3>Supermarkt<\/h3>\n<p><i class=\"fas fa-angle-right\" style=\"color: #b2e1f5;\"><\/i> Ge\u00f6ffnet von 10:00 bis 20:00 Uhr.<\/p>\n<p>&nbsp;<\/p>\n<h3>Parkplatz<\/h3>\n<p><i class=\"fas fa-angle-right\" style=\"color: #b2e1f5;\"><\/i> Kostenloser Parkplatz.<\/p>\n<p>&nbsp;<\/p>\n<h3>Konferenzraum<\/h3>\n<p><i class=\"fas fa-angle-right\" style=\"color: #b2e1f5;\"><\/i> Kapazit\u00e4t f\u00fcr 50 Personen.[\/vc_column_text][\/vc_column][vc_column width=&#8220;1\/3&#8243;][vc_column_text css_animation=&#8220;lightSpeedIn&#8220;]<\/p>\n<h3>Wi-Fi<\/h3>\n<p><i class=\"fas fa-angle-right\" style=\"color: #b2e1f5;\"><\/i> Kostenloses WLAN im gesamten Geb\u00e4ude.<\/p>\n<p>&nbsp;<\/p>\n<h3>Haustiere<\/h3>\n<p><i class=\"fas fa-angle-right\" style=\"color: #b2e1f5;\"><\/i> Haustiere an der Leine erlaubt.<\/p>\n<p>&nbsp;<\/p>\n<h3>Fahrr\u00e4der<\/h3>\n<p><i class=\"fas fa-angle-right\" style=\"color: #b2e1f5;\"><\/i> Fahrradverleih.<\/p>\n<p>&nbsp;<\/p>\n<h3>Wohnmobile<\/h3>\n<p><i class=\"fas fa-angle-right\" style=\"color: #b2e1f5;\"><\/i> Selbstbedienung.[\/vc_column_text][\/vc_column][\/vc_row][vc_row][vc_column][vc_column_text]Genie\u00dfen Sie Ihren Urlaub oder einen Kurzurlaub im Herzen des Naturparks <strong>Cabo de Gata<\/strong> (N\u00edjar, Almer\u00eda) und entdecken Sie seine paradiesischen Str\u00e4nde und Buchten, seine Natur und seine charmanten D\u00f6rfer!<\/p>\n<p>Wir bieten Ihnen vier Unterkunftsm\u00f6glichkeiten f\u00fcr Ihren Aufenthalt bei uns: La Noria Landhaus, Bungalows, Bengali-Zelte und Stellpl\u00e4tze. Alles in einem umfassenden Tourismuskomplex, der auf Ihre Freizeitbed\u00fcrfnisse vorbereitet ist und Ihren Besuch unvergesslich macht![\/vc_column_text][\/vc_column][\/vc_row][vc_row][vc_column][vc_column_text]Der Camping- und Tourismuskomplex Los Escullos ist <strong>das ganze Jahr \u00fcber ge\u00f6ffnet<\/strong>. Das Klima im Naturpark Cabo de Gata ist <strong>ideal, um unsere Unterk\u00fcnfte zu jeder Jahreszeit zu genie\u00dfen<\/strong>! Die Provinz Almer\u00eda hat eines der besten Klimas in ganz Europa, mit durchschnittlich 328 Sonnentagen im Jahr, wenig Niederschlag und einer durchschnittlichen Jahrestemperatur von 20\u00baC.[\/vc_column_text][\/vc_column][\/vc_row][vc_row el_id=&#8220;kampaoh&#8220;][vc_column][vc_empty_space][vc_separator][vc_empty_space][vc_row_inner][vc_column_inner width=&#8220;1\/2&#8243;][vc_gallery type=&#8220;flexslider_slide&#8220; interval=&#8220;5&#8243; images=&#8220;14899,14904&#8243; img_size=&#8220;large&#8220;][\/vc_column_inner][vc_column_inner width=&#8220;1\/2&#8243;][vc_column_text]<\/p>\n<h3>Kampaoh-Zelte auf dem Campingplatz<\/h3>\n<p>[\/vc_column_text][vc_column_text]<strong>Glamping in Los Escullos<\/strong>: Ihr bezugsfertiges, komplett ausgestattetes Zelt mit verschiedenen Modellen nach Ihren Vorlieben, Bed\u00fcrfnissen und Budget.<\/p>\n<p><strong>Kampaoh-Ausr\u00fcstung<\/strong> mit Teppichboden, Beleuchtung innen und au\u00dfen im Zelt, Strom mit mehreren Steckdosen, Tisch und St\u00fchle, komplettes Geschirr mit Gl\u00e4sern, Tellern und Besteck; Spiegel und Duscht\u00fccher, Strandk\u00fchler (oder kleiner K\u00fchlschrank, wenn Sie das Zelt Emperor w\u00e4hlen, je nach Verf\u00fcgbarkeit).<\/p>\n<p><strong>Begrenzte Pl\u00e4tze<\/strong>, es ist wichtig, im Voraus zu buchen.[\/vc_column_text]\n\t\n\t<a style=\"border: px solid;border-radius:px;letter-spacing:px;line-height:18px;font-size:18px;background-color:#22205f;padding:10px 20px;margin:;color:#ffffff\" rel=\"\" target=\"_blank\" href=\"https:\/\/es.kampaoh.com\/camping-los-escullos-cabo-de-gata\/\" class=\"nicdark_display_inline_block nd_options_float_left nd_options_font_weight_normal nd_options_second_font  \">Verf\u00fcgbarkeit und Reservierungen auf kampaoh.com<\/a>\n\t\n[\/vc_column_inner][\/vc_row_inner][\/vc_column][\/vc_row]<\/p>\n<\/div>","protected":false},"excerpt":{"rendered":"<p>[vc_row el_class=&#8220;top-margin&#8220;][vc_column][vc_basic_grid post_type=&#8220;ids&#8220; element_width=&#8220;2&#8243; gap=&#8220;15&#8243; item=&#8220;3845&#8243; grid_id=&#8220;vc_gid:1737456019839-b22bad9d-93d3-5&#8243; include=&#8220;1347, 1349, 5077, 1353, 5079, 17489&#8243; el_id=&#8220;top-grid-home&#8220; el_class=&#8220;listado-alojamientos-home&#8220; css=&#8220;.vc_custom_1737456025534{padding-top: 40px !important;}&#8220;][\/vc_column][\/vc_row][vc_row][vc_column width=&#8220;1\/3&#8243;][vc_column_text css_animation=&#8220;lightSpeedIn&#8220;] 24-Stunden-Rezeption 24-Stunden-Service. &nbsp; Touristische Informationen Informationen an der Rezeption. &nbsp; Fitnessstudio Komplettes Fitnessstudio. &nbsp; W\u00e4scherei Selbstreinigungs- und Trockenservice.[\/vc_column_text][\/vc_column][vc_column width=&#8220;1\/3&#8243;][vc_column_text css_animation=&#8220;lightSpeedIn&#8220;] Barrierefreiheit Angepasste Einrichtungen. &nbsp; Supermarkt Ge\u00f6ffnet von 10:00 bis 20:00 Uhr. &nbsp; Parkplatz Kostenloser Parkplatz. [&hellip;]<\/p>\n","protected":false},"author":2,"featured_media":0,"parent":0,"menu_order":0,"comment_status":"closed","ping_status":"closed","template":"","meta":{"_acf_changed":false,"footnotes":""},"class_list":["post-3451","page","type-page","status-publish","hentry"],"acf":[],"publishpress_future_action":{"enabled":false,"date":"2026-04-25 09:04:25","action":"change-status","newStatus":"draft","terms":[],"taxonomy":"translation_priority"},"publishpress_future_workflow_manual_trigger":{"enabledWorkflows":[]},"_links":{"self":[{"href":"https:\/\/www.losesculloscabodegata.com\/de\/wp-json\/wp\/v2\/pages\/3451","targetHints":{"allow":["GET"]}}],"collection":[{"href":"https:\/\/www.losesculloscabodegata.com\/de\/wp-json\/wp\/v2\/pages"}],"about":[{"href":"https:\/\/www.losesculloscabodegata.com\/de\/wp-json\/wp\/v2\/types\/page"}],"author":[{"embeddable":true,"href":"https:\/\/www.losesculloscabodegata.com\/de\/wp-json\/wp\/v2\/users\/2"}],"replies":[{"embeddable":true,"href":"https:\/\/www.losesculloscabodegata.com\/de\/wp-json\/wp\/v2\/comments?post=3451"}],"version-history":[{"count":10,"href":"https:\/\/www.losesculloscabodegata.com\/de\/wp-json\/wp\/v2\/pages\/3451\/revisions"}],"predecessor-version":[{"id":20020,"href":"https:\/\/www.losesculloscabodegata.com\/de\/wp-json\/wp\/v2\/pages\/3451\/revisions\/20020"}],"wp:attachment":[{"href":"https:\/\/www.losesculloscabodegata.com\/de\/wp-json\/wp\/v2\/media?parent=3451"}],"curies":[{"name":"wp","href":"https:\/\/api.w.org\/{rel}","templated":true}]}}