{"id":3459,"date":"2018-03-13T10:17:59","date_gmt":"2018-03-13T10:17:59","guid":{"rendered":"https:\/\/www.losesculloscabodegata.com\/servicios\/"},"modified":"2018-06-06T10:33:39","modified_gmt":"2018-06-06T10:33:39","slug":"services","status":"publish","type":"page","link":"https:\/\/www.losesculloscabodegata.com\/de\/services\/","title":{"rendered":"Services"},"content":{"rendered":"<div class=\"wpb-content-wrapper\"><p>[vc_row][vc_column][vc_column_text]Im <strong>Camping und Touristik Resort Los Escullos<\/strong> bieten wir Ihnen eine gro\u00dfe Auswahl an Service f\u00fcr alles, was Sie in Ihren Aufenthalt bei uns ben\u00f6tigen. In unseren Einrichtungen finden Sie: Restaurant, Schwimmbad, Sportpl\u00e4tze, Supermarkt, etc&#8230;<\/p>\n<p>Entdecken Sie alle Service, die wir anbieten k\u00f6nnen! W\u00e4hrend ihres Aufenthaltes, stehen wir Ihnen <strong>24 Stunden in unserer Rezeption<\/strong> f\u00fcr jede Frage zur Verf\u00fcgung. Wir informieren Sie auf spanisch, englisch, franz\u00f6sisch und deutsch.[\/vc_column_text][\/vc_column][\/vc_row][vc_row][vc_column width=&#8220;1\/2&#8243;][vc_column_text]<\/p>\n<h3>RESTAURANT OASIS<\/h3>\n<p>Restaurant und Pizzeria.<br \/>\nSnack-Bar und Fr\u00fchst\u00fcck.<br \/>\nDas ganze Jahr ge\u00f6ffnet.[\/vc_column_text][\/vc_column][vc_column width=&#8220;1\/2&#8243;][vc_column_text]<\/p>\n<h3>SCHWIMMBAD<\/h3>\n<p>Schwimmbad 28 x 10 m.<br \/>\nJacuzzi, Sonnenliegen und Balinesische Betten.<br \/>\nVerf\u00fcgbar nur in der Hochsaison.[\/vc_column_text][\/vc_column][\/vc_row][vc_row][vc_column width=&#8220;1\/2&#8243;][vc_column_text]<\/p>\n<h3>SPORT<\/h3>\n<p>Sportplatz: Tennis, Fu\u00dfball und Basketball.<br \/>\nPaddle-Platz.<br \/>\nFitnessraum.[\/vc_column_text][\/vc_column][vc_column width=&#8220;1\/2&#8243;][vc_column_text]<\/p>\n<h3>REZEPTION<\/h3>\n<p>Customer Service 24 Stunden am Tag.<br \/>\nTouristische Information.<br \/>\nInformation in Spanisch, Englisch, Franz\u00f6sisch und Deutsch.[\/vc_column_text][\/vc_column][\/vc_row][vc_row][vc_column][vc_basic_grid post_type=&#8220;ids&#8220; item=&#8220;3648&#8243; grid_id=&#8220;vc_gid:1528281024367-639faaeb-3c4c-1&#8243; include=&#8220;1326, 1330, 1332&#8243;][vc_basic_grid post_type=&#8220;ids&#8220; element_width=&#8220;12&#8243; item=&#8220;3748&#8243; grid_id=&#8220;vc_gid:1528281024369-e87bd899-0165-10&#8243; include=&#8220;1322&#8243;][\/vc_column][\/vc_row]<\/p>\n<\/div>","protected":false},"excerpt":{"rendered":"<p>[vc_row][vc_column][vc_column_text]Im Camping und Touristik Resort Los Escullos bieten wir Ihnen eine gro\u00dfe Auswahl an Service f\u00fcr alles, was Sie in Ihren Aufenthalt bei uns ben\u00f6tigen. In unseren Einrichtungen finden Sie: Restaurant, Schwimmbad, Sportpl\u00e4tze, Supermarkt, etc&#8230; Entdecken Sie alle Service, die wir anbieten k\u00f6nnen! W\u00e4hrend ihres Aufenthaltes, stehen wir Ihnen 24 Stunden in unserer Rezeption f\u00fcr [&hellip;]<\/p>\n","protected":false},"author":2,"featured_media":0,"parent":0,"menu_order":0,"comment_status":"closed","ping_status":"closed","template":"","meta":{"_acf_changed":false,"footnotes":""},"class_list":["post-3459","page","type-page","status-publish","hentry"],"acf":[],"publishpress_future_action":{"enabled":false,"date":"2026-04-25 10:50:18","action":"change-status","newStatus":"draft","terms":[],"taxonomy":"translation_priority"},"publishpress_future_workflow_manual_trigger":{"enabledWorkflows":[]},"_links":{"self":[{"href":"https:\/\/www.losesculloscabodegata.com\/de\/wp-json\/wp\/v2\/pages\/3459","targetHints":{"allow":["GET"]}}],"collection":[{"href":"https:\/\/www.losesculloscabodegata.com\/de\/wp-json\/wp\/v2\/pages"}],"about":[{"href":"https:\/\/www.losesculloscabodegata.com\/de\/wp-json\/wp\/v2\/types\/page"}],"author":[{"embeddable":true,"href":"https:\/\/www.losesculloscabodegata.com\/de\/wp-json\/wp\/v2\/users\/2"}],"replies":[{"embeddable":true,"href":"https:\/\/www.losesculloscabodegata.com\/de\/wp-json\/wp\/v2\/comments?post=3459"}],"version-history":[{"count":5,"href":"https:\/\/www.losesculloscabodegata.com\/de\/wp-json\/wp\/v2\/pages\/3459\/revisions"}],"predecessor-version":[{"id":4012,"href":"https:\/\/www.losesculloscabodegata.com\/de\/wp-json\/wp\/v2\/pages\/3459\/revisions\/4012"}],"wp:attachment":[{"href":"https:\/\/www.losesculloscabodegata.com\/de\/wp-json\/wp\/v2\/media?parent=3459"}],"curies":[{"name":"wp","href":"https:\/\/api.w.org\/{rel}","templated":true}]}}