{"id":3471,"date":"2018-03-13T10:43:14","date_gmt":"2018-03-13T10:43:14","guid":{"rendered":"https:\/\/www.losesculloscabodegata.com\/servicios\/deportes\/"},"modified":"2025-01-21T10:12:39","modified_gmt":"2025-01-21T10:12:39","slug":"sport","status":"publish","type":"page","link":"https:\/\/www.losesculloscabodegata.com\/de\/services\/sport\/","title":{"rendered":"Sport"},"content":{"rendered":"<div class=\"wpb-content-wrapper\"><p>[vc_row][vc_column][vc_column_text]Das angenehme Wetter der Region l\u00e4dt w\u00e4hrend des ganzan Jahres dazu ein, unsere offenen <strong>Sportanlagen<\/strong> zu benutzen. Geniessen Sie w\u00e4hrend ihres Aufenthaltes unsere Sportanlagen!<\/p>\n<p>&nbsp;<\/p>\n<p>Unser Campingplatz und Touristikresort Los Escullos verf\u00fcgt \u00fcber Tennis-, Fussball-, Basket- und Volleyplatz, ausserdem hat unsere Anlage auch Petanque (Boccias Spiel) Paddelplatz und einen Fitnessraum. Unsere Soprtanlagen haben auch Beleuchtung, damit Sie auch Abends Spielen k\u00f6nnen.<\/p>\n<p>&nbsp;<\/p>\n<p>Einige Service haben einen Zuschlag im Preiss, fragen Sie in der Rezeption.[\/vc_column_text][\/vc_column][\/vc_row][vc_row][vc_column][vc_column_text]Unser Campingplatz und Touristik Resort Los Escullos bietet ihnen einen <strong>Fitnessraum<\/strong> an. Werden Sie fit w\u00e4hrend ihres Aufenthaltes in unserem voll ausgestatteten Fitnessraum: Spinning Bikes, Crosstrainer, Gewichte, Spaliere, Fitnessger\u00e4t, Yoga-Matten, Unterleibs Bank, Stepaparat, etc&#8230;[\/vc_column_text][\/vc_column][\/vc_row][vc_row][vc_column css_animation=&#8220;none&#8220; width=&#8220;1\/3&#8243;][vc_column_text css_animation=&#8220;none&#8220;]<\/p>\n<h3><strong>FITNESSRAUM<\/strong><\/h3>\n<p><i class=\"fas fa-angle-right\" style=\"color: #b2e1f5;\"><\/i> Vollausgestatteter Fitnessraum[\/vc_column_text][\/vc_column][vc_column width=&#8220;1\/3&#8243;][vc_column_text css_animation=&#8220;none&#8220;]<\/p>\n<h3><strong>PADDEL<\/strong><\/h3>\n<p>Paddelplatz.[\/vc_column_text][\/vc_column][vc_column width=&#8220;1\/3&#8243;][vc_column_text css_animation=&#8220;none&#8220;]<\/p>\n<h3><strong>FUSSBALL<\/strong><\/h3>\n<p><i class=\"fas fa-angle-right\" style=\"color: #b2e1f5;\"><\/i> Multisportplatz.[\/vc_column_text][\/vc_column][\/vc_row][vc_row][vc_column width=&#8220;1\/3&#8243;][vc_column_text css_animation=&#8220;none&#8220;]<\/p>\n<h3><strong>BASKET<\/strong><\/h3>\n<p><i class=\"fas fa-angle-right\" style=\"color: #b2e1f5;\"><\/i> Multisportplatz.[\/vc_column_text][vc_column_text css_animation=&#8220;none&#8220;]<\/p>\n<h3><strong>BIOSALUDIERBARER PARK<\/strong><\/h3>\n<p><i class=\"fas fa-angle-right\" style=\"color: #b2e1f5;\"><\/i> Voll ausgestattet.[\/vc_column_text][\/vc_column][vc_column width=&#8220;1\/3&#8243;][vc_column_text css_animation=&#8220;none&#8220;]<\/p>\n<h3><strong>TENNIS<\/strong><\/h3>\n<p><i class=\"fas fa-angle-right\" style=\"color: #b2e1f5;\"><\/i> Multisportplatz[\/vc_column_text][\/vc_column][vc_column width=&#8220;1\/3&#8243;][vc_column_text css_animation=&#8220;none&#8220;]<\/p>\n<h3><strong>VOLLEY<\/strong><\/h3>\n<p><i class=\"fas fa-angle-right\" style=\"color: #b2e1f5;\"><\/i> Beach-Volleyplatz.[\/vc_column_text][\/vc_column][\/vc_row][vc_row][vc_column][vc_single_image image=&#8220;14189&#8243; img_size=&#8220;full&#8220; onclick=&#8220;link_image&#8220;][\/vc_column][\/vc_row][vc_row][vc_column width=&#8220;1\/2&#8243;][vc_single_image image=&#8220;14194&#8243; img_size=&#8220;full&#8220;][\/vc_column][vc_column width=&#8220;1\/2&#8243;][vc_single_image image=&#8220;14199&#8243; img_size=&#8220;full&#8220;][\/vc_column][\/vc_row][vc_row][vc_column][vc_column_text]<\/p>\n<h2>Andere Dienstleistungen<\/h2>\n<p>[\/vc_column_text][vc_basic_grid post_type=&#8220;ids&#8220; item=&#8220;3648&#8243; grid_id=&#8220;vc_gid:1737454324937-fa21a7d3-fcb9-2&#8243; include=&#8220;1322, 1326, 1332&#8243;][\/vc_column][\/vc_row]<\/p>\n<\/div>","protected":false},"excerpt":{"rendered":"<p>[vc_row][vc_column][vc_column_text]Das angenehme Wetter der Region l\u00e4dt w\u00e4hrend des ganzan Jahres dazu ein, unsere offenen Sportanlagen zu benutzen. Geniessen Sie w\u00e4hrend ihres Aufenthaltes unsere Sportanlagen! &nbsp; Unser Campingplatz und Touristikresort Los Escullos verf\u00fcgt \u00fcber Tennis-, Fussball-, Basket- und Volleyplatz, ausserdem hat unsere Anlage auch Petanque (Boccias Spiel) Paddelplatz und einen Fitnessraum. Unsere Soprtanlagen haben auch Beleuchtung, [&hellip;]<\/p>\n","protected":false},"author":2,"featured_media":3472,"parent":3459,"menu_order":0,"comment_status":"closed","ping_status":"closed","template":"","meta":{"_acf_changed":false,"footnotes":""},"class_list":["post-3471","page","type-page","status-publish","has-post-thumbnail","hentry"],"acf":[],"publishpress_future_action":{"enabled":false,"date":"2026-04-23 15:50:19","action":"change-status","newStatus":"draft","terms":[],"taxonomy":"translation_priority"},"publishpress_future_workflow_manual_trigger":{"enabledWorkflows":[]},"_links":{"self":[{"href":"https:\/\/www.losesculloscabodegata.com\/de\/wp-json\/wp\/v2\/pages\/3471","targetHints":{"allow":["GET"]}}],"collection":[{"href":"https:\/\/www.losesculloscabodegata.com\/de\/wp-json\/wp\/v2\/pages"}],"about":[{"href":"https:\/\/www.losesculloscabodegata.com\/de\/wp-json\/wp\/v2\/types\/page"}],"author":[{"embeddable":true,"href":"https:\/\/www.losesculloscabodegata.com\/de\/wp-json\/wp\/v2\/users\/2"}],"replies":[{"embeddable":true,"href":"https:\/\/www.losesculloscabodegata.com\/de\/wp-json\/wp\/v2\/comments?post=3471"}],"version-history":[{"count":8,"href":"https:\/\/www.losesculloscabodegata.com\/de\/wp-json\/wp\/v2\/pages\/3471\/revisions"}],"predecessor-version":[{"id":19988,"href":"https:\/\/www.losesculloscabodegata.com\/de\/wp-json\/wp\/v2\/pages\/3471\/revisions\/19988"}],"up":[{"embeddable":true,"href":"https:\/\/www.losesculloscabodegata.com\/de\/wp-json\/wp\/v2\/pages\/3459"}],"wp:featuredmedia":[{"embeddable":true,"href":"https:\/\/www.losesculloscabodegata.com\/de\/wp-json\/wp\/v2\/media\/3472"}],"wp:attachment":[{"href":"https:\/\/www.losesculloscabodegata.com\/de\/wp-json\/wp\/v2\/media?parent=3471"}],"curies":[{"name":"wp","href":"https:\/\/api.w.org\/{rel}","templated":true}]}}