{"id":3479,"date":"2018-03-13T10:38:04","date_gmt":"2018-03-13T10:38:04","guid":{"rendered":"https:\/\/www.losesculloscabodegata.com\/servicios\/piscina\/"},"modified":"2025-01-21T12:43:21","modified_gmt":"2025-01-21T12:43:21","slug":"schwimmbad","status":"publish","type":"page","link":"https:\/\/www.losesculloscabodegata.com\/de\/services\/schwimmbad\/","title":{"rendered":"Schwimmbad"},"content":{"rendered":"<div class=\"wpb-content-wrapper\"><p>[vc_row][vc_column][vc_column_text]Unser Schwimmbad mit <strong>28 x 10 m<\/strong>. wird in der Hochsaison ohne Zweifel zum Mittelpunkt und Treffpunkt des Campingplatzes und Touristikresort. Mit Animationsaktivit\u00e4ten f\u00fcr jede Altergruppe. Unser Schwimmbad hat ein offenes Solarium mit <strong>Sonnenliegen, Wirlpool und Balinesische Betten<\/strong>.[\/vc_column_text][\/vc_column][\/vc_row][vc_row][vc_column width=&#8220;1\/3&#8243;][vc_column_text css_animation=&#8220;none&#8220;]<\/p>\n<h3>SCHWIMMBAD<\/h3>\n<p><i class=\"fas fa-angle-right\" style=\"color: #b2e1f5;\"><\/i> Ge\u00f6ffnet in der Hochsaison.<\/p>\n<p>&nbsp;<\/p>\n<h3>28 x 10 m.<\/h3>\n<p><i class=\"fas fa-angle-right\" style=\"color: #b2e1f5;\"><\/i> Kapazit\u00e4t f\u00fcr 132 Personen.[\/vc_column_text][\/vc_column][vc_column width=&#8220;1\/3&#8243;][vc_column_text css_animation=&#8220;none&#8220;]<\/p>\n<h3>WIRLPOOL<\/h3>\n<p><i class=\"fas fa-angle-right\" style=\"color: #b2e1f5;\"><\/i> Jacuzzi im Freien.<\/p>\n<p>&nbsp;<\/p>\n<h3>SNACK BAR<\/h3>\n<p><i class=\"fas fa-angle-right\" style=\"color: #b2e1f5;\"><\/i> Terrasse neben dem Schwimbad.[\/vc_column_text][\/vc_column][vc_column width=&#8220;1\/3&#8243;][vc_column_text css_animation=&#8220;none&#8220;]<\/p>\n<h3>UNTERHALTUNG<\/h3>\n<p><i class=\"fas fa-angle-right\" style=\"color: #b2e1f5;\"><\/i> Animationsaktivit\u00e4ten.<\/p>\n<p>&nbsp;<\/p>\n<h3>SPORT<\/h3>\n<p><i class=\"fas fa-angle-right\" style=\"color: #b2e1f5;\"><\/i> Wasser Sport.[\/vc_column_text][\/vc_column][\/vc_row][vc_row][vc_column][vc_single_image image=&#8220;14113&#8243; img_size=&#8220;full&#8220; onclick=&#8220;link_image&#8220;][\/vc_column][\/vc_row][vc_row][vc_column width=&#8220;1\/4&#8243;][vc_single_image image=&#8220;14123&#8243; img_size=&#8220;large&#8220; onclick=&#8220;link_image&#8220;][\/vc_column][vc_column width=&#8220;1\/4&#8243;][vc_single_image image=&#8220;14128&#8243; img_size=&#8220;large&#8220; onclick=&#8220;link_image&#8220;][\/vc_column][vc_column width=&#8220;1\/4&#8243;][vc_single_image image=&#8220;14118&#8243; img_size=&#8220;large&#8220; onclick=&#8220;link_image&#8220;][\/vc_column][vc_column width=&#8220;1\/4&#8243;][vc_single_image image=&#8220;14133&#8243; img_size=&#8220;large&#8220; onclick=&#8220;link_image&#8220;][\/vc_column][\/vc_row][vc_row][vc_column][vc_column_text]<\/p>\n<h2 style=\"color: #1c75a9;\">Bali Betten<\/h2>\n<p>In der Hochsaison k\u00f6nnen Sie unsere <strong>balinesischen Betten<\/strong> genie\u00dfen, die sich im Gr\u00fcnbereich unseres Schwimmbads und neben der Snack-Bar befinden. Sie k\u00f6nnen die balinesischen Betten f\u00fcr einen ganzen Tag oder einen halben Tag buchen, w\u00e4hlen Sie Ihre Option: auch mit Getr\u00e4nken inklusive! Ideal f\u00fcr einen festlichen Tag mit Mojitos![\/vc_column_text][\/vc_column][\/vc_row][vc_row][vc_column][vc_column_text]<\/p>\n<h2>Andere Dienstleistungen<\/h2>\n<p>[\/vc_column_text][vc_basic_grid post_type=&#8220;ids&#8220; item=&#8220;3648&#8243; grid_id=&#8220;vc_gid:1737463337120-d771a951-9aa9-5&#8243; include=&#8220;1330, 1332, 1322&#8243;][\/vc_column][\/vc_row]<\/p>\n<\/div>","protected":false},"excerpt":{"rendered":"<p>[vc_row][vc_column][vc_column_text]Unser Schwimmbad mit 28 x 10 m. wird in der Hochsaison ohne Zweifel zum Mittelpunkt und Treffpunkt des Campingplatzes und Touristikresort. Mit Animationsaktivit\u00e4ten f\u00fcr jede Altergruppe. Unser Schwimmbad hat ein offenes Solarium mit Sonnenliegen, Wirlpool und Balinesische Betten.[\/vc_column_text][\/vc_column][\/vc_row][vc_row][vc_column width=&#8220;1\/3&#8243;][vc_column_text css_animation=&#8220;none&#8220;] SCHWIMMBAD Ge\u00f6ffnet in der Hochsaison. &nbsp; 28 x 10 m. Kapazit\u00e4t f\u00fcr 132 Personen.[\/vc_column_text][\/vc_column][vc_column width=&#8220;1\/3&#8243;][vc_column_text [&hellip;]<\/p>\n","protected":false},"author":2,"featured_media":14138,"parent":3459,"menu_order":0,"comment_status":"closed","ping_status":"closed","template":"","meta":{"_acf_changed":false,"footnotes":""},"class_list":["post-3479","page","type-page","status-publish","has-post-thumbnail","hentry"],"acf":[],"publishpress_future_action":{"enabled":false,"date":"2026-04-29 10:34:05","action":"change-status","newStatus":"draft","terms":[],"taxonomy":"translation_priority"},"publishpress_future_workflow_manual_trigger":{"enabledWorkflows":[]},"_links":{"self":[{"href":"https:\/\/www.losesculloscabodegata.com\/de\/wp-json\/wp\/v2\/pages\/3479","targetHints":{"allow":["GET"]}}],"collection":[{"href":"https:\/\/www.losesculloscabodegata.com\/de\/wp-json\/wp\/v2\/pages"}],"about":[{"href":"https:\/\/www.losesculloscabodegata.com\/de\/wp-json\/wp\/v2\/types\/page"}],"author":[{"embeddable":true,"href":"https:\/\/www.losesculloscabodegata.com\/de\/wp-json\/wp\/v2\/users\/2"}],"replies":[{"embeddable":true,"href":"https:\/\/www.losesculloscabodegata.com\/de\/wp-json\/wp\/v2\/comments?post=3479"}],"version-history":[{"count":8,"href":"https:\/\/www.losesculloscabodegata.com\/de\/wp-json\/wp\/v2\/pages\/3479\/revisions"}],"predecessor-version":[{"id":20036,"href":"https:\/\/www.losesculloscabodegata.com\/de\/wp-json\/wp\/v2\/pages\/3479\/revisions\/20036"}],"up":[{"embeddable":true,"href":"https:\/\/www.losesculloscabodegata.com\/de\/wp-json\/wp\/v2\/pages\/3459"}],"wp:featuredmedia":[{"embeddable":true,"href":"https:\/\/www.losesculloscabodegata.com\/de\/wp-json\/wp\/v2\/media\/14138"}],"wp:attachment":[{"href":"https:\/\/www.losesculloscabodegata.com\/de\/wp-json\/wp\/v2\/media?parent=3479"}],"curies":[{"name":"wp","href":"https:\/\/api.w.org\/{rel}","templated":true}]}}