{"id":3485,"date":"2018-03-13T10:45:13","date_gmt":"2018-03-13T10:45:13","guid":{"rendered":"https:\/\/www.losesculloscabodegata.com\/servicios\/recepcion\/"},"modified":"2025-01-22T08:36:15","modified_gmt":"2025-01-22T08:36:15","slug":"rezeption","status":"publish","type":"page","link":"https:\/\/www.losesculloscabodegata.com\/de\/services\/rezeption\/","title":{"rendered":"Rezeption"},"content":{"rendered":"<div class=\"wpb-content-wrapper\"><p>[vc_row][vc_column][vc_column_text]Das <strong>Rezeptions-Team<\/strong> unseres Touristik Resort steht Ihnen<strong> 24 Stunden<\/strong> f\u00fcr Fragen zur Verf\u00fcgung. Neben der Verwaltung Ihrer Reservierung und ihr Check-In in unsre Anlage, bietet ihnen unser Team die n\u00f6tige touristische Informationen um den <strong>Naturpark Cabo de Gata<\/strong> zu entdecken.<\/p>\n<p>&nbsp;<\/p>\n<p>An der Rezeption des Touristik Resort Los Escullos, k\u00f6nnen Sie sich \u00fcber alle <strong>Service<\/strong> Informieren die wir Ihnen bieten, um Ihren Aufenthalt in unseren Einrichtungen zu genie\u00dfen. Als angesehener Informationspunkt des Naturpark Cabo de Gata k\u00f6nnen Sie bei uns F\u00fchrer und Karten, lokale Produkte, Informationen, Tickets und Ausfl\u00fcge, Fahrradverleih usw, etc&#8230; erhalten.<\/p>\n<p>&nbsp;<\/p>\n<p>Wir informieren Sie auf <strong>Spanisch, Englisch, Franz\u00f6sisch und Deutsch<\/strong>.[\/vc_column_text][\/vc_column][\/vc_row][vc_row][vc_column][vc_single_image image=&#8220;14731&#8243; img_size=&#8220;full&#8220;][\/vc_column][\/vc_row][vc_row][vc_column][vc_column_text]<\/p>\n<h2>Andere Dienstleistungen<\/h2>\n<p>[\/vc_column_text][vc_basic_grid post_type=&#8220;ids&#8220; item=&#8220;3648&#8243; grid_id=&#8220;vc_gid:1737534958584-21f2378a-34f1-0&#8243; include=&#8220;1322, 1326, 1330&#8243;][\/vc_column][\/vc_row]<\/p>\n<\/div>","protected":false},"excerpt":{"rendered":"<p>[vc_row][vc_column][vc_column_text]Das Rezeptions-Team unseres Touristik Resort steht Ihnen 24 Stunden f\u00fcr Fragen zur Verf\u00fcgung. Neben der Verwaltung Ihrer Reservierung und ihr Check-In in unsre Anlage, bietet ihnen unser Team die n\u00f6tige touristische Informationen um den Naturpark Cabo de Gata zu entdecken. &nbsp; An der Rezeption des Touristik Resort Los Escullos, k\u00f6nnen Sie sich \u00fcber alle Service [&hellip;]<\/p>\n","protected":false},"author":2,"featured_media":15241,"parent":3459,"menu_order":0,"comment_status":"closed","ping_status":"closed","template":"","meta":{"_acf_changed":false,"footnotes":""},"class_list":["post-3485","page","type-page","status-publish","has-post-thumbnail","hentry"],"acf":[],"publishpress_future_action":{"enabled":false,"date":"2026-04-29 09:10:51","action":"change-status","newStatus":"draft","terms":[],"taxonomy":"translation_priority"},"publishpress_future_workflow_manual_trigger":{"enabledWorkflows":[]},"_links":{"self":[{"href":"https:\/\/www.losesculloscabodegata.com\/de\/wp-json\/wp\/v2\/pages\/3485","targetHints":{"allow":["GET"]}}],"collection":[{"href":"https:\/\/www.losesculloscabodegata.com\/de\/wp-json\/wp\/v2\/pages"}],"about":[{"href":"https:\/\/www.losesculloscabodegata.com\/de\/wp-json\/wp\/v2\/types\/page"}],"author":[{"embeddable":true,"href":"https:\/\/www.losesculloscabodegata.com\/de\/wp-json\/wp\/v2\/users\/2"}],"replies":[{"embeddable":true,"href":"https:\/\/www.losesculloscabodegata.com\/de\/wp-json\/wp\/v2\/comments?post=3485"}],"version-history":[{"count":10,"href":"https:\/\/www.losesculloscabodegata.com\/de\/wp-json\/wp\/v2\/pages\/3485\/revisions"}],"predecessor-version":[{"id":20191,"href":"https:\/\/www.losesculloscabodegata.com\/de\/wp-json\/wp\/v2\/pages\/3485\/revisions\/20191"}],"up":[{"embeddable":true,"href":"https:\/\/www.losesculloscabodegata.com\/de\/wp-json\/wp\/v2\/pages\/3459"}],"wp:featuredmedia":[{"embeddable":true,"href":"https:\/\/www.losesculloscabodegata.com\/de\/wp-json\/wp\/v2\/media\/15241"}],"wp:attachment":[{"href":"https:\/\/www.losesculloscabodegata.com\/de\/wp-json\/wp\/v2\/media?parent=3485"}],"curies":[{"name":"wp","href":"https:\/\/api.w.org\/{rel}","templated":true}]}}