{"id":3491,"date":"2018-03-13T10:32:14","date_gmt":"2018-03-13T10:32:14","guid":{"rendered":"https:\/\/www.losesculloscabodegata.com\/servicios\/restaurante-oasis\/"},"modified":"2026-01-14T06:36:34","modified_gmt":"2026-01-14T06:36:34","slug":"restaurant-oasis","status":"publish","type":"page","link":"https:\/\/www.losesculloscabodegata.com\/de\/services\/restaurant-oasis\/","title":{"rendered":"Restaurant Oasis"},"content":{"rendered":"<div class=\"wpb-content-wrapper\"><p>[vc_row][vc_column][vc_column_text css=&#8220;&#8220;]In unserem Campingplatz und Touristik Resort Los Escullos finden Sie <strong>Restaurant El OASIS<\/strong>, mit einer gastronomischen Vielfalt. Tagesmenu, Speisekarte, Pizerr\u00eda, Belegte Brote, Fr\u00fchst\u00fcck&#8230; Essen zum Bestellen, falls Sie unser Essen in ihrem Bungalow, Bengali oder Parzelle zu sich nehmen m\u00f6chten. Unser Restaurant hat Platz f\u00fcr 123 Tischg\u00e4ste.<\/p>\n<p>Unser Restaurant bietet Ihnen auch die M\u00f6glichkeit <strong>Kaffee und Aperitive<\/strong> w\u00e4hrend des ganzen Tages zu bestellen.[\/vc_column_text][vc_column_text]<\/p>\n<p style=\"text-align: center;\"><strong>TEL: <a style=\"color: #000;\" href=\"tel:+34950034968\">(+34) 950 034 968 <\/a><\/strong><\/p>\n<p>[\/vc_column_text][vc_btn title=&#8220;HIER K\u00d6NNEN SIE UNSEREN BRIEF SEHEN&#8220; style=&#8220;classic&#8220; shape=&#8220;square&#8220; color=&#8220;primary&#8220; size=&#8220;lg&#8220; align=&#8220;center&#8220; i_icon_fontawesome=&#8220;fas fa-utensils&#8220; css=&#8220;&#8220; add_icon=&#8220;true&#8220; link=&#8220;url:https%3A%2F%2Fwww.losesculloscabodegata.com%2Fcarta-restaurante-oasis.pdf|target:_blank&#8220;][\/vc_column][\/vc_row][vc_row][vc_column][vc_column_text]<\/p>\n<h2 style=\"color: #1c75a9;\">Snack Bar<\/h2>\n<p>In der Hochsaison k\u00f6nnen Sie auch unsere <strong>Snack- und Tapas Bar<\/strong> geniessen, eine Bar mit einer grossen Terrasse neben unserem Schwimmbad. Machen Sie mal Pause zwischen Sonnenbad und Sonnenbad und geniessen Sie ein kaltes Bier mit Aperitiv, K\u00fchlgetr\u00e4nk oder Eis\u2026 Dies alles mit einem herlichen Blick \u00fcber den Naturschutzgebiet Cabo de Gata und dem sonnigen Klima, das uns Almer\u00eda bietet.[\/vc_column_text][\/vc_column][\/vc_row][vc_row][vc_column width=&#8220;1\/3&#8243;][vc_column_text css_animation=&#8220;none&#8220;]<\/p>\n<h3>FR\u00dcHST\u00dcCK<\/h3>\n<p><i class=\"fas fa-angle-right\" style=\"color: #b2e1f5;\"><\/i> Fr\u00fchst\u00fcck von 8:00 bis 12:00 Uhr.<\/p>\n<p>&nbsp;<\/p>\n<h3>TAGESMEN\u00dc<\/h3>\n<p><i class=\"fas fa-angle-right\" style=\"color: #b2e1f5;\"><\/i> Jeden Tag.<\/p>\n<p>&nbsp;<\/p>\n<h3>KARTA<\/h3>\n<p><i class=\"fas fa-angle-right\" style=\"color: #b2e1f5;\"><\/i> Mittag und Abendessen \u00e0 la Karte.[\/vc_column_text][\/vc_column][vc_column width=&#8220;1\/3&#8243;][vc_column_text css_animation=&#8220;none&#8220; css=&#8220;&#8220;]<\/p>\n<h3>TEILEN<\/h3>\n<p><i class=\"fas fa-angle-right\" style=\"color: #b2e1f5;\"><\/i> Gemeinsam genie\u00dfen.<\/p>\n<p>&nbsp;<\/p>\n<h3>BAR-KAFETERIA<\/h3>\n<p><i class=\"fas fa-angle-right\" style=\"color: #b2e1f5;\"><\/i> W\u00e4hrend des ganzen Tages.<\/p>\n<p>&nbsp;<\/p>\n<h3>COPAS<\/h3>\n<p><i class=\"fas fa-angle-right\" style=\"color: #b2e1f5;\"><\/i> Alkoholische Getr\u00e4nke und Coctails.[\/vc_column_text][\/vc_column][vc_column width=&#8220;1\/3&#8243;][vc_column_text css_animation=&#8220;none&#8220;]<\/p>\n<h3>BESTELLUNG<\/h3>\n<p><i class=\"fas fa-angle-right\" style=\"color: #b2e1f5;\"><\/i> Essen auf Bestellung.<\/p>\n<p>&nbsp;<\/p>\n<h3>PIZZERIA<\/h3>\n<p><i class=\"fas fa-angle-right\" style=\"color: #b2e1f5;\"><\/i> Hausgemachte Pizzen.<\/p>\n<p>&nbsp;<\/p>\n<h3>BELEGTE BROTE<\/h3>\n<p><i class=\"fas fa-angle-right\" style=\"color: #b2e1f5;\"><\/i> Kalte und Warme Brote.[\/vc_column_text][\/vc_column][\/vc_row][vc_row][vc_column][vc_single_image image=&#8220;14163&#8243; img_size=&#8220;full&#8220; onclick=&#8220;link_image&#8220;][\/vc_column][\/vc_row][vc_row][vc_column width=&#8220;1\/4&#8243;][vc_single_image image=&#8220;14173&#8243; img_size=&#8220;large&#8220; onclick=&#8220;link_image&#8220;][\/vc_column][vc_column width=&#8220;1\/4&#8243;][vc_single_image image=&#8220;14153&#8243; img_size=&#8220;large&#8220; onclick=&#8220;link_image&#8220;][\/vc_column][vc_column width=&#8220;1\/4&#8243;][vc_single_image image=&#8220;14158&#8243; img_size=&#8220;large&#8220; onclick=&#8220;link_image&#8220;][\/vc_column][vc_column width=&#8220;1\/4&#8243;][vc_single_image image=&#8220;14168&#8243; img_size=&#8220;large&#8220; onclick=&#8220;link_image&#8220;][\/vc_column][\/vc_row][vc_row][vc_column][vc_column_text]<\/p>\n<h2>Andere Dienstleistungen<\/h2>\n<p>[\/vc_column_text][vc_basic_grid post_type=&#8220;ids&#8220; item=&#8220;3648&#8243; grid_id=&#8220;vc_gid:1768372541122-e49d6250-0ec6-9&#8243; include=&#8220;1330, 1332, 1326&#8243;][\/vc_column][\/vc_row]<\/p>\n<\/div>","protected":false},"excerpt":{"rendered":"<p>[vc_row][vc_column][vc_column_text css=&#8220;&#8220;]In unserem Campingplatz und Touristik Resort Los Escullos finden Sie Restaurant El OASIS, mit einer gastronomischen Vielfalt. Tagesmenu, Speisekarte, Pizerr\u00eda, Belegte Brote, Fr\u00fchst\u00fcck&#8230; Essen zum Bestellen, falls Sie unser Essen in ihrem Bungalow, Bengali oder Parzelle zu sich nehmen m\u00f6chten. Unser Restaurant hat Platz f\u00fcr 123 Tischg\u00e4ste. Unser Restaurant bietet Ihnen auch die M\u00f6glichkeit [&hellip;]<\/p>\n","protected":false},"author":2,"featured_media":14746,"parent":3459,"menu_order":0,"comment_status":"closed","ping_status":"closed","template":"","meta":{"_acf_changed":false,"footnotes":""},"class_list":["post-3491","page","type-page","status-publish","has-post-thumbnail","hentry"],"acf":[],"publishpress_future_action":{"enabled":false,"date":"2026-04-25 12:25:32","action":"change-status","newStatus":"draft","terms":[],"taxonomy":"translation_priority"},"publishpress_future_workflow_manual_trigger":{"enabledWorkflows":[]},"_links":{"self":[{"href":"https:\/\/www.losesculloscabodegata.com\/de\/wp-json\/wp\/v2\/pages\/3491","targetHints":{"allow":["GET"]}}],"collection":[{"href":"https:\/\/www.losesculloscabodegata.com\/de\/wp-json\/wp\/v2\/pages"}],"about":[{"href":"https:\/\/www.losesculloscabodegata.com\/de\/wp-json\/wp\/v2\/types\/page"}],"author":[{"embeddable":true,"href":"https:\/\/www.losesculloscabodegata.com\/de\/wp-json\/wp\/v2\/users\/2"}],"replies":[{"embeddable":true,"href":"https:\/\/www.losesculloscabodegata.com\/de\/wp-json\/wp\/v2\/comments?post=3491"}],"version-history":[{"count":14,"href":"https:\/\/www.losesculloscabodegata.com\/de\/wp-json\/wp\/v2\/pages\/3491\/revisions"}],"predecessor-version":[{"id":23287,"href":"https:\/\/www.losesculloscabodegata.com\/de\/wp-json\/wp\/v2\/pages\/3491\/revisions\/23287"}],"up":[{"embeddable":true,"href":"https:\/\/www.losesculloscabodegata.com\/de\/wp-json\/wp\/v2\/pages\/3459"}],"wp:featuredmedia":[{"embeddable":true,"href":"https:\/\/www.losesculloscabodegata.com\/de\/wp-json\/wp\/v2\/media\/14746"}],"wp:attachment":[{"href":"https:\/\/www.losesculloscabodegata.com\/de\/wp-json\/wp\/v2\/media?parent=3491"}],"curies":[{"name":"wp","href":"https:\/\/api.w.org\/{rel}","templated":true}]}}