{"id":3504,"date":"2018-03-13T10:52:24","date_gmt":"2018-03-13T10:52:24","guid":{"rendered":"https:\/\/www.losesculloscabodegata.com\/grupos-y-largas-estancias\/"},"modified":"2025-01-21T16:46:18","modified_gmt":"2025-01-21T16:46:18","slug":"gruppen","status":"publish","type":"page","link":"https:\/\/www.losesculloscabodegata.com\/de\/gruppen\/","title":{"rendered":"Gruppen"},"content":{"rendered":"<div class=\"wpb-content-wrapper\"><p>[vc_row][vc_column][\/vc_column][\/vc_row][vc_row][vc_column][vc_single_image image=&#8220;7214&#8243; img_size=&#8220;full&#8220;][\/vc_column][\/vc_row][vc_row][vc_column][vc_column_text]Camping Los Escullos befindet sich an einem privilegierten und strategischen Ort im Naturpark Cabo de Gata-N\u00edjar. Wir bieten alle notwendigen Annehmlichkeiten, um Ihre Gruppe unterzubringen.<\/p>\n<p>Wir bieten Halb- und Vollpensionspl\u00e4ne in unserem ger\u00e4umigen Restaurant an, wobei wir stets spezielle di\u00e4tetische oder allergische Anforderungen ber\u00fccksichtigen.<\/p>\n<p>Wir arbeiten auch mit den besten aktiven Tourismusunternehmen der Region zusammen, um Aktivit\u00e4ten wie Kajakfahren, Tauchen, Schnorcheln, gef\u00fchrte Wandertouren, Radfahren und vieles mehr zu organisieren. Wir stellen den Kontakt zu ihnen her.<br \/>\n[\/vc_column_text][\/vc_column][\/vc_row][vc_row el_class=&#8220;fila-grupos&#8220;][vc_column][vc_basic_grid post_type=&#8220;ids&#8220; item=&#8220;1399&#8243; grid_id=&#8220;vc_gid:1737463816990-10d86edc-9800-4&#8243; include=&#8220;7169, 7174, 7176&#8243;][\/vc_column][\/vc_row][vc_row][vc_column][vc_single_image image=&#8220;7319&#8243; img_size=&#8220;full&#8220; onclick=&#8220;custom_link&#8220; img_link_target=&#8220;_blank&#8220; link=&#8220;https:\/\/www.planeta40.com\/&#8220;][\/vc_column][\/vc_row][vc_row disable_element=&#8220;yes&#8220;][vc_column][vc_single_image image=&#8220;6261&#8243; img_size=&#8220;full&#8220;][\/vc_column][\/vc_row][vc_row][vc_column]\n\t<div class=\"nd_options_section nd_options_text_align_center\">\n\t<a style=\"border: px solid;border-radius:px;letter-spacing:px;line-height:18px;font-size:18px;background-color:#22205f;padding:10px 20px;margin:10px;color:#ffffff\" rel=\"\" href=\"https:\/\/www.losesculloscabodegata.com\/animacion\/\" class=\"nicdark_display_inline_block   nd_options_second_font  \">AKTIVIT\u00c4TEN ANSEHEN<\/a>\n\t<\/div>\n[\/vc_column][\/vc_row]<\/p>\n<\/div>","protected":false},"excerpt":{"rendered":"<p>[vc_row][vc_column][\/vc_column][\/vc_row][vc_row][vc_column][vc_single_image image=&#8220;7214&#8243; img_size=&#8220;full&#8220;][\/vc_column][\/vc_row][vc_row][vc_column][vc_column_text]Camping Los Escullos befindet sich an einem privilegierten und strategischen Ort im Naturpark Cabo de Gata-N\u00edjar. Wir bieten alle notwendigen Annehmlichkeiten, um Ihre Gruppe unterzubringen. Wir bieten Halb- und Vollpensionspl\u00e4ne in unserem ger\u00e4umigen Restaurant an, wobei wir stets spezielle di\u00e4tetische oder allergische Anforderungen ber\u00fccksichtigen. Wir arbeiten auch mit den besten aktiven Tourismusunternehmen der [&hellip;]<\/p>\n","protected":false},"author":2,"featured_media":0,"parent":0,"menu_order":0,"comment_status":"closed","ping_status":"closed","template":"","meta":{"_acf_changed":false,"footnotes":""},"class_list":["post-3504","page","type-page","status-publish","hentry"],"acf":[],"publishpress_future_action":{"enabled":false,"date":"2026-04-29 10:10:39","action":"change-status","newStatus":"draft","terms":[],"taxonomy":"translation_priority"},"publishpress_future_workflow_manual_trigger":{"enabledWorkflows":[]},"_links":{"self":[{"href":"https:\/\/www.losesculloscabodegata.com\/de\/wp-json\/wp\/v2\/pages\/3504","targetHints":{"allow":["GET"]}}],"collection":[{"href":"https:\/\/www.losesculloscabodegata.com\/de\/wp-json\/wp\/v2\/pages"}],"about":[{"href":"https:\/\/www.losesculloscabodegata.com\/de\/wp-json\/wp\/v2\/types\/page"}],"author":[{"embeddable":true,"href":"https:\/\/www.losesculloscabodegata.com\/de\/wp-json\/wp\/v2\/users\/2"}],"replies":[{"embeddable":true,"href":"https:\/\/www.losesculloscabodegata.com\/de\/wp-json\/wp\/v2\/comments?post=3504"}],"version-history":[{"count":7,"href":"https:\/\/www.losesculloscabodegata.com\/de\/wp-json\/wp\/v2\/pages\/3504\/revisions"}],"predecessor-version":[{"id":20102,"href":"https:\/\/www.losesculloscabodegata.com\/de\/wp-json\/wp\/v2\/pages\/3504\/revisions\/20102"}],"wp:attachment":[{"href":"https:\/\/www.losesculloscabodegata.com\/de\/wp-json\/wp\/v2\/media?parent=3504"}],"curies":[{"name":"wp","href":"https:\/\/api.w.org\/{rel}","templated":true}]}}