{"id":3508,"date":"2018-03-08T16:43:33","date_gmt":"2018-03-08T16:43:33","guid":{"rendered":"https:\/\/www.losesculloscabodegata.com\/cabo-de-gata\/"},"modified":"2019-01-21T10:55:51","modified_gmt":"2019-01-21T10:55:51","slug":"cabo-de-gata","status":"publish","type":"page","link":"https:\/\/www.losesculloscabodegata.com\/de\/cabo-de-gata\/","title":{"rendered":"Cabo de Gata"},"content":{"rendered":"<div class=\"wpb-content-wrapper\"><p>[vc_row][vc_column][vc_column_text]Der <strong>Naturpark Cabo de Gata<\/strong> ist ein hoch gesch\u00fctzter und unber\u00fchrter Naturparadies. Die Lage unseres Touristkresort, im Herzen des Naturpark, erlaubt Ihnen, alle au\u00dfergew\u00f6hnlich verborgenen Reize von Cabo de Gata kennen zu lernen. Entdecken Sie in diesem Abschnitt eine Auswahl seiner besten <strong>Orte, Str\u00e4nde und Buchten<\/strong>. Genie\u00dfen Sie den Charme des Naturparks Cabo de Gata durch die <strong>Wanderrouten<\/strong>, die wir ihnen hier vorschlagen.<\/p>\n<p>Wir bieten auch einen kleinen F\u00fchrer von der <strong>Stadt Almer\u00eda<\/strong>, das n\u00e4chstgelegene Stadtzentrum zum Park und weniger als eine Stunde entfernt. Almer\u00eda bietet eine breite Palette von kulturellen und Freizeitaktivit\u00e4ten.[\/vc_column_text][\/vc_column][\/vc_row][vc_row el_class=&#8220;encabezado-azul&#8220;][vc_column width=&#8220;1\/2&#8243;][vc_wp_text title=&#8220;Str\u00e4nde und Buchten&#8220;]Der ber\u00fchmteste Schatz vom Naturpark Cabo de Gata, sind seine au\u00dfergew\u00f6hnlichen <strong>Str\u00e4nde und Buchten<\/strong>. Da es sich hier um einen Naturschutzgebiet handelt, sind seine Str\u00e4nde und Buchten wirklich paradisisch.<\/p>\n<p>Besuchen Sie ihre ber\u00fchmtesten Str\u00e4nde und entdecken Sie abgelegensten und versteckten Buchten. Viele seiner Str\u00e4nde sind international bekannt und die Szene vieler gro\u00dfen Filme gewesen.<\/p>\n<p>Genie\u00dfen Sie das hervorragende Wetter das ganze Jahr \u00fcber.[\/vc_wp_text][\/vc_column][vc_column width=&#8220;1\/2&#8243;][vc_wp_text title=&#8220;Wanderwege &amp; Wanderrouten&#8220;]Die Kenntnis des Naturpark durch <strong>Wanderrouten<\/strong>, l\u00e4sst Sie das Beste aus der Landschaft und Vegetation geniessen.<\/p>\n<p>Die Wanderwege im Park haben meist ein leichtes Niveau, so dass Sie perfekt f\u00fcr die ganze Familie sind, damit Sie die unber\u00fchrte Natur des Parks und seine spektakul\u00e4ren Aussichten geniessen k\u00f6nnen.<\/p>\n<p>Das sonnige Klima in Almeria ist ideal f\u00fcr Wanderrouten w\u00e4hrend des ganzen Jahres geeignet.[\/vc_wp_text][\/vc_column][\/vc_row][vc_row][vc_column width=&#8220;1\/2&#8243;][vc_wp_text title=&#8220;D\u00f6rfer von Cabo de Gata&#8220;]Wir schlagen eine Reihe von Routen durch <strong>die D\u00f6rfer von Cabo de Gata<\/strong> vor, die Ihnen erlauben, den Naturpark und seine Geologie, Flora und Fauna, Sehensw\u00fcrdigkeiten, Gastronomie in Tiefe kennen zu lernen&#8230;<\/p>\n<p>Monumente und Architektur von Interesse: Schl\u00f6sser, T\u00fcrme, Traditionelle Bauernh\u00f6fen, Bergwerke, M\u00fchlen, Brunnen&#8230;<\/p>\n<p>Alle D\u00f6rfer der Region: <strong>Cabo de Gata, Nijar, Las Negras, Aguamarga, Carboneras, Rodalquiar, San Jose<\/strong>&#8230;[\/vc_wp_text][\/vc_column][vc_column width=&#8220;1\/2&#8243;][vc_wp_text title=&#8220;Stadt Almeria&#8220;]Entdecken Sie die Stadt <strong>Almer\u00eda<\/strong>.<br \/>\nNur 38 Km. Vom Resort (40 Minuten).<br \/>\nArchitektur und Historische Monumente.<br \/>\nGastronomie.<br \/>\nShopping, Unterhaltung und Nachtleben.[\/vc_wp_text][\/vc_column][\/vc_row][vc_row][vc_column][vc_column_text]<i class=\"fas fa-arrow-alt-circle-right\"><\/i> <a style=\"color: #1c75a9;\" href=\"https:\/\/www.losesculloscabodegata.com\/wp-content\/uploads\/2019\/01\/LosEscullosPlano.jpg\" target=\"_blank\" rel=\"noopener\">KARTE CABO DE GATA &#8211; NIJAR<\/a>[\/vc_column_text][\/vc_column][\/vc_row]<\/p>\n<\/div>","protected":false},"excerpt":{"rendered":"<p>[vc_row][vc_column][vc_column_text]Der Naturpark Cabo de Gata ist ein hoch gesch\u00fctzter und unber\u00fchrter Naturparadies. Die Lage unseres Touristkresort, im Herzen des Naturpark, erlaubt Ihnen, alle au\u00dfergew\u00f6hnlich verborgenen Reize von Cabo de Gata kennen zu lernen. Entdecken Sie in diesem Abschnitt eine Auswahl seiner besten Orte, Str\u00e4nde und Buchten. Genie\u00dfen Sie den Charme des Naturparks Cabo de Gata [&hellip;]<\/p>\n","protected":false},"author":2,"featured_media":0,"parent":0,"menu_order":0,"comment_status":"closed","ping_status":"closed","template":"","meta":{"_acf_changed":false,"footnotes":""},"class_list":["post-3508","page","type-page","status-publish","hentry"],"acf":[],"publishpress_future_action":{"enabled":false,"date":"2026-04-29 11:07:52","action":"change-status","newStatus":"draft","terms":[],"taxonomy":"translation_priority"},"publishpress_future_workflow_manual_trigger":{"enabledWorkflows":[]},"_links":{"self":[{"href":"https:\/\/www.losesculloscabodegata.com\/de\/wp-json\/wp\/v2\/pages\/3508","targetHints":{"allow":["GET"]}}],"collection":[{"href":"https:\/\/www.losesculloscabodegata.com\/de\/wp-json\/wp\/v2\/pages"}],"about":[{"href":"https:\/\/www.losesculloscabodegata.com\/de\/wp-json\/wp\/v2\/types\/page"}],"author":[{"embeddable":true,"href":"https:\/\/www.losesculloscabodegata.com\/de\/wp-json\/wp\/v2\/users\/2"}],"replies":[{"embeddable":true,"href":"https:\/\/www.losesculloscabodegata.com\/de\/wp-json\/wp\/v2\/comments?post=3508"}],"version-history":[{"count":5,"href":"https:\/\/www.losesculloscabodegata.com\/de\/wp-json\/wp\/v2\/pages\/3508\/revisions"}],"predecessor-version":[{"id":5727,"href":"https:\/\/www.losesculloscabodegata.com\/de\/wp-json\/wp\/v2\/pages\/3508\/revisions\/5727"}],"wp:attachment":[{"href":"https:\/\/www.losesculloscabodegata.com\/de\/wp-json\/wp\/v2\/media?parent=3508"}],"curies":[{"name":"wp","href":"https:\/\/api.w.org\/{rel}","templated":true}]}}