{"id":3568,"date":"2018-03-13T09:43:22","date_gmt":"2018-03-13T09:43:22","guid":{"rendered":"https:\/\/www.losesculloscabodegata.com\/cabo-de-gata\/ciudad-de-almeria\/"},"modified":"2018-06-06T14:20:38","modified_gmt":"2018-06-06T14:20:38","slug":"stadt-almeria","status":"publish","type":"page","link":"https:\/\/www.losesculloscabodegata.com\/de\/cabo-de-gata\/stadt-almeria\/","title":{"rendered":"Stadt Almeria"},"content":{"rendered":"<div class=\"wpb-content-wrapper\"><p>[vc_row][vc_column][\/vc_column][\/vc_row][vc_row][vc_column][vc_column_text]38 Km. (40 Minuten) von der <b>Tourist Resort Los Escullos<\/b> befindet sich die Stadt <b>Almer\u00eda<\/b>. Wir zeigen Ihnen hier, die wichtigsten Sehensw\u00fcrdigkeiten der Stadt , aber z\u00f6gern Sie nicht, uns in unserer Rezeption nach allen kulturellen, kulinarischen Angeboten und Freizeit, die die Stadt zu bieten hat zu Fragen (Museen, Restaurants, Aktivit\u00e4ten, etc&#8230;)[\/vc_column_text][\/vc_column][\/vc_row][vc_row][vc_column width=&#8220;1\/2&#8243;][vc_column_text]<\/p>\n<h2><strong>Festung<\/strong><\/h2>\n<p>&nbsp;<\/p>\n<p>Die <strong>Alcazaba<\/strong> ist im h\u00f6chsten Teil der Stadt gelegen und bietet einen spektakul\u00e4ren Panoramablick auf Almer\u00eda.<\/p>\n<p>Sein Bau begann im Jahre 955 und endete im elften Jahrhundert.<\/p>\n<p>Die Alcazaba zeigt die Entwicklungen in der zivilen und milit\u00e4rischen Architektur w\u00e4hrend der muslimischen Herrschaft in Andalusien: Mauern, G\u00e4rten, Pal\u00e4ste, Zisternen, T\u00fcrme, etc&#8230;<\/p>\n<p>&nbsp;<\/p>\n<p>Nach der christlichen Eroberung zwischen 1490 und 1534 wurde sie von den Katholischen K\u00f6nigen und Carlos I reformiert.<\/p>\n<p>So finden wir in der Alcazaba, ein Haus der christlichen Architektur.[\/vc_column_text][vc_single_image image=&#8220;2308&#8243; img_size=&#8220;570&#215;320&#8243;][\/vc_column][vc_column width=&#8220;1\/2&#8243;][vc_column_text]<\/p>\n<h2><strong>Verstecke\/Schutztunel<\/strong><\/h2>\n<p>&nbsp;<\/p>\n<p>Die <strong>Schutztunel von Almer\u00eda<\/strong> bilden ein Netzwerk von 4 Km. von unterirdischen Tunneln, die als Schutz vor den Luftangriffen, die w\u00e4hrend des spanischen B\u00fcrgerkrieges (1936-1939) in Almer\u00eda stattfanden, verwendet wurden. Diese Galerien, die vom Architekten <strong>Guillermo Langle<\/strong> konzipiert wurden, sind die wichtigsten und am best erhaltenen Europas. Der Besuch in die unterirdischen Schutztunel ist ein 1 km. und erstreckt sich von der Puerta Purchena, l\u00e4uft unter dem Paseo von Almer\u00eda Innenstadt und endet an der Plaza <strong>Pablo Cazard<\/strong>. Die Touren werden in kleinen Gruppen durchgef\u00fchrt. Eine vorzeitige Reservierung ist <strong>erforderlich<\/strong>.[\/vc_column_text][vc_single_image image=&#8220;2311&#8243; img_size=&#8220;570&#215;320&#8243;][\/vc_column][\/vc_row][vc_row][vc_column width=&#8220;1\/2&#8243;][vc_column_text]<\/p>\n<h2><strong>Der Englische Kabel<\/strong><\/h2>\n<p>&nbsp;<\/p>\n<p>Der <strong>englische Kabel<\/strong> (Ladeplattform des Alquife) befindet sich in der Playa de las Almadrabillas, nahe dem Stadtzentrum.<\/p>\n<p>Die Struktur, die im Jahr <strong>1904<\/strong> erbaut wurde, spiegelt die Industrie-und Bergbau Vergangenheit der Stadt wieder. Der englische Kabel erlaubt-Minerallast f\u00fcr den Versand auf Boote zu laden, die mit der Bahn kamen.<\/p>\n<p>Der englische Kabel ist eine gro\u00dfe Leistung der Technik und ein Beispiel der Eisenarchitektur des fr\u00fchen zwanzigsten Jahrhunderts, weil es auf den Prinzipien der <strong>Eiffelschule<\/strong> gebaut wurde.[\/vc_column_text][vc_single_image image=&#8220;2310&#8243; img_size=&#8220;570&#215;320&#8243;][\/vc_column][vc_column width=&#8220;1\/2&#8243;][vc_column_text]<\/p>\n<h2><strong>Strandpromenade<\/strong><\/h2>\n<p>&nbsp;<\/p>\n<p>Die <strong>Standpromenade<\/strong> von Almer\u00eda ist 4 km lang und geht von Hafen von Almer\u00eda bis zur Universit\u00e4t, die sich ausserhalb des Zentrum befindet.<\/p>\n<p>Das gute Wetter der Stadt das ganze Jahr \u00fcber macht die Promenade zu einer idealen Umgebung f\u00fcr Familienspatzierg\u00e4nge. Sie ist auch ideal um die verschiedenen Kulinarischen Angebote und Restaurants entlang der Strandpromenade zu geniessen, Eis, &#8230; sowie Tapas-Bars, wo man zu Fu\u00df zum Strand laufen kann.<\/p>\n<p>Stadtstr\u00e4nde: El Zapillo, Nueva Andaluc\u00eda und Costacabana.[\/vc_column_text][vc_single_image image=&#8220;2306&#8243; img_size=&#8220;570&#215;320&#8243;][\/vc_column][\/vc_row][vc_row][vc_column width=&#8220;1\/2&#8243;][vc_column_text]<\/p>\n<h2><strong>Kathedrale<\/strong><\/h2>\n<p>&nbsp;<\/p>\n<p>Die <strong>Kathedrale<\/strong> von Almer\u00eda befindet sich im Domplatz, in der Altstadt von Almer\u00eda.<\/p>\n<p>Die Kathedrale von Almeria ist ein einzigartiges Exemplar seiner Art, weil sie eine <strong>Kathedrale und Festung<\/strong> aus dem siebzehnten Jahrhundert ist, gotische Geb\u00e4ude und Renaissance-Fassaden, die sowohl f\u00fcr Gottesdienst und auch f\u00fcr Verteidigung von Angriffen sch\u00fctzte.<\/p>\n<p>An der Fassade der Kathedrale in der Cubo Strasse, sehen sie die <strong>Sonne von Portocarrero<\/strong>, Symbol und Wahrzeichen der Stadt Almer\u00eda.[\/vc_column_text][vc_single_image image=&#8220;2309&#8243; img_size=&#8220;570&#215;320&#8243;][\/vc_column][vc_column width=&#8220;1\/2&#8243;][vc_column_text]<\/p>\n<h2><strong>Almeria Zentrum<br \/>\n<\/strong><\/h2>\n<p>&nbsp;<\/p>\n<p><strong>Puerta Purchena<\/strong> ist der zentrale Punkt, das Herz der Stadt Almer\u00eda.<\/p>\n<p>Von Puerta Purchena aus kann man zum <strong>Paseo de Almer\u00eda<\/strong> und <strong>Avenida Obispo Orber\u00e1<\/strong> gehen, das sind die zwei gr\u00f6ssten Einkaufstrassen von Almer\u00eda. Ideal zum Spatzieren und Einkaufen!<\/p>\n<p>Rund um das Zentrum von Almer\u00eda, k\u00f6nnen Sie eine Vielzahlt an <strong>Bars und Restaurants<\/strong> finden. In der <strong>Nachbarschaft<\/strong>, die vier Stra\u00dfen genant (neben dem Fu\u00dfweg) konzentriert sich die Unterhaltung und das Nachtleben, ideal um Tapas essen zu gehen.[\/vc_column_text][vc_single_image image=&#8220;2303&#8243; img_size=&#8220;570&#215;320&#8243;][\/vc_column][\/vc_row][vc_row][vc_column][vc_column_text]Fragen Sie nach Fahrpl\u00e4ne, Stadtf\u00fchrungen, etc&#8230; in dem Fremdenverkehrsb\u00fcros von Almer\u00eda. Plaza De la Constituci\u00f3n, 9 (Platz der Verfassung, 9) (+34) 950 210 538<\/p>\n<p>In unserer Rezeption k\u00f6nnen wir Sie \u00fcber alle M\u00f6glichkeiten und Alternativen f\u00fcr Freizeit und Kultur in Almeria informieren.[\/vc_column_text][\/vc_column][\/vc_row]<\/p>\n<\/div>","protected":false},"excerpt":{"rendered":"<p>[vc_row][vc_column][\/vc_column][\/vc_row][vc_row][vc_column][vc_column_text]38 Km. (40 Minuten) von der Tourist Resort Los Escullos befindet sich die Stadt Almer\u00eda. Wir zeigen Ihnen hier, die wichtigsten Sehensw\u00fcrdigkeiten der Stadt , aber z\u00f6gern Sie nicht, uns in unserer Rezeption nach allen kulturellen, kulinarischen Angeboten und Freizeit, die die Stadt zu bieten hat zu Fragen (Museen, Restaurants, Aktivit\u00e4ten, etc&#8230;)[\/vc_column_text][\/vc_column][\/vc_row][vc_row][vc_column width=&#8220;1\/2&#8243;][vc_column_text] Festung &nbsp; [&hellip;]<\/p>\n","protected":false},"author":2,"featured_media":3569,"parent":3508,"menu_order":0,"comment_status":"closed","ping_status":"closed","template":"","meta":{"_acf_changed":false,"footnotes":""},"class_list":["post-3568","page","type-page","status-publish","has-post-thumbnail","hentry"],"acf":[],"publishpress_future_action":{"enabled":false,"date":"2026-04-29 09:12:38","action":"change-status","newStatus":"draft","terms":[],"taxonomy":"translation_priority"},"publishpress_future_workflow_manual_trigger":{"enabledWorkflows":[]},"_links":{"self":[{"href":"https:\/\/www.losesculloscabodegata.com\/de\/wp-json\/wp\/v2\/pages\/3568","targetHints":{"allow":["GET"]}}],"collection":[{"href":"https:\/\/www.losesculloscabodegata.com\/de\/wp-json\/wp\/v2\/pages"}],"about":[{"href":"https:\/\/www.losesculloscabodegata.com\/de\/wp-json\/wp\/v2\/types\/page"}],"author":[{"embeddable":true,"href":"https:\/\/www.losesculloscabodegata.com\/de\/wp-json\/wp\/v2\/users\/2"}],"replies":[{"embeddable":true,"href":"https:\/\/www.losesculloscabodegata.com\/de\/wp-json\/wp\/v2\/comments?post=3568"}],"version-history":[{"count":17,"href":"https:\/\/www.losesculloscabodegata.com\/de\/wp-json\/wp\/v2\/pages\/3568\/revisions"}],"predecessor-version":[{"id":4051,"href":"https:\/\/www.losesculloscabodegata.com\/de\/wp-json\/wp\/v2\/pages\/3568\/revisions\/4051"}],"up":[{"embeddable":true,"href":"https:\/\/www.losesculloscabodegata.com\/de\/wp-json\/wp\/v2\/pages\/3508"}],"wp:featuredmedia":[{"embeddable":true,"href":"https:\/\/www.losesculloscabodegata.com\/de\/wp-json\/wp\/v2\/media\/3569"}],"wp:attachment":[{"href":"https:\/\/www.losesculloscabodegata.com\/de\/wp-json\/wp\/v2\/media?parent=3568"}],"curies":[{"name":"wp","href":"https:\/\/api.w.org\/{rel}","templated":true}]}}