{"id":3582,"date":"2018-03-13T09:38:29","date_gmt":"2018-03-13T09:38:29","guid":{"rendered":"https:\/\/www.losesculloscabodegata.com\/cabo-de-gata\/pueblos-de-cabo-de-gata\/"},"modified":"2018-06-06T14:48:39","modified_gmt":"2018-06-06T14:48:39","slug":"doerfer-von-cabo-de-gata","status":"publish","type":"page","link":"https:\/\/www.losesculloscabodegata.com\/de\/cabo-de-gata\/doerfer-von-cabo-de-gata\/","title":{"rendered":"D\u00f6rfer von Cabo de Gata"},"content":{"rendered":"<div class=\"wpb-content-wrapper\"><p>[vc_row][vc_column][vc_column_text]Naturpark <strong>Cabo de Gata<\/strong> verbirgt malerische <strong>D\u00f6rfer<\/strong> und Hunderte von Orten um sie zu erkunden. Wir bieten Ihnen hier eine Auswahl an Routen f\u00fcr die D\u00f6rfer von Cabo de Gata und ihre Sehensw\u00fcrdigkeiten: Denkm\u00e4ler, Bauernh\u00e4user, Natur, Geologie, Gastronomie&#8230; Und noch viel mehr zu entdecken![\/vc_column_text][\/vc_column][\/vc_row][vc_row][vc_column width=&#8220;1\/2&#8243;][vc_column_text]<\/p>\n<h2><strong>Str\u00e4nde und Buchten<\/strong><\/h2>\n<p>&nbsp;<\/p>\n<p><strong>D\u00f6rfer<\/strong>: Cabo de Gata, Pujaire, Las Amoladeras und Torre Garc\u00eda.<\/p>\n<p><strong>Sehensw\u00fcrdigkeiten<\/strong>: Visitors Center, Cultivierung von Sisal Naturflanzen, Aussichtspunkt Las Amoladeras, Steppenv\u00f6gel, Torre Garc\u00eda (kapelle), Wachturm, R\u00f6merische Salzfl\u00f6sse, Schlucht von Amoladeras (fossile Str\u00e4nde), D\u00fcnen, Feuchtgebiet (Wasserv\u00f6gel), Fischerdorf Cabo de Gata.<\/p>\n<p><strong>Entfernung<\/strong> : 30 Km. 12 Km.[\/vc_column_text][vc_single_image image=&#8220;2314&#8243; img_size=&#8220;570&#215;320&#8243;][\/vc_column][vc_column width=&#8220;1\/2&#8243;][vc_column_text css=&#8220;.vc_custom_1528295148891{margin-bottom: 61px !important;}&#8220;]<\/p>\n<h2><strong>Str\u00e4nde, Buchten und Klippen<\/strong><\/h2>\n<p>&nbsp;<\/p>\n<p><strong>D\u00f6rfer<\/strong>: Cabo de Gata, El Corralete und San Jos\u00e9.<\/p>\n<p><strong>Sehensw\u00fcrdigkeiten<\/strong>: Fischerrei, Vogelwarte, Salzfabrik, Testa Turm, El Corralete, Aussichtspunkt Las Sirenas (Meerjungfrauen), Punta Baja, Cala Raja, Vela Blanca, Cala Carb\u00f3n, M\u00f3nsul, Barronal.<\/p>\n<p><strong>Entfernung<\/strong> : 47 Km. 17 Km.[\/vc_column_text][vc_single_image image=&#8220;2315&#8243; img_size=&#8220;570&#215;320&#8243;][\/vc_column][\/vc_row][vc_row][vc_column width=&#8220;1\/2&#8243;][vc_column_text]<\/p>\n<h2><strong>Vulkane und Edelsteine<\/strong><\/h2>\n<p>&nbsp;<\/p>\n<p><strong>D\u00f6rfer<\/strong>: Cabo de Gata, Pujaire, Las Amoladeras und Torre Garc\u00eda.<\/p>\n<p><strong>Sehensw\u00fcrdigkeiten<\/strong>: Vulkankrater, Strand Playa del Arco, fossile D\u00fcnen, Festung von San Felipe, Cala del Embarcadero (Ladebucht), Cerro de los Frailes (M\u00f6nchh\u00fcgel), Bucht von La Isleta, Playa del Pe\u00f1on Blanco (Bucht des weissen H\u00fcgel), Cala de Los Toros, Mirador de Las Amatistas (Ausichtspunkt), Vulkankrater von Rodalquilar, botanischer Garten, Haus der Vulkane, Playazo de Rodalquilar, etc&#8230;<\/p>\n<p><strong>Entfernung<\/strong> : \/ 20 Km.[\/vc_column_text][vc_single_image image=&#8220;2317&#8243; img_size=&#8220;570&#215;320&#8243;][\/vc_column][vc_column width=&#8220;1\/2&#8243;][vc_column_text css=&#8220;.vc_custom_1528295532112{margin-bottom: 61px !important;}&#8220;]<\/p>\n<h2><strong>Bauernh\u00e4user aus Campo de N\u00edjar<\/strong><\/h2>\n<p>&nbsp;<\/p>\n<p><strong>D\u00f6rfer<\/strong>: Hornillo und Fern\u00e1n P\u00e9rez.<\/p>\n<p><strong>Sehensw\u00fcrdigkeiten<\/strong>: Rinderfarmstrukturen des Buernhofs von Requena, Cortijo del Fraile (Bauernhof des M\u00f3nch): Ernten, H\u00e4user, Kapelle, Wassertanks, Brunnen und Epochen, Steppenv\u00f6gel, Bauernhaus el Hornillo, Bauernhof Higo Seco, Fernan Perez: Windm\u00fchle und beliebte K\u00fcche, Bauernhof Balsa Blanca.<\/p>\n<p><strong>Entfernung<\/strong> : 20 Km. 14 Km.[\/vc_column_text][vc_single_image image=&#8220;2316&#8243; img_size=&#8220;570&#215;320&#8243;][\/vc_column][\/vc_row][vc_row][vc_column width=&#8220;1\/2&#8243;][vc_column_text]<\/p>\n<h2><strong>Das Wasser, Lebensquelle<\/strong><\/h2>\n<p>&nbsp;<\/p>\n<p><strong>D\u00f6rfer<\/strong>: Huebro, N\u00edjar, Torre del Campo, und Campohermoso.<\/p>\n<p><strong>Sehensw\u00fcrdigkeiten<\/strong>: Geburt von Huebro, Kirche von Rosario, die Wasserm\u00fchlen Wanderung, Villa de Nijar: Plaza de Arriba, Calle de las Eras; Sumpfgebiet von Isabel II, Campohermoso, Zisterne Bermejo, Fernan Perez Aqu\u00e4dukt, M\u00fchle und antique Waschh\u00e4user in Fernan Perez, Bauernhaus Balsa Blanca, Wasserm\u00fchlen Alias, Entsalzungsanlage in Carboneras.<\/p>\n<p><strong>Entfernung<\/strong> : 52 Km.[\/vc_column_text][vc_single_image image=&#8220;2319&#8243; img_size=&#8220;570&#215;320&#8243;][\/vc_column][vc_column width=&#8220;1\/2&#8243;][vc_column_text]<\/p>\n<h2><strong>Wacht\u00fcrme und Festungen<\/strong><\/h2>\n<p>&nbsp;<\/p>\n<p><strong>D\u00f6rfer<\/strong>: Carboneras, Aguamarga, Las Negras und Rodalquiar.<\/p>\n<p><strong>Sehensw\u00fcrdigkeiten<\/strong>: Schloss von San Andres, Carboneras (Touristendorf, Fischen und Meeresk\u00fcche), Festung von Mesa Roldan, Leuchtturm, Mesa Roldan Geologie, Cala de Los Muertos (Strand der Toten), Eisenerzminen von Alhamilla und Aussichtspunkt, Agua Amarga, Bentonit Minen, die Hortichuelas, Burg von Alumbres, etc&#8230;<\/p>\n<p><strong>Entfernung<\/strong> : \/ 36 Km.[\/vc_column_text][vc_single_image image=&#8220;2318&#8243; img_size=&#8220;570&#215;320&#8243; el_id=&#8220;imagen-buchten-unt-klipen&#8220;][\/vc_column][\/vc_row]<\/p>\n<\/div>","protected":false},"excerpt":{"rendered":"<p>[vc_row][vc_column][vc_column_text]Naturpark Cabo de Gata verbirgt malerische D\u00f6rfer und Hunderte von Orten um sie zu erkunden. Wir bieten Ihnen hier eine Auswahl an Routen f\u00fcr die D\u00f6rfer von Cabo de Gata und ihre Sehensw\u00fcrdigkeiten: Denkm\u00e4ler, Bauernh\u00e4user, Natur, Geologie, Gastronomie&#8230; Und noch viel mehr zu entdecken![\/vc_column_text][\/vc_column][\/vc_row][vc_row][vc_column width=&#8220;1\/2&#8243;][vc_column_text] Str\u00e4nde und Buchten &nbsp; D\u00f6rfer: Cabo de Gata, Pujaire, Las [&hellip;]<\/p>\n","protected":false},"author":2,"featured_media":3583,"parent":3508,"menu_order":0,"comment_status":"closed","ping_status":"closed","template":"","meta":{"_acf_changed":false,"footnotes":""},"class_list":["post-3582","page","type-page","status-publish","has-post-thumbnail","hentry"],"acf":[],"publishpress_future_action":{"enabled":false,"date":"2026-04-25 10:58:30","action":"change-status","newStatus":"draft","terms":[],"taxonomy":"translation_priority"},"publishpress_future_workflow_manual_trigger":{"enabledWorkflows":[]},"_links":{"self":[{"href":"https:\/\/www.losesculloscabodegata.com\/de\/wp-json\/wp\/v2\/pages\/3582","targetHints":{"allow":["GET"]}}],"collection":[{"href":"https:\/\/www.losesculloscabodegata.com\/de\/wp-json\/wp\/v2\/pages"}],"about":[{"href":"https:\/\/www.losesculloscabodegata.com\/de\/wp-json\/wp\/v2\/types\/page"}],"author":[{"embeddable":true,"href":"https:\/\/www.losesculloscabodegata.com\/de\/wp-json\/wp\/v2\/users\/2"}],"replies":[{"embeddable":true,"href":"https:\/\/www.losesculloscabodegata.com\/de\/wp-json\/wp\/v2\/comments?post=3582"}],"version-history":[{"count":10,"href":"https:\/\/www.losesculloscabodegata.com\/de\/wp-json\/wp\/v2\/pages\/3582\/revisions"}],"predecessor-version":[{"id":4061,"href":"https:\/\/www.losesculloscabodegata.com\/de\/wp-json\/wp\/v2\/pages\/3582\/revisions\/4061"}],"up":[{"embeddable":true,"href":"https:\/\/www.losesculloscabodegata.com\/de\/wp-json\/wp\/v2\/pages\/3508"}],"wp:featuredmedia":[{"embeddable":true,"href":"https:\/\/www.losesculloscabodegata.com\/de\/wp-json\/wp\/v2\/media\/3583"}],"wp:attachment":[{"href":"https:\/\/www.losesculloscabodegata.com\/de\/wp-json\/wp\/v2\/media?parent=3582"}],"curies":[{"name":"wp","href":"https:\/\/api.w.org\/{rel}","templated":true}]}}