{"id":3592,"date":"2018-03-13T09:33:31","date_gmt":"2018-03-13T09:33:31","guid":{"rendered":"https:\/\/www.losesculloscabodegata.com\/cabo-de-gata\/rutas-de-senderismo\/"},"modified":"2018-06-06T14:55:47","modified_gmt":"2018-06-06T14:55:47","slug":"wanderwege-wanderrouten","status":"publish","type":"page","link":"https:\/\/www.losesculloscabodegata.com\/de\/cabo-de-gata\/wanderwege-wanderrouten\/","title":{"rendered":"Wanderwege &#038; Wanderrouten"},"content":{"rendered":"<div class=\"wpb-content-wrapper\"><p>[vc_row][vc_column][vc_column_text]In <strong>Cabo de Gata<\/strong> z\u00e4hlen sie mit zahlreichen <strong>Wanderwegen<\/strong>, um die unber\u00fchrte Natur und die paradiesischen Aussichten des Naturparks zu genie\u00dfen. Wir bieten Ihnen hier eine kleine Auswahl von Wanderungen ideal, um sie als Paar oder Familie zu genie\u00dfen. Entdecken Sie die sch\u00f6ne Landschaft und die atemberaubende Aussicht, die der Naturpark Cabo de Gata versteckt![\/vc_column_text][\/vc_column][\/vc_row][vc_row][vc_column width=&#8220;1\/2&#8243;][vc_column_text]<\/p>\n<h2 style=\"color: #1c75a9;\"><strong>Escullos-Isleta del Moro<\/strong><\/h2>\n<p>&nbsp;<\/p>\n<p>Uferzone mit Klippen und Str\u00e4nden. Milit\u00e4rischer Bau-und K\u00fcstenbev\u00f6lkerung urspr\u00fcnglich gebunden an die Fischerei.<\/p>\n<p>Dauer : 40 Minuten.<\/p>\n<p>Entfernung : 1&#8217;6 Km. (Fussweg)<\/p>\n<p>Schwierigkeit : Leicht.[\/vc_column_text][\/vc_column][vc_column width=&#8220;1\/2&#8243;][vc_column_text]<\/p>\n<h2 style=\"color: #1c75a9;\"><strong>Escullos-Pozo de los Frailes<\/strong><\/h2>\n<p>&nbsp;<\/p>\n<p>Befindet sich ge\u00f6ffnet zum Meer zwischen h\u00fcgeligen Gel\u00e4nde mit vulkanischen Ursprung. Milit\u00e4r Bau, Wasserm\u00fchlen und Bauernh\u00f6fen.<\/p>\n<p>Dauer : 1 Stunde und 50 Minuten.<\/p>\n<p>Entfernung : 4&#8217;7 Km. (Spur)<\/p>\n<p>Schwierigkeit : Leicht.[\/vc_column_text][\/vc_column][\/vc_row][vc_row][vc_column width=&#8220;1\/2&#8243;][vc_column_text]<\/p>\n<h2 style=\"color: #1c75a9;\"><strong>Los Genoveses<\/strong><\/h2>\n<p>&nbsp;<\/p>\n<p>Ist eine Bucht, die durch vulkanische H\u00fcgel geschlossen ist. Strand, fossile D\u00fcnen und Ebenen von Ackerland. Windm\u00fchlen, Bauernh\u00f6fe, Brunnen, etc&#8230;<\/p>\n<p>Dauer : 1 Stunde und 30 Minuten.<\/p>\n<p>Entfernung : 2&#8217;3 Km. (Spur oder Fussweg)<\/p>\n<p>Schwierigkeit : Leicht.[\/vc_column_text][\/vc_column][vc_column width=&#8220;1\/2&#8243;][vc_column_text]<\/p>\n<h2 style=\"color: #1c75a9;\"><strong>Caldera de Majada redonda<\/strong><\/h2>\n<p>&nbsp;<\/p>\n<p>Vulkanisches und relativ robustes Terrain zwischen H\u00fcgeln. Eigene Steppenvegetation der Region oder eingef\u00fchrt.<\/p>\n<p>Dauer : 1 Stunde.<\/p>\n<p>Entfernung : 2&#8217;8 Km. (Spur)<\/p>\n<p>Schwierigkeit : Leicht.[\/vc_column_text][\/vc_column][\/vc_row][vc_row][vc_column][vc_column_text]<\/p>\n<h2 style=\"color: #1c75a9;\"><strong>Cortijo del Fraile-Hornillo<\/strong><\/h2>\n<p>&nbsp;<\/p>\n<p>Sp\u00e4rlich angebaute Ebene und H\u00fcgeln von Steppenvegetation bedeckt. Symbolgepr\u00e4gtes Bauernhoff.<\/p>\n<p>Dauer : 3 Stunden.<\/p>\n<p>Entfernung : 7&#8217;7 Km. (Spur oder Wanderweg)<\/p>\n<p>Schwierigkeit : Leicht.[\/vc_column_text][\/vc_column][\/vc_row][vc_row][vc_column][vc_column_text]Diese Wanderwege in PDF k\u00f6nnen Sie auf der Website <a title=\"www.ventanadelvisitante.com: Ventana del visitante de los espacios naturales protegidos de Andaluc\u00eda\" href=\"http:\/\/www.ventanadelvisitante.com\" target=\"_blank\" rel=\"noopener\"><b>&#8222;La Ventana del Visitante<\/b><\/a>&#8220; von der Junta de Andaluc\u00eda (Ministerium f\u00fcr Umwelt und Raumplanung) finden.<\/p>\n<p>Sie k\u00f6nnen viel mehr Informationen \u00fcber den Naturpark Cabo de Gata im Internet finden : <a title=\"www.ventanadelvisitante.com: Ventana del visitante de los espacios naturales protegidos de Andaluc\u00eda\" href=\"http:\/\/www.ventanadelvisitante.com\" target=\"_blank\" rel=\"noopener\"><b>www.laventanadelvisitante.com<\/b><\/a>[\/vc_column_text][\/vc_column][\/vc_row][vc_row][vc_column][vc_single_image image=&#8220;2336&#8243; img_size=&#8220;1200&#215;400&#8243;][\/vc_column][\/vc_row]<\/p>\n<\/div>","protected":false},"excerpt":{"rendered":"<p>[vc_row][vc_column][vc_column_text]In Cabo de Gata z\u00e4hlen sie mit zahlreichen Wanderwegen, um die unber\u00fchrte Natur und die paradiesischen Aussichten des Naturparks zu genie\u00dfen. Wir bieten Ihnen hier eine kleine Auswahl von Wanderungen ideal, um sie als Paar oder Familie zu genie\u00dfen. Entdecken Sie die sch\u00f6ne Landschaft und die atemberaubende Aussicht, die der Naturpark Cabo de Gata versteckt![\/vc_column_text][\/vc_column][\/vc_row][vc_row][vc_column [&hellip;]<\/p>\n","protected":false},"author":2,"featured_media":3593,"parent":3508,"menu_order":0,"comment_status":"closed","ping_status":"closed","template":"","meta":{"_acf_changed":false,"footnotes":""},"class_list":["post-3592","page","type-page","status-publish","has-post-thumbnail","hentry"],"acf":[],"publishpress_future_action":{"enabled":false,"date":"2026-04-29 09:12:37","action":"change-status","newStatus":"draft","terms":[],"taxonomy":"translation_priority"},"publishpress_future_workflow_manual_trigger":{"enabledWorkflows":[]},"_links":{"self":[{"href":"https:\/\/www.losesculloscabodegata.com\/de\/wp-json\/wp\/v2\/pages\/3592","targetHints":{"allow":["GET"]}}],"collection":[{"href":"https:\/\/www.losesculloscabodegata.com\/de\/wp-json\/wp\/v2\/pages"}],"about":[{"href":"https:\/\/www.losesculloscabodegata.com\/de\/wp-json\/wp\/v2\/types\/page"}],"author":[{"embeddable":true,"href":"https:\/\/www.losesculloscabodegata.com\/de\/wp-json\/wp\/v2\/users\/2"}],"replies":[{"embeddable":true,"href":"https:\/\/www.losesculloscabodegata.com\/de\/wp-json\/wp\/v2\/comments?post=3592"}],"version-history":[{"count":3,"href":"https:\/\/www.losesculloscabodegata.com\/de\/wp-json\/wp\/v2\/pages\/3592\/revisions"}],"predecessor-version":[{"id":4064,"href":"https:\/\/www.losesculloscabodegata.com\/de\/wp-json\/wp\/v2\/pages\/3592\/revisions\/4064"}],"up":[{"embeddable":true,"href":"https:\/\/www.losesculloscabodegata.com\/de\/wp-json\/wp\/v2\/pages\/3508"}],"wp:featuredmedia":[{"embeddable":true,"href":"https:\/\/www.losesculloscabodegata.com\/de\/wp-json\/wp\/v2\/media\/3593"}],"wp:attachment":[{"href":"https:\/\/www.losesculloscabodegata.com\/de\/wp-json\/wp\/v2\/media?parent=3592"}],"curies":[{"name":"wp","href":"https:\/\/api.w.org\/{rel}","templated":true}]}}