{"id":3602,"date":"2018-03-13T09:25:54","date_gmt":"2018-03-13T09:25:54","guid":{"rendered":"https:\/\/www.losesculloscabodegata.com\/cabo-de-gata\/calas-y-playas\/"},"modified":"2018-06-06T15:03:57","modified_gmt":"2018-06-06T15:03:57","slug":"straende-und-buchten","status":"publish","type":"page","link":"https:\/\/www.losesculloscabodegata.com\/de\/cabo-de-gata\/straende-und-buchten\/","title":{"rendered":"Str\u00e4nde und Buchten"},"content":{"rendered":"<div class=\"wpb-content-wrapper\"><p>[vc_row][vc_column][vc_column_text]Eine der wichtigsten Reize des Naturpark Cabo de Gata sind seine sch\u00f6nen <strong>Str\u00e4nde und Buchten<\/strong>. Vom Camping und Tourist Resort Los Escullos, im Herzen des Naturparks, befinden Sie sich in unmittelbarer N\u00e4he der Str\u00e4nde und Buchten des Naturparks. Die meisten Str\u00e4nde und Buchten von Cabo de Gata sind unber\u00fchrte Str\u00e4nde, ohne Dienstleistungen oder Aufsicht, also emphelen wir, vorsichtig zu sein, haben Sie immer viel Wasser bei sich, und entfernen Sie bitte ihren M\u00fchl, wenn Sie die Str\u00e4nde verlassen.<\/p>\n<p>Einige Str\u00e4nde und Buchten sind speziell f\u00fcr <strong>Nudisten<\/strong>, aber mittlerweile in den meisten Str\u00e4nden des Naturparks akzeptiert und verbreitet.<\/p>\n<p>Wir zeigen in diesem Abschnitt eine kleine <strong>Auswahl<\/strong> an Str\u00e4nden und Buchten. Sie k\u00f6nnen alle Str\u00e4nde und Buchten von Cabo de Gata (\u00fcber 70) in unserer Wanderkarte finden:[\/vc_column_text][\/vc_column][\/vc_row][vc_row][vc_column width=&#8220;1\/2&#8243;][vc_column_text]<\/p>\n<h2 style=\"color: #1c75a9;\"><strong>Los Escullos. Playa del Arco<\/strong><\/h2>\n<p>&nbsp;<\/p>\n<p><strong>Playa del Arco<\/strong> in Los Escullos ist ein Strand mit feinem goldenen Sand und durch seine spektakul\u00e4ren Fossilien D\u00fcne an seinem rechten Ufer des Naturparks gepr\u00e4gt. Ideal zum Tauchen, durch seine felsigen Meeresb\u00f6den und Posidonia. Auf einer Seite des Strandes befindet sich das Schloss von San Felipe (vom XVIII Jahrhundert und in einem einwandfreien Zustand).<\/p>\n<p><strong>Playa del Arco<\/strong> liegt in unmittelbarer N\u00e4he zu unserem Resort, so dass Sie in 15 Minuten zu Fuss zu erreichen ist!<\/p>\n<p>Playa del Arco befindet sich 1 km vom Campingplatz entfernt.[\/vc_column_text][\/vc_column][vc_column width=&#8220;1\/2&#8243;][vc_column_text]<\/p>\n<h2 style=\"color: #1c75a9;\"><strong>Genoveses<\/strong><\/h2>\n<p>&nbsp;<\/p>\n<p>Der Strand von <strong>Genoveses<\/strong> ist der gr\u00f6\u00dfte im Naturpark, mit einer L\u00e4nge von mehr als 1 km. Es ist ein Strand mit feinem goldenen Sand und hat klare, flache Wasser, idealer Strand ist ideal, um ihn mit den Kleinen zu genie\u00dfen.<\/p>\n<p>Sie k\u00f6nnen mit dem Auto diesen Strand durch eine Sandstra\u00dfe erreichen, die von <strong>San Jose<\/strong> ausgeht. Im Sommer ist die Zufahrt mit dem Auto beschr\u00e4nkt.<\/p>\n<p>Los Genoveses befindet sich ungef\u00e4hr 8 km von unserem Campingplatz entfernt.[\/vc_column_text][\/vc_column][\/vc_row][vc_row][vc_column width=&#8220;1\/2&#8243;][vc_column_text]<\/p>\n<h2 style=\"color: #1c75a9;\"><strong>M\u00f3nsul<\/strong><\/h2>\n<p>&nbsp;<\/p>\n<p>Der Strand von <strong>M\u00f3nsul<\/strong> ist einer der bekanntesten und sch\u00f6nsten auf dem Naturpark, mit feinem Sand und einer spektakul\u00e4ren &#8222;Meereszunge&#8220; aus vulkanischem Gestein, die ins Meer hineinragt. Es war der Schauplatz vieler bekannten Kinofilme, wie: Indiana Jones auf der Suche des verlorenen Schatzes, Lawrence von Arabien und die Abenteuer des Baron M\u00fcnchhausen.<\/p>\n<p>Sie k\u00f6nnen mit dem Auto diesen Strand durch eine Sandstra\u00dfe erreichen, die von <strong>San Jose<\/strong> ausgeht. Im Sommer ist die Zufahrt mit dem Auto beschr\u00e4nkt.<\/p>\n<p>Der Strand von M\u00f3nsul befindet sich ungef\u00e4hr 10 km. vom Campingplatz entfernt.[\/vc_column_text][\/vc_column][vc_column width=&#8220;1\/2&#8243;][vc_column_text]<\/p>\n<h2 style=\"color: #1c75a9;\"><strong>Playa de Los Muertos<\/strong><\/h2>\n<p>&nbsp;<\/p>\n<p><strong>Playa de los Muertos<\/strong> (Strand der Toten) ist ein langer wundersch\u00f6ner Strand von mehr als 1 km., mit feinem Sand und tiefem Wasser. Dieser Strand ist auf nationaler Ebene anerkannt und hat seinen Namen aufgrund der Anzahl der Leichen von Schiffbr\u00fcchigen, die durch die Str\u00f6mungen an diesem Strand gezogen werden.<\/p>\n<p>La<strong> Playa de los Muertos<\/strong>, ist nur zu Fu\u00df \u00fcber zwei Pfade (mit einigen Schwierigkeiten) zu erreichen, Dieser Strand liegt zwischen den D\u00f6rfern von Carboneras und Aguamarga. Hier k\u00f6nnen sie einen unbewachten Parkplatz finden.<\/p>\n<p>La Playa de Los Muertos befindet sich ungef\u00e4hr 32 km vom Campingplatz entfernt.[\/vc_column_text][\/vc_column][\/vc_row][vc_row][vc_column width=&#8220;1\/2&#8243;][vc_column_text]<\/p>\n<h2 style=\"color: #1c75a9;\"><strong>Cala San Pedro<\/strong><\/h2>\n<p>&nbsp;<\/p>\n<p>Die Bucht von <strong>San Pedro<\/strong> ist ein charmanter Strand, wo sich eine Burgruine mit einem kleinen Brunnen befindet. Die lange Fahrt zu diesem Strand lohnt sich alleine um die sch\u00f6nen Aussichten und atemberaubenden Meeresb\u00f6den zu besichtigen.<\/p>\n<p>Um die Bucht zu besuchen, m\u00fcssen zuerst das Dorf von <strong>Las Negras<\/strong> zu erreichen, und von dort aus einen Weg von 2 Km mit dem Auto und 2 km zu Fuss (insgesamt 4 km) machen. Im Sommer gibt es einen Bootsservice von Las Negras bis zu der Bucht von San Pedro.<\/p>\n<p>Die Bucht von San Pedro befindet sich ungef\u00e4hr 15 km vom Campingplatz entfernt.[\/vc_column_text][\/vc_column][vc_column width=&#8220;1\/2&#8243;][vc_column_text]<\/p>\n<h2 style=\"color: #1c75a9;\"><strong>El Playazo de Rodalquilar<\/strong><\/h2>\n<p>&nbsp;<\/p>\n<p>El <strong>Playazo<\/strong> ist ein unber\u00fchrter Strand mit Felsformationen an den Seiten und klarem Wasser. In diesem Strand befindet sich die Burg von San Ramon (S. XVIII).<\/p>\n<p>Sie k\u00f6nnen den <strong>Playazo von Rodalquilar<\/strong> durch einen konkreten Weg erreichen, der von Las Negras nach Rodalquilar f\u00fchrt. Im Sommer finden Sie h\u00e4ufig Stau.<\/p>\n<p>EL Playazo von Rodalquilar befindet sich ungef\u00e4hr 10 km vom Campingplatz entfernt.[\/vc_column_text][\/vc_column][\/vc_row][vc_row][vc_column][vc_single_image image=&#8220;2340&#8243; img_size=&#8220;1200&#215;400&#8243;][\/vc_column][\/vc_row]<\/p>\n<\/div>","protected":false},"excerpt":{"rendered":"<p>[vc_row][vc_column][vc_column_text]Eine der wichtigsten Reize des Naturpark Cabo de Gata sind seine sch\u00f6nen Str\u00e4nde und Buchten. Vom Camping und Tourist Resort Los Escullos, im Herzen des Naturparks, befinden Sie sich in unmittelbarer N\u00e4he der Str\u00e4nde und Buchten des Naturparks. Die meisten Str\u00e4nde und Buchten von Cabo de Gata sind unber\u00fchrte Str\u00e4nde, ohne Dienstleistungen oder Aufsicht, also [&hellip;]<\/p>\n","protected":false},"author":2,"featured_media":3603,"parent":3508,"menu_order":0,"comment_status":"closed","ping_status":"closed","template":"","meta":{"_acf_changed":false,"footnotes":""},"class_list":["post-3602","page","type-page","status-publish","has-post-thumbnail","hentry"],"acf":[],"publishpress_future_action":{"enabled":false,"date":"2026-04-29 09:10:18","action":"change-status","newStatus":"draft","terms":[],"taxonomy":"translation_priority"},"publishpress_future_workflow_manual_trigger":{"enabledWorkflows":[]},"_links":{"self":[{"href":"https:\/\/www.losesculloscabodegata.com\/de\/wp-json\/wp\/v2\/pages\/3602","targetHints":{"allow":["GET"]}}],"collection":[{"href":"https:\/\/www.losesculloscabodegata.com\/de\/wp-json\/wp\/v2\/pages"}],"about":[{"href":"https:\/\/www.losesculloscabodegata.com\/de\/wp-json\/wp\/v2\/types\/page"}],"author":[{"embeddable":true,"href":"https:\/\/www.losesculloscabodegata.com\/de\/wp-json\/wp\/v2\/users\/2"}],"replies":[{"embeddable":true,"href":"https:\/\/www.losesculloscabodegata.com\/de\/wp-json\/wp\/v2\/comments?post=3602"}],"version-history":[{"count":3,"href":"https:\/\/www.losesculloscabodegata.com\/de\/wp-json\/wp\/v2\/pages\/3602\/revisions"}],"predecessor-version":[{"id":4067,"href":"https:\/\/www.losesculloscabodegata.com\/de\/wp-json\/wp\/v2\/pages\/3602\/revisions\/4067"}],"up":[{"embeddable":true,"href":"https:\/\/www.losesculloscabodegata.com\/de\/wp-json\/wp\/v2\/pages\/3508"}],"wp:featuredmedia":[{"embeddable":true,"href":"https:\/\/www.losesculloscabodegata.com\/de\/wp-json\/wp\/v2\/media\/3603"}],"wp:attachment":[{"href":"https:\/\/www.losesculloscabodegata.com\/de\/wp-json\/wp\/v2\/media?parent=3602"}],"curies":[{"name":"wp","href":"https:\/\/api.w.org\/{rel}","templated":true}]}}