{"id":4113,"date":"2018-05-09T06:24:58","date_gmt":"2018-05-09T06:24:58","guid":{"rendered":"https:\/\/www.losesculloscabodegata.com\/club-cliente\/"},"modified":"2025-05-06T10:16:20","modified_gmt":"2025-05-06T10:16:20","slug":"kundenclubkarte","status":"publish","type":"page","link":"https:\/\/www.losesculloscabodegata.com\/de\/kundenclubkarte\/","title":{"rendered":"Kundenclubkarte"},"content":{"rendered":"<div class=\"wpb-content-wrapper\"><p>[vc_row][vc_column][vc_wp_text]Auf unserem Camping und Ferienpark Los Escullos haben wir eine Klientenclub-Karte. Beantragen Sie unsere Klientenclub-Karte und geniessen andere Rabatte und Sonderangebote:[\/vc_wp_text][\/vc_column][\/vc_row][vc_row][vc_column width=&#8220;1\/2&#8243;]\n<div class=\"wpcf7 no-js\" id=\"wpcf7-f4138-o1\" lang=\"es-ES\" dir=\"ltr\" data-wpcf7-id=\"4138\">\n<div class=\"screen-reader-response\"><p role=\"status\" aria-live=\"polite\" aria-atomic=\"true\"><\/p> <ul><\/ul><\/div>\n<form action=\"\/de\/wp-json\/wp\/v2\/pages\/4113#wpcf7-f4138-o1\" method=\"post\" class=\"wpcf7-form init\" aria-label=\"Formulario de contacto\" novalidate=\"novalidate\" data-status=\"init\">\n<fieldset class=\"hidden-fields-container\"><input type=\"hidden\" name=\"_wpcf7\" value=\"4138\" \/><input type=\"hidden\" name=\"_wpcf7_version\" value=\"6.1\" \/><input type=\"hidden\" name=\"_wpcf7_locale\" value=\"es_ES\" \/><input type=\"hidden\" name=\"_wpcf7_unit_tag\" value=\"wpcf7-f4138-o1\" \/><input type=\"hidden\" name=\"_wpcf7_container_post\" value=\"0\" \/><input type=\"hidden\" name=\"_wpcf7_posted_data_hash\" value=\"\" \/><input type=\"hidden\" name=\"_wpcf7_recaptcha_response\" value=\"\" \/>\n<\/fieldset>\n<p><label> Vorname *<br \/>\n<span class=\"wpcf7-form-control-wrap\" data-name=\"nombre\"><input size=\"40\" maxlength=\"400\" class=\"wpcf7-form-control wpcf7-text wpcf7-validates-as-required\" aria-required=\"true\" aria-invalid=\"false\" value=\"\" type=\"text\" name=\"nombre\" \/><\/span> <\/label>\n<\/p>\n<p><label> Name *<br \/>\n<span class=\"wpcf7-form-control-wrap\" data-name=\"apellidos\"><input size=\"40\" maxlength=\"400\" class=\"wpcf7-form-control wpcf7-text wpcf7-validates-as-required\" aria-required=\"true\" aria-invalid=\"false\" value=\"\" type=\"text\" name=\"apellidos\" \/><\/span> <\/label>\n<\/p>\n<p><label> E-mail *<br \/>\n<span class=\"wpcf7-form-control-wrap\" data-name=\"email\"><input size=\"40\" maxlength=\"400\" class=\"wpcf7-form-control wpcf7-email wpcf7-validates-as-required wpcf7-text wpcf7-validates-as-email\" aria-required=\"true\" aria-invalid=\"false\" value=\"\" type=\"email\" name=\"email\" \/><\/span> <\/label>\n<\/p>\n<p><label> Stadt<br \/>\n<span class=\"wpcf7-form-control-wrap\" data-name=\"poblacion\"><input size=\"40\" maxlength=\"400\" class=\"wpcf7-form-control wpcf7-text\" aria-invalid=\"false\" value=\"\" type=\"text\" name=\"poblacion\" \/><\/span> <\/label>\n<\/p>\n<p><span class=\"wpcf7-form-control-wrap\" data-name=\"acepto\"><span class=\"wpcf7-form-control wpcf7-acceptance\"><span class=\"wpcf7-list-item\"><label><input type=\"checkbox\" name=\"acepto\" value=\"1\" aria-invalid=\"false\" \/><span class=\"wpcf7-list-item-label\">Ich habe die Datenschutzbestimmungen zu akzeptieren.*<\/span><\/label><\/span><\/span><\/span>\n<\/p>\n<p><span class=\"wpcf7-form-control-wrap\" data-name=\"acepto-comunicaciones\"><span class=\"wpcf7-form-control wpcf7-checkbox\"><span class=\"wpcf7-list-item first last\"><label><input type=\"checkbox\" name=\"acepto-comunicaciones[]\" value=\"Ich akzeptiere die Sendung von Klientenclubkommunikationen.\" \/><span class=\"wpcf7-list-item-label\">Ich akzeptiere die Sendung von Klientenclubkommunikationen.<\/span><\/label><\/span><\/span><\/span>\n<\/p>\n<p><input class=\"wpcf7-form-control wpcf7-submit has-spinner\" type=\"submit\" value=\"Senden\" \/>\n<\/p><div class=\"wpcf7-response-output\" aria-hidden=\"true\"><\/div>\n<\/form>\n<\/div>\n[\/vc_column][vc_column width=&#8220;1\/2&#8243; css=&#8220;.vc_custom_1528355168765{margin-left: 20px !important;}&#8220;][vc_wp_text]<strong>VORTEILE:<\/strong><\/p>\n<ul>\n<li>10\u202f% Rabatt auf Unterk\u00fcnfte (Bedingungen f\u00fcr Stellpl\u00e4tze beachten).<\/li>\n<li>Exklusive Angebote.<\/li>\n<li>5 % Rabatt in unserem Restaurant und Supermarkt.<\/li>\n<\/ul>\n<p>Die Vorteile und Rabatte der Club-Kundenkarte sind nicht mit anderen Angeboten und Aktionen kombinierbar.<\/p>\n<p>&nbsp;<\/p>\n<p><strong>FOLGEN SIE DEM &#8222;CLUB CLIENT&#8220; AUF FACEBOOK!<\/strong><\/p>\n<p>Wenn Sie Kunde sind, treten Sie unserer <a href=\"https:\/\/www.facebook.com\/groups\/clubclientecampinglosescullos\/\" target=\"_blank\" rel=\"noopener\"><strong>Facebook-Gruppe &#8222;Club Client&#8220;<\/strong><\/a> bei, um Benachrichtigungen \u00fcber alle Neuigkeiten zu erhalten, die wir exklusiv f\u00fcr Sie reserviert haben.[\/vc_wp_text][\/vc_column][\/vc_row][vc_row][vc_column][vc_empty_space height=&#8220;30px&#8220;][vc_wp_text]In \u00dcbereinstimmung mit den geltenden Datenschutzbestimmungen informieren wir Sie, dass Ihre pers\u00f6nlichen Daten und Ihre E-Mail-Adresse in das Verarbeitungssystem von CAMPESTUR S.L. aufgenommen werden, um Ihre Anfragen zu bearbeiten und Ihnen Informationen zu unseren Aktivit\u00e4ten, Produkten und Dienstleistungen zu senden, die f\u00fcr Sie von Interesse sein k\u00f6nnten. Mit dem Absenden des Datenaufnahmeformulars akzeptieren Sie die Datenschutzrichtlinie von CAMPESTUR S.L.<br \/>\nIn \u00dcbereinstimmung mit den geltenden Vorschriften informieren wir Sie, dass die in diesem Formular gesammelten Daten f\u00fcr den unbedingt notwendigen Zeitraum aufbewahrt werden, um die oben genannten Grunds\u00e4tze zu erf\u00fcllen.<br \/>\nSofern Sie uns nichts anderes mitteilen, gehen wir davon aus, dass Ihre Daten nicht ge\u00e4ndert wurden, dass Sie sich verpflichten, uns \u00fcber jede \u00c4nderung zu informieren, und dass wir Ihre Zustimmung haben, sie f\u00fcr die genannten Zwecke zu verwenden.<br \/>\nCAMPESTUR S.L. informiert, dass es die Daten auf rechtm\u00e4\u00dfige, faire, transparente, angemessene, relevante, begrenzte, genaue und aktuelle Weise verarbeiten wird. Daher verpflichten wir uns, alle erforderlichen Ma\u00dfnahmen zu ergreifen, um die geltenden Datenschutzbestimmungen einzuhalten.<br \/>\nFalls gew\u00fcnscht, k\u00f6nnen Sie die Rechte auf Zugang, Berichtigung, Widerspruch, L\u00f6schung, Einschr\u00e4nkung, \u00dcbertragbarkeit und Widerruf der erteilten Zustimmungen und Genehmigungen aus\u00fcben, indem Sie sich per E-Mail an unser Zentrum wenden unter info@losescullossanjose.com und im Betrefftext folgendes angeben: \u201eAus\u00fcbung des angeforderten Rechts gefolgt von Ihrem vollst\u00e4ndigen Namen\u201c.<\/p>\n<p>Um fortzufahren, m\u00fcssen Sie akzeptieren, dass Sie die obige Klausel gelesen haben und damit einverstanden sind.[\/vc_wp_text][\/vc_column][\/vc_row]<\/p>\n<\/div>","protected":false},"excerpt":{"rendered":"<p>[vc_row][vc_column][vc_wp_text]Auf unserem Camping und Ferienpark Los Escullos haben wir eine Klientenclub-Karte. Beantragen Sie unsere Klientenclub-Karte und geniessen andere Rabatte und Sonderangebote:[\/vc_wp_text][\/vc_column][\/vc_row][vc_row][vc_column width=&#8220;1\/2&#8243;][\/vc_column][vc_column width=&#8220;1\/2&#8243; css=&#8220;.vc_custom_1528355168765{margin-left: 20px !important;}&#8220;][vc_wp_text]VORTEILE: 10\u202f% Rabatt auf Unterk\u00fcnfte (Bedingungen f\u00fcr Stellpl\u00e4tze beachten). Exklusive Angebote. 5 % Rabatt in unserem Restaurant und Supermarkt. Die Vorteile und Rabatte der Club-Kundenkarte sind nicht mit anderen Angeboten [&hellip;]<\/p>\n","protected":false},"author":2,"featured_media":0,"parent":0,"menu_order":0,"comment_status":"closed","ping_status":"closed","template":"","meta":{"_acf_changed":false,"footnotes":""},"class_list":["post-4113","page","type-page","status-publish","hentry"],"acf":[],"publishpress_future_action":{"enabled":false,"date":"2026-04-29 09:09:46","action":"change-status","newStatus":"draft","terms":[],"taxonomy":"translation_priority"},"publishpress_future_workflow_manual_trigger":{"enabledWorkflows":[]},"_links":{"self":[{"href":"https:\/\/www.losesculloscabodegata.com\/de\/wp-json\/wp\/v2\/pages\/4113","targetHints":{"allow":["GET"]}}],"collection":[{"href":"https:\/\/www.losesculloscabodegata.com\/de\/wp-json\/wp\/v2\/pages"}],"about":[{"href":"https:\/\/www.losesculloscabodegata.com\/de\/wp-json\/wp\/v2\/types\/page"}],"author":[{"embeddable":true,"href":"https:\/\/www.losesculloscabodegata.com\/de\/wp-json\/wp\/v2\/users\/2"}],"replies":[{"embeddable":true,"href":"https:\/\/www.losesculloscabodegata.com\/de\/wp-json\/wp\/v2\/comments?post=4113"}],"version-history":[{"count":10,"href":"https:\/\/www.losesculloscabodegata.com\/de\/wp-json\/wp\/v2\/pages\/4113\/revisions"}],"predecessor-version":[{"id":21334,"href":"https:\/\/www.losesculloscabodegata.com\/de\/wp-json\/wp\/v2\/pages\/4113\/revisions\/21334"}],"wp:attachment":[{"href":"https:\/\/www.losesculloscabodegata.com\/de\/wp-json\/wp\/v2\/media?parent=4113"}],"curies":[{"name":"wp","href":"https:\/\/api.w.org\/{rel}","templated":true}]}}