{"id":4378,"date":"2018-07-03T08:48:50","date_gmt":"2018-07-03T08:48:50","guid":{"rendered":"https:\/\/www.losesculloscabodegata.com\/condiciones-de-cancelacion\/"},"modified":"2024-01-26T10:58:56","modified_gmt":"2024-01-26T10:58:56","slug":"condiciones-de-cancelacion","status":"publish","type":"page","link":"https:\/\/www.losesculloscabodegata.com\/de\/condiciones-de-cancelacion\/","title":{"rendered":"Condiciones de cancelaci\u00f3n"},"content":{"rendered":"<div class=\"wpb-content-wrapper\"><p>[vc_row][vc_column][vc_column_text]<strong>Condiciones de la tarifa<\/strong><\/p>\n<p>El pago se realizar\u00e1 a la llegada del establecimiento, salvo en el caso de las reservas con tarifas no reembolsables, cuyo cargo se efectuar\u00e1 en el momento de hacer la reserva.<\/p>\n<p>El establecimiento se reserva el derecho de pre autorizar la tarjeta de cr\u00e9dito antes de su llegada.<\/p>\n<p>Pol\u00edtica de modificaciones y cancelaciones:<br \/>\nLa cancelaci\u00f3n de la reserva se efectuar\u00e1 a trav\u00e9s de la web teniendo en cuenta las condiciones particulares indicadas a continuaci\u00f3n.<\/p>\n<p>En caso de cancelaci\u00f3n con menos de 24 horas antes de la llegada al establecimiento y en caso de no presentarse efectuaremos el cargo de una noche (en el r\u00e9gimen escogido) en su tarjeta de cr\u00e9dito.<\/p>\n<p>&#8211; Reservas cuyas condiciones de precio estuvieran sujetas a ofertas o m\u00ednimos de noches de estancia, en caso de anulaci\u00f3n o salida anticipada del establecimiento, no se reembolsar\u00e1n las noches no consumidas, efectuando el cargo correspondiente en su tarjeta de cr\u00e9dito.<\/p>\n<p>-Tarifa no reembolsable: se realizar\u00e1 el cargo del 100% de la reserva en el momento de efectuarse la misma y no admitir\u00e1 devoluci\u00f3n por cancelaci\u00f3n.<\/p>\n<p>-Estancias en Temporada Alta: se podr\u00e1 cancelar sin gastos, si se efect\u00faa la cancelaci\u00f3n hasta 7 d\u00edas antes de la fecha de entrada, pasados estos 7 d\u00edas, los gastos de cancelaci\u00f3n ser\u00e1n de 1 noche (en el r\u00e9gimen escogido).<\/p>\n<p>Usted garantiza que toda la informaci\u00f3n de car\u00e1cter personal facilitada durante la reserva del alojamiento y el proceso de alta en \u00e9l se.<\/p>\n<p>Condiciones generales de la reserva:<br \/>\nEl precio final incluye todas las tasas y recargos obligatorios por el servicio del hotel as\u00ed como IVA aplicable al sector tur\u00edstico en los pa\u00edses de la Comunidad Europea. El precio no incluye servicios extras no especificados en este bono de reserva (como por ejemplo: cuna, parking, etc.)<\/p>\n<p>\u200b<br \/>\nDe acuerdo con la normativa vigente en Protecci\u00f3n de Datos, le informamos que sus datos personales y direcci\u00f3n de correo electr\u00f3nico ser\u00e1n incorporados al sistema de tratamiento titularidad de CAMPESTUR S.L.<br \/>\nDichos datos ser\u00e1n empleados con fines de gesti\u00f3n, as\u00ed como para remitirle informaci\u00f3n sobre las actividades, productos y servicios que puedan resultar de su inter\u00e9s de acuerdo a los consentimientos y autorizaciones previamente concedidas.<br \/>\nSi lo desea, podr\u00e1 ejercitar los derechos de acceso, rectificaci\u00f3n, oposici\u00f3n, supresi\u00f3n, limitaci\u00f3n, portabilidad y revocaci\u00f3n de los consentimientos y autorizaciones concedidas dirigi\u00e9ndose a nuestro centro a trav\u00e9s de la direcci\u00f3n de correo electr\u00f3nico info@losesculloscabodegata.com e indicando textualmente en el asunto: \u201cEl ejercicio del derecho solicitado seguido de su nombre completo\u201d.<\/p>\n<p>Por \u00faltimo, indicarle que la informaci\u00f3n adicional relativa a la Pol\u00edtica de Protecci\u00f3n de Datos estar\u00e1 disponible f\u00edsicamente en nuestro centro de trabajo y\/o publicada en nuestra p\u00e1gina web.[\/vc_column_text][\/vc_column][\/vc_row]<\/p>\n<\/div>","protected":false},"excerpt":{"rendered":"<p>[vc_row][vc_column][vc_column_text]Condiciones de la tarifa El pago se realizar\u00e1 a la llegada del establecimiento, salvo en el caso de las reservas con tarifas no reembolsables, cuyo cargo se efectuar\u00e1 en el momento de hacer la reserva. El establecimiento se reserva el derecho de pre autorizar la tarjeta de cr\u00e9dito antes de su llegada. Pol\u00edtica de modificaciones [&hellip;]<\/p>\n","protected":false},"author":2,"featured_media":0,"parent":0,"menu_order":0,"comment_status":"closed","ping_status":"closed","template":"","meta":{"_acf_changed":false,"footnotes":""},"class_list":["post-4378","page","type-page","status-publish","hentry"],"acf":[],"publishpress_future_action":{"enabled":false,"date":"2026-05-09 08:58:17","action":"change-status","newStatus":"draft","terms":[],"taxonomy":"translation_priority"},"publishpress_future_workflow_manual_trigger":{"enabledWorkflows":[]},"_links":{"self":[{"href":"https:\/\/www.losesculloscabodegata.com\/de\/wp-json\/wp\/v2\/pages\/4378","targetHints":{"allow":["GET"]}}],"collection":[{"href":"https:\/\/www.losesculloscabodegata.com\/de\/wp-json\/wp\/v2\/pages"}],"about":[{"href":"https:\/\/www.losesculloscabodegata.com\/de\/wp-json\/wp\/v2\/types\/page"}],"author":[{"embeddable":true,"href":"https:\/\/www.losesculloscabodegata.com\/de\/wp-json\/wp\/v2\/users\/2"}],"replies":[{"embeddable":true,"href":"https:\/\/www.losesculloscabodegata.com\/de\/wp-json\/wp\/v2\/comments?post=4378"}],"version-history":[{"count":1,"href":"https:\/\/www.losesculloscabodegata.com\/de\/wp-json\/wp\/v2\/pages\/4378\/revisions"}],"predecessor-version":[{"id":16938,"href":"https:\/\/www.losesculloscabodegata.com\/de\/wp-json\/wp\/v2\/pages\/4378\/revisions\/16938"}],"wp:attachment":[{"href":"https:\/\/www.losesculloscabodegata.com\/de\/wp-json\/wp\/v2\/media?parent=4378"}],"curies":[{"name":"wp","href":"https:\/\/api.w.org\/{rel}","templated":true}]}}