{"id":6880,"date":"2019-05-22T06:48:35","date_gmt":"2019-05-22T06:48:35","guid":{"rendered":"https:\/\/www.losesculloscabodegata.com\/?page_id=6880"},"modified":"2019-05-22T06:48:35","modified_gmt":"2019-05-22T06:48:35","slug":"kundenzufriedenheits","status":"publish","type":"page","link":"https:\/\/www.losesculloscabodegata.com\/de\/kundenzufriedenheits\/","title":{"rendered":"Kundenzufriedenheits"},"content":{"rendered":"<div class=\"wpb-content-wrapper\"><p>[vc_row][vc_column]\n<div class=\"wpcf7 no-js\" id=\"wpcf7-f6824-o1\" lang=\"es-ES\" dir=\"ltr\" data-wpcf7-id=\"6824\">\n<div class=\"screen-reader-response\"><p role=\"status\" aria-live=\"polite\" aria-atomic=\"true\"><\/p> <ul><\/ul><\/div>\n<form action=\"\/de\/wp-json\/wp\/v2\/pages\/6880#wpcf7-f6824-o1\" method=\"post\" class=\"wpcf7-form init\" aria-label=\"Formulario de contacto\" novalidate=\"novalidate\" data-status=\"init\">\n<fieldset class=\"hidden-fields-container\"><input type=\"hidden\" name=\"_wpcf7\" value=\"6824\" \/><input type=\"hidden\" name=\"_wpcf7_version\" value=\"6.1\" \/><input type=\"hidden\" name=\"_wpcf7_locale\" value=\"es_ES\" \/><input type=\"hidden\" name=\"_wpcf7_unit_tag\" value=\"wpcf7-f6824-o1\" \/><input type=\"hidden\" name=\"_wpcf7_container_post\" value=\"0\" \/><input type=\"hidden\" name=\"_wpcf7_posted_data_hash\" value=\"\" \/><input type=\"hidden\" name=\"_wpcf7_recaptcha_response\" value=\"\" \/>\n<\/fieldset>\n<p>Wenn Sie ein paar Minuten Zeit haben, f\u00fcllen Sie bitte unsere Zufriedenheitsumfrage aus, um den bestm\u00f6glichen Service anbieten zu k\u00f6nnen.<br \/>\nVielen Dank f\u00fcr Ihre Zeit!<br \/>\nDie Bewertung reicht von 1 (nicht zufrieden) bis 5 (sehr zufrieden).\n<\/p>\n<p style=\"margin-bottom: 30px;\"><label> Geben Sie Ihre E-Mail-Adresse ein*<br \/>\n<span class=\"wpcf7-form-control-wrap\" data-name=\"email\"><input size=\"40\" maxlength=\"400\" class=\"wpcf7-form-control wpcf7-email wpcf7-validates-as-required wpcf7-text wpcf7-validates-as-email\" aria-required=\"true\" aria-invalid=\"false\" placeholder=\"Email\" value=\"\" type=\"email\" name=\"email\" \/><\/span> <\/label>\n<\/p>\n<div class=\"wpb_column vc_column_container vc_col-sm-6\">\n\t<p><strong>EMPFANG<\/strong>\n\t<\/p>\n\t<p>Wie haben wir teilgenommen?<br \/>\n<span class=\"wpcf7-form-control-wrap\" data-name=\"como-le-hemos-atendido\"><span class=\"wpcf7-form-control wpcf7-radio\"><span class=\"wpcf7-list-item first\"><span class=\"wpcf7-list-item-label\">1<\/span><input type=\"radio\" name=\"como-le-hemos-atendido\" value=\"1\" checked=\"checked\" \/><\/span><span class=\"wpcf7-list-item\"><span class=\"wpcf7-list-item-label\">2<\/span><input type=\"radio\" name=\"como-le-hemos-atendido\" value=\"2\" \/><\/span><span class=\"wpcf7-list-item\"><span class=\"wpcf7-list-item-label\">3<\/span><input type=\"radio\" name=\"como-le-hemos-atendido\" value=\"3\" \/><\/span><span class=\"wpcf7-list-item\"><span class=\"wpcf7-list-item-label\">4<\/span><input type=\"radio\" name=\"como-le-hemos-atendido\" value=\"4\" \/><\/span><span class=\"wpcf7-list-item last\"><span class=\"wpcf7-list-item-label\">5<\/span><input type=\"radio\" name=\"como-le-hemos-atendido\" value=\"5\" \/><\/span><\/span><\/span>\n\t<\/p>\n\t<div class=\"nd_options_section nd_options_height_20\">\n\t<\/div>\n\t<p>Haben wir sie effizient informiert?<br \/>\n<span class=\"wpcf7-form-control-wrap\" data-name=\"eficientes-info\"><span class=\"wpcf7-form-control wpcf7-radio\"><span class=\"wpcf7-list-item first\"><span class=\"wpcf7-list-item-label\">1<\/span><input type=\"radio\" name=\"eficientes-info\" value=\"1\" checked=\"checked\" \/><\/span><span class=\"wpcf7-list-item\"><span class=\"wpcf7-list-item-label\">2<\/span><input type=\"radio\" name=\"eficientes-info\" value=\"2\" \/><\/span><span class=\"wpcf7-list-item\"><span class=\"wpcf7-list-item-label\">3<\/span><input type=\"radio\" name=\"eficientes-info\" value=\"3\" \/><\/span><span class=\"wpcf7-list-item\"><span class=\"wpcf7-list-item-label\">4<\/span><input type=\"radio\" name=\"eficientes-info\" value=\"4\" \/><\/span><span class=\"wpcf7-list-item last\"><span class=\"wpcf7-list-item-label\">5<\/span><input type=\"radio\" name=\"eficientes-info\" value=\"5\" \/><\/span><\/span><\/span>\n\t<\/p>\n\t<div class=\"nd_options_section nd_options_height_20\">\n\t<\/div>\n\t<p><strong>BUNGALOWS \/ BENGALIS \/ GRUNDST\u00dcCKE<\/strong>\n\t<\/p>\n\t<p>Reinigung<br \/>\n<span class=\"wpcf7-form-control-wrap\" data-name=\"alojamiento-limpieza\"><span class=\"wpcf7-form-control wpcf7-radio\"><span class=\"wpcf7-list-item first\"><span class=\"wpcf7-list-item-label\">1<\/span><input type=\"radio\" name=\"alojamiento-limpieza\" value=\"1\" checked=\"checked\" \/><\/span><span class=\"wpcf7-list-item\"><span class=\"wpcf7-list-item-label\">2<\/span><input type=\"radio\" name=\"alojamiento-limpieza\" value=\"2\" \/><\/span><span class=\"wpcf7-list-item\"><span class=\"wpcf7-list-item-label\">3<\/span><input type=\"radio\" name=\"alojamiento-limpieza\" value=\"3\" \/><\/span><span class=\"wpcf7-list-item\"><span class=\"wpcf7-list-item-label\">4<\/span><input type=\"radio\" name=\"alojamiento-limpieza\" value=\"4\" \/><\/span><span class=\"wpcf7-list-item last\"><span class=\"wpcf7-list-item-label\">5<\/span><input type=\"radio\" name=\"alojamiento-limpieza\" value=\"5\" \/><\/span><\/span><\/span>\n\t<\/p>\n\t<div class=\"nd_options_section nd_options_height_20\">\n\t<\/div>\n\t<p>Bild<br \/>\n<span class=\"wpcf7-form-control-wrap\" data-name=\"alojamiento-imagen\"><span class=\"wpcf7-form-control wpcf7-radio\"><span class=\"wpcf7-list-item first\"><span class=\"wpcf7-list-item-label\">1<\/span><input type=\"radio\" name=\"alojamiento-imagen\" value=\"1\" checked=\"checked\" \/><\/span><span class=\"wpcf7-list-item\"><span class=\"wpcf7-list-item-label\">2<\/span><input type=\"radio\" name=\"alojamiento-imagen\" value=\"2\" \/><\/span><span class=\"wpcf7-list-item\"><span class=\"wpcf7-list-item-label\">3<\/span><input type=\"radio\" name=\"alojamiento-imagen\" value=\"3\" \/><\/span><span class=\"wpcf7-list-item\"><span class=\"wpcf7-list-item-label\">4<\/span><input type=\"radio\" name=\"alojamiento-imagen\" value=\"4\" \/><\/span><span class=\"wpcf7-list-item last\"><span class=\"wpcf7-list-item-label\">5<\/span><input type=\"radio\" name=\"alojamiento-imagen\" value=\"5\" \/><\/span><\/span><\/span>\n\t<\/p>\n\t<div class=\"nd_options_section nd_options_height_20\">\n\t<\/div>\n\t<p>Einrichtungen<br \/>\n<span class=\"wpcf7-form-control-wrap\" data-name=\"alojamiento-instalaciones\"><span class=\"wpcf7-form-control wpcf7-radio\"><span class=\"wpcf7-list-item first\"><span class=\"wpcf7-list-item-label\">1<\/span><input type=\"radio\" name=\"alojamiento-instalaciones\" value=\"1\" checked=\"checked\" \/><\/span><span class=\"wpcf7-list-item\"><span class=\"wpcf7-list-item-label\">2<\/span><input type=\"radio\" name=\"alojamiento-instalaciones\" value=\"2\" \/><\/span><span class=\"wpcf7-list-item\"><span class=\"wpcf7-list-item-label\">3<\/span><input type=\"radio\" name=\"alojamiento-instalaciones\" value=\"3\" \/><\/span><span class=\"wpcf7-list-item\"><span class=\"wpcf7-list-item-label\">4<\/span><input type=\"radio\" name=\"alojamiento-instalaciones\" value=\"4\" \/><\/span><span class=\"wpcf7-list-item last\"><span class=\"wpcf7-list-item-label\">5<\/span><input type=\"radio\" name=\"alojamiento-instalaciones\" value=\"5\" \/><\/span><\/span><\/span>\n\t<\/p>\n\t<div class=\"nd_options_section nd_options_height_20\">\n\t<\/div>\n\t<p>Komfort<br \/>\n<span class=\"wpcf7-form-control-wrap\" data-name=\"alojamiento-comodidad\"><span class=\"wpcf7-form-control wpcf7-radio\"><span class=\"wpcf7-list-item first\"><span class=\"wpcf7-list-item-label\">1<\/span><input type=\"radio\" name=\"alojamiento-comodidad\" value=\"1\" checked=\"checked\" \/><\/span><span class=\"wpcf7-list-item\"><span class=\"wpcf7-list-item-label\">2<\/span><input type=\"radio\" name=\"alojamiento-comodidad\" value=\"2\" \/><\/span><span class=\"wpcf7-list-item\"><span class=\"wpcf7-list-item-label\">3<\/span><input type=\"radio\" name=\"alojamiento-comodidad\" value=\"3\" \/><\/span><span class=\"wpcf7-list-item\"><span class=\"wpcf7-list-item-label\">4<\/span><input type=\"radio\" name=\"alojamiento-comodidad\" value=\"4\" \/><\/span><span class=\"wpcf7-list-item last\"><span class=\"wpcf7-list-item-label\">5<\/span><input type=\"radio\" name=\"alojamiento-comodidad\" value=\"5\" \/><\/span><\/span><\/span>\n\t<\/p>\n\t<div class=\"nd_options_section nd_options_height_20\">\n\t<\/div>\n\t<p><strong>BAR-RESTAURANT<\/strong>\n\t<\/p>\n\t<p>Wie haben wir teilgenommen ?<br \/>\n<span class=\"wpcf7-form-control-wrap\" data-name=\"bar-atencion\"><span class=\"wpcf7-form-control wpcf7-radio\"><span class=\"wpcf7-list-item first\"><span class=\"wpcf7-list-item-label\">1<\/span><input type=\"radio\" name=\"bar-atencion\" value=\"1\" checked=\"checked\" \/><\/span><span class=\"wpcf7-list-item\"><span class=\"wpcf7-list-item-label\">2<\/span><input type=\"radio\" name=\"bar-atencion\" value=\"2\" \/><\/span><span class=\"wpcf7-list-item\"><span class=\"wpcf7-list-item-label\">3<\/span><input type=\"radio\" name=\"bar-atencion\" value=\"3\" \/><\/span><span class=\"wpcf7-list-item\"><span class=\"wpcf7-list-item-label\">4<\/span><input type=\"radio\" name=\"bar-atencion\" value=\"4\" \/><\/span><span class=\"wpcf7-list-item last\"><span class=\"wpcf7-list-item-label\">5<\/span><input type=\"radio\" name=\"bar-atencion\" value=\"5\" \/><\/span><\/span><\/span>\n\t<\/p>\n\t<div class=\"nd_options_section nd_options_height_20\">\n\t<\/div>\n\t<p>Geschwindigkeit im Service<br \/>\n<span class=\"wpcf7-form-control-wrap\" data-name=\"bar-rapidez\"><span class=\"wpcf7-form-control wpcf7-radio\"><span class=\"wpcf7-list-item first\"><span class=\"wpcf7-list-item-label\">1<\/span><input type=\"radio\" name=\"bar-rapidez\" value=\"1\" checked=\"checked\" \/><\/span><span class=\"wpcf7-list-item\"><span class=\"wpcf7-list-item-label\">2<\/span><input type=\"radio\" name=\"bar-rapidez\" value=\"2\" \/><\/span><span class=\"wpcf7-list-item\"><span class=\"wpcf7-list-item-label\">3<\/span><input type=\"radio\" name=\"bar-rapidez\" value=\"3\" \/><\/span><span class=\"wpcf7-list-item\"><span class=\"wpcf7-list-item-label\">4<\/span><input type=\"radio\" name=\"bar-rapidez\" value=\"4\" \/><\/span><span class=\"wpcf7-list-item last\"><span class=\"wpcf7-list-item-label\">5<\/span><input type=\"radio\" name=\"bar-rapidez\" value=\"5\" \/><\/span><\/span><\/span>\n\t<\/p>\n\t<div class=\"nd_options_section nd_options_height_20\">\n\t<\/div>\n\t<p>Reinigung<br \/>\n<span class=\"wpcf7-form-control-wrap\" data-name=\"bar-limpieza\"><span class=\"wpcf7-form-control wpcf7-radio\"><span class=\"wpcf7-list-item first\"><span class=\"wpcf7-list-item-label\">1<\/span><input type=\"radio\" name=\"bar-limpieza\" value=\"1\" checked=\"checked\" \/><\/span><span class=\"wpcf7-list-item\"><span class=\"wpcf7-list-item-label\">2<\/span><input type=\"radio\" name=\"bar-limpieza\" value=\"2\" \/><\/span><span class=\"wpcf7-list-item\"><span class=\"wpcf7-list-item-label\">3<\/span><input type=\"radio\" name=\"bar-limpieza\" value=\"3\" \/><\/span><span class=\"wpcf7-list-item\"><span class=\"wpcf7-list-item-label\">4<\/span><input type=\"radio\" name=\"bar-limpieza\" value=\"4\" \/><\/span><span class=\"wpcf7-list-item last\"><span class=\"wpcf7-list-item-label\">5<\/span><input type=\"radio\" name=\"bar-limpieza\" value=\"5\" \/><\/span><\/span><\/span>\n\t<\/p>\n\t<div class=\"nd_options_section nd_options_height_20\">\n\t<\/div>\n\t<p>Bild<br \/>\n<span class=\"wpcf7-form-control-wrap\" data-name=\"bar-imagen\"><span class=\"wpcf7-form-control wpcf7-radio\"><span class=\"wpcf7-list-item first\"><span class=\"wpcf7-list-item-label\">1<\/span><input type=\"radio\" name=\"bar-imagen\" value=\"1\" checked=\"checked\" \/><\/span><span class=\"wpcf7-list-item\"><span class=\"wpcf7-list-item-label\">2<\/span><input type=\"radio\" name=\"bar-imagen\" value=\"2\" \/><\/span><span class=\"wpcf7-list-item\"><span class=\"wpcf7-list-item-label\">3<\/span><input type=\"radio\" name=\"bar-imagen\" value=\"3\" \/><\/span><span class=\"wpcf7-list-item\"><span class=\"wpcf7-list-item-label\">4<\/span><input type=\"radio\" name=\"bar-imagen\" value=\"4\" \/><\/span><span class=\"wpcf7-list-item last\"><span class=\"wpcf7-list-item-label\">5<\/span><input type=\"radio\" name=\"bar-imagen\" value=\"5\" \/><\/span><\/span><\/span>\n\t<\/p>\n\t<div class=\"nd_options_section nd_options_height_20\">\n\t<\/div>\n\t<p>Qualit\u00e4t der Lebensmittel<br \/>\n<span class=\"wpcf7-form-control-wrap\" data-name=\"bar-calidad\"><span class=\"wpcf7-form-control wpcf7-radio\"><span class=\"wpcf7-list-item first\"><span class=\"wpcf7-list-item-label\">1<\/span><input type=\"radio\" name=\"bar-calidad\" value=\"1\" checked=\"checked\" \/><\/span><span class=\"wpcf7-list-item\"><span class=\"wpcf7-list-item-label\">2<\/span><input type=\"radio\" name=\"bar-calidad\" value=\"2\" \/><\/span><span class=\"wpcf7-list-item\"><span class=\"wpcf7-list-item-label\">3<\/span><input type=\"radio\" name=\"bar-calidad\" value=\"3\" \/><\/span><span class=\"wpcf7-list-item\"><span class=\"wpcf7-list-item-label\">4<\/span><input type=\"radio\" name=\"bar-calidad\" value=\"4\" \/><\/span><span class=\"wpcf7-list-item last\"><span class=\"wpcf7-list-item-label\">5<\/span><input type=\"radio\" name=\"bar-calidad\" value=\"5\" \/><\/span><\/span><\/span>\n\t<\/p>\n\t<div class=\"nd_options_section nd_options_height_20\">\n\t<\/div>\n\t<p>Wert f\u00fcr Geld<br \/>\n<span class=\"wpcf7-form-control-wrap\" data-name=\"bar-calidad-precio\"><span class=\"wpcf7-form-control wpcf7-radio\"><span class=\"wpcf7-list-item first\"><span class=\"wpcf7-list-item-label\">1<\/span><input type=\"radio\" name=\"bar-calidad-precio\" value=\"1\" checked=\"checked\" \/><\/span><span class=\"wpcf7-list-item\"><span class=\"wpcf7-list-item-label\">2<\/span><input type=\"radio\" name=\"bar-calidad-precio\" value=\"2\" \/><\/span><span class=\"wpcf7-list-item\"><span class=\"wpcf7-list-item-label\">3<\/span><input type=\"radio\" name=\"bar-calidad-precio\" value=\"3\" \/><\/span><span class=\"wpcf7-list-item\"><span class=\"wpcf7-list-item-label\">4<\/span><input type=\"radio\" name=\"bar-calidad-precio\" value=\"4\" \/><\/span><span class=\"wpcf7-list-item last\"><span class=\"wpcf7-list-item-label\">5<\/span><input type=\"radio\" name=\"bar-calidad-precio\" value=\"5\" \/><\/span><\/span><\/span>\n\t<\/p>\n\t<div class=\"nd_options_section nd_options_height_20\">\n\t<\/div>\n<\/div>\n<div class=\"wpb_column vc_column_container vc_col-sm-6\">\n\t<p><strong>SUPERMARKT<\/strong>\n\t<\/p>\n\t<p>Wie haben wir teilgenommen ?<br \/>\n<span class=\"wpcf7-form-control-wrap\" data-name=\"super-atencion\"><span class=\"wpcf7-form-control wpcf7-radio\"><span class=\"wpcf7-list-item first\"><span class=\"wpcf7-list-item-label\">1<\/span><input type=\"radio\" name=\"super-atencion\" value=\"1\" checked=\"checked\" \/><\/span><span class=\"wpcf7-list-item\"><span class=\"wpcf7-list-item-label\">2<\/span><input type=\"radio\" name=\"super-atencion\" value=\"2\" \/><\/span><span class=\"wpcf7-list-item\"><span class=\"wpcf7-list-item-label\">3<\/span><input type=\"radio\" name=\"super-atencion\" value=\"3\" \/><\/span><span class=\"wpcf7-list-item\"><span class=\"wpcf7-list-item-label\">4<\/span><input type=\"radio\" name=\"super-atencion\" value=\"4\" \/><\/span><span class=\"wpcf7-list-item last\"><span class=\"wpcf7-list-item-label\">5<\/span><input type=\"radio\" name=\"super-atencion\" value=\"5\" \/><\/span><\/span><\/span>\n\t<\/p>\n\t<div class=\"nd_options_section nd_options_height_20\">\n\t<\/div>\n\t<p>Reinigung<br \/>\n<span class=\"wpcf7-form-control-wrap\" data-name=\"super-limpieza\"><span class=\"wpcf7-form-control wpcf7-radio\"><span class=\"wpcf7-list-item first\"><span class=\"wpcf7-list-item-label\">1<\/span><input type=\"radio\" name=\"super-limpieza\" value=\"1\" checked=\"checked\" \/><\/span><span class=\"wpcf7-list-item\"><span class=\"wpcf7-list-item-label\">2<\/span><input type=\"radio\" name=\"super-limpieza\" value=\"2\" \/><\/span><span class=\"wpcf7-list-item\"><span class=\"wpcf7-list-item-label\">3<\/span><input type=\"radio\" name=\"super-limpieza\" value=\"3\" \/><\/span><span class=\"wpcf7-list-item\"><span class=\"wpcf7-list-item-label\">4<\/span><input type=\"radio\" name=\"super-limpieza\" value=\"4\" \/><\/span><span class=\"wpcf7-list-item last\"><span class=\"wpcf7-list-item-label\">5<\/span><input type=\"radio\" name=\"super-limpieza\" value=\"5\" \/><\/span><\/span><\/span>\n\t<\/p>\n\t<div class=\"nd_options_section nd_options_height_20\">\n\t<\/div>\n\t<p>Bild<br \/>\n<span class=\"wpcf7-form-control-wrap\" data-name=\"super-imagen\"><span class=\"wpcf7-form-control wpcf7-radio\"><span class=\"wpcf7-list-item first\"><span class=\"wpcf7-list-item-label\">1<\/span><input type=\"radio\" name=\"super-imagen\" value=\"1\" checked=\"checked\" \/><\/span><span class=\"wpcf7-list-item\"><span class=\"wpcf7-list-item-label\">2<\/span><input type=\"radio\" name=\"super-imagen\" value=\"2\" \/><\/span><span class=\"wpcf7-list-item\"><span class=\"wpcf7-list-item-label\">3<\/span><input type=\"radio\" name=\"super-imagen\" value=\"3\" \/><\/span><span class=\"wpcf7-list-item\"><span class=\"wpcf7-list-item-label\">4<\/span><input type=\"radio\" name=\"super-imagen\" value=\"4\" \/><\/span><span class=\"wpcf7-list-item last\"><span class=\"wpcf7-list-item-label\">5<\/span><input type=\"radio\" name=\"super-imagen\" value=\"5\" \/><\/span><\/span><\/span>\n\t<\/p>\n\t<div class=\"nd_options_section nd_options_height_20\">\n\t<\/div>\n\t<p>Preis<br \/>\n<span class=\"wpcf7-form-control-wrap\" data-name=\"super-precio\"><span class=\"wpcf7-form-control wpcf7-radio\"><span class=\"wpcf7-list-item first\"><span class=\"wpcf7-list-item-label\">1<\/span><input type=\"radio\" name=\"super-precio\" value=\"1\" checked=\"checked\" \/><\/span><span class=\"wpcf7-list-item\"><span class=\"wpcf7-list-item-label\">2<\/span><input type=\"radio\" name=\"super-precio\" value=\"2\" \/><\/span><span class=\"wpcf7-list-item\"><span class=\"wpcf7-list-item-label\">3<\/span><input type=\"radio\" name=\"super-precio\" value=\"3\" \/><\/span><span class=\"wpcf7-list-item\"><span class=\"wpcf7-list-item-label\">4<\/span><input type=\"radio\" name=\"super-precio\" value=\"4\" \/><\/span><span class=\"wpcf7-list-item last\"><span class=\"wpcf7-list-item-label\">5<\/span><input type=\"radio\" name=\"super-precio\" value=\"5\" \/><\/span><\/span><\/span>\n\t<\/p>\n\t<div class=\"nd_options_section nd_options_height_20\">\n\t<\/div>\n\t<p>Vielzahl von Produkten<br \/>\n<span class=\"wpcf7-form-control-wrap\" data-name=\"super-variedad\"><span class=\"wpcf7-form-control wpcf7-radio\"><span class=\"wpcf7-list-item first\"><span class=\"wpcf7-list-item-label\">1<\/span><input type=\"radio\" name=\"super-variedad\" value=\"1\" checked=\"checked\" \/><\/span><span class=\"wpcf7-list-item\"><span class=\"wpcf7-list-item-label\">2<\/span><input type=\"radio\" name=\"super-variedad\" value=\"2\" \/><\/span><span class=\"wpcf7-list-item\"><span class=\"wpcf7-list-item-label\">3<\/span><input type=\"radio\" name=\"super-variedad\" value=\"3\" \/><\/span><span class=\"wpcf7-list-item\"><span class=\"wpcf7-list-item-label\">4<\/span><input type=\"radio\" name=\"super-variedad\" value=\"4\" \/><\/span><span class=\"wpcf7-list-item last\"><span class=\"wpcf7-list-item-label\">5<\/span><input type=\"radio\" name=\"super-variedad\" value=\"5\" \/><\/span><\/span><\/span>\n\t<\/p>\n\t<div class=\"nd_options_section nd_options_height_20\">\n\t<\/div>\n\t<p><strong>ANIMATION<\/strong>\n\t<\/p>\n\t<p>Tagesanimation<br \/>\n<span class=\"wpcf7-form-control-wrap\" data-name=\"animacion-dia\"><span class=\"wpcf7-form-control wpcf7-radio\"><span class=\"wpcf7-list-item first\"><span class=\"wpcf7-list-item-label\">1<\/span><input type=\"radio\" name=\"animacion-dia\" value=\"1\" checked=\"checked\" \/><\/span><span class=\"wpcf7-list-item\"><span class=\"wpcf7-list-item-label\">2<\/span><input type=\"radio\" name=\"animacion-dia\" value=\"2\" \/><\/span><span class=\"wpcf7-list-item\"><span class=\"wpcf7-list-item-label\">3<\/span><input type=\"radio\" name=\"animacion-dia\" value=\"3\" \/><\/span><span class=\"wpcf7-list-item\"><span class=\"wpcf7-list-item-label\">4<\/span><input type=\"radio\" name=\"animacion-dia\" value=\"4\" \/><\/span><span class=\"wpcf7-list-item last\"><span class=\"wpcf7-list-item-label\">5<\/span><input type=\"radio\" name=\"animacion-dia\" value=\"5\" \/><\/span><\/span><\/span>\n\t<\/p>\n\t<div class=\"nd_options_section nd_options_height_20\">\n\t<\/div>\n\t<p>Nachtanimation<br \/>\n<span class=\"wpcf7-form-control-wrap\" data-name=\"animacion-noche\"><span class=\"wpcf7-form-control wpcf7-radio\"><span class=\"wpcf7-list-item first\"><span class=\"wpcf7-list-item-label\">1<\/span><input type=\"radio\" name=\"animacion-noche\" value=\"1\" checked=\"checked\" \/><\/span><span class=\"wpcf7-list-item\"><span class=\"wpcf7-list-item-label\">2<\/span><input type=\"radio\" name=\"animacion-noche\" value=\"2\" \/><\/span><span class=\"wpcf7-list-item\"><span class=\"wpcf7-list-item-label\">3<\/span><input type=\"radio\" name=\"animacion-noche\" value=\"3\" \/><\/span><span class=\"wpcf7-list-item\"><span class=\"wpcf7-list-item-label\">4<\/span><input type=\"radio\" name=\"animacion-noche\" value=\"4\" \/><\/span><span class=\"wpcf7-list-item last\"><span class=\"wpcf7-list-item-label\">5<\/span><input type=\"radio\" name=\"animacion-noche\" value=\"5\" \/><\/span><\/span><\/span>\n\t<\/p>\n\t<div class=\"nd_options_section nd_options_height_20\">\n\t<\/div>\n\t<p>Kinderanimation<br \/>\n<span class=\"wpcf7-form-control-wrap\" data-name=\"animacion-infantil\"><span class=\"wpcf7-form-control wpcf7-radio\"><span class=\"wpcf7-list-item first\"><span class=\"wpcf7-list-item-label\">1<\/span><input type=\"radio\" name=\"animacion-infantil\" value=\"1\" checked=\"checked\" \/><\/span><span class=\"wpcf7-list-item\"><span class=\"wpcf7-list-item-label\">2<\/span><input type=\"radio\" name=\"animacion-infantil\" value=\"2\" \/><\/span><span class=\"wpcf7-list-item\"><span class=\"wpcf7-list-item-label\">3<\/span><input type=\"radio\" name=\"animacion-infantil\" value=\"3\" \/><\/span><span class=\"wpcf7-list-item\"><span class=\"wpcf7-list-item-label\">4<\/span><input type=\"radio\" name=\"animacion-infantil\" value=\"4\" \/><\/span><span class=\"wpcf7-list-item last\"><span class=\"wpcf7-list-item-label\">5<\/span><input type=\"radio\" name=\"animacion-infantil\" value=\"5\" \/><\/span><\/span><\/span>\n\t<\/p>\n\t<div class=\"nd_options_section nd_options_height_20\">\n\t<\/div>\n\t<p><strong>BEWERTUNG DES TOURISTENKOMPLEXES<\/strong>\n\t<\/p>\n\t<p>Was war Ihr Eindruck von Camping im Allgemeinen?<br \/>\n<span class=\"wpcf7-form-control-wrap\" data-name=\"complejo-impresion\"><span class=\"wpcf7-form-control wpcf7-radio\"><span class=\"wpcf7-list-item first\"><span class=\"wpcf7-list-item-label\">1<\/span><input type=\"radio\" name=\"complejo-impresion\" value=\"1\" checked=\"checked\" \/><\/span><span class=\"wpcf7-list-item\"><span class=\"wpcf7-list-item-label\">2<\/span><input type=\"radio\" name=\"complejo-impresion\" value=\"2\" \/><\/span><span class=\"wpcf7-list-item\"><span class=\"wpcf7-list-item-label\">3<\/span><input type=\"radio\" name=\"complejo-impresion\" value=\"3\" \/><\/span><span class=\"wpcf7-list-item\"><span class=\"wpcf7-list-item-label\">4<\/span><input type=\"radio\" name=\"complejo-impresion\" value=\"4\" \/><\/span><span class=\"wpcf7-list-item last\"><span class=\"wpcf7-list-item-label\">5<\/span><input type=\"radio\" name=\"complejo-impresion\" value=\"5\" \/><\/span><\/span><\/span>\n\t<\/p>\n\t<div class=\"nd_options_section nd_options_height_20\">\n\t<\/div>\n\t<p><strong>TOURISTISCHES GEBIETEN (NATURPARK, STR\u00c4NDE)<\/strong><br \/>\n<span class=\"wpcf7-form-control-wrap\" data-name=\"zona-turistica\"><span class=\"wpcf7-form-control wpcf7-radio\"><span class=\"wpcf7-list-item first\"><span class=\"wpcf7-list-item-label\">1<\/span><input type=\"radio\" name=\"zona-turistica\" value=\"1\" checked=\"checked\" \/><\/span><span class=\"wpcf7-list-item\"><span class=\"wpcf7-list-item-label\">2<\/span><input type=\"radio\" name=\"zona-turistica\" value=\"2\" \/><\/span><span class=\"wpcf7-list-item\"><span class=\"wpcf7-list-item-label\">3<\/span><input type=\"radio\" name=\"zona-turistica\" value=\"3\" \/><\/span><span class=\"wpcf7-list-item\"><span class=\"wpcf7-list-item-label\">4<\/span><input type=\"radio\" name=\"zona-turistica\" value=\"4\" \/><\/span><span class=\"wpcf7-list-item last\"><span class=\"wpcf7-list-item-label\">5<\/span><input type=\"radio\" name=\"zona-turistica\" value=\"5\" \/><\/span><\/span><\/span>\n\t<\/p>\n\t<div class=\"nd_options_section nd_options_height_20\">\n\t<\/div>\n\t<p>Bitte, Sagen Sie was wir verbessern k\u00f6nnen<br \/>\n<span class=\"wpcf7-form-control-wrap\" data-name=\"observaciones\"><textarea cols=\"40\" rows=\"4\" maxlength=\"2000\" class=\"wpcf7-form-control wpcf7-textarea\" aria-invalid=\"false\" name=\"observaciones\"><\/textarea><\/span>\n\t<\/p>\n\t<div class=\"nd_options_section nd_options_height_20\">\n\t<\/div>\n<\/div>\n<p><input class=\"wpcf7-form-control wpcf7-submit has-spinner\" type=\"submit\" value=\"Senden\" \/>\n<\/p><div class=\"wpcf7-response-output\" aria-hidden=\"true\"><\/div>\n<\/form>\n<\/div>\n[\/vc_column][\/vc_row]<\/p>\n<\/div>","protected":false},"excerpt":{"rendered":"<p>[vc_row][vc_column][\/vc_column][\/vc_row]<\/p>\n","protected":false},"author":2,"featured_media":0,"parent":0,"menu_order":0,"comment_status":"closed","ping_status":"closed","template":"","meta":{"_acf_changed":false,"footnotes":""},"class_list":["post-6880","page","type-page","status-publish","hentry"],"acf":[],"publishpress_future_action":{"enabled":false,"date":"2026-04-25 14:03:27","action":"change-status","newStatus":"draft","terms":[],"taxonomy":"translation_priority"},"publishpress_future_workflow_manual_trigger":{"enabledWorkflows":[]},"_links":{"self":[{"href":"https:\/\/www.losesculloscabodegata.com\/de\/wp-json\/wp\/v2\/pages\/6880","targetHints":{"allow":["GET"]}}],"collection":[{"href":"https:\/\/www.losesculloscabodegata.com\/de\/wp-json\/wp\/v2\/pages"}],"about":[{"href":"https:\/\/www.losesculloscabodegata.com\/de\/wp-json\/wp\/v2\/types\/page"}],"author":[{"embeddable":true,"href":"https:\/\/www.losesculloscabodegata.com\/de\/wp-json\/wp\/v2\/users\/2"}],"replies":[{"embeddable":true,"href":"https:\/\/www.losesculloscabodegata.com\/de\/wp-json\/wp\/v2\/comments?post=6880"}],"version-history":[{"count":1,"href":"https:\/\/www.losesculloscabodegata.com\/de\/wp-json\/wp\/v2\/pages\/6880\/revisions"}],"predecessor-version":[{"id":6881,"href":"https:\/\/www.losesculloscabodegata.com\/de\/wp-json\/wp\/v2\/pages\/6880\/revisions\/6881"}],"wp:attachment":[{"href":"https:\/\/www.losesculloscabodegata.com\/de\/wp-json\/wp\/v2\/media?parent=6880"}],"curies":[{"name":"wp","href":"https:\/\/api.w.org\/{rel}","templated":true}]}}