{"id":19945,"date":"2025-01-20T13:04:43","date_gmt":"2025-01-20T13:04:43","guid":{"rendered":"https:\/\/www.losesculloscabodegata.com\/?page_id=19945"},"modified":"2025-06-10T06:54:04","modified_gmt":"2025-06-10T06:54:04","slug":"oferta-complementaria","status":"publish","type":"page","link":"https:\/\/www.losesculloscabodegata.com\/en\/oferta-complementaria\/","title":{"rendered":"Complementary offer"},"content":{"rendered":"<div class=\"wpb-content-wrapper\"><p>[vc_row][vc_column][vc_column_text]At Camping Los Escullos Complejo Tur\u00edstico Cabo de Gata we have a wide range of complementary activities for you to enjoy during your stay with us. We have all kinds of activities; diving, kayaking, astronomy, gastronomy, flamenco &#8230;<\/p>\n<p>Below we highlight companies that you can count on to enjoy during your stay.[\/vc_column_text][vc_custom_heading text=&#8221;List of companies&#8221; font_container=&#8221;tag:h2|font_size:40px|text_align:center|line_height:60px&#8221; use_theme_fonts=&#8221;yes&#8221;][\/vc_column][\/vc_row][vc_row][vc_column width=&#8221;1\/3&#8243;][vc_single_image image=&#8221;5369&#8243; img_size=&#8221;full&#8221; alignment=&#8221;center&#8221; onclick=&#8221;custom_link&#8221; img_link_target=&#8221;_blank&#8221; css=&#8221;.vc_custom_1650554621617{margin-bottom: 0px !important;}&#8221; link=&#8221;http:\/\/subparke.es&#8221;][vc_column_text]<\/p>\n<h3 style=\"text-align: center;\">Centro de Buceo Subparke<\/h3>\n<p>[\/vc_column_text][vc_column_text]<strong>Address:<\/strong> C\/ Santa B\u00e1rbara, 42 04115 Rodalquilar (P.N. Cabo de Gata-N\u00edjar)<br \/>\n<strong>Phone:<\/strong> <a href=\"tel:+34670341564\">670 34 15 64<\/a><br \/>\n<strong>Email:<\/strong> <a href=\"mailto:info@subparke.es\">info@subparke.es<\/a>[\/vc_column_text][\/vc_column][vc_column width=&#8221;1\/3&#8243;][vc_single_image image=&#8221;5477&#8243; img_size=&#8221;full&#8221; alignment=&#8221;center&#8221; onclick=&#8221;custom_link&#8221; css=&#8221;.vc_custom_1545927672574{margin-bottom: 0px !important;}&#8221; link=&#8221;https:\/\/www.kayaksur.es\/&#8221;][vc_column_text]<\/p>\n<h3 style=\"text-align: center;\">KayakSur<\/h3>\n<p>[\/vc_column_text][vc_column_text]<strong>Address:<\/strong> Playa de las Almadrabillas, 1 (Club de Mar), 04007 &#8211; Almer\u00eda<br \/>\n<strong>Phone:<\/strong> <a href=\"tel:+34635178543\">635 178 543<\/a><br \/>\n<strong>Email:<\/strong> <a href=\"mailto:info@kayaksur.es\">info@kayaksur.es<\/a>[\/vc_column_text][\/vc_column][vc_column width=&#8221;1\/3&#8243;][vc_single_image image=&#8221;5502&#8243; img_size=&#8221;full&#8221; alignment=&#8221;center&#8221; onclick=&#8221;custom_link&#8221; css=&#8221;.vc_custom_1545930111835{margin-bottom: 0px !important;}&#8221; link=&#8221;http:\/\/www.pita-aventura.com\/&#8221;][vc_column_text]<\/p>\n<h3 style=\"text-align: center;\">Pita Aventura<\/h3>\n<p>[\/vc_column_text][vc_column_text]<strong>Address:<\/strong> Plaza del mar, Local 7, El Toyo &#8211; Retamar<br \/>\n<strong>Phone:<\/strong> <a href=\"tel:+34950207964\">950 207 964<\/a> \/ <a href=\"tel:+34626460869\">626 460 869<\/a><br \/>\n<strong>Email:<\/strong> <a href=\"mailto:info@pita-aventura.com\">info@pita-aventura.com<\/a>[\/vc_column_text][\/vc_column][\/vc_row][vc_row][vc_column width=&#8221;1\/3&#8243;][vc_single_image image=&#8221;5545&#8243; img_size=&#8221;full&#8221; alignment=&#8221;center&#8221; onclick=&#8221;custom_link&#8221; css=&#8221;.vc_custom_1551096961965{margin-bottom: 0px !important;}&#8221; link=&#8221;https:\/\/www.toyoaventura.es\/&#8221;][vc_column_text]<\/p>\n<h3 style=\"text-align: center;\">Toyo Aventura<\/h3>\n<p>[\/vc_column_text][vc_column_text]<strong>Address:<\/strong> Carretera Cuevas de los \u00dabedas<br \/>\n<strong>Phone:<\/strong> <a href=\"tel:+34950209392\">950 209 392<\/a> \/ <a href=\"tel:+34699431602\">699 431 602<\/a><br \/>\n<strong>Email:<\/strong> <a href=\"mailto:toyoaventura@gmail.com\">toyoaventura@gmail.com<\/a>[\/vc_column_text][\/vc_column][vc_column width=&#8221;1\/3&#8243;][vc_single_image image=&#8221;5638&#8243; img_size=&#8221;full&#8221; alignment=&#8221;center&#8221; onclick=&#8221;custom_link&#8221; css=&#8221;.vc_custom_1551096995346{margin-bottom: 0px !important;}&#8221; link=&#8221;http:\/\/azsur.com&#8221;][vc_column_text]<\/p>\n<h3 style=\"text-align: center;\">Azimut Sur<\/h3>\n<p>[\/vc_column_text][vc_column_text]<strong>Address:<\/strong> Callej\u00f3n 1\u00ba De la Cruz, N\u00ba 12 \u2013 Guadix<br \/>\n<strong>Phone:<\/strong> <a href=\"tel:+34619533497\">619 533 497<\/a> \/ <a href=\"tel:+34662518554\">662 518 554<\/a><br \/>\n<strong>Email:<\/strong> <a href=\"mailto:info@azsur.com\">info@azsur.com<\/a>[\/vc_column_text][\/vc_column][vc_column width=&#8221;1\/3&#8243;][vc_single_image image=&#8221;5674&#8243; img_size=&#8221;full&#8221; alignment=&#8221;center&#8221; onclick=&#8221;custom_link&#8221; css=&#8221;.vc_custom_1551097264692{margin-bottom: 0px !important;}&#8221; link=&#8221;http:\/\/www.cristalkayak.com\/&#8221;][vc_column_text]<\/p>\n<h3 style=\"text-align: center;\">Cristal Kayak<\/h3>\n<p>[\/vc_column_text][vc_column_text]<strong>Address:<\/strong> Cabo de Gata 04151, Almer\u00eda<br \/>\n<strong>Phone:<\/strong> <a href=\"tel:+34622888980\">622 888 980<\/a> \/ <a href=\"tel:+34645672358\">645 672 358<\/a><br \/>\n<strong>Email:<\/strong> <a href=\"mailto:reservas@cristalkayak.es\">reservas@cristalkayak.es<\/a>[\/vc_column_text][\/vc_column][\/vc_row][vc_row][vc_column width=&#8221;1\/3&#8243;][vc_single_image image=&#8221;5666&#8243; img_size=&#8221;full&#8221; alignment=&#8221;center&#8221; onclick=&#8221;custom_link&#8221; css=&#8221;.vc_custom_1551097027407{margin-bottom: 0px !important;}&#8221; link=&#8221;http:\/\/factordeporte.com\/&#8221;][vc_column_text]<\/p>\n<h3 style=\"text-align: center;\">Factor Deporte<\/h3>\n<p>[\/vc_column_text][vc_column_text]<strong>Address:<\/strong> Roquetas de Mar, 04740 Almer\u00eda<br \/>\n<strong>Phone:<\/strong> <a href=\"tel:+34617426193\">617 426 193<\/a> \/ <a href=\"tel:+34661793211\">661 793 211<\/a><br \/>\n<strong>Email:<\/strong> <a href=\"mailto:actividades@factordeporte.com\">actividades@factordeporte.com<\/a>[\/vc_column_text][\/vc_column][vc_column width=&#8221;1\/3&#8243;][vc_single_image image=&#8221;5653&#8243; img_size=&#8221;full&#8221; alignment=&#8221;center&#8221; onclick=&#8221;custom_link&#8221; css=&#8221;.vc_custom_1551097051939{margin-bottom: 0px !important;}&#8221; link=&#8221;http:\/\/www.kuspideaventura.es\/&#8221;][vc_column_text]<\/p>\n<h3 style=\"text-align: center;\">K\u00faspide Aventura<\/h3>\n<p>[\/vc_column_text][vc_column_text]<strong>Address:<\/strong> Calle ONU, 170, 04009, Almer\u00eda<br \/>\n<strong>Phone:<\/strong> <a href=\"tel:+34610461278\">610 461 278<\/a><br \/>\n<strong>Email:<\/strong> <a href=\"mailto:nestorwaisen@hotmail.com\">nestorwaisen@hotmail.com<\/a>[\/vc_column_text][\/vc_column][vc_column width=&#8221;1\/3&#8243;][vc_single_image image=&#8221;5658&#8243; img_size=&#8221;full&#8221; alignment=&#8221;center&#8221; onclick=&#8221;custom_link&#8221; css=&#8221;.vc_custom_1551097091203{margin-bottom: 0px !important;}&#8221; link=&#8221;http:\/\/clubcimadealmeria.blogspot.com\/&#8221;][vc_column_text]<\/p>\n<h3 style=\"text-align: center;\">Club deportivo CIMA<\/h3>\n<p>[\/vc_column_text][vc_column_text]<strong>Address: C\/ Obispo Orber\u00e1, 35, 04001<\/strong><br \/>\n<strong>Phone:<\/strong> <a href=\"tel:+34950235422\">950 235 422<\/a> \/ <a href=\"tel:+34687576446\">687 576 446<\/a><br \/>\n<strong>Email: <\/strong><a href=\"mailto:clubcimadealmeria@gmail.com\">clubcimadealmeria@gmail.com<\/a>[\/vc_column_text][\/vc_column][\/vc_row][vc_row][vc_column width=&#8221;1\/3&#8243;][vc_single_image image=&#8221;5680&#8243; img_size=&#8221;full&#8221; alignment=&#8221;center&#8221; onclick=&#8221;custom_link&#8221; css=&#8221;.vc_custom_1551097186929{margin-bottom: 0px !important;}&#8221; link=&#8221;http:\/\/www.ecoalmeria.com\/&#8221;][vc_column_text]<\/p>\n<h3 style=\"text-align: center;\">EcoAlmer\u00eda Activa<\/h3>\n<p>[\/vc_column_text][vc_column_text]<strong>Address:<\/strong> Cr Don Juan de Austria, 04720 Aguadulce<br \/>\n<strong>Phone:<\/strong> <a href=\"tel:+34625138847\">625 138 847<\/a><br \/>\n<strong>Email: <\/strong><a href=\"mailto:umberto@agranel.org\">umberto@agranel.org<\/a>[\/vc_column_text][\/vc_column][vc_column width=&#8221;1\/3&#8243;][vc_single_image image=&#8221;5686&#8243; img_size=&#8221;full&#8221; alignment=&#8221;center&#8221; onclick=&#8221;custom_link&#8221; css=&#8221;.vc_custom_1551097209316{margin-bottom: 0px !important;}&#8221; link=&#8221;http:\/\/www.andalucia.org\/es\/turismo-y-deporte\/almeria\/grupo-j-126-rutas-de-naturaleza\/&#8221;][vc_column_text]<\/p>\n<h3 style=\"text-align: center;\">Grupo J-126<\/h3>\n<p>[\/vc_column_text][vc_column_text]<strong>Address:<\/strong> Avenida de San Jos\u00e9, 27. 04118 San Jos\u00e9, N\u00edjar<br \/>\n<strong>Phone:<\/strong> <a href=\"tel:+34950380299\">950 380 299<\/a> \/ <a href=\"tel:+34607374078\">607 374 078<\/a><br \/>\n<strong>Email:<\/strong> <a href=\"mailto:info@cabodegata-nijar.com\">info@cabodegata-nijar.com<\/a>[\/vc_column_text][\/vc_column][vc_column width=&#8221;1\/3&#8243;][vc_single_image image=&#8221;21654&#8243; img_size=&#8221;full&#8221; alignment=&#8221;center&#8221; onclick=&#8221;custom_link&#8221; css=&#8221;.vc_custom_1749538383690{margin-bottom: 0px !important;}&#8221; link=&#8221;www.ecoaventureras.com&#8221;][vc_column_text css=&#8221;&#8221;]<\/p>\n<h3 style=\"text-align: center;\">Eco Aventureras<\/h3>\n<p>[\/vc_column_text][vc_column_text css=&#8221;&#8221;]<strong>Tel\u00e9fono:<\/strong> <a href=\"tel:+34697413471\">+34 697 41 34 71<\/a><br \/>\n<strong>Email:<\/strong> <a href=\"mailto:info@ecoaventureras.com\">info@ecoaventureras.com<\/a>[\/vc_column_text][\/vc_column][\/vc_row][vc_row css=&#8221;.vc_custom_1548314133140{margin-bottom: 40px !important;}&#8221;][vc_column] <h2 style=\"color:#000000;padding:px;text-align:center;font-size:48px;line-height:52px;letter-spacing: px;font-weight:bold\" class=\"   nd_options_first_font \">Services<\/h2> [\/vc_column][\/vc_row][vc_row][vc_column width=&#8221;1\/3&#8243;][vc_column_text css_animation=&#8221;lightSpeedIn&#8221;]<\/p>\n<h3>24-Hour Reception<\/h3>\n<p><i class=\"fas fa-angle-right\" style=\"color: #b2e1f5;\"><\/i> 24-hour service.<\/p>\n<p>&nbsp;<\/p>\n<h3>Tourist Information<\/h3>\n<p><i class=\"fas fa-angle-right\" style=\"color: #b2e1f5;\"><\/i> Information at Reception.<\/p>\n<p>&nbsp;<\/p>\n<h3>Gym<\/h3>\n<p><i class=\"fas fa-angle-right\" style=\"color: #b2e1f5;\"><\/i> Fully equipped gym.<\/p>\n<p>&nbsp;<\/p>\n<h3>Laundry<\/h3>\n<p><i class=\"fas fa-angle-right\" style=\"color: #b2e1f5;\"><\/i> Self-service washing and drying.[\/vc_column_text][\/vc_column][vc_column width=&#8221;1\/3&#8243;][vc_column_text css_animation=&#8221;lightSpeedIn&#8221;]<\/p>\n<h3>Disabled Facilities<\/h3>\n<p><i class=\"fas fa-angle-right\" style=\"color: #b2e1f5;\"><\/i> Adapted facilities.<\/p>\n<p>&nbsp;<\/p>\n<h3>Supermarket<\/h3>\n<p><i class=\"fas fa-angle-right\" style=\"color: #b2e1f5;\"><\/i>iOpen every day<\/p>\n<p>&nbsp;<\/p>\n<h3>Parking<\/h3>\n<p><i class=\"fas fa-angle-right\" style=\"color: #b2e1f5;\"><\/i> Free parking.<\/p>\n<p>&nbsp;<\/p>\n<h3>Meeting Room<\/h3>\n<p><i class=\"fas fa-angle-right\" style=\"color: #b2e1f5;\"><\/i> Capacity for 50 people.[\/vc_column_text][\/vc_column][vc_column width=&#8221;1\/3&#8243;][vc_column_text css_animation=&#8221;lightSpeedIn&#8221;]<\/p>\n<h3>Wi-Fi<\/h3>\n<p><i class=\"fas fa-angle-right\" style=\"color: #b2e1f5;\"><\/i> Free Wi-Fi throughout the facility.<\/p>\n<p>&nbsp;<\/p>\n<h3>Pets<\/h3>\n<p><i class=\"fas fa-angle-right\" style=\"color: #b2e1f5;\"><\/i> Pets allowed on a leash.<\/p>\n<p>&nbsp;<\/p>\n<h3>Bicycles<\/h3>\n<p><i class=\"fas fa-angle-right\" style=\"color: #b2e1f5;\"><\/i> Bicycle rental.<\/p>\n<p>&nbsp;<\/p>\n<h3>Motorhomes<\/h3>\n<p><i class=\"fas fa-angle-right\" style=\"color: #b2e1f5;\"><\/i> Self-service.[\/vc_column_text][\/vc_column][\/vc_row]<\/p>\n<\/div>","protected":false},"excerpt":{"rendered":"<p>[vc_row][vc_column][vc_column_text]At Camping Los Escullos Complejo Tur\u00edstico Cabo de Gata we have a wide range of complementary activities for you to enjoy during your stay with us. We have all kinds of activities; diving, kayaking, astronomy, gastronomy, flamenco &#8230; Below we highlight companies that you can count on to enjoy during your stay.[\/vc_column_text][vc_custom_heading text=&#8221;List of companies&#8221; [&hellip;]<\/p>\n","protected":false},"author":31,"featured_media":0,"parent":0,"menu_order":0,"comment_status":"closed","ping_status":"closed","template":"","meta":{"_acf_changed":false,"footnotes":""},"class_list":["post-19945","page","type-page","status-publish","hentry"],"acf":[],"publishpress_future_action":{"enabled":false,"date":"2026-04-25 10:51:41","action":"change-status","newStatus":"draft","terms":[],"taxonomy":"translation_priority"},"publishpress_future_workflow_manual_trigger":{"enabledWorkflows":[]},"_links":{"self":[{"href":"https:\/\/www.losesculloscabodegata.com\/en\/wp-json\/wp\/v2\/pages\/19945","targetHints":{"allow":["GET"]}}],"collection":[{"href":"https:\/\/www.losesculloscabodegata.com\/en\/wp-json\/wp\/v2\/pages"}],"about":[{"href":"https:\/\/www.losesculloscabodegata.com\/en\/wp-json\/wp\/v2\/types\/page"}],"author":[{"embeddable":true,"href":"https:\/\/www.losesculloscabodegata.com\/en\/wp-json\/wp\/v2\/users\/31"}],"replies":[{"embeddable":true,"href":"https:\/\/www.losesculloscabodegata.com\/en\/wp-json\/wp\/v2\/comments?post=19945"}],"version-history":[{"count":7,"href":"https:\/\/www.losesculloscabodegata.com\/en\/wp-json\/wp\/v2\/pages\/19945\/revisions"}],"predecessor-version":[{"id":21724,"href":"https:\/\/www.losesculloscabodegata.com\/en\/wp-json\/wp\/v2\/pages\/19945\/revisions\/21724"}],"wp:attachment":[{"href":"https:\/\/www.losesculloscabodegata.com\/en\/wp-json\/wp\/v2\/media?parent=19945"}],"curies":[{"name":"wp","href":"https:\/\/api.w.org\/{rel}","templated":true}]}}