{"id":3441,"date":"2018-04-26T08:23:22","date_gmt":"2018-04-26T08:23:22","guid":{"rendered":"https:\/\/www.losesculloscabodegata.com\/el-camping\/"},"modified":"2025-02-19T11:37:42","modified_gmt":"2025-02-19T11:37:42","slug":"the-camping","status":"publish","type":"page","link":"https:\/\/www.losesculloscabodegata.com\/en\/the-camping\/","title":{"rendered":"The Camping"},"content":{"rendered":"<div class=\"wpb-content-wrapper\"><p>[vc_row][vc_column width=&#8221;1\/2&#8243;][vc_column_text]<strong>The Resort and Camping Los Escullos<\/strong> is located in the <strong>Cabo de Gata<\/strong> Natural Park, between the villages of Rodalquilar and San Jose in <strong>Almeria<\/strong>.<br \/>\nThe resort consists of a Park Bungalows, Bengalis, Mobil-homes , the cottage \u201cLa Noria de los Escullos\u201d and a first class campsite with 208 plots. We also have a restaurant, caf\u00e9, pizzeria, snack bar supermarket, swimming pool, gym, sauna, Jacuzzi, massage and body care room, 24h reception, sports courts, paddle tennis, Diving Club facilities and meeting room for 50 people.[\/vc_column_text][\/vc_column][vc_column width=&#8221;1\/2&#8243;][vc_gmaps link=&#8221;#E-8_JTNDaWZyYW1lJTIwc3JjJTNEJTIyaHR0cHMlM0ElMkYlMkZ3d3cuZ29vZ2xlLmNvbSUyRm1hcHMlMkZlbWJlZCUzRnBiJTNEJTIxMW0xNCUyMTFtOCUyMTFtMyUyMTFkMTI3NzguNTM5MzAzMDE3MzIlMjEyZC0yLjA3ODczMyUyMTNkMzYuODAzMzA1JTIxM20yJTIxMWkxMDI0JTIxMmk3NjglMjE0ZjEzLjElMjEzbTMlMjExbTIlMjExczB4MCUyNTNBMHhiYWM2MzFjMTI4MjliNWQ0JTIxMnNDYW1waW5nJTJCTG9zJTJCRXNjdWxsb3MlMjE1ZTAlMjEzbTIlMjExc2VzJTIxMnNlcyUyMTR2MTUyNDgxMzkxOTM0NiUyMiUyMHdpZHRoJTNEJTIyMTAwJTI1JTIyJTIwaGVpZ2h0JTNEJTIyMzA1JTIyJTIwZnJhbWVib3JkZXIlM0QlMjIwJTIyJTIwc3R5bGUlM0QlMjJib3JkZXIlM0EwJTIyJTIwYWxsb3dmdWxsc2NyZWVuJTNFJTNDJTJGaWZyYW1lJTNF&#8221;][\/vc_column][\/vc_row][vc_row][vc_column][vc_separator color=&#8221;custom&#8221; accent_color=&#8221;#1c75a9&#8243;][\/vc_column][\/vc_row][vc_section][vc_row][vc_column width=&#8221;1\/3&#8243;][vc_column_text]<\/p>\n<h3 style=\"text-align: center;\">HOW TO GET THERE BY CAR<\/h3>\n<p>[\/vc_column_text][vc_column_text]<\/p>\n<div style=\"text-align: center;\"><\/div>\n<p>[\/vc_column_text][vc_column_text]You must arrive from the A-7 (E-15): Autovia del Mediterr\u00e1neo (Barcelona-Valencia-Alicante-Murcia-Almer\u00eda-M\u00e1laga-Algeciras).<br \/>\nTake the A-7 exit number 750 (NIJAR-SAN ISIDRO-SAN JOSE), continue for approx. 20 Km. following the signs to San Jose, until you take the exit on your left towards Los Escullos-La Isleta-Rodalquiar. In a few minutes (3 Km.) you will find the complex on your right hand side.<br \/>\nCoordinates: 36\u00b0 48\u2032 11.898\u2033 N 2\u00b0 4\u2032 43.439\u2033 W[\/vc_column_text][\/vc_column][vc_column width=&#8221;1\/3&#8243;][vc_column_text]<\/p>\n<h3 style=\"text-align: center;\">HOW TO GET THERE: TRAIN\/BUS<\/h3>\n<p>[\/vc_column_text][vc_column_text]<\/p>\n<div style=\"text-align: center;\"><\/div>\n<p>[\/vc_column_text][vc_column_text]The train and bus services are concentrated in Almeria railway and bus station, 38 Km (40 min.)<\/p>\n<p>The station is in the center of Almeria: Plaza de la Estaci\u00f3n. 04006 Almer\u00eda. Transport service is provided towards most of Spain major cities.<\/p>\n<p>You can consult with Renfe about train services and with different operators about bus connection to Almeria.[\/vc_column_text][\/vc_column][vc_column width=&#8221;1\/3&#8243;][vc_column_text]<\/p>\n<h3 style=\"text-align: center;\">HOW TO GET THERE: PLANE<\/h3>\n<p>[\/vc_column_text][vc_column_text]<\/p>\n<div style=\"text-align: center;\"><\/div>\n<p>[\/vc_column_text][vc_column_text]Almeria Airport is the closest airport to Los Escullos, just 32 km (30 minutes).<\/p>\n<p>It offers regular flights to Madrid, Barcelona, Seville and other European cities. In high season it greatly increases the range of destinations.<\/p>\n<p>Other nearby airports to our resort are the airports of Alicante (275 Km) and Malaga (262 km).[\/vc_column_text][\/vc_column][\/vc_row][\/vc_section][vc_row][vc_column][vc_custom_heading text=&#8221;Discover our Accommodations&#8221; font_container=&#8221;tag:h2|font_size:40px|text_align:center|line_height:44px&#8221; use_theme_fonts=&#8221;yes&#8221;][vc_basic_grid post_type=&#8221;ids&#8221; element_width=&#8221;2&#8243; gap=&#8221;15&#8243; item=&#8221;3845&#8243; grid_id=&#8221;vc_gid:1737449260441-f91ac4ae-ded3-1&#8243; include=&#8221;1347, 1349, 5077, 1353, 5079, 17489&#8243; el_id=&#8221;top-grid-home&#8221; el_class=&#8221;listado-alojamientos-home&#8221; css=&#8221;.vc_custom_1737449293539{padding-top: 20px !important;}&#8221;][vc_custom_heading text=&#8221;Discover our Services&#8221; font_container=&#8221;tag:h2|font_size:40px|text_align:center|line_height:44px&#8221; use_theme_fonts=&#8221;yes&#8221;][vc_basic_grid post_type=&#8221;ids&#8221; element_width=&#8221;3&#8243; item=&#8221;1399&#8243; initial_loading_animation=&#8221;none&#8221; grid_id=&#8221;vc_gid:1737449260443-f2fe953b-6ad2-1&#8243; include=&#8221;1322, 1326, 1330, 1332&#8243; css=&#8221;.vc_custom_1623146837096{margin-top: 40px !important;}&#8221; el_class=&#8221;listado-alojamientos-home&#8221;][\/vc_column][\/vc_row][vc_section][\/vc_section]<\/p>\n<\/div>","protected":false},"excerpt":{"rendered":"<p>[vc_row][vc_column width=&#8221;1\/2&#8243;][vc_column_text]The Resort and Camping Los Escullos is located in the Cabo de Gata Natural Park, between the villages of Rodalquilar and San Jose in Almeria. The resort consists of a Park Bungalows, Bengalis, Mobil-homes , the cottage \u201cLa Noria de los Escullos\u201d and a first class campsite with 208 plots. We also have a [&hellip;]<\/p>\n","protected":false},"author":2,"featured_media":0,"parent":0,"menu_order":0,"comment_status":"closed","ping_status":"closed","template":"","meta":{"_acf_changed":false,"footnotes":""},"class_list":["post-3441","page","type-page","status-publish","hentry"],"acf":[],"publishpress_future_action":{"enabled":false,"date":"2026-04-25 10:51:36","action":"change-status","newStatus":"draft","terms":[],"taxonomy":"translation_priority"},"publishpress_future_workflow_manual_trigger":{"enabledWorkflows":[]},"_links":{"self":[{"href":"https:\/\/www.losesculloscabodegata.com\/en\/wp-json\/wp\/v2\/pages\/3441","targetHints":{"allow":["GET"]}}],"collection":[{"href":"https:\/\/www.losesculloscabodegata.com\/en\/wp-json\/wp\/v2\/pages"}],"about":[{"href":"https:\/\/www.losesculloscabodegata.com\/en\/wp-json\/wp\/v2\/types\/page"}],"author":[{"embeddable":true,"href":"https:\/\/www.losesculloscabodegata.com\/en\/wp-json\/wp\/v2\/users\/2"}],"replies":[{"embeddable":true,"href":"https:\/\/www.losesculloscabodegata.com\/en\/wp-json\/wp\/v2\/comments?post=3441"}],"version-history":[{"count":16,"href":"https:\/\/www.losesculloscabodegata.com\/en\/wp-json\/wp\/v2\/pages\/3441\/revisions"}],"predecessor-version":[{"id":20433,"href":"https:\/\/www.losesculloscabodegata.com\/en\/wp-json\/wp\/v2\/pages\/3441\/revisions\/20433"}],"wp:attachment":[{"href":"https:\/\/www.losesculloscabodegata.com\/en\/wp-json\/wp\/v2\/media?parent=3441"}],"curies":[{"name":"wp","href":"https:\/\/api.w.org\/{rel}","templated":true}]}}