{"id":3578,"date":"2018-03-13T09:38:29","date_gmt":"2018-03-13T09:38:29","guid":{"rendered":"https:\/\/www.losesculloscabodegata.com\/cabo-de-gata\/pueblos-de-cabo-de-gata\/"},"modified":"2018-05-31T15:44:32","modified_gmt":"2018-05-31T15:44:32","slug":"cabo-de-gata-villages","status":"publish","type":"page","link":"https:\/\/www.losesculloscabodegata.com\/en\/cabo-de-gata\/cabo-de-gata-villages\/","title":{"rendered":"Cabo de Gata villages"},"content":{"rendered":"<div class=\"wpb-content-wrapper\"><p>[vc_row][vc_column][vc_column_text]Natural Park <strong>Cabo de Gata<\/strong> hides <strong>charming villages<\/strong> and hundreds of places to explore. We offer here a selection of routes to visit the towns of Cabo de Gata and their points of interest: monuments, farmhouses, nature, geology, gastronomy&#8230; and much more to discover![\/vc_column_text][\/vc_column][\/vc_row][vc_row][vc_column width=&#8221;1\/2&#8243;][vc_column_text]<\/p>\n<h2><strong>The dessert meets the sea<\/strong><\/h2>\n<p>&nbsp;<\/p>\n<p><strong>Villages<\/strong>: Cabo de Gata, Pujaire, Las Amoladeras and Torre Garc\u00eda.<\/p>\n<p><strong>Main locations of interest<\/strong>: Visitors Center, sisal crops, La Amoladeras viewpoint, azufaifal, birdwatching, Torre Garc\u00eda shrine, watchtower, Romans rafts, Amoladeras fossil beach where the river meets the sea, coastal dunes, El Charco wetlands with wetland birds, fishing village of Cabo de Gata.<\/p>\n<p><strong>Distance<\/strong> : 30 Km. 12 Km.[\/vc_column_text][vc_single_image image=&#8221;2314&#8243; img_size=&#8221;570&#215;320&#8243;][\/vc_column][vc_column width=&#8221;1\/2&#8243;][vc_column_text css=&#8221;.vc_custom_1527777251648{margin-bottom: 61px !important;}&#8221;]<\/p>\n<h2><strong>Beaches, caves and cliffs<\/strong><\/h2>\n<p>&nbsp;<\/p>\n<p><strong>Villages<\/strong>: Cabo de Gata, El Corralete and San Jos\u00e9.<\/p>\n<p><strong>Main locations of interest<\/strong>: Artesanal fishing location, birdwatching observatory deck, La Fabriquilla, taking water from the Salinas, Testa tower, The Corralete, Las Sirenas viewpoint, Punta Baja, Cala Raj\u00e1, Vela Blanca, Cala Carb\u00f3n, M\u00f3nsul, Barronal.<\/p>\n<p><strong>Distance<\/strong> : 47 Km. 17 Km.[\/vc_column_text][vc_single_image image=&#8221;2315&#8243; img_size=&#8221;570&#215;320&#8243;][\/vc_column][\/vc_row][vc_row][vc_column width=&#8221;1\/2&#8243;][vc_column_text]<\/p>\n<h2><strong>Volcanoes and precious stones<\/strong><\/h2>\n<p>&nbsp;<\/p>\n<p><strong>Villages<\/strong>: Cabo de Gata, Pujaire, Las Amoladeras and Torre Garc\u00eda.<\/p>\n<p><strong>Main locations of interest<\/strong>: Volcanic caldera, Arco beach, fossil dune, San Felipe Fortress, Cala del Embarcadero, Los Frailes hills, Viewpoint of Isleta, Isleta Pier, Playa del Pe\u00f1on Blanco, Los Toros Cove, Las Amatistas scenery deck, Rodalquilar volcanic denver, Botanical Garden, Volcanoes center, Playazo, etc&#8230;<\/p>\n<p><strong>Distance<\/strong>: \/ 20 Km.[\/vc_column_text][vc_single_image image=&#8221;2317&#8243; img_size=&#8221;570&#215;320&#8243;][\/vc_column][vc_column width=&#8221;1\/2&#8243;][vc_column_text css=&#8221;.vc_custom_1527777367555{margin-bottom: 61px !important;}&#8221;]<\/p>\n<h2><strong>Nijar Farmhouses<\/strong><\/h2>\n<p>&nbsp;<\/p>\n<p><strong>Villages<\/strong>: Hornillo and Fern\u00e1n P\u00e9rez.<\/p>\n<p><strong>Main locations of interest<\/strong>: Cattle farm of la Requena, Cortijo del Fraile: crops, houses, chapel, cochineras, water tanks, wells and eras, steppe birds, Stove farmhouse, Higo Seco farmhouse and typical pigsties, Fernan Perez windmill and popular cuisine, Balsa Blanca farmhouse.<\/p>\n<p><strong>Distance<\/strong> : 20 Km. 14 Km.[\/vc_column_text][vc_single_image image=&#8221;2316&#8243; img_size=&#8221;570&#215;320&#8243;][\/vc_column][\/vc_row][vc_row][vc_column width=&#8221;1\/2&#8243;][vc_column_text]<\/p>\n<h2><strong>Water, source of life<\/strong><\/h2>\n<p>&nbsp;<\/p>\n<p><strong>Villages<\/strong>: Huebro, N\u00edjar, Torre del Campo, and Campohermoso.<\/p>\n<p><strong>Main locations of interest<\/strong>: Source of Huebro river, Rosario Church, route of the water mills, Villa de Nijar: Plaza de Arriba, Calle de las Eras; Isabel II Marsh, Campohermoso, Bermejo moorish well, Fernan Perez aqueduct, Fernan Perez mill and washing, Balsa Blanca cortijada, Alias river mills, Carboneras desalination plant.<\/p>\n<p><strong>Distance<\/strong>: 52 Km.[\/vc_column_text][vc_single_image image=&#8221;2319&#8243; img_size=&#8221;570&#215;320&#8243;][\/vc_column][vc_column width=&#8221;1\/2&#8243;][vc_column_text]<\/p>\n<h2><strong>Watchtowers and fortresses<\/strong><\/h2>\n<p>&nbsp;<\/p>\n<p><strong>Villages<\/strong>: Carboneras, Aguamarga, Las Negras and Rodalquiar.<\/p>\n<p><strong>Main locations of interest<\/strong>: Castle of San Andres, Carboneras (tourist village, fishing and seafood cuisine), Mesa Roldan fortress, Lighthouse, Mesa Roldan geology, Los Muertos beach, old structure of Sierra Alhamilla iron mines, Scenery viewpoint , Agua Amarga, bentonite mines, the Hortichuelas, los Alumbres castle, etc&#8230;<\/p>\n<p><strong>Distance<\/strong> : \/ 36 Km.[\/vc_column_text][vc_single_image image=&#8221;2318&#8243; img_size=&#8221;570&#215;320&#8243;][\/vc_column][\/vc_row]<\/p>\n<\/div>","protected":false},"excerpt":{"rendered":"<p>[vc_row][vc_column][vc_column_text]Natural Park Cabo de Gata hides charming villages and hundreds of places to explore. We offer here a selection of routes to visit the towns of Cabo de Gata and their points of interest: monuments, farmhouses, nature, geology, gastronomy&#8230; and much more to discover![\/vc_column_text][\/vc_column][\/vc_row][vc_row][vc_column width=&#8221;1\/2&#8243;][vc_column_text] The dessert meets the sea &nbsp; Villages: Cabo de Gata, [&hellip;]<\/p>\n","protected":false},"author":2,"featured_media":3579,"parent":3506,"menu_order":0,"comment_status":"closed","ping_status":"closed","template":"","meta":{"_acf_changed":false,"footnotes":""},"class_list":["post-3578","page","type-page","status-publish","has-post-thumbnail","hentry"],"acf":[],"publishpress_future_action":{"enabled":false,"date":"2026-05-09 08:48:30","action":"change-status","newStatus":"draft","terms":[],"taxonomy":"translation_priority"},"publishpress_future_workflow_manual_trigger":{"enabledWorkflows":[]},"_links":{"self":[{"href":"https:\/\/www.losesculloscabodegata.com\/en\/wp-json\/wp\/v2\/pages\/3578","targetHints":{"allow":["GET"]}}],"collection":[{"href":"https:\/\/www.losesculloscabodegata.com\/en\/wp-json\/wp\/v2\/pages"}],"about":[{"href":"https:\/\/www.losesculloscabodegata.com\/en\/wp-json\/wp\/v2\/types\/page"}],"author":[{"embeddable":true,"href":"https:\/\/www.losesculloscabodegata.com\/en\/wp-json\/wp\/v2\/users\/2"}],"replies":[{"embeddable":true,"href":"https:\/\/www.losesculloscabodegata.com\/en\/wp-json\/wp\/v2\/comments?post=3578"}],"version-history":[{"count":2,"href":"https:\/\/www.losesculloscabodegata.com\/en\/wp-json\/wp\/v2\/pages\/3578\/revisions"}],"predecessor-version":[{"id":3587,"href":"https:\/\/www.losesculloscabodegata.com\/en\/wp-json\/wp\/v2\/pages\/3578\/revisions\/3587"}],"up":[{"embeddable":true,"href":"https:\/\/www.losesculloscabodegata.com\/en\/wp-json\/wp\/v2\/pages\/3506"}],"wp:featuredmedia":[{"embeddable":true,"href":"https:\/\/www.losesculloscabodegata.com\/en\/wp-json\/wp\/v2\/media\/3579"}],"wp:attachment":[{"href":"https:\/\/www.losesculloscabodegata.com\/en\/wp-json\/wp\/v2\/media?parent=3578"}],"curies":[{"name":"wp","href":"https:\/\/api.w.org\/{rel}","templated":true}]}}