{"id":16517,"date":"2018-12-19T07:05:09","date_gmt":"2018-12-19T07:05:09","guid":{"rendered":"https:\/\/www.losesculloscabodegata.com\/logement\/bungalows-premium\/"},"modified":"2025-02-24T08:07:32","modified_gmt":"2025-02-24T08:07:32","slug":"prime-de-bungalows","status":"publish","type":"page","link":"https:\/\/www.losesculloscabodegata.com\/fr\/logement\/prime-de-bungalows\/","title":{"rendered":"Prime de bungalows"},"content":{"rendered":"<div class=\"wpb-content-wrapper\"><p>[vc_row disable_element=\u00a0\u00bbyes\u00a0\u00bb css=\u00a0\u00bb.vc_custom_1726650552898{margin-bottom: 30px !important;}\u00a0\u00bb][vc_column][vc_column_text]Le logement parfait pour le couple id\u00e9al. C&rsquo;est l&rsquo;endroit o\u00f9 vous vous sentirez comme chez vous et pourrez profiter de tout le confort qu&rsquo;il offre avec 22 m\u00e8tres carr\u00e9s. Se reposer en pleine nature n&rsquo;a jamais \u00e9t\u00e9 aussi agr\u00e9able qu&rsquo;aujourd&rsquo;hui. Avez-vous imagin\u00e9 des vacances comme celles-ci? Au Camping Los Escullos, vous pouvez les r\u00e9aliser en un seul clic.<\/p>\n<p>&nbsp;<\/p>\n<p>Nous apportons le meilleur de votre maison dans un cadre naturel incomparable pour que vous ayez tout. Les bungalows premium disposent d&rsquo;une cuisine, d&rsquo;un salon-chambre \u00e0 coucher et d&rsquo;une salle de bain avec douche. De plus, ils disposent d&rsquo;une petite terrasse \u00e0 l&rsquo;entr\u00e9e depuis laquelle vous pouvez contempler la nature.<\/p>\n<p>&nbsp;<\/p>\n<p>Un jardin arri\u00e8re avec du gazon artificiel, deux hamacs et une douche ext\u00e9rieure compl\u00e8tent un h\u00e9bergement con\u00e7u pour les moments sp\u00e9ciaux. Vous n&rsquo;avez pas \u00e0 vous soucier des appareils \u00e9lectrom\u00e9nagers: lave-vaisselle, r\u00e9frig\u00e9rateur, plaque de cuisson en c\u00e9ramique, micro-ondes, machine \u00e0 caf\u00e9 Nespresso, grille-pain et vaisselle sont \u00e9galement inclus.[\/vc_column_text]\n\t<div class=\"nd_options_section nd_options_text_align_center\">\n\t<a style=\"border: px solid;border-radius:px;letter-spacing:px;line-height:18px;font-size:18px;background-color:#22205f;padding:10px 20px;margin:10px;color:#ffffff\" rel=\"\" target=\"_blank\" href=\"https:\/\/ctescullos.bookinweb.es\/es\/booking\/process\/\" class=\"nicdark_display_inline_block  nd_options_font_weight_normal nd_options_second_font  \">R\u00c9SERVER UN H\u00c9BERGEMENT<\/a>\n\t<\/div>\n[\/vc_column][\/vc_row][vc_row][vc_column width=\u00a0\u00bb1\/2&Prime;][vc_raw_html]JTNDaWZyYW1lJTIwY2xhc3MlM0QlMjJ2aWRlby15b3V0dWJlJTIyJTBBJTIwJTIwJTIwd2lkdGglM0QlMjIxMDAlMjUlMjIlMEElMjAlMjAlMjBoZWlnaHQlM0QlMjI1NzBweCUyMiUwQSUyMCUyMCUyMHNyYyUzRCUyMmh0dHBzJTNBJTJGJTJGd3d3LnlvdXR1YmUuY29tJTJGZW1iZWQlMkZhX19pZFZrSHY0cyUzRnJlbCUzRDAlMjIlMEElMjAlMjAlMjBhbGxvdyUzRCUyMmFjY2VsZXJvbWV0ZXIlM0IlMjBhdXRvcGxheSUzQiUyMGNsaXBib2FyZC13cml0ZSUzQiUyMGVuY3J5cHRlZC1tZWRpYSUzQiUyMGd5cm9zY29wZSUzQiUyMHBpY3R1cmUtaW4tcGljdHVyZSUyMiUwQSUyMCUyMCUyMGFsbG93ZnVsbHNjcmVlbiUyMCUzRSUwQSUzQyUyRmlmcmFtZSUzRQ==[\/vc_raw_html][\/vc_column][vc_column width=\u00a0\u00bb1\/2&Prime;][vc_column_text]Le <strong>logement parfait pour le couple id\u00e9al<\/strong>.<br \/>\nVous trouverez:<\/p>\n<ul>\n<li>Maisons de 22 m\u00e8tres carr\u00e9s de type studio<\/li>\n<li>Cuisine enti\u00e8rement \u00e9quip\u00e9e<\/li>\n<li>Salon-chambre<\/li>\n<li>Salles de bain avec douche priv\u00e9e<\/li>\n<li>Lit double et canap\u00e9-lit<\/li>\n<li>Possibilit\u00e9 d&rsquo;un lit parapluie<\/li>\n<li>Serviettes de bain et draps inclus<\/li>\n<li>Porche<\/li>\n<li>Parking<\/li>\n<li>Climatisation<\/li>\n<\/ul>\n<p><strong>Les animaux ne sont pas autoris\u00e9s.<\/strong>[\/vc_column_text]\n\t\n\t<a style=\"border: px solid;border-radius:px;letter-spacing:px;line-height:18px;font-size:18px;background-color:#22205f;padding:10px 20px;margin:10px;color:#ffffff\" rel=\"\" target=\"_blank\" href=\"https:\/\/ctescullos.bookinweb.es\/es\/booking\/process\/\" class=\"nicdark_display_inline_block nd_options_float_left nd_options_font_weight_normal nd_options_second_font  \">R\u00c9SERVER UN H\u00c9BERGEMENT<\/a>\n\t\n[\/vc_column][\/vc_row][vc_row][vc_column width=\u00a0\u00bb1\/3&Prime;][vc_single_image image=\u00a0\u00bb18967&Prime; img_size=\u00a0\u00bbfull\u00a0\u00bb onclick=\u00a0\u00bblink_image\u00a0\u00bb][\/vc_column][vc_column width=\u00a0\u00bb1\/3&Prime;][vc_single_image image=\u00a0\u00bb18962&Prime; img_size=\u00a0\u00bblarge\u00a0\u00bb onclick=\u00a0\u00bblink_image\u00a0\u00bb][\/vc_column][vc_column width=\u00a0\u00bb1\/3&Prime;][vc_single_image image=\u00a0\u00bb18952&Prime; img_size=\u00a0\u00bblarge\u00a0\u00bb onclick=\u00a0\u00bblink_image\u00a0\u00bb][\/vc_column][\/vc_row][vc_row][vc_column width=\u00a0\u00bb1\/3&Prime;][vc_single_image image=\u00a0\u00bb18972&Prime; img_size=\u00a0\u00bblarge\u00a0\u00bb onclick=\u00a0\u00bblink_image\u00a0\u00bb][\/vc_column][vc_column width=\u00a0\u00bb1\/3&Prime;][vc_single_image image=\u00a0\u00bb18957&Prime; img_size=\u00a0\u00bblarge\u00a0\u00bb onclick=\u00a0\u00bblink_image\u00a0\u00bb][\/vc_column][vc_column width=\u00a0\u00bb1\/3&Prime;][vc_single_image image=\u00a0\u00bb18977&Prime; img_size=\u00a0\u00bblarge\u00a0\u00bb onclick=\u00a0\u00bblink_image\u00a0\u00bb][\/vc_column][\/vc_row][vc_row css=\u00a0\u00bb.vc_custom_1623142928641{margin-top: 60px !important;}\u00a0\u00bb][vc_column][vc_custom_heading text=\u00a0\u00bbCela pourrait vous int\u00e9resser\u00a0\u00bb font_container=\u00a0\u00bbtag:h2|font_size:30px|text_align:left|line_height:30px\u00a0\u00bb use_theme_fonts=\u00a0\u00bbyes\u00a0\u00bb css=\u00a0\u00bb.vc_custom_1623142913135{margin-bottom: 15px !important;}\u00a0\u00bb][vc_basic_grid post_type=\u00a0\u00bbids\u00a0\u00bb item=\u00a0\u00bb1399&Prime; grid_id=\u00a0\u00bbvc_gid:1740384342961-4eafd5ee-34d8-10&Prime; include=\u00a0\u00bb1349, 1347, 1353&Prime; el_class=\u00a0\u00bblistado-alojamientos-home\u00a0\u00bb]\n\t<div class=\"nd_options_section nd_options_text_align_center\">\n\t<a style=\"border: px solid;border-radius:px;letter-spacing:px;line-height:18px;font-size:18px;background-color:#22205f;padding:10px 20px;margin:10px;color:#ffffff\" rel=\"\" target=\"_blank\" href=\"https:\/\/www.losesculloscabodegata.com\/wp-content\/uploads\/2025\/02\/Plano-de-los-Escullos-FR.pdf\" class=\"nicdark_display_inline_block  nd_options_font_weight_normal nd_options_second_font  \">T\u00c9L\u00c9CHARGER LE PLAN DU CAMPING LOS ESCULLOS<\/a>\n\t<\/div>\n[\/vc_column][\/vc_row]<\/p>\n<\/div>","protected":false},"excerpt":{"rendered":"<p>[vc_row disable_element=\u00a0\u00bbyes\u00a0\u00bb css=\u00a0\u00bb.vc_custom_1726650552898{margin-bottom: 30px !important;}\u00a0\u00bb][vc_column][vc_column_text]Le logement parfait pour le couple id\u00e9al. C&rsquo;est l&rsquo;endroit o\u00f9 vous vous sentirez comme chez vous et pourrez profiter de tout le confort qu&rsquo;il offre avec 22 m\u00e8tres carr\u00e9s. Se reposer en pleine nature n&rsquo;a jamais \u00e9t\u00e9 aussi agr\u00e9able qu&rsquo;aujourd&rsquo;hui. Avez-vous imagin\u00e9 des vacances comme celles-ci? Au Camping Los Escullos, vous [&hellip;]<\/p>\n","protected":false},"author":2,"featured_media":13995,"parent":3450,"menu_order":0,"comment_status":"closed","ping_status":"closed","template":"","meta":{"_acf_changed":false,"footnotes":""},"class_list":["post-16517","page","type-page","status-publish","has-post-thumbnail","hentry"],"acf":[],"publishpress_future_action":{"enabled":false,"date":"2026-04-27 14:21:01","action":"change-status","newStatus":"draft","terms":[],"taxonomy":"translation_priority"},"publishpress_future_workflow_manual_trigger":{"enabledWorkflows":[]},"_links":{"self":[{"href":"https:\/\/www.losesculloscabodegata.com\/fr\/wp-json\/wp\/v2\/pages\/16517","targetHints":{"allow":["GET"]}}],"collection":[{"href":"https:\/\/www.losesculloscabodegata.com\/fr\/wp-json\/wp\/v2\/pages"}],"about":[{"href":"https:\/\/www.losesculloscabodegata.com\/fr\/wp-json\/wp\/v2\/types\/page"}],"author":[{"embeddable":true,"href":"https:\/\/www.losesculloscabodegata.com\/fr\/wp-json\/wp\/v2\/users\/2"}],"replies":[{"embeddable":true,"href":"https:\/\/www.losesculloscabodegata.com\/fr\/wp-json\/wp\/v2\/comments?post=16517"}],"version-history":[{"count":7,"href":"https:\/\/www.losesculloscabodegata.com\/fr\/wp-json\/wp\/v2\/pages\/16517\/revisions"}],"predecessor-version":[{"id":20547,"href":"https:\/\/www.losesculloscabodegata.com\/fr\/wp-json\/wp\/v2\/pages\/16517\/revisions\/20547"}],"up":[{"embeddable":true,"href":"https:\/\/www.losesculloscabodegata.com\/fr\/wp-json\/wp\/v2\/pages\/3450"}],"wp:featuredmedia":[{"embeddable":true,"href":"https:\/\/www.losesculloscabodegata.com\/fr\/wp-json\/wp\/v2\/media\/13995"}],"wp:attachment":[{"href":"https:\/\/www.losesculloscabodegata.com\/fr\/wp-json\/wp\/v2\/media?parent=16517"}],"curies":[{"name":"wp","href":"https:\/\/api.w.org\/{rel}","templated":true}]}}