{"id":16562,"date":"2023-11-17T11:21:41","date_gmt":"2023-11-17T11:21:41","guid":{"rendered":"https:\/\/www.losesculloscabodegata.com\/?page_id=16562"},"modified":"2025-02-24T08:00:39","modified_gmt":"2025-02-24T08:00:39","slug":"mobilhomes","status":"publish","type":"page","link":"https:\/\/www.losesculloscabodegata.com\/fr\/logement\/mobilhomes\/","title":{"rendered":"Mobilhomes"},"content":{"rendered":"<div class=\"wpb-content-wrapper\"><p>[vc_row disable_element=\u00a0\u00bbyes\u00a0\u00bb css=\u00a0\u00bb.vc_custom_1681383022705{margin-bottom: 30px !important;}\u00a0\u00bb][vc_column][vc_column_text]Le Mobil-Home est un h\u00e9bergement recommand\u00e9 pour les s\u00e9jours en groupe. Il se rapproche le plus d&rsquo;une maison traditionnelle, mais il est situ\u00e9 dans un camping incomparable. Situ\u00e9 dans une zone s\u00e9par\u00e9e du camping, vous pouvez profiter d&rsquo;une tranquillit\u00e9 absolue avec les enfants dans la maison. Ou, si vous pr\u00e9f\u00e9rez, avec les amis qui m\u00e9ritent de passer de bonnes vacances.<\/p>\n<p>&nbsp;<\/p>\n<p>D&rsquo;une capacit\u00e9 de cinq personnes, il s&rsquo;agit d&rsquo;un type de bungalow qui dispose de nombreux conforts con\u00e7us pour votre famille. Il comprend l&rsquo;air conditionn\u00e9, des ustensiles de cuisine, un four \u00e0 micro-ondes, une cafeti\u00e8re \u00e9lectrique, une plaque de cuisson en c\u00e9ramique, un r\u00e9frig\u00e9rateur, une t\u00e9l\u00e9vision \u00e0 \u00e9cran plat, des meubles de jardin, des armoires et des draps de lit.<\/p>\n<p>&nbsp;<\/p>\n<p>Des lits de voyage sont \u00e9galement disponibles gratuitement sur demande. Les serviettes de bain et de toilette sont fournies gratuitement dans les bungalows.[\/vc_column_text][\/vc_column][\/vc_row][vc_row full_width=\u00a0\u00bbstretch_row\u00a0\u00bb][vc_column width=\u00a0\u00bb1\/2&Prime;][vc_raw_html]JTNDdmlkZW8lMjB3aWR0aCUzRCUyMjEwMCUyNSUyMiUyMGhlaWdodCUzRCUyMmF1dG8lMjIlMjBjb250cm9scyUyMGF1dG9wbGF5JTIwbG9vcCUzRSUwQSUyMCUyMCUzQ3NvdXJjZSUyMHNyYyUzRCUyMmh0dHBzJTNBJTJGJTJGd3d3Lmxvc2VzY3VsbG9zY2Fib2RlZ2F0YS5jb20lMkZ3cC1jb250ZW50JTJGdXBsb2FkcyUyRjIwMjMlMkYwNyUyRm1vYmlsZWhvbWVzLm1wNCUyMiUyMHR5cGUlM0QlMjJ2aWRlbyUyRm1wNCUyMiUzRSUwQSUyMCUyMCUzQ3NvdXJjZSUyMHNyYyUzRCUyMmh0dHBzJTNBJTJGJTJGd3d3Lmxvc2VzY3VsbG9zY2Fib2RlZ2F0YS5jb20lMkZ3cC1jb250ZW50JTJGdXBsb2FkcyUyRjIwMjMlMkYwNyUyRm1vYmlsZWhvbWVzLm1wNCUyMiUyMHR5cGUlM0QlMjJ2aWRlbyUyRm9nZyUyMiUzRSUwQSUzQyUyRnZpZGVvJTNFJTIw[\/vc_raw_html][\/vc_column][vc_column width=\u00a0\u00bb1\/2&Prime;][vc_custom_heading text=\u00a0\u00bbNous lan\u00e7ons de nouveaux mobilhomes !\u00a0\u00bb font_container=\u00a0\u00bbtag:h2|font_size:38|text_align:left|color:%2322205f|line_height:46px\u00a0\u00bb use_theme_fonts=\u00a0\u00bbyes\u00a0\u00bb css_animation=\u00a0\u00bbnone\u00a0\u00bb][vc_empty_space height=\u00a0\u00bb35px\u00a0\u00bb][vc_column_text]Id\u00e9al <strong>pour les familles ou les groupes d&rsquo;amis<\/strong>:<\/p>\n<ul>\n<li>Dimensions: <strong>8,80 x 3,80 m<\/strong><\/li>\n<li>Capacit\u00e9 <strong>pour 4 personnes<\/strong><\/li>\n<li>Deux chambres<\/li>\n<li>Salon lumineux ouvert sur l&rsquo;ext\u00e9rieur<\/li>\n<li>Double porte d&rsquo;entr\u00e9e, pour un int\u00e9rieur lumineux<\/li>\n<li>Terrasse couverte tr\u00e8s agr\u00e9able<\/li>\n<li>Les animaux domestiques <strong>ne<\/strong> sont pas autoris\u00e9s<\/li>\n<\/ul>\n<p>[\/vc_column_text][vc_empty_space height=\u00a0\u00bb15px\u00a0\u00bb]\n\t\n\t<a style=\"border: px solid;border-radius:px;letter-spacing:px;line-height:18px;font-size:18px;background-color:#22205f;padding:10px 20px;margin:10px;color:#ffffff\" rel=\"\" target=\"_blank\" href=\"https:\/\/ctescullos.bookinweb.es\/es\/booking\/process\/\" class=\"nicdark_display_inline_block nd_options_float_left nd_options_font_weight_normal nd_options_second_font  \">R\u00c9SERVER UN LOGEMENT<\/a>\n\t\n[\/vc_column][\/vc_row][vc_row][vc_column width=\u00a0\u00bb1\/3&Prime;][vc_single_image image=\u00a0\u00bb15991&Prime; img_size=\u00a0\u00bblarge\u00a0\u00bb onclick=\u00a0\u00bblink_image\u00a0\u00bb][\/vc_column][vc_column width=\u00a0\u00bb1\/3&Prime;][vc_single_image image=\u00a0\u00bb15996&Prime; img_size=\u00a0\u00bblarge\u00a0\u00bb onclick=\u00a0\u00bblink_image\u00a0\u00bb][\/vc_column][vc_column width=\u00a0\u00bb1\/3&Prime;][vc_single_image image=\u00a0\u00bb16002&Prime; img_size=\u00a0\u00bblarge\u00a0\u00bb onclick=\u00a0\u00bblink_image\u00a0\u00bb][\/vc_column][\/vc_row][vc_row][vc_column width=\u00a0\u00bb1\/2&Prime;][vc_single_image image=\u00a0\u00bb15094&Prime; img_size=\u00a0\u00bbfull\u00a0\u00bb onclick=\u00a0\u00bblink_image\u00a0\u00bb][\/vc_column][vc_column width=\u00a0\u00bb1\/2&Prime;][vc_single_image image=\u00a0\u00bb15053&Prime; img_size=\u00a0\u00bbfull\u00a0\u00bb onclick=\u00a0\u00bblink_image\u00a0\u00bb][\/vc_column][\/vc_row][vc_row css=\u00a0\u00bb.vc_custom_1623144012257{margin-top: 60px !important;}\u00a0\u00bb][vc_column][vc_custom_heading text=\u00a0\u00bbVous pouvez \u00eatre int\u00e9ress\u00e9 par\u00a0\u00bb font_container=\u00a0\u00bbtag:h2|font_size:30px|text_align:left|line_height:30px\u00a0\u00bb use_theme_fonts=\u00a0\u00bbyes\u00a0\u00bb css=\u00a0\u00bb.vc_custom_1700220056932{margin-bottom: 15px !important;}\u00a0\u00bb][vc_basic_grid post_type=\u00a0\u00bbids\u00a0\u00bb item=\u00a0\u00bb1399&Prime; grid_id=\u00a0\u00bbvc_gid:1740383877044-205dcb72-9acb-9&Prime; include=\u00a0\u00bb1349, 1347, 1353&Prime; el_class=\u00a0\u00bblistado-alojamientos-home\u00a0\u00bb]\n\t<div class=\"nd_options_section nd_options_text_align_center\">\n\t<a style=\"border: px solid;border-radius:px;letter-spacing:px;line-height:18px;font-size:18px;background-color:#22205f;padding:10px 20px;margin:10px;color:#ffffff\" rel=\"\" target=\"_blank\" href=\"https:\/\/www.losesculloscabodegata.com\/wp-content\/uploads\/2025\/02\/Plano-de-los-Escullos-FR.pdf\" class=\"nicdark_display_inline_block  nd_options_font_weight_normal nd_options_second_font  \">T\u00c9L\u00c9CHARGER LE PLAN DU CAMPING LOS ESCULLOS<\/a>\n\t<\/div>\n[\/vc_column][\/vc_row]<\/p>\n<\/div>","protected":false},"excerpt":{"rendered":"<p>[vc_row disable_element=\u00a0\u00bbyes\u00a0\u00bb css=\u00a0\u00bb.vc_custom_1681383022705{margin-bottom: 30px !important;}\u00a0\u00bb][vc_column][vc_column_text]Le Mobil-Home est un h\u00e9bergement recommand\u00e9 pour les s\u00e9jours en groupe. Il se rapproche le plus d&rsquo;une maison traditionnelle, mais il est situ\u00e9 dans un camping incomparable. Situ\u00e9 dans une zone s\u00e9par\u00e9e du camping, vous pouvez profiter d&rsquo;une tranquillit\u00e9 absolue avec les enfants dans la maison. Ou, si vous pr\u00e9f\u00e9rez, avec [&hellip;]<\/p>\n","protected":false},"author":31,"featured_media":15980,"parent":3450,"menu_order":0,"comment_status":"closed","ping_status":"closed","template":"","meta":{"_acf_changed":false,"footnotes":""},"class_list":["post-16562","page","type-page","status-publish","has-post-thumbnail","hentry"],"acf":[],"publishpress_future_action":{"enabled":false,"date":"2026-04-25 10:37:52","action":"change-status","newStatus":"draft","terms":[],"taxonomy":"translation_priority"},"publishpress_future_workflow_manual_trigger":{"enabledWorkflows":[]},"_links":{"self":[{"href":"https:\/\/www.losesculloscabodegata.com\/fr\/wp-json\/wp\/v2\/pages\/16562","targetHints":{"allow":["GET"]}}],"collection":[{"href":"https:\/\/www.losesculloscabodegata.com\/fr\/wp-json\/wp\/v2\/pages"}],"about":[{"href":"https:\/\/www.losesculloscabodegata.com\/fr\/wp-json\/wp\/v2\/types\/page"}],"author":[{"embeddable":true,"href":"https:\/\/www.losesculloscabodegata.com\/fr\/wp-json\/wp\/v2\/users\/31"}],"replies":[{"embeddable":true,"href":"https:\/\/www.losesculloscabodegata.com\/fr\/wp-json\/wp\/v2\/comments?post=16562"}],"version-history":[{"count":3,"href":"https:\/\/www.losesculloscabodegata.com\/fr\/wp-json\/wp\/v2\/pages\/16562\/revisions"}],"predecessor-version":[{"id":20534,"href":"https:\/\/www.losesculloscabodegata.com\/fr\/wp-json\/wp\/v2\/pages\/16562\/revisions\/20534"}],"up":[{"embeddable":true,"href":"https:\/\/www.losesculloscabodegata.com\/fr\/wp-json\/wp\/v2\/pages\/3450"}],"wp:featuredmedia":[{"embeddable":true,"href":"https:\/\/www.losesculloscabodegata.com\/fr\/wp-json\/wp\/v2\/media\/15980"}],"wp:attachment":[{"href":"https:\/\/www.losesculloscabodegata.com\/fr\/wp-json\/wp\/v2\/media?parent=16562"}],"curies":[{"name":"wp","href":"https:\/\/api.w.org\/{rel}","templated":true}]}}