{"id":20108,"date":"2025-01-21T16:51:41","date_gmt":"2025-01-21T16:51:41","guid":{"rendered":"https:\/\/www.losesculloscabodegata.com\/?page_id=20108"},"modified":"2025-01-21T16:51:42","modified_gmt":"2025-01-21T16:51:42","slug":"sports","status":"publish","type":"page","link":"https:\/\/www.losesculloscabodegata.com\/fr\/groupes\/sports\/","title":{"rendered":"Sports"},"content":{"rendered":"<div class=\"wpb-content-wrapper\"><p>[vc_row][vc_column width=\u00a0\u00bb1\/2&Prime;][vc_single_image image=\u00a0\u00bb7231&Prime; img_size=\u00a0\u00bbfull\u00a0\u00bb][\/vc_column][vc_column width=\u00a0\u00bb1\/2&Prime;][vc_column_text]Pour les groupes SPORTIFS, nous proposons un type d&rsquo;h\u00e9bergement diff\u00e9rent. Si vous l&rsquo;essayez, vous verrez que c&rsquo;est m\u00eame mieux que de s\u00e9journer dans un h\u00f4tel, gr\u00e2ce \u00e0 la libert\u00e9 d&rsquo;\u00eatre en pleine nature. En raison de notre climat privil\u00e9gi\u00e9, avec de faibles pr\u00e9cipitations et des temp\u00e9ratures hivernales douces, <strong>Camping Los Escullos<\/strong> est un lieu id\u00e9al pour se baser pour des sorties \u00e0 v\u00e9lo, des randonn\u00e9es ou des activit\u00e9s d&rsquo;entra\u00eenement.[\/vc_column_text][\/vc_column][\/vc_row][vc_row][vc_column]\n\t<div class=\"nd_options_section nd_options_text_align_center\">\n\t<a style=\"border: px solid;border-radius:px;letter-spacing:px;line-height:18px;font-size:18px;background-color:#22205f;padding:10px 20px;margin:10px;color:#ffffff\" rel=\"\" href=\"https:\/\/www.losesculloscabodegata.com\/grupos-y-largas-estancias\/\" class=\"nicdark_display_inline_block   nd_options_second_font  \">VOIR PLUS D'INFORMATIONS SUR LES GROUPES<\/a>\n\t<\/div>\n[\/vc_column][\/vc_row]<\/p>\n<\/div>","protected":false},"excerpt":{"rendered":"<p>[vc_row][vc_column width=\u00a0\u00bb1\/2&Prime;][vc_single_image image=\u00a0\u00bb7231&Prime; img_size=\u00a0\u00bbfull\u00a0\u00bb][\/vc_column][vc_column width=\u00a0\u00bb1\/2&Prime;][vc_column_text]Pour les groupes SPORTIFS, nous proposons un type d&rsquo;h\u00e9bergement diff\u00e9rent. Si vous l&rsquo;essayez, vous verrez que c&rsquo;est m\u00eame mieux que de s\u00e9journer dans un h\u00f4tel, gr\u00e2ce \u00e0 la libert\u00e9 d&rsquo;\u00eatre en pleine nature. En raison de notre climat privil\u00e9gi\u00e9, avec de faibles pr\u00e9cipitations et des temp\u00e9ratures hivernales douces, Camping Los Escullos [&hellip;]<\/p>\n","protected":false},"author":31,"featured_media":7181,"parent":3503,"menu_order":0,"comment_status":"closed","ping_status":"closed","template":"","meta":{"_acf_changed":false,"footnotes":""},"class_list":["post-20108","page","type-page","status-publish","has-post-thumbnail","hentry"],"acf":[],"publishpress_future_action":{"enabled":false,"date":"2026-04-29 09:11:31","action":"change-status","newStatus":"draft","terms":[],"taxonomy":"translation_priority"},"publishpress_future_workflow_manual_trigger":{"enabledWorkflows":[]},"_links":{"self":[{"href":"https:\/\/www.losesculloscabodegata.com\/fr\/wp-json\/wp\/v2\/pages\/20108","targetHints":{"allow":["GET"]}}],"collection":[{"href":"https:\/\/www.losesculloscabodegata.com\/fr\/wp-json\/wp\/v2\/pages"}],"about":[{"href":"https:\/\/www.losesculloscabodegata.com\/fr\/wp-json\/wp\/v2\/types\/page"}],"author":[{"embeddable":true,"href":"https:\/\/www.losesculloscabodegata.com\/fr\/wp-json\/wp\/v2\/users\/31"}],"replies":[{"embeddable":true,"href":"https:\/\/www.losesculloscabodegata.com\/fr\/wp-json\/wp\/v2\/comments?post=20108"}],"version-history":[{"count":2,"href":"https:\/\/www.losesculloscabodegata.com\/fr\/wp-json\/wp\/v2\/pages\/20108\/revisions"}],"predecessor-version":[{"id":20113,"href":"https:\/\/www.losesculloscabodegata.com\/fr\/wp-json\/wp\/v2\/pages\/20108\/revisions\/20113"}],"up":[{"embeddable":true,"href":"https:\/\/www.losesculloscabodegata.com\/fr\/wp-json\/wp\/v2\/pages\/3503"}],"wp:featuredmedia":[{"embeddable":true,"href":"https:\/\/www.losesculloscabodegata.com\/fr\/wp-json\/wp\/v2\/media\/7181"}],"wp:attachment":[{"href":"https:\/\/www.losesculloscabodegata.com\/fr\/wp-json\/wp\/v2\/media?parent=20108"}],"curies":[{"name":"wp","href":"https:\/\/api.w.org\/{rel}","templated":true}]}}