{"id":20134,"date":"2025-01-22T07:18:24","date_gmt":"2025-01-22T07:18:24","guid":{"rendered":"https:\/\/www.losesculloscabodegata.com\/?page_id=20134"},"modified":"2025-01-22T07:18:24","modified_gmt":"2025-01-22T07:18:24","slug":"camps","status":"publish","type":"page","link":"https:\/\/www.losesculloscabodegata.com\/fr\/groupes\/camps\/","title":{"rendered":"Camps"},"content":{"rendered":"<div class=\"wpb-content-wrapper\"><p>[vc_row][vc_column width=\u00a0\u00bb1\/2&Prime;][vc_single_image image=\u00a0\u00bb7245&Prime; img_size=\u00a0\u00bbfull\u00a0\u00bb][\/vc_column][vc_column width=\u00a0\u00bb1\/2&Prime;][vc_column_text]<\/p>\n<p>Pour les <strong>CAMPS SCOLAIRES<\/strong>, nous avons une longue tradition d&rsquo;accueil de ce type d&rsquo;h\u00e9bergement. Nous mettons nos installations \u00e0 votre disposition et, pour votre confort, nous proposons m\u00eame d&rsquo;avoir les tentes d\u00e9j\u00e0 mont\u00e9es \u00e0 votre arriv\u00e9e.<\/p>\n<p>[\/vc_column_text][\/vc_column][\/vc_row][vc_row][vc_column]\n\t<div class=\"nd_options_section nd_options_text_align_center\">\n\t<a style=\"border: px solid;border-radius:px;letter-spacing:px;line-height:18px;font-size:18px;background-color:#22205f;padding:10px 20px;margin:10px;color:#ffffff\" rel=\"\" href=\"https:\/\/www.losesculloscabodegata.com\/grupos-y-largas-estancias\/\" class=\"nicdark_display_inline_block   nd_options_second_font  \">VOIR PLUS D'INFORMATIONS SUR LES GROUPES<\/a>\n\t<\/div>\n[\/vc_column][\/vc_row]<\/p>\n<\/div>","protected":false},"excerpt":{"rendered":"<p>[vc_row][vc_column width=\u00a0\u00bb1\/2&Prime;][vc_single_image image=\u00a0\u00bb7245&Prime; img_size=\u00a0\u00bbfull\u00a0\u00bb][\/vc_column][vc_column width=\u00a0\u00bb1\/2&Prime;][vc_column_text] Pour les CAMPS SCOLAIRES, nous avons une longue tradition d&rsquo;accueil de ce type d&rsquo;h\u00e9bergement. Nous mettons nos installations \u00e0 votre disposition et, pour votre confort, nous proposons m\u00eame d&rsquo;avoir les tentes d\u00e9j\u00e0 mont\u00e9es \u00e0 votre arriv\u00e9e. [\/vc_column_text][\/vc_column][\/vc_row][vc_row][vc_column][\/vc_column][\/vc_row]<\/p>\n","protected":false},"author":31,"featured_media":7207,"parent":3503,"menu_order":0,"comment_status":"closed","ping_status":"closed","template":"","meta":{"_acf_changed":false,"footnotes":""},"class_list":["post-20134","page","type-page","status-publish","has-post-thumbnail","hentry"],"acf":[],"publishpress_future_action":{"enabled":false,"date":"2026-04-29 10:34:05","action":"change-status","newStatus":"draft","terms":[],"taxonomy":"translation_priority"},"publishpress_future_workflow_manual_trigger":{"enabledWorkflows":[]},"_links":{"self":[{"href":"https:\/\/www.losesculloscabodegata.com\/fr\/wp-json\/wp\/v2\/pages\/20134","targetHints":{"allow":["GET"]}}],"collection":[{"href":"https:\/\/www.losesculloscabodegata.com\/fr\/wp-json\/wp\/v2\/pages"}],"about":[{"href":"https:\/\/www.losesculloscabodegata.com\/fr\/wp-json\/wp\/v2\/types\/page"}],"author":[{"embeddable":true,"href":"https:\/\/www.losesculloscabodegata.com\/fr\/wp-json\/wp\/v2\/users\/31"}],"replies":[{"embeddable":true,"href":"https:\/\/www.losesculloscabodegata.com\/fr\/wp-json\/wp\/v2\/comments?post=20134"}],"version-history":[{"count":2,"href":"https:\/\/www.losesculloscabodegata.com\/fr\/wp-json\/wp\/v2\/pages\/20134\/revisions"}],"predecessor-version":[{"id":20141,"href":"https:\/\/www.losesculloscabodegata.com\/fr\/wp-json\/wp\/v2\/pages\/20134\/revisions\/20141"}],"up":[{"embeddable":true,"href":"https:\/\/www.losesculloscabodegata.com\/fr\/wp-json\/wp\/v2\/pages\/3503"}],"wp:featuredmedia":[{"embeddable":true,"href":"https:\/\/www.losesculloscabodegata.com\/fr\/wp-json\/wp\/v2\/media\/7207"}],"wp:attachment":[{"href":"https:\/\/www.losesculloscabodegata.com\/fr\/wp-json\/wp\/v2\/media?parent=20134"}],"curies":[{"name":"wp","href":"https:\/\/api.w.org\/{rel}","templated":true}]}}