{"id":20524,"date":"2025-02-24T07:30:15","date_gmt":"2025-02-24T07:30:15","guid":{"rendered":"https:\/\/www.losesculloscabodegata.com\/?page_id=20524"},"modified":"2025-02-24T07:30:15","modified_gmt":"2025-02-24T07:30:15","slug":"horaires","status":"publish","type":"page","link":"https:\/\/www.losesculloscabodegata.com\/fr\/horaires\/","title":{"rendered":"Horaires"},"content":{"rendered":"<div class=\"wpb-content-wrapper\"><p>[vc_section css=\u00a0\u00bb.vc_custom_1717672723276{padding-top: 37px !important;padding-bottom: 21px !important;border-radius: 10px !important;}\u00a0\u00bb][vc_row gap=\u00a0\u00bb20&Prime; content_placement=\u00a0\u00bbmiddle\u00a0\u00bb][vc_column][vc_column_text]<strong>Supermarch\u00e9<\/strong>: 9 h \u00e0 14 h &#8211; 17 h \u00e0 21 h<\/p>\n<p><strong>Piscine<\/strong>: 11 h \u00e0 19 h<\/p>\n<p><strong>Restaurant<\/strong>: 8 h \u00e0 24 h<\/p>\n<p><strong>Petit d\u00e9jeuner<\/strong>: 8 h \u00e0 12 h<\/p>\n<p><strong>D\u00e9jeuner<\/strong>: 13 h 30 \u00e0 16 h<\/p>\n<p><strong>D\u00eener<\/strong>: 20 h \u00e0 23 h<\/p>\n<p><strong>R\u00e9ception<\/strong>: 24 heures<\/p>\n<p><strong>Horaires de service t\u00e9l\u00e9phonique :<\/strong> 8 h \u00e0 24 h<\/p>\n<p><strong>Check-in :<\/strong> de 14 h \u00e0 23 h<\/p>\n<p><strong>Check-out :<\/strong> avant 12 h<\/p>\n<p><strong>Concernant les r\u00e8gles g\u00e9n\u00e9rales :<\/strong><\/p>\n<ul>\n<li>Le calme \u00e0 tout moment et le silence absolu pendant les heures de repos sont un droit pour tous les campeurs.<\/li>\n<li>Ne circulez pas avec des v\u00e9hicules de 24 h \u00e0 7 h. La barri\u00e8re d&rsquo;entr\u00e9e du site se ferme \u00e0 24 h.<\/li>\n<li>Il est interdit de fumer dans les b\u00e2timents communs et dans tous les logements.<\/li>\n<li>Les animaux doivent toujours \u00eatre tenus en laisse, leurs excr\u00e9ments doivent \u00eatre nettoy\u00e9s et ils ne doivent pas d\u00e9ranger avec des aboiements.<\/li>\n<\/ul>\n<p>[\/vc_column_text][\/vc_column][\/vc_row][\/vc_section]<\/p>\n<\/div>","protected":false},"excerpt":{"rendered":"<p>[vc_section css=\u00a0\u00bb.vc_custom_1717672723276{padding-top: 37px !important;padding-bottom: 21px !important;border-radius: 10px !important;}\u00a0\u00bb][vc_row gap=\u00a0\u00bb20&Prime; content_placement=\u00a0\u00bbmiddle\u00a0\u00bb][vc_column][vc_column_text]Supermarch\u00e9: 9 h \u00e0 14 h &#8211; 17 h \u00e0 21 h Piscine: 11 h \u00e0 19 h Restaurant: 8 h \u00e0 24 h Petit d\u00e9jeuner: 8 h \u00e0 12 h D\u00e9jeuner: 13 h 30 \u00e0 16 h D\u00eener: 20 h \u00e0 23 h R\u00e9ception: 24 [&hellip;]<\/p>\n","protected":false},"author":2,"featured_media":15985,"parent":0,"menu_order":0,"comment_status":"closed","ping_status":"closed","template":"","meta":{"_acf_changed":false,"footnotes":""},"class_list":["post-20524","page","type-page","status-publish","has-post-thumbnail","hentry"],"acf":[],"publishpress_future_action":{"enabled":false,"date":"2026-04-14 09:46:30","action":"change-status","newStatus":"draft","terms":[],"taxonomy":"translation_priority"},"publishpress_future_workflow_manual_trigger":{"enabledWorkflows":[]},"_links":{"self":[{"href":"https:\/\/www.losesculloscabodegata.com\/fr\/wp-json\/wp\/v2\/pages\/20524","targetHints":{"allow":["GET"]}}],"collection":[{"href":"https:\/\/www.losesculloscabodegata.com\/fr\/wp-json\/wp\/v2\/pages"}],"about":[{"href":"https:\/\/www.losesculloscabodegata.com\/fr\/wp-json\/wp\/v2\/types\/page"}],"author":[{"embeddable":true,"href":"https:\/\/www.losesculloscabodegata.com\/fr\/wp-json\/wp\/v2\/users\/2"}],"replies":[{"embeddable":true,"href":"https:\/\/www.losesculloscabodegata.com\/fr\/wp-json\/wp\/v2\/comments?post=20524"}],"version-history":[{"count":1,"href":"https:\/\/www.losesculloscabodegata.com\/fr\/wp-json\/wp\/v2\/pages\/20524\/revisions"}],"predecessor-version":[{"id":20526,"href":"https:\/\/www.losesculloscabodegata.com\/fr\/wp-json\/wp\/v2\/pages\/20524\/revisions\/20526"}],"wp:featuredmedia":[{"embeddable":true,"href":"https:\/\/www.losesculloscabodegata.com\/fr\/wp-json\/wp\/v2\/media\/15985"}],"wp:attachment":[{"href":"https:\/\/www.losesculloscabodegata.com\/fr\/wp-json\/wp\/v2\/media?parent=20524"}],"curies":[{"name":"wp","href":"https:\/\/api.w.org\/{rel}","templated":true}]}}