{"id":3409,"date":"2018-03-13T12:29:57","date_gmt":"2018-03-13T12:29:57","guid":{"rendered":"https:\/\/www.losesculloscabodegata.com\/bengalis\/"},"modified":"2022-09-26T11:13:47","modified_gmt":"2022-09-26T11:13:47","slug":"bengalis","status":"publish","type":"page","link":"https:\/\/www.losesculloscabodegata.com\/fr\/logement\/bengalis\/","title":{"rendered":"Bengalis"},"content":{"rendered":"<div class=\"wpb-content-wrapper\"><p>[vc_row][vc_column][vc_column_text]Les <strong>Bengalis<\/strong> sont bungalow de toile inspir\u00e9 aux tente du d\u00e9sert. Nos Bengalis sont la meilleure option pour faire l\u2019exp\u00e9rience du camping sans avoir \u00e0 transporter et \u00e0 installer une tente, permettant le sentiment ext\u00e9rieure et le contact avec la nature. Elles sont id\u00e9ales pour ceux qui cherchent le <strong>confort, la fonctionnalit\u00e9 et la solution abordable<\/strong>.<\/p>\n<p>&nbsp;<\/p>\n<p>Les Bengalis ont une surface de 25 m2 et une capacit\u00e9 jusqu&rsquo;\u00e0 5 personnes. Le bengali se compose d&rsquo;une petite entr\u00e9e et une salle de s\u00e9jour; et deux chambres: une chambre avec un lit double (2 places) et une chambre avec un lit simple et un double couchette (3 places).<\/p>\n<p>&nbsp;<\/p>\n<p>Le bengali dispose de parquet et de l\u2019\u00e9lectricit\u00e9. L\u2019h\u00e9bergement comprend placards, literie et des meubles de jardin. Le lit de b\u00e9b\u00e9 est disponible gratuitement. La salle de bains et les douches chaudes sont disponibles dans les bains centraux du complexe.[\/vc_column_text][\/vc_column][\/vc_row][vc_row full_width=\u00a0\u00bbstretch_row\u00a0\u00bb][vc_column][vc_single_image image=\u00a0\u00bb13953&Prime; img_size=\u00a0\u00bbfull\u00a0\u00bb][\/vc_column][\/vc_row][vc_row][vc_column width=\u00a0\u00bb1\/4&Prime;][vc_single_image image=\u00a0\u00bb13919&Prime; img_size=\u00a0\u00bblarge\u00a0\u00bb onclick=\u00a0\u00bblink_image\u00a0\u00bb][\/vc_column][vc_column width=\u00a0\u00bb1\/4&Prime;][vc_single_image image=\u00a0\u00bb13924&Prime; img_size=\u00a0\u00bblarge\u00a0\u00bb onclick=\u00a0\u00bblink_image\u00a0\u00bb][\/vc_column][vc_column width=\u00a0\u00bb1\/4&Prime;][vc_single_image image=\u00a0\u00bb13929&Prime; img_size=\u00a0\u00bblarge\u00a0\u00bb onclick=\u00a0\u00bblink_image\u00a0\u00bb][\/vc_column][vc_column width=\u00a0\u00bb1\/4&Prime;][vc_single_image image=\u00a0\u00bb13934&Prime; img_size=\u00a0\u00bblarge\u00a0\u00bb onclick=\u00a0\u00bblink_image\u00a0\u00bb][\/vc_column][\/vc_row][vc_row][vc_column][vc_column_text]<\/p>\n<h2>Autres Logement<\/h2>\n<p>[\/vc_column_text][\/vc_column][\/vc_row][vc_row][vc_column][vc_basic_grid post_type=\u00a0\u00bbids\u00a0\u00bb item=\u00a0\u00bb1399&Prime; grid_id=\u00a0\u00bbvc_gid:1664190769436-9d97bbea-043c-6&Prime; include=\u00a0\u00bb1349, 1347, 1353&Prime;]\n\t<div class=\"nd_options_section nd_options_text_align_center\">\n\t<a style=\"border: px solid;border-radius:px;letter-spacing:px;line-height:18px;font-size:18px;background-color:#22205f;padding:10px 20px;margin:10px;color:#ffffff\" rel=\"\" target=\"_blank\" href=\"http:\/\/www.losesculloscabodegata.com\/wp-content\/uploads\/2018\/05\/Los-Escullos-Plano-Camping.pdf\" class=\"nicdark_display_inline_block  nd_options_font_weight_normal nd_options_second_font  \">PLAN CAMPING LOS ESCULLOS<\/a>\n\t<\/div>\n[\/vc_column][\/vc_row]<\/p>\n<\/div>","protected":false},"excerpt":{"rendered":"<p>[vc_row][vc_column][vc_column_text]Les Bengalis sont bungalow de toile inspir\u00e9 aux tente du d\u00e9sert. Nos Bengalis sont la meilleure option pour faire l\u2019exp\u00e9rience du camping sans avoir \u00e0 transporter et \u00e0 installer une tente, permettant le sentiment ext\u00e9rieure et le contact avec la nature. Elles sont id\u00e9ales pour ceux qui cherchent le confort, la fonctionnalit\u00e9 et la solution [&hellip;]<\/p>\n","protected":false},"author":2,"featured_media":13909,"parent":3450,"menu_order":0,"comment_status":"closed","ping_status":"closed","template":"","meta":{"_acf_changed":false,"footnotes":""},"class_list":["post-3409","page","type-page","status-publish","has-post-thumbnail","hentry"],"acf":[],"publishpress_future_action":{"enabled":false,"date":"2026-04-24 06:16:52","action":"change-status","newStatus":"draft","terms":[],"taxonomy":"translation_priority"},"publishpress_future_workflow_manual_trigger":{"enabledWorkflows":[]},"_links":{"self":[{"href":"https:\/\/www.losesculloscabodegata.com\/fr\/wp-json\/wp\/v2\/pages\/3409","targetHints":{"allow":["GET"]}}],"collection":[{"href":"https:\/\/www.losesculloscabodegata.com\/fr\/wp-json\/wp\/v2\/pages"}],"about":[{"href":"https:\/\/www.losesculloscabodegata.com\/fr\/wp-json\/wp\/v2\/types\/page"}],"author":[{"embeddable":true,"href":"https:\/\/www.losesculloscabodegata.com\/fr\/wp-json\/wp\/v2\/users\/2"}],"replies":[{"embeddable":true,"href":"https:\/\/www.losesculloscabodegata.com\/fr\/wp-json\/wp\/v2\/comments?post=3409"}],"version-history":[{"count":16,"href":"https:\/\/www.losesculloscabodegata.com\/fr\/wp-json\/wp\/v2\/pages\/3409\/revisions"}],"predecessor-version":[{"id":14051,"href":"https:\/\/www.losesculloscabodegata.com\/fr\/wp-json\/wp\/v2\/pages\/3409\/revisions\/14051"}],"up":[{"embeddable":true,"href":"https:\/\/www.losesculloscabodegata.com\/fr\/wp-json\/wp\/v2\/pages\/3450"}],"wp:featuredmedia":[{"embeddable":true,"href":"https:\/\/www.losesculloscabodegata.com\/fr\/wp-json\/wp\/v2\/media\/13909"}],"wp:attachment":[{"href":"https:\/\/www.losesculloscabodegata.com\/fr\/wp-json\/wp\/v2\/media?parent=3409"}],"curies":[{"name":"wp","href":"https:\/\/api.w.org\/{rel}","templated":true}]}}