{"id":3424,"date":"2018-03-13T12:27:44","date_gmt":"2018-03-13T12:27:44","guid":{"rendered":"https:\/\/www.losesculloscabodegata.com\/casa-rural-la-noria\/"},"modified":"2025-02-24T08:10:12","modified_gmt":"2025-02-24T08:10:12","slug":"casa-rural-la-noria","status":"publish","type":"page","link":"https:\/\/www.losesculloscabodegata.com\/fr\/logement\/casa-rural-la-noria\/","title":{"rendered":"Maison rurale La Noria"},"content":{"rendered":"<div class=\"wpb-content-wrapper\"><p>[vc_row][vc_column][vc_column_text]La <strong>Noria de Los Escullos<\/strong> est la maison rurale du Complexe touristique Los Escullos. C\u2019est une construction qui est en annexe du Complexe et se situe au nord du Complexe, avec acc\u00e8s ind\u00e9pendant. C\u2019est le logement le plus intime et convivial de part sa situation et pour les services que dispose cette maison rurale.<\/p>\n<p>&nbsp;<\/p>\n<p>La Casa Rural La Noria de Los Escullos compte 4 chambres avec lits et lits superpos\u00e9s suffisants pour <strong>8 personnes<\/strong>. Il y a une cuisine totalement \u00e9quip\u00e9e, 2 salons, une grande terrasse ext\u00e9rieure et deux salles de bains \u00e9galement \u00e9quip\u00e9es pour les personnes handicap\u00e9es.<\/p>\n<p>&nbsp;<\/p>\n<p>La Casa Rural La Noria Los Escullos dispose \u00e0 l\u2019ext\u00e9rieur d\u2019un <strong>parking priv\u00e9<\/strong> pour 6 v\u00e9hicule, zone de stockage de bois (gratuit) et une grande terrasse avec vue sur la <strong>baie de Los Escullos<\/strong> et qui domine tout le camping Los Escullos. Tous les coins de notre Casa Rural vous permettrons de profiter d\u2019un excellent s\u00e9jour avec votre famille et vos amis.<\/p>\n<p>&nbsp;<\/p>\n<p>L\u2019\u00e9quipement de la cuisine inclue : le frigidaire, microonde, un four, vitroc\u00e9ramique, ustensiles de cuisine, de m\u00e9naje\u2026 La salle \u00e0 manger compte une table \u00e0 manger et un po\u00eale \u00e0 bois. Le salon dispose d\u2019une grande chemin\u00e9e et d\u2019une t\u00e9l\u00e9vision. La cuisine et la salle \u00e0 manger communiquent.<\/p>\n<p>&nbsp;<\/p>\n<p><strong>N\u00ba de Registro de Turismo<\/strong>: CR\/AL\/00095.[\/vc_column_text][\/vc_column][\/vc_row][vc_row][vc_column][vc_gallery interval=\u00a0\u00bb3&Prime; images=\u00a0\u00bb19730,19733,19736,19739,19742&Prime; img_size=\u00a0\u00bb1162&#215;500&Prime; title=\u00a0\u00bbImages de Casa Rural\u00a0\u00bb][vc_column_text]<\/p>\n<h2>Autres logement<\/h2>\n<p>[\/vc_column_text][vc_basic_grid post_type=\u00a0\u00bbids\u00a0\u00bb item=\u00a0\u00bb1399&Prime; grid_id=\u00a0\u00bbvc_gid:1740384566466-31313593-1d03-3&Prime; include=\u00a0\u00bb1351, 1349, 1353&Prime;]\n\t<div class=\"nd_options_section nd_options_text_align_center\">\n\t<a style=\"border: px solid;border-radius:px;letter-spacing:px;line-height:18px;font-size:18px;background-color:#22205f;padding:10px 20px;margin:10px;color:#ffffff\" rel=\"\" target=\"_blank\" href=\"https:\/\/www.losesculloscabodegata.com\/wp-content\/uploads\/2025\/02\/Plano-de-los-Escullos-FR.pdf\" class=\"nicdark_display_inline_block  nd_options_font_weight_normal nd_options_second_font  \">PLAN CAMPING LOS ESCULLOS<\/a>\n\t<\/div>\n[\/vc_column][\/vc_row]<\/p>\n<\/div>","protected":false},"excerpt":{"rendered":"<p>[vc_row][vc_column][vc_column_text]La Noria de Los Escullos est la maison rurale du Complexe touristique Los Escullos. C\u2019est une construction qui est en annexe du Complexe et se situe au nord du Complexe, avec acc\u00e8s ind\u00e9pendant. C\u2019est le logement le plus intime et convivial de part sa situation et pour les services que dispose cette maison rurale. &nbsp; [&hellip;]<\/p>\n","protected":false},"author":2,"featured_media":3132,"parent":3450,"menu_order":0,"comment_status":"closed","ping_status":"closed","template":"","meta":{"_acf_changed":false,"footnotes":""},"class_list":["post-3424","page","type-page","status-publish","has-post-thumbnail","hentry"],"acf":[],"publishpress_future_action":{"enabled":false,"date":"2026-05-09 10:57:33","action":"change-status","newStatus":"draft","terms":[],"taxonomy":"translation_priority"},"publishpress_future_workflow_manual_trigger":{"enabledWorkflows":[]},"_links":{"self":[{"href":"https:\/\/www.losesculloscabodegata.com\/fr\/wp-json\/wp\/v2\/pages\/3424","targetHints":{"allow":["GET"]}}],"collection":[{"href":"https:\/\/www.losesculloscabodegata.com\/fr\/wp-json\/wp\/v2\/pages"}],"about":[{"href":"https:\/\/www.losesculloscabodegata.com\/fr\/wp-json\/wp\/v2\/types\/page"}],"author":[{"embeddable":true,"href":"https:\/\/www.losesculloscabodegata.com\/fr\/wp-json\/wp\/v2\/users\/2"}],"replies":[{"embeddable":true,"href":"https:\/\/www.losesculloscabodegata.com\/fr\/wp-json\/wp\/v2\/comments?post=3424"}],"version-history":[{"count":11,"href":"https:\/\/www.losesculloscabodegata.com\/fr\/wp-json\/wp\/v2\/pages\/3424\/revisions"}],"predecessor-version":[{"id":20557,"href":"https:\/\/www.losesculloscabodegata.com\/fr\/wp-json\/wp\/v2\/pages\/3424\/revisions\/20557"}],"up":[{"embeddable":true,"href":"https:\/\/www.losesculloscabodegata.com\/fr\/wp-json\/wp\/v2\/pages\/3450"}],"wp:featuredmedia":[{"embeddable":true,"href":"https:\/\/www.losesculloscabodegata.com\/fr\/wp-json\/wp\/v2\/media\/3132"}],"wp:attachment":[{"href":"https:\/\/www.losesculloscabodegata.com\/fr\/wp-json\/wp\/v2\/media?parent=3424"}],"curies":[{"name":"wp","href":"https:\/\/api.w.org\/{rel}","templated":true}]}}