{"id":3431,"date":"2018-03-13T12:32:23","date_gmt":"2018-03-13T12:32:23","guid":{"rendered":"https:\/\/www.losesculloscabodegata.com\/parcelas\/"},"modified":"2025-02-24T08:08:42","modified_gmt":"2025-02-24T08:08:42","slug":"parcelles","status":"publish","type":"page","link":"https:\/\/www.losesculloscabodegata.com\/fr\/logement\/parcelles\/","title":{"rendered":"Parcelles"},"content":{"rendered":"<div class=\"wpb-content-wrapper\"><p>[vc_row][vc_column][vc_column_text]H\u00e9bergement au camping Los Escullos de Cabo de Gata est <span id=\"result_box\" class=\"short_text\" lang=\"fr\" tabindex=\"-1\"><span class=\"\">4 \u00e9toiles<\/span><\/span>: Nous vous proposons plus de 208 parcelles individuelles, id\u00e9al pour toute l&rsquo;ann\u00e9e! Nos parcelles disposent de connexion \u00e9lectrique de 20 Amp et tous les services de camping et de caravaning que vous pourriez n\u00e9cessiter: restaurants, toilettes, douches, laverie, supermarch\u00e9, etc&#8230;<\/p>\n<p>&nbsp;<\/p>\n<p>Vous pouvez profiter de nos parcelles de <strong>trois modes<\/strong>: 1.Tente + voiture; 2. Voiture + Roulotte; 3. Autocaravane. Le taux de votre s\u00e9jour peut changer selon des suppl\u00e9ments pour les extras: Nombre d\u2019adultes, enfants de moins de 12 ans, animaux, nourrissons, \u00e9lectricit\u00e9, location de r\u00e9frig\u00e9rateur.<\/p>\n<p>&nbsp;<\/p>\n<p>La zone de camping de Los Escullos Camping dispose de bains situ\u00e9s dans le centre du complexe, o\u00f9 vous trouverez tout le confort pour le campeur. Consultez ici tous les services du camping. Pour des questions et \/ ou consultation s\u2019il vous pla\u00eet contactez nous au t\u00e9l\u00e9phone 950 38 98 11 ou sur notre Mail: info@losesculloscabodegata.com<\/p>\n<p>&nbsp;<\/p>\n<p>\u00c0 <strong>Los Escullos Camping<\/strong> nous travaillons avec la plupart des campeurs clubs dans l&rsquo;exercice de leurs rassemblements et des r\u00e9unions (\u00e9galement un niveau particulier), offrant des clubs et des r\u00e9ductions suppl\u00e9mentaires pour leurs membres \u00e0 ceux qui sont couramment disponibles. Consultez notre \u00e9quipe de vente pour plus d\u2019informations.[\/vc_column_text][\/vc_column][\/vc_row][vc_row][vc_column][vc_single_image image=\u00a0\u00bb13969&Prime; img_size=\u00a0\u00bbfull\u00a0\u00bb onclick=\u00a0\u00bblink_image\u00a0\u00bb][\/vc_column][\/vc_row][vc_row][vc_column width=\u00a0\u00bb1\/4&Prime;][vc_single_image image=\u00a0\u00bb13979&Prime; img_size=\u00a0\u00bblarge\u00a0\u00bb onclick=\u00a0\u00bblink_image\u00a0\u00bb][\/vc_column][vc_column width=\u00a0\u00bb1\/4&Prime;][vc_single_image image=\u00a0\u00bb13974&Prime; img_size=\u00a0\u00bblarge\u00a0\u00bb onclick=\u00a0\u00bblink_image\u00a0\u00bb][\/vc_column][vc_column width=\u00a0\u00bb1\/4&Prime;][vc_single_image image=\u00a0\u00bb13989&Prime; img_size=\u00a0\u00bblarge\u00a0\u00bb onclick=\u00a0\u00bblink_image\u00a0\u00bb][\/vc_column][vc_column width=\u00a0\u00bb1\/4&Prime;][vc_single_image image=\u00a0\u00bb13984&Prime; img_size=\u00a0\u00bblarge\u00a0\u00bb onclick=\u00a0\u00bblink_image\u00a0\u00bb][\/vc_column][\/vc_row][vc_row][vc_column][vc_column_text]<\/p>\n<h2>Autres logement<\/h2>\n<p>[\/vc_column_text][vc_basic_grid post_type=\u00a0\u00bbids\u00a0\u00bb item=\u00a0\u00bb1399&Prime; grid_id=\u00a0\u00bbvc_gid:1740384477639-c5ef358f-c27a-1&Prime; include=\u00a0\u00bb1351, 1349, 1347&Prime;]\n\t<div class=\"nd_options_section nd_options_text_align_center\">\n\t<a style=\"border: px solid;border-radius:px;letter-spacing:px;line-height:18px;font-size:18px;background-color:#22205f;padding:10px 20px;margin:10px;color:#ffffff\" rel=\"\" target=\"_blank\" href=\"https:\/\/www.losesculloscabodegata.com\/wp-content\/uploads\/2025\/02\/Plano-de-los-Escullos-FR.pdf\" class=\"nicdark_display_inline_block  nd_options_font_weight_normal nd_options_second_font  \">PLAN CAMPING LOS ESCULLOS<\/a>\n\t<\/div>\n[\/vc_column][\/vc_row]<\/p>\n<\/div>","protected":false},"excerpt":{"rendered":"<p>[vc_row][vc_column][vc_column_text]H\u00e9bergement au camping Los Escullos de Cabo de Gata est 4 \u00e9toiles: Nous vous proposons plus de 208 parcelles individuelles, id\u00e9al pour toute l&rsquo;ann\u00e9e! Nos parcelles disposent de connexion \u00e9lectrique de 20 Amp et tous les services de camping et de caravaning que vous pourriez n\u00e9cessiter: restaurants, toilettes, douches, laverie, supermarch\u00e9, etc&#8230; &nbsp; Vous pouvez [&hellip;]<\/p>\n","protected":false},"author":2,"featured_media":13959,"parent":3450,"menu_order":0,"comment_status":"closed","ping_status":"closed","template":"","meta":{"_acf_changed":false,"footnotes":""},"class_list":["post-3431","page","type-page","status-publish","has-post-thumbnail","hentry"],"acf":[],"publishpress_future_action":{"enabled":false,"date":"2026-04-25 10:51:10","action":"change-status","newStatus":"draft","terms":[],"taxonomy":"translation_priority"},"publishpress_future_workflow_manual_trigger":{"enabledWorkflows":[]},"_links":{"self":[{"href":"https:\/\/www.losesculloscabodegata.com\/fr\/wp-json\/wp\/v2\/pages\/3431","targetHints":{"allow":["GET"]}}],"collection":[{"href":"https:\/\/www.losesculloscabodegata.com\/fr\/wp-json\/wp\/v2\/pages"}],"about":[{"href":"https:\/\/www.losesculloscabodegata.com\/fr\/wp-json\/wp\/v2\/types\/page"}],"author":[{"embeddable":true,"href":"https:\/\/www.losesculloscabodegata.com\/fr\/wp-json\/wp\/v2\/users\/2"}],"replies":[{"embeddable":true,"href":"https:\/\/www.losesculloscabodegata.com\/fr\/wp-json\/wp\/v2\/comments?post=3431"}],"version-history":[{"count":12,"href":"https:\/\/www.losesculloscabodegata.com\/fr\/wp-json\/wp\/v2\/pages\/3431\/revisions"}],"predecessor-version":[{"id":20551,"href":"https:\/\/www.losesculloscabodegata.com\/fr\/wp-json\/wp\/v2\/pages\/3431\/revisions\/20551"}],"up":[{"embeddable":true,"href":"https:\/\/www.losesculloscabodegata.com\/fr\/wp-json\/wp\/v2\/pages\/3450"}],"wp:featuredmedia":[{"embeddable":true,"href":"https:\/\/www.losesculloscabodegata.com\/fr\/wp-json\/wp\/v2\/media\/13959"}],"wp:attachment":[{"href":"https:\/\/www.losesculloscabodegata.com\/fr\/wp-json\/wp\/v2\/media?parent=3431"}],"curies":[{"name":"wp","href":"https:\/\/api.w.org\/{rel}","templated":true}]}}