{"id":3442,"date":"2018-04-26T08:23:22","date_gmt":"2018-04-26T08:23:22","guid":{"rendered":"https:\/\/www.losesculloscabodegata.com\/el-camping\/"},"modified":"2025-02-19T11:44:07","modified_gmt":"2025-02-19T11:44:07","slug":"le-camping","status":"publish","type":"page","link":"https:\/\/www.losesculloscabodegata.com\/fr\/le-camping\/","title":{"rendered":"Le Camping"},"content":{"rendered":"<div class=\"wpb-content-wrapper\"><p>[vc_row][vc_column width=\u00a0\u00bb1\/2&Prime;][vc_column_text]Le <strong>complexe touristique et le camping Los Escullos<\/strong> sont situ\u00e9s dans le parc naturel <strong>Cabo de Gata<\/strong>, entre les villages de Rodalquilar et San Jos\u00e9, dans la province d\u2019<strong>Almer\u00eda<\/strong>.<\/p>\n<p>Le complexe touristique est compos\u00e9 d\u2019un parc de Bungalows, Bengal\u00eds, Mobil-Homes, la Casa Rural la Noria de Los Escullos, et un camping de premi\u00e8re cat\u00e9gorie avec 208 emplacements. De plus, nous disposons d\u2019un restaurant, d\u2019une caf\u00e9t\u00e9ria, d\u2019une pizzeria, d\u2019un bar \u00e0 tapas, d\u2019un supermarch\u00e9, d\u2019une piscine, d\u2019une salle de sport, d\u2019un sauna, d\u2019un jacuzzi, d\u2019une salle de soin corporel et de massages, d\u2019une r\u00e9ception qui est ouverte 24h\/24, de pistes de sports, de padel, d\u2019un club d\u2019activit\u00e9, plong\u00e9e et s<span id=\"result_box\" class=\"short_text\" lang=\"fr\" tabindex=\"-1\"><span class=\"\">alle de r\u00e9union pour 50 personnes<\/span><\/span>.[\/vc_column_text][\/vc_column][vc_column width=\u00a0\u00bb1\/2&Prime;][vc_gmaps link=\u00a0\u00bb#E-8_JTNDaWZyYW1lJTIwc3JjJTNEJTIyaHR0cHMlM0ElMkYlMkZ3d3cuZ29vZ2xlLmNvbSUyRm1hcHMlMkZlbWJlZCUzRnBiJTNEJTIxMW0xNCUyMTFtOCUyMTFtMyUyMTFkMTI3NzguNTM5MzAzMDE3MzIlMjEyZC0yLjA3ODczMyUyMTNkMzYuODAzMzA1JTIxM20yJTIxMWkxMDI0JTIxMmk3NjglMjE0ZjEzLjElMjEzbTMlMjExbTIlMjExczB4MCUyNTNBMHhiYWM2MzFjMTI4MjliNWQ0JTIxMnNDYW1waW5nJTJCTG9zJTJCRXNjdWxsb3MlMjE1ZTAlMjEzbTIlMjExc2VzJTIxMnNlcyUyMTR2MTUyNDgxMzkxOTM0NiUyMiUyMHdpZHRoJTNEJTIyMTAwJTI1JTIyJTIwaGVpZ2h0JTNEJTIyMzA1JTIyJTIwZnJhbWVib3JkZXIlM0QlMjIwJTIyJTIwc3R5bGUlM0QlMjJib3JkZXIlM0EwJTIyJTIwYWxsb3dmdWxsc2NyZWVuJTNFJTNDJTJGaWZyYW1lJTNF\u00a0\u00bb][\/vc_column][\/vc_row][vc_row][vc_column][vc_separator color=\u00a0\u00bbcustom\u00a0\u00bb accent_color=\u00a0\u00bb#1c75a9&Prime;][\/vc_column][\/vc_row][vc_section][vc_row][vc_column width=\u00a0\u00bb1\/3&Prime;][vc_column_text]<\/p>\n<h3 style=\"text-align: center;\">COMMENT ARRIVER EN VOITURE<\/h3>\n<p>[\/vc_column_text][vc_column_text]<\/p>\n<div style=\"text-align: center;\"><\/div>\n<p>[\/vc_column_text][vc_column_text]Vous devez arriver par l&rsquo;A-7 (E-15) : Autovia del Mediterr\u00e1neo (Barcelone-Valence-Alicante-Murcie-Almer\u00eda-M\u00e1laga-Alg\u00e9siras).<br \/>\nPrenez la sortie A-7 num\u00e9ro 750 (NIJAR-SAN ISIDRO-SAN JOSE), continuez pendant environ 20 km en suivant les panneaux vers San Jose, jusqu&rsquo;\u00e0 ce que vous preniez la sortie sur votre gauche en direction de Los Escullos-La Isleta-Rodalquilar. En quelques minutes (3 km), vous trouverez le complexe sur votre droite.<br \/>\nCoordonn\u00e9es : 36\u00b0 48\u2032 11.898\u2033 N 2\u00b0 4\u2032 43.439\u2033 W[\/vc_column_text][\/vc_column][vc_column width=\u00a0\u00bb1\/3&Prime;][vc_column_text]<\/p>\n<h3 style=\"text-align: center;\">COMMENT ARRIVER: TRAIN ET BUS<\/h3>\n<p>[\/vc_column_text][vc_column_text]<\/p>\n<div style=\"text-align: center;\"><\/div>\n<p>[\/vc_column_text][vc_column_text]Les services de trains et d\u2019autobus sont concentr\u00e9s dans la gare intermodale Almeria, \u00e0 38 km, environ 40 minutes.<\/p>\n<p>La gare intermodale est au centre d\u2019Almeria: Plaza de la Estaci\u00f3n, 04006, Almer\u00eda. La gare fournit des services de communication \u00e0 la plupart des grandes villes d\u2019Espagne.<\/p>\n<p>Consultez avec la gare ferroviaire sur les horaires des trains et avec diff\u00e9rents op\u00e9rateurs pour les autobus.[\/vc_column_text][\/vc_column][vc_column width=\u00a0\u00bb1\/3&Prime;][vc_column_text]<\/p>\n<h3 style=\"text-align: center;\">COMMENT ARRIVER: AVION<\/h3>\n<h3>[\/vc_column_text][vc_column_text]<\/h3>\n<div style=\"text-align: center;\"><\/div>\n<p>[\/vc_column_text][vc_column_text]L\u00b4a\u00e9roport d\u00b4Almeria se situe \u00e0 seulement 32 km du camping. (30 minutes).<\/p>\n<p>L\u00b4a\u00e9roport d\u00b4Almeria vous propose des vols r\u00e9guliers pour Madrid, S\u00e9ville ; Barcelone et d\u00b4autres villes europ\u00e9ennes. Avec d\u2019autres offres pendant la saison.<\/p>\n<p>Autres a\u00e9roports \u00e0 proximit\u00e9 de notre h\u00f4tel sont les a\u00e9roports d&rsquo;Alicante, 275 kilom\u00e8tres, et celui de Malaga, 262 kilom\u00e8tres.[\/vc_column_text][\/vc_column][\/vc_row][\/vc_section][vc_row][vc_column][vc_custom_heading text=\u00a0\u00bbD\u00e9couvrez nos h\u00e9bergements\u00a0\u00bb font_container=\u00a0\u00bbtag:h2|font_size:40px|text_align:center|line_height:44px\u00a0\u00bb use_theme_fonts=\u00a0\u00bbyes\u00a0\u00bb][vc_basic_grid post_type=\u00a0\u00bbids\u00a0\u00bb element_width=\u00a0\u00bb2&Prime; gap=\u00a0\u00bb15&Prime; item=\u00a0\u00bb3845&Prime; grid_id=\u00a0\u00bbvc_gid:1737449260441-f91ac4ae-ded3-1&Prime; include=\u00a0\u00bb1347, 1349, 5077, 1353, 5079, 17489&Prime; el_id=\u00a0\u00bbtop-grid-home\u00a0\u00bb el_class=\u00a0\u00bblistado-alojamientos-home\u00a0\u00bb css=\u00a0\u00bb.vc_custom_1737449293539{padding-top: 20px !important;}\u00a0\u00bb][vc_custom_heading text=\u00a0\u00bbConoce nuestros Servicios\u00a0\u00bb font_container=\u00a0\u00bbtag:h2|font_size:40px|text_align:center|line_height:44px\u00a0\u00bb use_theme_fonts=\u00a0\u00bbyes\u00a0\u00bb][vc_basic_grid post_type=\u00a0\u00bbids\u00a0\u00bb element_width=\u00a0\u00bb3&Prime; item=\u00a0\u00bb1399&Prime; initial_loading_animation=\u00a0\u00bbnone\u00a0\u00bb grid_id=\u00a0\u00bbvc_gid:1737449260443-f2fe953b-6ad2-1&Prime; include=\u00a0\u00bb1322, 1326, 1330, 1332&Prime; css=\u00a0\u00bb.vc_custom_1623146837096{margin-top: 40px !important;}\u00a0\u00bb el_class=\u00a0\u00bblistado-alojamientos-home\u00a0\u00bb][\/vc_column][\/vc_row][vc_section][\/vc_section]<\/p>\n<\/div>","protected":false},"excerpt":{"rendered":"<p>[vc_row][vc_column width=\u00a0\u00bb1\/2&Prime;][vc_column_text]Le complexe touristique et le camping Los Escullos sont situ\u00e9s dans le parc naturel Cabo de Gata, entre les villages de Rodalquilar et San Jos\u00e9, dans la province d\u2019Almer\u00eda. Le complexe touristique est compos\u00e9 d\u2019un parc de Bungalows, Bengal\u00eds, Mobil-Homes, la Casa Rural la Noria de Los Escullos, et un camping de premi\u00e8re cat\u00e9gorie [&hellip;]<\/p>\n","protected":false},"author":2,"featured_media":0,"parent":0,"menu_order":0,"comment_status":"closed","ping_status":"closed","template":"","meta":{"_acf_changed":false,"footnotes":""},"class_list":["post-3442","page","type-page","status-publish","hentry"],"acf":[],"publishpress_future_action":{"enabled":false,"date":"2026-04-29 09:10:18","action":"change-status","newStatus":"draft","terms":[],"taxonomy":"translation_priority"},"publishpress_future_workflow_manual_trigger":{"enabledWorkflows":[]},"_links":{"self":[{"href":"https:\/\/www.losesculloscabodegata.com\/fr\/wp-json\/wp\/v2\/pages\/3442","targetHints":{"allow":["GET"]}}],"collection":[{"href":"https:\/\/www.losesculloscabodegata.com\/fr\/wp-json\/wp\/v2\/pages"}],"about":[{"href":"https:\/\/www.losesculloscabodegata.com\/fr\/wp-json\/wp\/v2\/types\/page"}],"author":[{"embeddable":true,"href":"https:\/\/www.losesculloscabodegata.com\/fr\/wp-json\/wp\/v2\/users\/2"}],"replies":[{"embeddable":true,"href":"https:\/\/www.losesculloscabodegata.com\/fr\/wp-json\/wp\/v2\/comments?post=3442"}],"version-history":[{"count":12,"href":"https:\/\/www.losesculloscabodegata.com\/fr\/wp-json\/wp\/v2\/pages\/3442\/revisions"}],"predecessor-version":[{"id":20434,"href":"https:\/\/www.losesculloscabodegata.com\/fr\/wp-json\/wp\/v2\/pages\/3442\/revisions\/20434"}],"wp:attachment":[{"href":"https:\/\/www.losesculloscabodegata.com\/fr\/wp-json\/wp\/v2\/media?parent=3442"}],"curies":[{"name":"wp","href":"https:\/\/api.w.org\/{rel}","templated":true}]}}