{"id":3450,"date":"2018-03-13T11:29:08","date_gmt":"2018-03-13T11:29:08","guid":{"rendered":"https:\/\/www.losesculloscabodegata.com\/alojamientos\/"},"modified":"2025-02-19T12:05:35","modified_gmt":"2025-02-19T12:05:35","slug":"logement","status":"publish","type":"page","link":"https:\/\/www.losesculloscabodegata.com\/fr\/logement\/","title":{"rendered":"Logement"},"content":{"rendered":"<div class=\"wpb-content-wrapper\"><p>[vc_row el_class=\u00a0\u00bbtop-margin\u00a0\u00bb][vc_column] <h2 style=\"color:#000000;padding:px;text-align:center;font-size:48px;line-height:52px;letter-spacing: px;font-weight:bold\" class=\"   nd_options_first_font \">Types d'h\u00e9bergement<\/h2> [vc_basic_grid post_type=\u00a0\u00bbids\u00a0\u00bb element_width=\u00a0\u00bb2&Prime; gap=\u00a0\u00bb15&Prime; item=\u00a0\u00bb3845&Prime; grid_id=\u00a0\u00bbvc_gid:1737456019839-b22bad9d-93d3-5&Prime; include=\u00a0\u00bb1347, 1349, 5077, 1353, 5079, 17489&Prime; el_id=\u00a0\u00bbtop-grid-home\u00a0\u00bb el_class=\u00a0\u00bblistado-alojamientos-home\u00a0\u00bb css=\u00a0\u00bb.vc_custom_1737456025534{padding-top: 40px !important;}\u00a0\u00bb][\/vc_column][\/vc_row][vc_row][vc_column width=\u00a0\u00bb1\/3&Prime;][vc_column_text css_animation=\u00a0\u00bblightSpeedIn\u00a0\u00bb]<\/p>\n<h3>R\u00e9ception 24h\/24<\/h3>\n<p><i class=\"fas fa-angle-right\" style=\"color: #b2e1f5;\"><\/i> Attention 24 heures sur 24.<\/p>\n<p>&nbsp;<\/p>\n<h3>Information touristique<\/h3>\n<p><i class=\"fas fa-angle-right\" style=\"color: #b2e1f5;\"><\/i> Information \u00e0 la r\u00e9ception.<\/p>\n<p>&nbsp;<\/p>\n<h3>Gym<\/h3>\n<p><i class=\"fas fa-angle-right\" style=\"color: #b2e1f5;\"><\/i> Gym compl\u00e8te.<\/p>\n<p>&nbsp;<\/p>\n<h3>Blanchisserie<\/h3>\n<p><i class=\"fas fa-angle-right\" style=\"color: #b2e1f5;\"><\/i> Nettoyage et s\u00e9chage en libre-service.[\/vc_column_text][\/vc_column][vc_column width=\u00a0\u00bb1\/3&Prime;][vc_column_text css_animation=\u00a0\u00bblightSpeedIn\u00a0\u00bb]<\/p>\n<h3>Accessibilit\u00e9<\/h3>\n<p><i class=\"fas fa-angle-right\" style=\"color: #b2e1f5;\"><\/i> Installations adapt\u00e9es.<\/p>\n<p>&nbsp;<\/p>\n<h3>Supermarch\u00e9<\/h3>\n<p><i class=\"fas fa-angle-right\" style=\"color: #b2e1f5;\"><\/i> Ouvert de 10h00 \u00e0 20h00.<\/p>\n<p>&nbsp;<\/p>\n<h3>Parking<\/h3>\n<p><i class=\"fas fa-angle-right\" style=\"color: #b2e1f5;\"><\/i> Parking gratuit.<\/p>\n<p>&nbsp;<\/p>\n<h3>Salle de r\u00e9union<\/h3>\n<p><i class=\"fas fa-angle-right\" style=\"color: #b2e1f5;\"><\/i> Capacit\u00e9 pour 50 personnes.[\/vc_column_text][\/vc_column][vc_column width=\u00a0\u00bb1\/3&Prime;][vc_column_text css_animation=\u00a0\u00bblightSpeedIn\u00a0\u00bb]<\/p>\n<h3>Wi-Fi<\/h3>\n<p><i class=\"fas fa-angle-right\" style=\"color: #b2e1f5;\"><\/i> Wi-Fi gratuite dans tout l&rsquo;\u00e9tablissement.<\/p>\n<p>&nbsp;<\/p>\n<h3>Animaux de compagnie<\/h3>\n<p><i class=\"fas fa-angle-right\" style=\"color: #b2e1f5;\"><\/i> Animaux accept\u00e9s en laisse.<\/p>\n<p>&nbsp;<\/p>\n<h3>V\u00e9los<\/h3>\n<p><i class=\"fas fa-angle-right\" style=\"color: #b2e1f5;\"><\/i> Location de v\u00e9los.<\/p>\n<p>&nbsp;<\/p>\n<h3>Camping-cars<\/h3>\n<p><i class=\"fas fa-angle-right\" style=\"color: #b2e1f5;\"><\/i> Libre-service.[\/vc_column_text][\/vc_column][\/vc_row][vc_row][vc_column][vc_column_text]Profitez de vos vacances ou d&rsquo;une escapade au c\u0153ur du Parc Naturel de <strong>Cabo de Gata<\/strong> (N\u00edjar, Almer\u00eda) et d\u00e9couvrez ses plages et criques paradisiaques, sa nature et ses villages charmants!<\/p>\n<p>Nous vous proposons quatre options d&rsquo;h\u00e9bergement pour votre s\u00e9jour chez nous : Maison rurale La Noria, Bungalows, Tentes Bengali et Emplacements. Tout cela dans un complexe touristique complet, pr\u00eat \u00e0 r\u00e9pondre \u00e0 tous vos besoins de loisirs et \u00e0 rendre votre visite inoubliable![\/vc_column_text][\/vc_column][\/vc_row][vc_row][vc_column][vc_column_text]Le Camping et Complexe Touristique Los Escullos est <strong>ouvert toute l&rsquo;ann\u00e9e<\/strong>. Le climat dans le Parc Naturel de Cabo de Gata est <strong>id\u00e9al pour profiter de nos h\u00e9bergements \u00e0 tout moment de l&rsquo;ann\u00e9e<\/strong>! La province d&rsquo;Almer\u00eda b\u00e9n\u00e9ficie d&rsquo;une des meilleures climats de toute l&rsquo;Europe, avec une moyenne de 328 jours de <strong>soleil<\/strong> par an, de faibles pr\u00e9cipitations et une temp\u00e9rature moyenne annuelle de 20\u00baC.[\/vc_column_text][\/vc_column][\/vc_row][vc_row el_id=\u00a0\u00bbkampaoh\u00a0\u00bb][vc_column][vc_empty_space][vc_separator][vc_empty_space][vc_row_inner][vc_column_inner width=\u00a0\u00bb1\/2&Prime;][vc_gallery type=\u00a0\u00bbflexslider_slide\u00a0\u00bb interval=\u00a0\u00bb5&Prime; images=\u00a0\u00bb14898,14903&Prime; img_size=\u00a0\u00bblarge\u00a0\u00bb][\/vc_column_inner][vc_column_inner width=\u00a0\u00bb1\/2&Prime;][vc_column_text]<\/p>\n<h3>Tentes Kampaoh au Camping<\/h3>\n<p>[\/vc_column_text][vc_column_text]<strong>Glamping \u00e0 Los Escullos<\/strong> : Votre tente mont\u00e9e tout compris pour camper sans tracas, avec diff\u00e9rents mod\u00e8les selon vos go\u00fbts, besoins et budget.<\/p>\n<p><strong>\u00c9quipement Kampaoh<\/strong> avec sol en moquette, \u00e9clairage \u00e0 l&rsquo;int\u00e9rieur et \u00e0 l&rsquo;ext\u00e9rieur de la tente, \u00e9lectricit\u00e9 avec plusieurs prises, table et chaises, vaisselle compl\u00e8te avec verres, assiettes et couverts; miroir et serviettes de douche, glaci\u00e8re de plage (ou petit r\u00e9frig\u00e9rateur si vous choisissez la tente Empereur, selon disponibilit\u00e9).<\/p>\n<p><strong>Places limit\u00e9es<\/strong>, il est important de r\u00e9server \u00e0 l&rsquo;avance.[\/vc_column_text]\n\t\n\t<a style=\"border: px solid;border-radius:px;letter-spacing:px;line-height:18px;font-size:18px;background-color:#22205f;padding:10px 20px;margin:;color:#ffffff\" rel=\"\" target=\"_blank\" href=\"https:\/\/es.kampaoh.com\/camping-los-escullos-cabo-de-gata\/\" class=\"nicdark_display_inline_block nd_options_float_left nd_options_font_weight_normal nd_options_second_font  \">Disponibilit\u00e9 et r\u00e9servations sur kampaoh.com<\/a>\n\t\n[\/vc_column_inner][\/vc_row_inner][\/vc_column][\/vc_row]<\/p>\n<\/div>","protected":false},"excerpt":{"rendered":"<p>[vc_row el_class=\u00a0\u00bbtop-margin\u00a0\u00bb][vc_column][vc_basic_grid post_type=\u00a0\u00bbids\u00a0\u00bb element_width=\u00a0\u00bb2&Prime; gap=\u00a0\u00bb15&Prime; item=\u00a0\u00bb3845&Prime; grid_id=\u00a0\u00bbvc_gid:1737456019839-b22bad9d-93d3-5&Prime; include=\u00a0\u00bb1347, 1349, 5077, 1353, 5079, 17489&Prime; el_id=\u00a0\u00bbtop-grid-home\u00a0\u00bb el_class=\u00a0\u00bblistado-alojamientos-home\u00a0\u00bb css=\u00a0\u00bb.vc_custom_1737456025534{padding-top: 40px !important;}\u00a0\u00bb][\/vc_column][\/vc_row][vc_row][vc_column width=\u00a0\u00bb1\/3&Prime;][vc_column_text css_animation=\u00a0\u00bblightSpeedIn\u00a0\u00bb] R\u00e9ception 24h\/24 Attention 24 heures sur 24. &nbsp; Information touristique Information \u00e0 la r\u00e9ception. &nbsp; Gym Gym compl\u00e8te. &nbsp; Blanchisserie Nettoyage et s\u00e9chage en libre-service.[\/vc_column_text][\/vc_column][vc_column width=\u00a0\u00bb1\/3&Prime;][vc_column_text css_animation=\u00a0\u00bblightSpeedIn\u00a0\u00bb] Accessibilit\u00e9 Installations adapt\u00e9es. &nbsp; Supermarch\u00e9 Ouvert de 10h00 [&hellip;]<\/p>\n","protected":false},"author":2,"featured_media":0,"parent":0,"menu_order":0,"comment_status":"closed","ping_status":"closed","template":"","meta":{"_acf_changed":false,"footnotes":""},"class_list":["post-3450","page","type-page","status-publish","hentry"],"acf":[],"publishpress_future_action":{"enabled":false,"date":"2026-05-09 11:01:01","action":"change-status","newStatus":"draft","terms":[],"taxonomy":"translation_priority"},"publishpress_future_workflow_manual_trigger":{"enabledWorkflows":[]},"_links":{"self":[{"href":"https:\/\/www.losesculloscabodegata.com\/fr\/wp-json\/wp\/v2\/pages\/3450","targetHints":{"allow":["GET"]}}],"collection":[{"href":"https:\/\/www.losesculloscabodegata.com\/fr\/wp-json\/wp\/v2\/pages"}],"about":[{"href":"https:\/\/www.losesculloscabodegata.com\/fr\/wp-json\/wp\/v2\/types\/page"}],"author":[{"embeddable":true,"href":"https:\/\/www.losesculloscabodegata.com\/fr\/wp-json\/wp\/v2\/users\/2"}],"replies":[{"embeddable":true,"href":"https:\/\/www.losesculloscabodegata.com\/fr\/wp-json\/wp\/v2\/comments?post=3450"}],"version-history":[{"count":11,"href":"https:\/\/www.losesculloscabodegata.com\/fr\/wp-json\/wp\/v2\/pages\/3450\/revisions"}],"predecessor-version":[{"id":20017,"href":"https:\/\/www.losesculloscabodegata.com\/fr\/wp-json\/wp\/v2\/pages\/3450\/revisions\/20017"}],"wp:attachment":[{"href":"https:\/\/www.losesculloscabodegata.com\/fr\/wp-json\/wp\/v2\/media?parent=3450"}],"curies":[{"name":"wp","href":"https:\/\/api.w.org\/{rel}","templated":true}]}}