{"id":3458,"date":"2018-03-13T10:17:59","date_gmt":"2018-03-13T10:17:59","guid":{"rendered":"https:\/\/www.losesculloscabodegata.com\/servicios\/"},"modified":"2018-06-05T11:27:15","modified_gmt":"2018-06-05T11:27:15","slug":"services","status":"publish","type":"page","link":"https:\/\/www.losesculloscabodegata.com\/fr\/services\/","title":{"rendered":"Services"},"content":{"rendered":"<div class=\"wpb-content-wrapper\"><p>[vc_row][vc_column][vc_column_text]\u00c0 <strong>Los Escullos Camping et Resort<\/strong> nous offrons un vaste choix de services pour tout ce que vous pourriez avoir besoin pendant votre s\u00e9jour. Nos installations comprennent un restaurant, une piscine, des terrains de sport, supermarch\u00e9, etc&#8230;<\/p>\n<p>D\u00e9couvrez tous les <strong>services<\/strong> que nous pouvons offrir! Tout en restant avec nous, vous pouvez poser toutes les questions dans notre <strong>r\u00e9ception de 24h<\/strong> avec notre staff qui peut vous servir en fran\u00e7ais, espagnol et allemand.[\/vc_column_text][\/vc_column][\/vc_row][vc_row][vc_column width=\u00a0\u00bb1\/2&Prime;][vc_column_text]<\/p>\n<h3>LE RESTAURANT EL OASIS<\/h3>\n<p>Restaurant et Pizzeria.<br \/>\nSnack-bar et petits d\u00e9jeuners.<br \/>\nOuvert toute l&rsquo;ann\u00e9e.[\/vc_column_text][\/vc_column][vc_column width=\u00a0\u00bb1\/2&Prime;][vc_column_text]<\/p>\n<h3>PISCINE<\/h3>\n<p>Piscine de 28&#215;10 m\u00e8tres.<br \/>\nJacuzzi, chaises longues et de lits balinais.<br \/>\nPiscine ouverte en haute saison.[\/vc_column_text][\/vc_column][\/vc_row][vc_row][vc_column width=\u00a0\u00bb1\/2&Prime;][vc_column_text]<\/p>\n<h3>SPORT<\/h3>\n<p>Cour des Sports: Tennis, football et basket<br \/>\nCourt de paddle-tennis.<br \/>\nGymnase complet.[\/vc_column_text][\/vc_column][vc_column width=\u00a0\u00bb1\/2&Prime;][vc_column_text]<\/p>\n<h3>R\u00c9CEPTION<\/h3>\n<p>Service \u00e0 la client\u00e8le 24 heures par jour.<br \/>\nInformation touristique.<br \/>\nAttention, en Espagnol, en Fran\u00e7ais et en Allemand.[\/vc_column_text][\/vc_column][\/vc_row][vc_row][vc_column][vc_basic_grid post_type=\u00a0\u00bbids\u00a0\u00bb item=\u00a0\u00bb3647&Prime; grid_id=\u00a0\u00bbvc_gid:1528195420249-65ac0daf-51b6-7&Prime; include=\u00a0\u00bb1326, 1330, 1332&Prime;][vc_basic_grid post_type=\u00a0\u00bbids\u00a0\u00bb element_width=\u00a0\u00bb12&Prime; item=\u00a0\u00bb3747&Prime; grid_id=\u00a0\u00bbvc_gid:1528195420253-311dc6f2-be13-10&Prime; include=\u00a0\u00bb1322&Prime;][\/vc_column][\/vc_row]<\/p>\n<\/div>","protected":false},"excerpt":{"rendered":"<p>[vc_row][vc_column][vc_column_text]\u00c0 Los Escullos Camping et Resort nous offrons un vaste choix de services pour tout ce que vous pourriez avoir besoin pendant votre s\u00e9jour. Nos installations comprennent un restaurant, une piscine, des terrains de sport, supermarch\u00e9, etc&#8230; D\u00e9couvrez tous les services que nous pouvons offrir! Tout en restant avec nous, vous pouvez poser toutes les [&hellip;]<\/p>\n","protected":false},"author":2,"featured_media":0,"parent":0,"menu_order":0,"comment_status":"closed","ping_status":"closed","template":"","meta":{"_acf_changed":false,"footnotes":""},"class_list":["post-3458","page","type-page","status-publish","hentry"],"acf":[],"publishpress_future_action":{"enabled":false,"date":"2026-05-09 10:24:25","action":"change-status","newStatus":"draft","terms":[],"taxonomy":"translation_priority"},"publishpress_future_workflow_manual_trigger":{"enabledWorkflows":[]},"_links":{"self":[{"href":"https:\/\/www.losesculloscabodegata.com\/fr\/wp-json\/wp\/v2\/pages\/3458","targetHints":{"allow":["GET"]}}],"collection":[{"href":"https:\/\/www.losesculloscabodegata.com\/fr\/wp-json\/wp\/v2\/pages"}],"about":[{"href":"https:\/\/www.losesculloscabodegata.com\/fr\/wp-json\/wp\/v2\/types\/page"}],"author":[{"embeddable":true,"href":"https:\/\/www.losesculloscabodegata.com\/fr\/wp-json\/wp\/v2\/users\/2"}],"replies":[{"embeddable":true,"href":"https:\/\/www.losesculloscabodegata.com\/fr\/wp-json\/wp\/v2\/comments?post=3458"}],"version-history":[{"count":6,"href":"https:\/\/www.losesculloscabodegata.com\/fr\/wp-json\/wp\/v2\/pages\/3458\/revisions"}],"predecessor-version":[{"id":20080,"href":"https:\/\/www.losesculloscabodegata.com\/fr\/wp-json\/wp\/v2\/pages\/3458\/revisions\/20080"}],"wp:attachment":[{"href":"https:\/\/www.losesculloscabodegata.com\/fr\/wp-json\/wp\/v2\/media?parent=3458"}],"curies":[{"name":"wp","href":"https:\/\/api.w.org\/{rel}","templated":true}]}}