{"id":3469,"date":"2018-03-13T10:43:14","date_gmt":"2018-03-13T10:43:14","guid":{"rendered":"https:\/\/www.losesculloscabodegata.com\/servicios\/deportes\/"},"modified":"2025-01-21T10:13:13","modified_gmt":"2025-01-21T10:13:13","slug":"sport","status":"publish","type":"page","link":"https:\/\/www.losesculloscabodegata.com\/fr\/services\/sport\/","title":{"rendered":"Sport"},"content":{"rendered":"<div class=\"wpb-content-wrapper\"><p>[vc_row][vc_column][vc_column_text]Le bon climat vous invite \u00e0 pratiquer des activit\u00e9s sportives durant toute l\u2019ann\u00e9e gr\u00e2ce \u00e0 nos <strong>pistes de sport<\/strong>. Profitez pendant vos vacances de vos sports favoris !<\/p>\n<p>&nbsp;<\/p>\n<p>Les services et \u00e9quipements du camping et complexe touristique Los Escullos vous propose une piste multi-sport (tennis, football, basket), une zone de p\u00e9tanque, de voleyball et un gymnase. Nos \u00e9quipements sont \u00e9clair\u00e9s afin de profiter le plus longtemps possible des heures d\u2019utilisation.<\/p>\n<p>&nbsp;<\/p>\n<p>Chacun de nos services peuvent inclurent un suppl\u00e9ment, vous pouvez consulter les prix \u00e0 la r\u00e9ception.[\/vc_column_text][\/vc_column][\/vc_row][vc_row][vc_column][vc_column_text]Le camping et complexe touristique Los Escullos met \u00e0 votre disposition un <b>gymnase<\/b>. Rester en forme durant vos vacances dans notre camping \u00e9quip\u00e9 de v\u00e9los d\u2019appartements, de poids, de tapis de yoga, de VTT, de machine de musculation, de banc pour abdominaux, et de step etc\u2026[\/vc_column_text][\/vc_column][\/vc_row][vc_row][vc_column css_animation=\u00a0\u00bbnone\u00a0\u00bb width=\u00a0\u00bb1\/3&Prime;][vc_column_text css_animation=\u00a0\u00bbnone\u00a0\u00bb]<\/p>\n<h3><strong>GYMNASE<\/strong><\/h3>\n<p><i class=\"fas fa-angle-right\"><\/i> Gymnase complet.[\/vc_column_text][\/vc_column][vc_column width=\u00a0\u00bb1\/3&Prime;][vc_column_text css_animation=\u00a0\u00bbnone\u00a0\u00bb]<\/p>\n<h3><strong>PADEL<\/strong><\/h3>\n<p><i class=\"fas fa-angle-right\"><\/i> Piste de Padel.[\/vc_column_text][\/vc_column][vc_column width=\u00a0\u00bb1\/3&Prime;][vc_column_text css_animation=\u00a0\u00bbnone\u00a0\u00bb]<\/p>\n<h3><strong>FOOTBALL<\/strong><\/h3>\n<p><i class=\"fas fa-angle-right\"><\/i> Piste de sport.[\/vc_column_text][\/vc_column][\/vc_row][vc_row][vc_column width=\u00a0\u00bb1\/3&Prime;][vc_column_text css_animation=\u00a0\u00bbnone\u00a0\u00bb]<\/p>\n<h3><strong>BASKET<\/strong><\/h3>\n<p><i class=\"fas fa-angle-right\"><\/i> Piste de sport.[\/vc_column_text][vc_column_text css_animation=\u00a0\u00bbnone\u00a0\u00bb]<\/p>\n<h3><strong>PARC BIOSALUDABLE<\/strong><\/h3>\n<p><i class=\"fas fa-angle-right\"><\/i> Enti\u00e8rement \u00e9quip\u00e9<\/p>\n<p>[\/vc_column_text][\/vc_column][vc_column width=\u00a0\u00bb1\/3&Prime;][vc_column_text css_animation=\u00a0\u00bbnone\u00a0\u00bb]<\/p>\n<h3><strong>TENNIS<\/strong><\/h3>\n<p><i class=\"fas fa-angle-right\"><\/i> Piste de sport.[\/vc_column_text][\/vc_column][vc_column width=\u00a0\u00bb1\/3&Prime;][vc_column_text css_animation=\u00a0\u00bbnone\u00a0\u00bb]<\/p>\n<h3><strong>VOLLEY-BALL<\/strong><\/h3>\n<p><i class=\"fas fa-angle-right\"><\/i> Piste de volley de plage.[\/vc_column_text][\/vc_column][\/vc_row][vc_row][vc_column][vc_single_image image=\u00a0\u00bb14188&Prime; img_size=\u00a0\u00bbfull\u00a0\u00bb onclick=\u00a0\u00bblink_image\u00a0\u00bb][\/vc_column][\/vc_row][vc_row][vc_column width=\u00a0\u00bb1\/2&Prime;][vc_single_image image=\u00a0\u00bb14193&Prime; img_size=\u00a0\u00bbfull\u00a0\u00bb][\/vc_column][vc_column width=\u00a0\u00bb1\/2&Prime;][vc_single_image image=\u00a0\u00bb14198&Prime; img_size=\u00a0\u00bbfull\u00a0\u00bb][\/vc_column][\/vc_row][vc_row][vc_column][vc_column_text]<\/p>\n<h2>Autres services<\/h2>\n<p>[\/vc_column_text][vc_basic_grid post_type=\u00a0\u00bbids\u00a0\u00bb item=\u00a0\u00bb3647&Prime; grid_id=\u00a0\u00bbvc_gid:1737454305792-6d9d3971-e1d4-2&Prime; include=\u00a0\u00bb1322, 1326, 1332&Prime;][\/vc_column][\/vc_row]<\/p>\n<\/div>","protected":false},"excerpt":{"rendered":"<p>[vc_row][vc_column][vc_column_text]Le bon climat vous invite \u00e0 pratiquer des activit\u00e9s sportives durant toute l\u2019ann\u00e9e gr\u00e2ce \u00e0 nos pistes de sport. Profitez pendant vos vacances de vos sports favoris ! &nbsp; Les services et \u00e9quipements du camping et complexe touristique Los Escullos vous propose une piste multi-sport (tennis, football, basket), une zone de p\u00e9tanque, de voleyball et [&hellip;]<\/p>\n","protected":false},"author":2,"featured_media":3470,"parent":3458,"menu_order":0,"comment_status":"closed","ping_status":"closed","template":"","meta":{"_acf_changed":false,"footnotes":""},"class_list":["post-3469","page","type-page","status-publish","has-post-thumbnail","hentry"],"acf":[],"publishpress_future_action":{"enabled":false,"date":"2026-04-25 10:51:00","action":"change-status","newStatus":"draft","terms":[],"taxonomy":"translation_priority"},"publishpress_future_workflow_manual_trigger":{"enabledWorkflows":[]},"_links":{"self":[{"href":"https:\/\/www.losesculloscabodegata.com\/fr\/wp-json\/wp\/v2\/pages\/3469","targetHints":{"allow":["GET"]}}],"collection":[{"href":"https:\/\/www.losesculloscabodegata.com\/fr\/wp-json\/wp\/v2\/pages"}],"about":[{"href":"https:\/\/www.losesculloscabodegata.com\/fr\/wp-json\/wp\/v2\/types\/page"}],"author":[{"embeddable":true,"href":"https:\/\/www.losesculloscabodegata.com\/fr\/wp-json\/wp\/v2\/users\/2"}],"replies":[{"embeddable":true,"href":"https:\/\/www.losesculloscabodegata.com\/fr\/wp-json\/wp\/v2\/comments?post=3469"}],"version-history":[{"count":9,"href":"https:\/\/www.losesculloscabodegata.com\/fr\/wp-json\/wp\/v2\/pages\/3469\/revisions"}],"predecessor-version":[{"id":19989,"href":"https:\/\/www.losesculloscabodegata.com\/fr\/wp-json\/wp\/v2\/pages\/3469\/revisions\/19989"}],"up":[{"embeddable":true,"href":"https:\/\/www.losesculloscabodegata.com\/fr\/wp-json\/wp\/v2\/pages\/3458"}],"wp:featuredmedia":[{"embeddable":true,"href":"https:\/\/www.losesculloscabodegata.com\/fr\/wp-json\/wp\/v2\/media\/3470"}],"wp:attachment":[{"href":"https:\/\/www.losesculloscabodegata.com\/fr\/wp-json\/wp\/v2\/media?parent=3469"}],"curies":[{"name":"wp","href":"https:\/\/api.w.org\/{rel}","templated":true}]}}