{"id":3478,"date":"2018-03-13T10:38:04","date_gmt":"2018-03-13T10:38:04","guid":{"rendered":"https:\/\/www.losesculloscabodegata.com\/servicios\/piscina\/"},"modified":"2025-01-21T10:07:14","modified_gmt":"2025-01-21T10:07:14","slug":"piscine","status":"publish","type":"page","link":"https:\/\/www.losesculloscabodegata.com\/fr\/services\/piscine\/","title":{"rendered":"Piscine"},"content":{"rendered":"<div class=\"wpb-content-wrapper\"><p>[vc_row][vc_column][vc_column_text]Notre piscine de <strong>28 x 10 m\u00e8tres<\/strong> est sans doute le point fort de notre camping. Durant la p\u00e9riode estivale, elle accueille de nombreux vacanciers, avec ses animations et activit\u00e9s pour tous les \u00e2ges. Dans notre piscine nous disposons de <strong>transates, d\u2019un jacuzzi ext\u00e9rieur et de lits en baldaquins<\/strong>.[\/vc_column_text][\/vc_column][\/vc_row][vc_row][vc_column width=\u00a0\u00bb1\/3&Prime;][vc_column_text css_animation=\u00a0\u00bbnone\u00a0\u00bb]<\/p>\n<h3>PISCINE<\/h3>\n<p><i class=\"fas fa-angle-right\" style=\"color: #b2e1f5;\"><\/i> Ouverte en haute saison.<\/p>\n<p>&nbsp;<\/p>\n<h3>28 x 10 m.<\/h3>\n<p><i class=\"fas fa-angle-right\" style=\"color: #b2e1f5;\"><\/i> Capacit\u00e9 en eau de 132 personnes.[\/vc_column_text][\/vc_column][vc_column width=\u00a0\u00bb1\/3&Prime;][vc_column_text css_animation=\u00a0\u00bbnone\u00a0\u00bb]<\/p>\n<h3>JACUZZI<\/h3>\n<p><i class=\"fas fa-angle-right\" style=\"color: #b2e1f5;\"><\/i> Jacuzzi Ext\u00e9rieur.<\/p>\n<p>&nbsp;<\/p>\n<h3>SNACK BAR<\/h3>\n<p><i class=\"fas fa-angle-right\" style=\"color: #b2e1f5;\"><\/i> Terrasse \u00e0 c\u00f4te de la piscine.[\/vc_column_text][\/vc_column][vc_column width=\u00a0\u00bb1\/3&Prime;][vc_column_text css_animation=\u00a0\u00bbnone\u00a0\u00bb]<\/p>\n<h3>ANIMATIONS<\/h3>\n<p><i class=\"fas fa-angle-right\" style=\"color: #b2e1f5;\"><\/i> Activit\u00e9s pour rester en forme.<\/p>\n<p>&nbsp;<\/p>\n<h3>SPORTS<\/h3>\n<p><i class=\"fas fa-angle-right\" style=\"color: #b2e1f5;\"><\/i> Sports Nautiques.[\/vc_column_text][\/vc_column][\/vc_row][vc_row][vc_column][vc_single_image image=\u00a0\u00bb14112&Prime; img_size=\u00a0\u00bbfull\u00a0\u00bb onclick=\u00a0\u00bblink_image\u00a0\u00bb][\/vc_column][\/vc_row][vc_row][vc_column width=\u00a0\u00bb1\/4&Prime;][vc_single_image image=\u00a0\u00bb14122&Prime; img_size=\u00a0\u00bblarge\u00a0\u00bb onclick=\u00a0\u00bblink_image\u00a0\u00bb][\/vc_column][vc_column width=\u00a0\u00bb1\/4&Prime;][vc_single_image image=\u00a0\u00bb14127&Prime; img_size=\u00a0\u00bblarge\u00a0\u00bb onclick=\u00a0\u00bblink_image\u00a0\u00bb][\/vc_column][vc_column width=\u00a0\u00bb1\/4&Prime;][vc_single_image image=\u00a0\u00bb14117&Prime; img_size=\u00a0\u00bblarge\u00a0\u00bb onclick=\u00a0\u00bblink_image\u00a0\u00bb][\/vc_column][vc_column width=\u00a0\u00bb1\/4&Prime;][vc_single_image image=\u00a0\u00bb14132&Prime; img_size=\u00a0\u00bblarge\u00a0\u00bb onclick=\u00a0\u00bblink_image\u00a0\u00bb][\/vc_column][\/vc_row][vc_row][vc_column][vc_column_text]<\/p>\n<h2 style=\"color: #1c75a9;\">Bali Lits<\/h2>\n<p>En haute saison, vous pouvez profiter de nos <strong>lits balinais<\/strong>, qui sont dans la zone verte de notre piscine et \u00e0 c\u00f4t\u00e9 du snack-bar. Vous pouvez les r\u00e9server pour une journ\u00e9e compl\u00e8te ou demi-journ\u00e9e, faites votre choix: m\u00eame avec des boissons compris! Id\u00e9al pour une journ\u00e9e festive avec des Mojitos![\/vc_column_text][\/vc_column][\/vc_row][vc_row][vc_column][vc_column_text]<\/p>\n<h2>Autres services<\/h2>\n<p>[\/vc_column_text][vc_basic_grid post_type=\u00a0\u00bbids\u00a0\u00bb item=\u00a0\u00bb3647&Prime; grid_id=\u00a0\u00bbvc_gid:1737453940239-6eb365d4-75f8-7&Prime; include=\u00a0\u00bb1330, 1332, 1322&Prime;][\/vc_column][\/vc_row]<\/p>\n<\/div>","protected":false},"excerpt":{"rendered":"<p>[vc_row][vc_column][vc_column_text]Notre piscine de 28 x 10 m\u00e8tres est sans doute le point fort de notre camping. Durant la p\u00e9riode estivale, elle accueille de nombreux vacanciers, avec ses animations et activit\u00e9s pour tous les \u00e2ges. Dans notre piscine nous disposons de transates, d\u2019un jacuzzi ext\u00e9rieur et de lits en baldaquins.[\/vc_column_text][\/vc_column][\/vc_row][vc_row][vc_column width=\u00a0\u00bb1\/3&Prime;][vc_column_text css_animation=\u00a0\u00bbnone\u00a0\u00bb] PISCINE Ouverte en haute [&hellip;]<\/p>\n","protected":false},"author":2,"featured_media":14137,"parent":3458,"menu_order":0,"comment_status":"closed","ping_status":"closed","template":"","meta":{"_acf_changed":false,"footnotes":""},"class_list":["post-3478","page","type-page","status-publish","has-post-thumbnail","hentry"],"acf":[],"publishpress_future_action":{"enabled":false,"date":"2026-04-25 10:50:55","action":"change-status","newStatus":"draft","terms":[],"taxonomy":"translation_priority"},"publishpress_future_workflow_manual_trigger":{"enabledWorkflows":[]},"_links":{"self":[{"href":"https:\/\/www.losesculloscabodegata.com\/fr\/wp-json\/wp\/v2\/pages\/3478","targetHints":{"allow":["GET"]}}],"collection":[{"href":"https:\/\/www.losesculloscabodegata.com\/fr\/wp-json\/wp\/v2\/pages"}],"about":[{"href":"https:\/\/www.losesculloscabodegata.com\/fr\/wp-json\/wp\/v2\/types\/page"}],"author":[{"embeddable":true,"href":"https:\/\/www.losesculloscabodegata.com\/fr\/wp-json\/wp\/v2\/users\/2"}],"replies":[{"embeddable":true,"href":"https:\/\/www.losesculloscabodegata.com\/fr\/wp-json\/wp\/v2\/comments?post=3478"}],"version-history":[{"count":6,"href":"https:\/\/www.losesculloscabodegata.com\/fr\/wp-json\/wp\/v2\/pages\/3478\/revisions"}],"predecessor-version":[{"id":19983,"href":"https:\/\/www.losesculloscabodegata.com\/fr\/wp-json\/wp\/v2\/pages\/3478\/revisions\/19983"}],"up":[{"embeddable":true,"href":"https:\/\/www.losesculloscabodegata.com\/fr\/wp-json\/wp\/v2\/pages\/3458"}],"wp:featuredmedia":[{"embeddable":true,"href":"https:\/\/www.losesculloscabodegata.com\/fr\/wp-json\/wp\/v2\/media\/14137"}],"wp:attachment":[{"href":"https:\/\/www.losesculloscabodegata.com\/fr\/wp-json\/wp\/v2\/media?parent=3478"}],"curies":[{"name":"wp","href":"https:\/\/api.w.org\/{rel}","templated":true}]}}