{"id":3484,"date":"2018-03-13T10:45:13","date_gmt":"2018-03-13T10:45:13","guid":{"rendered":"https:\/\/www.losesculloscabodegata.com\/servicios\/recepcion\/"},"modified":"2025-01-22T08:36:46","modified_gmt":"2025-01-22T08:36:46","slug":"reception","status":"publish","type":"page","link":"https:\/\/www.losesculloscabodegata.com\/fr\/services\/reception\/","title":{"rendered":"Reception"},"content":{"rendered":"<div class=\"wpb-content-wrapper\"><p>[vc_row][vc_column][vc_column_text]Le service de <strong>r\u00e9ception et d\u2019attention au client<\/strong> du Complexe Touristique Los Escullos est \u00e0 votre disposition <strong>24h\/24 7j\/7<\/strong>. En plus de g\u00e9rer votre r\u00e9servation et ton entr\u00e9e dans le Complexe, on vous offre la possibilit\u00e9 de d\u00e9couvrir le <strong>Parc Naturel Cabo de Gata<\/strong> \u00e9tant donn\u00e9 que notre personnel dispose d\u2019informations touristiques \u00e0 votre servie.<\/p>\n<p>&nbsp;<\/p>\n<p>Dans la r\u00e9ception du Complexe Touristique Los Escullos vous pouvez vous informer et vous renseignez sur tous les <strong>services<\/strong> que nous mettons \u00e0 votre disposition pour que vous profitez de votre s\u00e9jour dans nos logements. Comme point d\u2019information homologu\u00e9 au Parc Naturel Cabo de Gata vous pouvez obtenir des guides et plans du Parc, des informations touristiques, des achats de billets pour visites guid\u00e9es, des locations de v\u00e9los, etc\u2026<\/p>\n<p>&nbsp;<\/p>\n<p>Nous vous r\u00e9pondrons en <strong>Espagnol, Anglais, Fran\u00e7ais et Allemand<\/strong>.[\/vc_column_text][\/vc_column][\/vc_row][vc_row][vc_column][vc_single_image image=\u00a0\u00bb14730&Prime; img_size=\u00a0\u00bbfull\u00a0\u00bb][\/vc_column][\/vc_row][vc_row][vc_column][vc_column_text]<\/p>\n<h2>Autres services<\/h2>\n<p>[\/vc_column_text][vc_basic_grid post_type=\u00a0\u00bbids\u00a0\u00bb item=\u00a0\u00bb3647&Prime; grid_id=\u00a0\u00bbvc_gid:1737534983939-be926258-3378-9&Prime; include=\u00a0\u00bb1322, 1326, 1330&Prime;][\/vc_column][\/vc_row]<\/p>\n<\/div>","protected":false},"excerpt":{"rendered":"<p>[vc_row][vc_column][vc_column_text]Le service de r\u00e9ception et d\u2019attention au client du Complexe Touristique Los Escullos est \u00e0 votre disposition 24h\/24 7j\/7. En plus de g\u00e9rer votre r\u00e9servation et ton entr\u00e9e dans le Complexe, on vous offre la possibilit\u00e9 de d\u00e9couvrir le Parc Naturel Cabo de Gata \u00e9tant donn\u00e9 que notre personnel dispose d\u2019informations touristiques \u00e0 votre servie. [&hellip;]<\/p>\n","protected":false},"author":2,"featured_media":15240,"parent":3458,"menu_order":0,"comment_status":"closed","ping_status":"closed","template":"","meta":{"_acf_changed":false,"footnotes":""},"class_list":["post-3484","page","type-page","status-publish","has-post-thumbnail","hentry"],"acf":[],"publishpress_future_action":{"enabled":false,"date":"2026-04-29 10:41:44","action":"change-status","newStatus":"draft","terms":[],"taxonomy":"translation_priority"},"publishpress_future_workflow_manual_trigger":{"enabledWorkflows":[]},"_links":{"self":[{"href":"https:\/\/www.losesculloscabodegata.com\/fr\/wp-json\/wp\/v2\/pages\/3484","targetHints":{"allow":["GET"]}}],"collection":[{"href":"https:\/\/www.losesculloscabodegata.com\/fr\/wp-json\/wp\/v2\/pages"}],"about":[{"href":"https:\/\/www.losesculloscabodegata.com\/fr\/wp-json\/wp\/v2\/types\/page"}],"author":[{"embeddable":true,"href":"https:\/\/www.losesculloscabodegata.com\/fr\/wp-json\/wp\/v2\/users\/2"}],"replies":[{"embeddable":true,"href":"https:\/\/www.losesculloscabodegata.com\/fr\/wp-json\/wp\/v2\/comments?post=3484"}],"version-history":[{"count":8,"href":"https:\/\/www.losesculloscabodegata.com\/fr\/wp-json\/wp\/v2\/pages\/3484\/revisions"}],"predecessor-version":[{"id":20193,"href":"https:\/\/www.losesculloscabodegata.com\/fr\/wp-json\/wp\/v2\/pages\/3484\/revisions\/20193"}],"up":[{"embeddable":true,"href":"https:\/\/www.losesculloscabodegata.com\/fr\/wp-json\/wp\/v2\/pages\/3458"}],"wp:featuredmedia":[{"embeddable":true,"href":"https:\/\/www.losesculloscabodegata.com\/fr\/wp-json\/wp\/v2\/media\/15240"}],"wp:attachment":[{"href":"https:\/\/www.losesculloscabodegata.com\/fr\/wp-json\/wp\/v2\/media?parent=3484"}],"curies":[{"name":"wp","href":"https:\/\/api.w.org\/{rel}","templated":true}]}}