{"id":3490,"date":"2018-03-13T10:32:14","date_gmt":"2018-03-13T10:32:14","guid":{"rendered":"https:\/\/www.losesculloscabodegata.com\/servicios\/restaurante-oasis\/"},"modified":"2026-01-14T06:34:41","modified_gmt":"2026-01-14T06:34:41","slug":"le-restaurant-el-oasis","status":"publish","type":"page","link":"https:\/\/www.losesculloscabodegata.com\/fr\/services\/le-restaurant-el-oasis\/","title":{"rendered":"Le Restaurant"},"content":{"rendered":"<div class=\"wpb-content-wrapper\"><p>[vc_row][vc_column][vc_column_text]Dans le complexe touristique Los Escullos vous trouverez le<strong> Restaurant El Oasis<\/strong> avec une multitude d\u2019offre gastronomique. Menu du jour, menu \u00e0 la carte, pizzeria, sandwiches, d\u00e9jeun\u00e9s.. avec un service \u00e0 emporter afin que vous puissiez profiter de nos plats dans vos bungalows, bengal\u00eds et emplacements. Notre restaurant vous propose \u00e9galement une salle pour vos \u00e9v\u00e8nements et c\u00e9l\u00e9brations, avec une capacit\u00e9 d\u2019accueil de 123 personnes.<\/p>\n<p>&nbsp;<\/p>\n<p>Notre restaurant fait \u00e9galement <strong>bar-caf\u00e9t\u00e9ria<\/strong> pour prendre un caf\u00e9 ou un ap\u00e9ritif \u00e0 n\u2019importe quelle heure de la journ\u00e9e.[\/vc_column_text][vc_column_text]<\/p>\n<p style=\"text-align: center;\"><strong>TEL: <a style=\"color: #000;\" href=\"tel:+34950034968\">(+34) 950 034 968 <\/a><\/strong><\/p>\n<p>[\/vc_column_text][vc_btn title=\u00a0\u00bbICI VOUS POUVEZ VOIR NOTRE LETTRE\u00a0\u00bb style=\u00a0\u00bbclassic\u00a0\u00bb shape=\u00a0\u00bbsquare\u00a0\u00bb color=\u00a0\u00bbprimary\u00a0\u00bb size=\u00a0\u00bblg\u00a0\u00bb align=\u00a0\u00bbcenter\u00a0\u00bb i_icon_fontawesome=\u00a0\u00bbfas fa-utensils\u00a0\u00bb css=\u00a0\u00bb\u00a0\u00bb add_icon=\u00a0\u00bbtrue\u00a0\u00bb link=\u00a0\u00bburl:https%3A%2F%2Fwww.losesculloscabodegata.com%2Fcarta-restaurante-oasis.pdf|target:_blank\u00a0\u00bb][\/vc_column][\/vc_row][vc_row][vc_column][vc_column_text]<\/p>\n<h2 style=\"color: #1c75a9;\">Snack Bar<\/h2>\n<p>En haute saison vous pouvez profiter de notre <strong>Bar Snack<\/strong> avec une grande terrasse juste \u00e0 c\u00f4t\u00e9 de la piscine. Faite une pause entre une baignade et une autre pour prendre un verre, un rafraichissement, une glace\u2026 Tout cela avec une vue sur le parc naturel Cabo de Gata et avec un excellent climat l\u2019\u00e9t\u00e9 \u00e0 Almer\u00eda.[\/vc_column_text][\/vc_column][\/vc_row][vc_row][vc_column width=\u00a0\u00bb1\/3&Prime;][vc_column_text css_animation=\u00a0\u00bbnone\u00a0\u00bb]<\/p>\n<h3>PETIT D\u00c9JEUNER<\/h3>\n<p><i class=\"fas fa-angle-right\" style=\"color: #b2e1f5;\"><\/i> Petit d\u00e9jeuner de 8h \u00e0 12h.<\/p>\n<p>&nbsp;<\/p>\n<h3>MENU DU JOUR<\/h3>\n<p><i class=\"fas fa-angle-right\" style=\"color: #b2e1f5;\"><\/i> Tous les jours.<\/p>\n<p>&nbsp;<\/p>\n<h3>CARTE<\/h3>\n<p><i class=\"fas fa-angle-right\" style=\"color: #b2e1f5;\"><\/i> Repas et d\u00eener \u00e0 la carte.[\/vc_column_text][\/vc_column][vc_column width=\u00a0\u00bb1\/3&Prime;][vc_column_text css_animation=\u00a0\u00bbnone\u00a0\u00bb]<\/p>\n<p>&nbsp;<\/p>\n<h3>PARTAGER<\/h3>\n<p><i class=\"fas fa-angle-right\" style=\"color: #b2e1f5;\"><\/i> Pour savourer ensemble.<\/p>\n<p>&nbsp;<\/p>\n<h3>BAR-CAF\u00c9T\u00c9RIA<\/h3>\n<p><i class=\"fas fa-angle-right\" style=\"color: #b2e1f5;\"><\/i> \u00c0 n\u2019importe quelle heure de la journ\u00e9e.<\/p>\n<p>&nbsp;<\/p>\n<h3>VERRES<\/h3>\n<p><i class=\"fas fa-angle-right\" style=\"color: #b2e1f5;\"><\/i> Verres et Cocktails.[\/vc_column_text][\/vc_column][vc_column width=\u00a0\u00bb1\/3&Prime;][vc_column_text css_animation=\u00a0\u00bbnone\u00a0\u00bb]<\/p>\n<h3>EMPORTER<\/h3>\n<p><i class=\"fas fa-angle-right\" style=\"color: #b2e1f5;\"><\/i> Service \u00e0 emporter.<\/p>\n<p>&nbsp;<\/p>\n<h3>PIZZERIA<\/h3>\n<p><i class=\"fas fa-angle-right\" style=\"color: #b2e1f5;\"><\/i> Pizzas artisanales.<\/p>\n<p>&nbsp;<\/p>\n<h3>COLLATION<\/h3>\n<p><i class=\"fas fa-angle-right\" style=\"color: #b2e1f5;\"><\/i> Collation fra\u00eeches et chaudes.[\/vc_column_text][\/vc_column][\/vc_row][vc_row][vc_column][vc_single_image image=\u00a0\u00bb14162&Prime; img_size=\u00a0\u00bbfull\u00a0\u00bb onclick=\u00a0\u00bblink_image\u00a0\u00bb][\/vc_column][\/vc_row][vc_row][vc_column width=\u00a0\u00bb1\/4&Prime;][vc_single_image image=\u00a0\u00bb14172&Prime; img_size=\u00a0\u00bblarge\u00a0\u00bb onclick=\u00a0\u00bblink_image\u00a0\u00bb][\/vc_column][vc_column width=\u00a0\u00bb1\/4&Prime;][vc_single_image image=\u00a0\u00bb14152&Prime; img_size=\u00a0\u00bblarge\u00a0\u00bb onclick=\u00a0\u00bblink_image\u00a0\u00bb][\/vc_column][vc_column width=\u00a0\u00bb1\/4&Prime;][vc_single_image image=\u00a0\u00bb14157&Prime; img_size=\u00a0\u00bblarge\u00a0\u00bb onclick=\u00a0\u00bblink_image\u00a0\u00bb][\/vc_column][vc_column width=\u00a0\u00bb1\/4&Prime;][vc_single_image image=\u00a0\u00bb14167&Prime; img_size=\u00a0\u00bblarge\u00a0\u00bb onclick=\u00a0\u00bblink_image\u00a0\u00bb][\/vc_column][\/vc_row][vc_row][vc_column][vc_column_text]<\/p>\n<h2>Autres services<\/h2>\n<p>[\/vc_column_text][vc_basic_grid post_type=\u00a0\u00bbids\u00a0\u00bb item=\u00a0\u00bb3647&Prime; grid_id=\u00a0\u00bbvc_gid:1768372444367-fd5eab50-62bc-1&Prime; include=\u00a0\u00bb1330, 1332, 1326&Prime;][\/vc_column][\/vc_row]<\/p>\n<\/div>","protected":false},"excerpt":{"rendered":"<p>[vc_row][vc_column][vc_column_text]Dans le complexe touristique Los Escullos vous trouverez le Restaurant El Oasis avec une multitude d\u2019offre gastronomique. Menu du jour, menu \u00e0 la carte, pizzeria, sandwiches, d\u00e9jeun\u00e9s.. avec un service \u00e0 emporter afin que vous puissiez profiter de nos plats dans vos bungalows, bengal\u00eds et emplacements. Notre restaurant vous propose \u00e9galement une salle pour vos [&hellip;]<\/p>\n","protected":false},"author":2,"featured_media":14745,"parent":3458,"menu_order":0,"comment_status":"closed","ping_status":"closed","template":"","meta":{"_acf_changed":false,"footnotes":""},"class_list":["post-3490","page","type-page","status-publish","has-post-thumbnail","hentry"],"acf":[],"publishpress_future_action":{"enabled":false,"date":"2026-04-25 11:16:39","action":"change-status","newStatus":"draft","terms":[],"taxonomy":"translation_priority"},"publishpress_future_workflow_manual_trigger":{"enabledWorkflows":[]},"_links":{"self":[{"href":"https:\/\/www.losesculloscabodegata.com\/fr\/wp-json\/wp\/v2\/pages\/3490","targetHints":{"allow":["GET"]}}],"collection":[{"href":"https:\/\/www.losesculloscabodegata.com\/fr\/wp-json\/wp\/v2\/pages"}],"about":[{"href":"https:\/\/www.losesculloscabodegata.com\/fr\/wp-json\/wp\/v2\/types\/page"}],"author":[{"embeddable":true,"href":"https:\/\/www.losesculloscabodegata.com\/fr\/wp-json\/wp\/v2\/users\/2"}],"replies":[{"embeddable":true,"href":"https:\/\/www.losesculloscabodegata.com\/fr\/wp-json\/wp\/v2\/comments?post=3490"}],"version-history":[{"count":15,"href":"https:\/\/www.losesculloscabodegata.com\/fr\/wp-json\/wp\/v2\/pages\/3490\/revisions"}],"predecessor-version":[{"id":23286,"href":"https:\/\/www.losesculloscabodegata.com\/fr\/wp-json\/wp\/v2\/pages\/3490\/revisions\/23286"}],"up":[{"embeddable":true,"href":"https:\/\/www.losesculloscabodegata.com\/fr\/wp-json\/wp\/v2\/pages\/3458"}],"wp:featuredmedia":[{"embeddable":true,"href":"https:\/\/www.losesculloscabodegata.com\/fr\/wp-json\/wp\/v2\/media\/14745"}],"wp:attachment":[{"href":"https:\/\/www.losesculloscabodegata.com\/fr\/wp-json\/wp\/v2\/media?parent=3490"}],"curies":[{"name":"wp","href":"https:\/\/api.w.org\/{rel}","templated":true}]}}