{"id":3503,"date":"2018-03-13T10:52:24","date_gmt":"2018-03-13T10:52:24","guid":{"rendered":"https:\/\/www.losesculloscabodegata.com\/grupos-y-largas-estancias\/"},"modified":"2025-01-21T16:46:20","modified_gmt":"2025-01-21T16:46:20","slug":"groupes","status":"publish","type":"page","link":"https:\/\/www.losesculloscabodegata.com\/fr\/groupes\/","title":{"rendered":"Groupes"},"content":{"rendered":"<div class=\"wpb-content-wrapper\"><p>[vc_row][vc_column][\/vc_column][\/vc_row][vc_row][vc_column][vc_single_image image=\u00a0\u00bb7213&Prime; img_size=\u00a0\u00bbfull\u00a0\u00bb][\/vc_column][\/vc_row][vc_row][vc_column][vc_column_text]Le Camping Los Escullos est situ\u00e9 dans un lieu privil\u00e9gi\u00e9 et strat\u00e9gique au sein du Parc Naturel de Cabo de Gata-N\u00edjar. Nous disposons de toutes les commodit\u00e9s n\u00e9cessaires pour accueillir votre groupe.<\/p>\n<p>Nous proposons des r\u00e9gimes de demi-pension et de pension compl\u00e8te dans notre vaste restaurant, en tenant toujours compte des caract\u00e9ristiques sp\u00e9ciales n\u00e9cessaires, qu&rsquo;il s&rsquo;agisse de r\u00e9gime ou d&rsquo;allergie.<\/p>\n<p>Nous collaborons \u00e9galement avec les meilleures entreprises de tourisme actif de la r\u00e9gion pour organiser des activit\u00e9s telles que le kayak, la plong\u00e9e sous-marine, le snorkeling, les randonn\u00e9es guid\u00e9es, le v\u00e9lo, et bien plus encore. Nous vous mettons en contact avec elles.<br \/>\n[\/vc_column_text][\/vc_column][\/vc_row][vc_row el_class=\u00a0\u00bbfila-grupos\u00a0\u00bb][vc_column][vc_basic_grid post_type=\u00a0\u00bbids\u00a0\u00bb item=\u00a0\u00bb1399&Prime; grid_id=\u00a0\u00bbvc_gid:1737463816990-10d86edc-9800-4&Prime; include=\u00a0\u00bb7169, 7174, 7176&Prime;][\/vc_column][\/vc_row][vc_row][vc_column][vc_single_image image=\u00a0\u00bb7318&Prime; img_size=\u00a0\u00bbfull\u00a0\u00bb onclick=\u00a0\u00bbcustom_link\u00a0\u00bb img_link_target=\u00a0\u00bb_blank\u00a0\u00bb link=\u00a0\u00bbhttps:\/\/www.planeta40.com\/\u00a0\u00bb][\/vc_column][\/vc_row][vc_row disable_element=\u00a0\u00bbyes\u00a0\u00bb][vc_column][vc_single_image image=\u00a0\u00bb6260&Prime; img_size=\u00a0\u00bbfull\u00a0\u00bb][\/vc_column][\/vc_row][vc_row][vc_column]\n\t<div class=\"nd_options_section nd_options_text_align_center\">\n\t<a style=\"border: px solid;border-radius:px;letter-spacing:px;line-height:18px;font-size:18px;background-color:#22205f;padding:10px 20px;margin:10px;color:#ffffff\" rel=\"\" href=\"https:\/\/www.losesculloscabodegata.com\/animacion\/\" class=\"nicdark_display_inline_block   nd_options_second_font  \">VOIR LES ACTIVIT\u00c9S D'ANIMATION<\/a>\n\t<\/div>\n[\/vc_column][\/vc_row]<\/p>\n<\/div>","protected":false},"excerpt":{"rendered":"<p>[vc_row][vc_column][\/vc_column][\/vc_row][vc_row][vc_column][vc_single_image image=\u00a0\u00bb7213&Prime; img_size=\u00a0\u00bbfull\u00a0\u00bb][\/vc_column][\/vc_row][vc_row][vc_column][vc_column_text]Le Camping Los Escullos est situ\u00e9 dans un lieu privil\u00e9gi\u00e9 et strat\u00e9gique au sein du Parc Naturel de Cabo de Gata-N\u00edjar. Nous disposons de toutes les commodit\u00e9s n\u00e9cessaires pour accueillir votre groupe. Nous proposons des r\u00e9gimes de demi-pension et de pension compl\u00e8te dans notre vaste restaurant, en tenant toujours compte des caract\u00e9ristiques sp\u00e9ciales [&hellip;]<\/p>\n","protected":false},"author":2,"featured_media":0,"parent":0,"menu_order":0,"comment_status":"closed","ping_status":"closed","template":"","meta":{"_acf_changed":false,"footnotes":""},"class_list":["post-3503","page","type-page","status-publish","hentry"],"acf":[],"publishpress_future_action":{"enabled":false,"date":"2026-04-25 12:24:30","action":"change-status","newStatus":"draft","terms":[],"taxonomy":"translation_priority"},"publishpress_future_workflow_manual_trigger":{"enabledWorkflows":[]},"_links":{"self":[{"href":"https:\/\/www.losesculloscabodegata.com\/fr\/wp-json\/wp\/v2\/pages\/3503","targetHints":{"allow":["GET"]}}],"collection":[{"href":"https:\/\/www.losesculloscabodegata.com\/fr\/wp-json\/wp\/v2\/pages"}],"about":[{"href":"https:\/\/www.losesculloscabodegata.com\/fr\/wp-json\/wp\/v2\/types\/page"}],"author":[{"embeddable":true,"href":"https:\/\/www.losesculloscabodegata.com\/fr\/wp-json\/wp\/v2\/users\/2"}],"replies":[{"embeddable":true,"href":"https:\/\/www.losesculloscabodegata.com\/fr\/wp-json\/wp\/v2\/comments?post=3503"}],"version-history":[{"count":8,"href":"https:\/\/www.losesculloscabodegata.com\/fr\/wp-json\/wp\/v2\/pages\/3503\/revisions"}],"predecessor-version":[{"id":20104,"href":"https:\/\/www.losesculloscabodegata.com\/fr\/wp-json\/wp\/v2\/pages\/3503\/revisions\/20104"}],"wp:attachment":[{"href":"https:\/\/www.losesculloscabodegata.com\/fr\/wp-json\/wp\/v2\/media?parent=3503"}],"curies":[{"name":"wp","href":"https:\/\/api.w.org\/{rel}","templated":true}]}}