{"id":3507,"date":"2018-03-08T16:43:33","date_gmt":"2018-03-08T16:43:33","guid":{"rendered":"https:\/\/www.losesculloscabodegata.com\/cabo-de-gata\/"},"modified":"2019-01-21T10:55:31","modified_gmt":"2019-01-21T10:55:31","slug":"cabo-de-gata","status":"publish","type":"page","link":"https:\/\/www.losesculloscabodegata.com\/fr\/cabo-de-gata\/","title":{"rendered":"Cabo de Gata"},"content":{"rendered":"<div class=\"wpb-content-wrapper\"><p>[vc_row][vc_column][vc_column_text]Le <strong>Parc Naturel de Cabo de Gata<\/strong> est un paradis naturel tr\u00e8s prot\u00e9g\u00e9 et pr\u00e9serv\u00e9. Notre emplacement dans le c\u0153ur du parc vous permet de conna\u00eetre exceptionnellement tous les charmes cach\u00e9s du Caba de Gata. D\u00e9couvrez dans cette section une s\u00e9lection de ses meilleurs <strong>villages, plages et criques<\/strong>. Profitez-en et connaissez le charme de Cabo de Gata \u00e0 travers les <strong>sentiers de randonn\u00e9e<\/strong> que nous vous proposons ici.<\/p>\n<p>Nous offrons \u00e9galement un petit guide de r\u00e9f\u00e9rence pour la <strong>ville d\u2019Almer\u00eda<\/strong>, le centre urbain le plus proche du parc et moins d&rsquo;une heure. Almeria offre un large \u00e9ventail d&rsquo;activit\u00e9s culturelles et de loisirs.[\/vc_column_text][\/vc_column][\/vc_row][vc_row el_class=\u00a0\u00bbencabezado-azul\u00a0\u00bb][vc_column width=\u00a0\u00bb1\/2&Prime;][vc_wp_text title=\u00a0\u00bbPlages et Criques\u00a0\u00bb]Le plus c\u00e9l\u00e8bre tr\u00e9sor de Cabo de Gata sont ses <strong>plages et criques<\/strong> exceptionnelles . Parc naturel prot\u00e9g\u00e9, ses plages et criques sont vraiment vierge et paradisiaque.<\/p>\n<p>Visitez ses c\u00e9l\u00e8bres plages et d\u00e9couvrez les criques les plus recul\u00e9es et cach\u00e9s. Ses principales plages sont de renomm\u00e9e internationale et ont \u00e9t\u00e9 l&rsquo;ensemble des grands films.<\/p>\n<p>Profitez de l\u2019excellente m\u00e9t\u00e9o pendant toute l\u2019ann\u00e9e.[\/vc_wp_text][\/vc_column][vc_column width=\u00a0\u00bb1\/2&Prime;][vc_wp_text title=\u00a0\u00bbSentiers de Randonn\u00e9e\u00a0\u00bb]D\u00e9couvrir Cabo de Gata \u00e0 travers de ses multiples <strong>sentiers de randonn\u00e9e<\/strong> vous fera profiter au maximum de son paysage et de la v\u00e9g\u00e9tation.<\/p>\n<p>Les sentiers de randonn\u00e9e dans le parc sont la plupart du temps du niveau facile, donc ils sont parfaits pour toute la famille; partait pour profiter de la nature intacte du parc et de ses vues spectaculaires.<\/p>\n<p>Le climat ensoleill\u00e9 fait Almeria sentiers de randonn\u00e9e id\u00e9ale toute l\u2019ann\u00e9e.[\/vc_wp_text][\/vc_column][\/vc_row][vc_row][vc_column width=\u00a0\u00bb1\/2&Prime;][vc_wp_text title=\u00a0\u00bbVillages de Cabo de Gata\u00a0\u00bb]Ici, nous vous proposons une s\u00e9rie d\u2019itin\u00e9raires \u00e0 travers des villages de Cabo de Gata, qui vous permettront de conna\u00eetre vraiment le parc naturel et sa g\u00e9ologie, sa faune et flore, ses monuments et sa gastronomie.<\/p>\n<p>Monuments et architecture d&rsquo;int\u00e9r\u00eat : ch\u00e2teaux arabes, tours, fermes traditionnelles, mines, usines et puits mauresque&#8230;<\/p>\n<p>Villages typiques de la r\u00e9gion : <strong>Cabo de Gata, Nijar, Las Negras, Aguamarga, Carboneras, Rodalquilar, San Jos\u00e9&#8230;<\/strong>[\/vc_wp_text][\/vc_column][vc_column width=\u00a0\u00bb1\/2&Prime;][vc_wp_text title=\u00a0\u00bbAlmer\u00eda\u00a0\u00bb]D\u00e9couvrez la ville d\u2019<strong>Almeria<\/strong>.<br \/>\nSeulement 38 km du Camping (40 minutes).<br \/>\nArchitecture et Monuments.<br \/>\nCuisine et Tapas.<br \/>\nShopping, divertissement et vie nocturne.[\/vc_wp_text][\/vc_column][\/vc_row][vc_row][vc_column][vc_column_text]<a style=\"color: #1c75a9;\" href=\"https:\/\/www.losesculloscabodegata.com\/wp-content\/uploads\/2019\/01\/LosEscullosPlano.jpg\" target=\"_blank\" rel=\"noopener\">CARTE CABO DE GATA &#8211; N\u00cdJAR<\/a>[\/vc_column_text][\/vc_column][\/vc_row]<\/p>\n<\/div>","protected":false},"excerpt":{"rendered":"<p>[vc_row][vc_column][vc_column_text]Le Parc Naturel de Cabo de Gata est un paradis naturel tr\u00e8s prot\u00e9g\u00e9 et pr\u00e9serv\u00e9. Notre emplacement dans le c\u0153ur du parc vous permet de conna\u00eetre exceptionnellement tous les charmes cach\u00e9s du Caba de Gata. D\u00e9couvrez dans cette section une s\u00e9lection de ses meilleurs villages, plages et criques. Profitez-en et connaissez le charme de Cabo [&hellip;]<\/p>\n","protected":false},"author":2,"featured_media":0,"parent":0,"menu_order":0,"comment_status":"closed","ping_status":"closed","template":"","meta":{"_acf_changed":false,"footnotes":""},"class_list":["post-3507","page","type-page","status-publish","hentry"],"acf":[],"publishpress_future_action":{"enabled":false,"date":"2026-04-25 14:59:28","action":"change-status","newStatus":"draft","terms":[],"taxonomy":"translation_priority"},"publishpress_future_workflow_manual_trigger":{"enabledWorkflows":[]},"_links":{"self":[{"href":"https:\/\/www.losesculloscabodegata.com\/fr\/wp-json\/wp\/v2\/pages\/3507","targetHints":{"allow":["GET"]}}],"collection":[{"href":"https:\/\/www.losesculloscabodegata.com\/fr\/wp-json\/wp\/v2\/pages"}],"about":[{"href":"https:\/\/www.losesculloscabodegata.com\/fr\/wp-json\/wp\/v2\/types\/page"}],"author":[{"embeddable":true,"href":"https:\/\/www.losesculloscabodegata.com\/fr\/wp-json\/wp\/v2\/users\/2"}],"replies":[{"embeddable":true,"href":"https:\/\/www.losesculloscabodegata.com\/fr\/wp-json\/wp\/v2\/comments?post=3507"}],"version-history":[{"count":4,"href":"https:\/\/www.losesculloscabodegata.com\/fr\/wp-json\/wp\/v2\/pages\/3507\/revisions"}],"predecessor-version":[{"id":5726,"href":"https:\/\/www.losesculloscabodegata.com\/fr\/wp-json\/wp\/v2\/pages\/3507\/revisions\/5726"}],"wp:attachment":[{"href":"https:\/\/www.losesculloscabodegata.com\/fr\/wp-json\/wp\/v2\/media?parent=3507"}],"curies":[{"name":"wp","href":"https:\/\/api.w.org\/{rel}","templated":true}]}}