{"id":3566,"date":"2018-03-13T09:43:22","date_gmt":"2018-03-13T09:43:22","guid":{"rendered":"https:\/\/www.losesculloscabodegata.com\/cabo-de-gata\/ciudad-de-almeria\/"},"modified":"2018-06-05T14:50:09","modified_gmt":"2018-06-05T14:50:09","slug":"ville-dalmeria","status":"publish","type":"page","link":"https:\/\/www.losesculloscabodegata.com\/fr\/cabo-de-gata\/ville-dalmeria\/","title":{"rendered":"Ville d\u2019Almeria"},"content":{"rendered":"<div class=\"wpb-content-wrapper\"><p>[vc_row][vc_column][\/vc_column][\/vc_row][vc_row][vc_column][vc_column_text]La ville d\u2019<strong>Almeria<\/strong> est juste \u00e0 38 km de <strong>Los Escullos Resort and Camping<\/strong>, environ 40 minutes. Voici les principales attractions de la ville, mais ne h\u00e9sitez pas \u00e0 vous vous renseigner aupr\u00e8s de notre r\u00e9ception \u00e0 propos de la richesse culturelle, de loisirs, des \u00e9v\u00e9nements de la ville (mus\u00e9es, restaurants, activit\u00e9s, etc&#8230;)[\/vc_column_text][\/vc_column][\/vc_row][vc_row][vc_column width=\u00a0\u00bb1\/2&Prime;][vc_column_text]<\/p>\n<h2><strong>Centre de la Ville d\u2019Almeria<\/strong><\/h2>\n<p>&nbsp;<\/p>\n<p><strong>Puerta Purchena<\/strong> est le point focal de la ville d&rsquo;Almeria.<\/p>\n<p>De Puerta Purchena partent l\u2019avenue <strong>Paseo de Almer\u00eda<\/strong> et <strong>Obispo Orber\u00e1<\/strong>, les rues commer\u00e7antes de la ville. Une bonne promenade id\u00e9ale pour faire un peu de shopping!<\/p>\n<p>Autour du centre d\u2019Almeria, vous pouvez trouver une grande vari\u00e9t\u00e9 de <strong>bars et restaurants<\/strong> pour d\u00e9guster des tapas.<\/p>\n<p>Le <strong>quartier des cuatro calles<\/strong> (cela signifie \u00ab\u00a0quatre rues\u00a0\u00bb) c\u2019est ou le divertissement et la vie nocturne sont concentr\u00e9s, ceci est la zone id\u00e9ale pour les tapas et boissons.[\/vc_column_text][vc_single_image image=\u00a0\u00bb2303&Prime; img_size=\u00a0\u00bb570&#215;320&Prime;][\/vc_column][vc_column width=\u00a0\u00bb1\/2&Prime;][vc_column_text]<\/p>\n<h2><strong>Abris de la Guerre Civile<\/strong><\/h2>\n<p>&nbsp;<\/p>\n<p>Les <strong>abris de Almer\u00eda<\/strong> constituent un r\u00e9seau de 4 kilom\u00e8tres de tunnels souterrains qui ont \u00e9t\u00e9 utilis\u00e9 comme un abri contre les raids a\u00e9riens sur Almer\u00eda pendant la guerre civile espagnole (1936-1939). Ces galeries, con\u00e7ues par l&rsquo;architecte <strong>Guillermo Langle<\/strong>, sont le plus important et le mieux conserv\u00e9 en Europe.<\/p>\n<p>La visite \u00e0 l\u2019abri consiste dans une route souterraine de 1 km. \u00c9tendant de la <strong>Puerta Purchena<\/strong>, \u00e7a passe au dessous du Paseo et termine \u00e0 la Plaza <strong>Pablo Cazard<\/strong>. Les visites sont effectu\u00e9es en petits groupes, afin <strong>r\u00e9servation \u00e0 l\u2019avance<\/strong> est essentielle.[\/vc_column_text][vc_single_image image=\u00a0\u00bb2311&Prime; img_size=\u00a0\u00bb570&#215;320&Prime;][\/vc_column][\/vc_row][vc_row][vc_column width=\u00a0\u00bb1\/2&Prime;][vc_column_text]<\/p>\n<h2><strong>Alcazaba<\/strong><\/h2>\n<p>&nbsp;<\/p>\n<p>L&rsquo;<strong>Alcazaba<\/strong> est situ\u00e9 dans la partie haute de la ville et offre une vue panoramique spectaculaire de Almeria.<\/p>\n<p>Sa construction a commenc\u00e9 en 955 et a fini dans le XIe si\u00e8cle. La Alcazaba montre l&rsquo;\u00e9volution de l\u2019architecture civile et militaire au cours de la domination musulmane en Andalousie: les murs, les jardins, les palais, les citernes, les r\u00e9sidences, las tours, etc..<\/p>\n<p>Apr\u00e8s la conqu\u00eate chr\u00e9tienne, il a \u00e9t\u00e9 r\u00e9form\u00e9 entre 1490 et 1534 par les Rois Catholiques et Carlos I. Ainsi nous trouvons dans l\u2019Alcazaba une maison de l&rsquo;architecture chr\u00e9tienne.[\/vc_column_text][vc_single_image image=\u00a0\u00bb2308&Prime; img_size=\u00a0\u00bb570&#215;320&Prime;][\/vc_column][vc_column width=\u00a0\u00bb1\/2&Prime;][vc_column_text]<\/p>\n<h2><strong>Cath\u00e9drale<\/strong><\/h2>\n<p>&nbsp;<\/p>\n<p>La <strong>cath\u00e9drale<\/strong> d&rsquo;Almer\u00eda est situ\u00e9e \u00e0 Place de la Cath\u00e9drale, dans la vieille ville.<\/p>\n<p>La cath\u00e9drale d&rsquo;Almeria est un exemple unique en son genre car il est une <strong>cath\u00e9drale-forteresse<\/strong> du XVIIe si\u00e8cle, les b\u00e2timents gothiques et fa\u00e7ades Renaissance, qui a \u00e9t\u00e9 construit \u00e0 la fois pour l&rsquo;adoration et de la d\u00e9fense des attaques men\u00e9es sur la ville par les pirates barbaresques.<\/p>\n<p>Dans la fa\u00e7ade de la cath\u00e9drale en Calle Cubo, vous pouvez trouver le <strong>Soleil de Portocarrero<\/strong>, symbole et embl\u00e8me de la ville d\u2019Almeria.[\/vc_column_text][vc_single_image image=\u00a0\u00bb2309&Prime; img_size=\u00a0\u00bb570&#215;320&Prime;][\/vc_column][\/vc_row][vc_row][vc_column width=\u00a0\u00bb1\/2&Prime;][vc_column_text]<\/p>\n<h2><strong>C\u00e2ble Ingl\u00e9s<\/strong><\/h2>\n<p>&nbsp;<\/p>\n<p>Le <strong>c\u00e2ble anglais<\/strong> (Cargadero de Alquife) se trouve dans la Playa de las Almadrabillas, pr\u00e8s du centre-ville.<\/p>\n<p>La structure, construite en <strong>1904<\/strong>, refl\u00e8te le pass\u00e9 industriel et minier de la ville. Les Anglais ont construit ce C\u00e2ble de charge min\u00e9rale pour d\u00e9chargent sur les bateaux le minerai qui est venu par train.<\/p>\n<p>Le c\u00e2ble anglais est le travail d\u2019ing\u00e9nierie importante et l\u2019exemple d\u2019une architecture du fer au d\u00e9but du XX si\u00e8cle, \u00e9tant donn\u00e9 qu\u2019elle fut construite par les principes de l\u2019\u00e9cole d\u2019<strong>Eiffel<\/strong>.[\/vc_column_text][vc_single_image image=\u00a0\u00bb2310&Prime; img_size=\u00a0\u00bb570&#215;320&Prime;][\/vc_column][vc_column width=\u00a0\u00bb1\/2&Prime;][vc_column_text]<\/p>\n<h2><strong>Promenade Maritime<\/strong><\/h2>\n<p>&nbsp;<\/p>\n<p>La <strong>Promenade Maritime de Almeria<\/strong> se prolonge pour 4 km, du port de la ville jusqu\u2019\u00e0 l\u2019Universit\u00e9.<\/p>\n<p>Le beau temps de Almeria tout au long de l&rsquo;ann\u00e9e rend la promenade dans une option id\u00e9ale pour les sorties en famille pour profiter de la diverses offres de restauration long de la promenade en front de mer: restaurants, caf\u00e9s, bar ou d\u00e9gouter des glace ou des tapas dans un chiringuito: des bars typiques de l\u2019Andalousie situ\u00e9es dans la plage!<\/p>\n<p>Plages urbaines: El Zapillo, Nueva Andaluc\u00eda et Costacabana.[\/vc_column_text][vc_single_image image=\u00a0\u00bb2306&Prime; img_size=\u00a0\u00bb570&#215;320&Prime;][\/vc_column][\/vc_row][vc_row][vc_column][vc_column_text]Consultez les horaires des visites guid\u00e9es dans l\u2019Office de Tourisme de Almeria. Place de la Constitution, num\u00e9ro 9. 950 210 538<\/p>\n<p>Lors de notre r\u00e9ception, nous pouvons vous informer de toutes les options et alternatives pour les loisirs et la culture de Almeria.[\/vc_column_text][\/vc_column][\/vc_row]<\/p>\n<\/div>","protected":false},"excerpt":{"rendered":"<p>[vc_row][vc_column][\/vc_column][\/vc_row][vc_row][vc_column][vc_column_text]La ville d\u2019Almeria est juste \u00e0 38 km de Los Escullos Resort and Camping, environ 40 minutes. Voici les principales attractions de la ville, mais ne h\u00e9sitez pas \u00e0 vous vous renseigner aupr\u00e8s de notre r\u00e9ception \u00e0 propos de la richesse culturelle, de loisirs, des \u00e9v\u00e9nements de la ville (mus\u00e9es, restaurants, activit\u00e9s, etc&#8230;)[\/vc_column_text][\/vc_column][\/vc_row][vc_row][vc_column width=\u00a0\u00bb1\/2&Prime;][vc_column_text] Centre [&hellip;]<\/p>\n","protected":false},"author":2,"featured_media":3567,"parent":3507,"menu_order":0,"comment_status":"closed","ping_status":"closed","template":"","meta":{"_acf_changed":false,"footnotes":""},"class_list":["post-3566","page","type-page","status-publish","has-post-thumbnail","hentry"],"acf":[],"publishpress_future_action":{"enabled":false,"date":"2026-04-29 09:12:01","action":"change-status","newStatus":"draft","terms":[],"taxonomy":"translation_priority"},"publishpress_future_workflow_manual_trigger":{"enabledWorkflows":[]},"_links":{"self":[{"href":"https:\/\/www.losesculloscabodegata.com\/fr\/wp-json\/wp\/v2\/pages\/3566","targetHints":{"allow":["GET"]}}],"collection":[{"href":"https:\/\/www.losesculloscabodegata.com\/fr\/wp-json\/wp\/v2\/pages"}],"about":[{"href":"https:\/\/www.losesculloscabodegata.com\/fr\/wp-json\/wp\/v2\/types\/page"}],"author":[{"embeddable":true,"href":"https:\/\/www.losesculloscabodegata.com\/fr\/wp-json\/wp\/v2\/users\/2"}],"replies":[{"embeddable":true,"href":"https:\/\/www.losesculloscabodegata.com\/fr\/wp-json\/wp\/v2\/comments?post=3566"}],"version-history":[{"count":3,"href":"https:\/\/www.losesculloscabodegata.com\/fr\/wp-json\/wp\/v2\/pages\/3566\/revisions"}],"predecessor-version":[{"id":3945,"href":"https:\/\/www.losesculloscabodegata.com\/fr\/wp-json\/wp\/v2\/pages\/3566\/revisions\/3945"}],"up":[{"embeddable":true,"href":"https:\/\/www.losesculloscabodegata.com\/fr\/wp-json\/wp\/v2\/pages\/3507"}],"wp:featuredmedia":[{"embeddable":true,"href":"https:\/\/www.losesculloscabodegata.com\/fr\/wp-json\/wp\/v2\/media\/3567"}],"wp:attachment":[{"href":"https:\/\/www.losesculloscabodegata.com\/fr\/wp-json\/wp\/v2\/media?parent=3566"}],"curies":[{"name":"wp","href":"https:\/\/api.w.org\/{rel}","templated":true}]}}