{"id":3580,"date":"2018-03-13T09:38:29","date_gmt":"2018-03-13T09:38:29","guid":{"rendered":"https:\/\/www.losesculloscabodegata.com\/cabo-de-gata\/pueblos-de-cabo-de-gata\/"},"modified":"2018-06-05T15:02:06","modified_gmt":"2018-06-05T15:02:06","slug":"villages-de-cabo-de-gata","status":"publish","type":"page","link":"https:\/\/www.losesculloscabodegata.com\/fr\/cabo-de-gata\/villages-de-cabo-de-gata\/","title":{"rendered":"Villages de Cabo de Gata"},"content":{"rendered":"<div class=\"wpb-content-wrapper\"><p>[vc_row][vc_column][vc_column_text]Le parc naturel <strong>Cabo de Gata<\/strong> cache de charmants <strong>petits villages<\/strong> et des centaines de lieux \u00e0 explorer. Nous vous proposons une s\u00e9lection d&rsquo;itin\u00e9raires pour visiter les villes de Cabo de Gata et d\u00e9couvrir les lieux les plus formidables : monuments, fermes, nature, g\u00e9ologie, gastronomie \u2026 et bien plus \u00e0 d\u00e9couvrir.[\/vc_column_text][\/vc_column][\/vc_row][vc_row][vc_column width=\u00a0\u00bb1\/2&Prime;][vc_column_text]<\/p>\n<h2><strong>Le d\u00e9sert se fond dans la mer<\/strong><\/h2>\n<p>&nbsp;<\/p>\n<p><strong>Villages<\/strong>: Cabo de Gata, Pujaire, Las Amoladeras et Torre Garc\u00eda.<\/p>\n<p><strong>Point d\u00b4int\u00e9r\u00eats<\/strong>: Centre d\u2019accueil touristique, cultures de sisal, belv\u00e9d\u00e8re Les Amoladeras, azufaifal, des oiseaux de steppe, Torre Garc\u00eda sanctuaire, tour de guet, embouchure de la ravine de las Amoladeras (plages fossiles), dunes c\u00f4ti\u00e8res, Charco (oiseaux zones humides), village de Cabo de Gata (village de p\u00eacheurs).<\/p>\n<p><strong>Distance<\/strong> : 30 Km. 12 Km.[\/vc_column_text][vc_single_image image=\u00a0\u00bb2314&Prime; img_size=\u00a0\u00bb570&#215;320&Prime;][\/vc_column][vc_column width=\u00a0\u00bb1\/2&Prime;][vc_column_text css=\u00a0\u00bb.vc_custom_1528210921993{margin-bottom: 61px !important;}\u00a0\u00bb]<\/p>\n<h2><strong>Plages, calanques et falaises<\/strong><\/h2>\n<p>&nbsp;<\/p>\n<p><strong>Villages<\/strong>: Cabo de Gata, El Corralete et San Jos\u00e9.<\/p>\n<p><strong>Point d\u00b4int\u00e9r\u00eats<\/strong>: P\u00eache de base, observatoire d&rsquo;oiseaux, Fabriquilla, las Salinas, Tour de la Testa, Corralete, Arrecife de las Sirenas, Punta Baja, Cala Raj\u00e1, Vela Blanca, Cala Carb\u00f3n, Monsul, Barronal.<\/p>\n<p><strong>Distance<\/strong> : 47 Km. 17 Km.<\/p>\n<p>&nbsp;<\/p>\n<p>[\/vc_column_text][vc_single_image image=\u00a0\u00bb2315&Prime; img_size=\u00a0\u00bb570&#215;320&Prime;][\/vc_column][\/vc_row][vc_row][vc_column width=\u00a0\u00bb1\/2&Prime;][vc_column_text]<\/p>\n<h2><strong>Les volcans et les Pierres Pr\u00e9cieuses<\/strong><\/h2>\n<p>&nbsp;<\/p>\n<p><strong>Villages<\/strong>: Cabo de Gata, Pujaire, Las Amoladeras et Torre Garc\u00eda.<\/p>\n<p><strong>Point d\u00b4int\u00e9r\u00eats<\/strong>: caldeira volcanique , plage del Arco, dune fossile , forteresse de San Felipe, calanque del Embarcadero, montagnes de Los Frailes, b\u00e9lv\u00e8dere de la Isleta, Plage du Penon Blanco, calanque de Los Toros, b\u00e9lv\u00e8dere de Las Amatistas, installacions de chaudi\u00e8res de Rodalquilar, jardin botanique, maison des volcans , Playazo de Rodalquilar, etc\u2026<\/p>\n<p><strong>Distance<\/strong>: \/ 20 Km.[\/vc_column_text][vc_single_image image=\u00a0\u00bb2317&Prime; img_size=\u00a0\u00bb570&#215;320&Prime;][\/vc_column][vc_column width=\u00a0\u00bb1\/2&Prime;][vc_column_text css=\u00a0\u00bb.vc_custom_1528210631115{margin-bottom: 61px !important;}\u00a0\u00bb]<\/p>\n<h2><strong>Cortijos du terrain de Nijar<\/strong><\/h2>\n<p>&nbsp;<\/p>\n<p><strong>Villages<\/strong>: Hornillo et Fern\u00e1n P\u00e9rez.<\/p>\n<p><strong>Point d\u00b4int\u00e9r\u00eats<\/strong>: structure en b\u00e9tail du cortijo Requena, Cortijo del Fraile, cultivations, maisons, ermitage, citernes, puits, oiseaux steppiques, Cortijo del Hornillo, cortijo del Higo Seco et ses caract\u00e9ristiques de porcheries, Fernan Perez : moulin \u00e0 vent et gastronomie populair, cortijo de Balsa Blanca.<\/p>\n<p><strong>Distance<\/strong> : 20 Km. 14 Km.[\/vc_column_text][vc_single_image image=\u00a0\u00bb2316&Prime; img_size=\u00a0\u00bb570&#215;320&Prime;][\/vc_column][\/vc_row][vc_row][vc_column width=\u00a0\u00bb1\/2&Prime;][vc_column_text]<\/p>\n<h2><strong>L\u2019eau, source de vie<\/strong><\/h2>\n<p>&nbsp;<\/p>\n<p><strong>Villages<\/strong>: Huebro, N\u00edjar, Torre del Campo, et Campohermoso.<\/p>\n<p><strong>Point d\u00b4int\u00e9r\u00eats<\/strong>: Naissance d\u2019Huebro, \u00e9glise del Rosario, route des moulins d\u2019eau, ville de Nijar: Place d\u2019en haut , rue de las Eras, marais d\u2019Isabel II , Campohermoso, citerne Bermejo, aqueduc Fernan Perez, moulin et blanchisserie de Fernan Perez, cortijada de Balsa Blanca, moulins de la rivi\u00e8re Alias, d\u00e9ssalement de Carboneras.<\/p>\n<p><strong>Distance<\/strong> : 52 Km.[\/vc_column_text][vc_single_image image=\u00a0\u00bb2319&Prime; img_size=\u00a0\u00bb570&#215;320&Prime;][\/vc_column][vc_column width=\u00a0\u00bb1\/2&Prime;][vc_column_text]<\/p>\n<h2><strong>Miradors et Forteresses<\/strong><\/h2>\n<p>&nbsp;<\/p>\n<p><strong>Villages<\/strong>: Carboneras, Aguamarga, Las Negras et Rodalquiar.<\/p>\n<p><strong>Point d\u00b4int\u00e9r\u00eats<\/strong>: Ch\u00e2teau de San Andr\u00e9s , Carboneras (village touristique, poisson et gastronomie marini\u00e8re), forteresse de Mesa Roldan, fare, g\u00e9ologie de Mesa Roldan, plage de Los Muertos, Aguamarga, mines bentonites, Las Hortichuelas, Ch\u00e2teau des Alumbres , etc\u2026.<\/p>\n<p><strong>Distance<\/strong> : \/ 36 Km.[\/vc_column_text][vc_single_image image=\u00a0\u00bb2318&Prime; img_size=\u00a0\u00bb570&#215;320&Prime;][\/vc_column][\/vc_row]<\/p>\n<\/div>","protected":false},"excerpt":{"rendered":"<p>[vc_row][vc_column][vc_column_text]Le parc naturel Cabo de Gata cache de charmants petits villages et des centaines de lieux \u00e0 explorer. Nous vous proposons une s\u00e9lection d&rsquo;itin\u00e9raires pour visiter les villes de Cabo de Gata et d\u00e9couvrir les lieux les plus formidables : monuments, fermes, nature, g\u00e9ologie, gastronomie \u2026 et bien plus \u00e0 d\u00e9couvrir.[\/vc_column_text][\/vc_column][\/vc_row][vc_row][vc_column width=\u00a0\u00bb1\/2&Prime;][vc_column_text] Le d\u00e9sert se [&hellip;]<\/p>\n","protected":false},"author":2,"featured_media":3581,"parent":3507,"menu_order":0,"comment_status":"closed","ping_status":"closed","template":"","meta":{"_acf_changed":false,"footnotes":""},"class_list":["post-3580","page","type-page","status-publish","has-post-thumbnail","hentry"],"acf":[],"publishpress_future_action":{"enabled":false,"date":"2026-04-25 11:03:57","action":"change-status","newStatus":"draft","terms":[],"taxonomy":"translation_priority"},"publishpress_future_workflow_manual_trigger":{"enabledWorkflows":[]},"_links":{"self":[{"href":"https:\/\/www.losesculloscabodegata.com\/fr\/wp-json\/wp\/v2\/pages\/3580","targetHints":{"allow":["GET"]}}],"collection":[{"href":"https:\/\/www.losesculloscabodegata.com\/fr\/wp-json\/wp\/v2\/pages"}],"about":[{"href":"https:\/\/www.losesculloscabodegata.com\/fr\/wp-json\/wp\/v2\/types\/page"}],"author":[{"embeddable":true,"href":"https:\/\/www.losesculloscabodegata.com\/fr\/wp-json\/wp\/v2\/users\/2"}],"replies":[{"embeddable":true,"href":"https:\/\/www.losesculloscabodegata.com\/fr\/wp-json\/wp\/v2\/comments?post=3580"}],"version-history":[{"count":5,"href":"https:\/\/www.losesculloscabodegata.com\/fr\/wp-json\/wp\/v2\/pages\/3580\/revisions"}],"predecessor-version":[{"id":3950,"href":"https:\/\/www.losesculloscabodegata.com\/fr\/wp-json\/wp\/v2\/pages\/3580\/revisions\/3950"}],"up":[{"embeddable":true,"href":"https:\/\/www.losesculloscabodegata.com\/fr\/wp-json\/wp\/v2\/pages\/3507"}],"wp:featuredmedia":[{"embeddable":true,"href":"https:\/\/www.losesculloscabodegata.com\/fr\/wp-json\/wp\/v2\/media\/3581"}],"wp:attachment":[{"href":"https:\/\/www.losesculloscabodegata.com\/fr\/wp-json\/wp\/v2\/media?parent=3580"}],"curies":[{"name":"wp","href":"https:\/\/api.w.org\/{rel}","templated":true}]}}