{"id":3590,"date":"2018-03-13T09:33:31","date_gmt":"2018-03-13T09:33:31","guid":{"rendered":"https:\/\/www.losesculloscabodegata.com\/cabo-de-gata\/rutas-de-senderismo\/"},"modified":"2018-06-05T15:08:15","modified_gmt":"2018-06-05T15:08:15","slug":"sentiers-de-randonnee","status":"publish","type":"page","link":"https:\/\/www.losesculloscabodegata.com\/fr\/cabo-de-gata\/sentiers-de-randonnee\/","title":{"rendered":"Sentiers de Randonn\u00e9e"},"content":{"rendered":"<div class=\"wpb-content-wrapper\"><p>[vc_row][vc_column][vc_column_text]<strong>Cabo de Gata<\/strong> est riche de <strong>sentiers de randonn\u00e9e<\/strong> pour profiter de la nature intacte et le paradis offert par le Parc Naturel. Nous vous proposons ici une petite s\u00e9lection des trajectoires id\u00e9ales pour profiter avec un partenaire ou avec toute la famille. D\u00e9couvrez les magnifiques paysages et une vue imprenable sur le Parc Naturel de Cabo de Gata![\/vc_column_text][\/vc_column][\/vc_row][vc_row][vc_column width=\u00a0\u00bb1\/2&Prime;][vc_column_text]<\/p>\n<h2 style=\"color: #1c75a9;\"><strong>Escullos-Isleta del Moro<\/strong><\/h2>\n<p>&nbsp;<\/p>\n<p>Zone c\u00f4ti\u00e8re avec des falaises et des plages. Il y a une construction militaire et de villages c\u00f4tiers de p\u00eacheurs.<\/p>\n<p>Dur\u00e9e : 40 minutes<\/p>\n<p>Distance : 1&rsquo;6 Km. (Chemin)<\/p>\n<p>Difficult\u00e9 : Facile.[\/vc_column_text][\/vc_column][vc_column width=\u00a0\u00bb1\/2&Prime;][vc_column_text]<\/p>\n<h2 style=\"color: #1c75a9;\"><strong>Escullos-Pozo de los Frailes<\/strong><\/h2>\n<p>&nbsp;<\/p>\n<p>Terrain relativement accident\u00e9 par les dunes et les d\u00e9pressions d\u2019origine volcaniques. V\u00e9g\u00e9tation de steppe propre \u00e0 la r\u00e9gion ou introduite.<\/p>\n<p>Dur\u00e9e : 1 heure.<\/p>\n<p>Distance : 2&rsquo;8 Km. (Voie)<\/p>\n<p>Difficult\u00e9 : Facile.[\/vc_column_text][\/vc_column][\/vc_row][vc_row][vc_column width=\u00a0\u00bb1\/2&Prime;][vc_column_text]<\/p>\n<h2 style=\"color: #1c75a9;\"><strong>Los Genoveses<\/strong><\/h2>\n<p>&nbsp;<\/p>\n<p>Crique ferm\u00e9e par des montagnes d\u2019origines volcaniques. Plage et dunes fossiles et champs de culture. Moulins \u00e0 vent, maisons de campagne, citernes etc\u2026<\/p>\n<p>Dur\u00e9e : 1 heure et 30 minutes.<\/p>\n<p>Distance : 2&rsquo;3 Km. (Voie ou Chemin)<\/p>\n<p>Difficult\u00e9 : Facile.[\/vc_column_text][\/vc_column][vc_column width=\u00a0\u00bb1\/2&Prime;][vc_column_text]<\/p>\n<h2 style=\"color: #1c75a9;\"><strong>Caldera de Majada redonda<\/strong><\/h2>\n<p>&nbsp;<\/p>\n<p>Terrain relativement accident\u00e9 par les dunes et les d\u00e9pressions d\u2019origine volcaniques. V\u00e9g\u00e9tation de steppe propre \u00e0 la r\u00e9gion ou introduite.<\/p>\n<p>Dur\u00e9e : 1 heure.<\/p>\n<p>Distance : 2&rsquo;8 Km. (Voie)<\/p>\n<p>Difficult\u00e9 : Facile.[\/vc_column_text][\/vc_column][\/vc_row][vc_row][vc_column][vc_column_text]<\/p>\n<h2 style=\"color: #1c75a9;\"><strong>Cortijo del Fraile-Hornillo<\/strong><\/h2>\n<p>&nbsp;<\/p>\n<p>Plaine cultiv\u00e9e et collines couvertes par la v\u00e9g\u00e9tation de steppe. Un Cortijo ruin\u00e9 est le point focal de l\u2019endroit, c\u00e9l\u00e8bre pour avoir inspir\u00e9 de Federico Garcia Lorca \u00ab\u00a0Bodas de Sangre\u00a0\u00bb.<\/p>\n<p>Dur\u00e9e : 3 heures.<\/p>\n<p>Distance : 7&rsquo;7 Km. (route blanche ou le chemin)<\/p>\n<p>Difficult\u00e9 : Facile.[\/vc_column_text][\/vc_column][\/vc_row][vc_row][vc_column][vc_column_text]Ces routes en PDF peuvent se trouver dans le portal \u00ab\u00a0<a title=\"www.ventanadelvisitante.com: Ventana del visitante de los espacios naturales protegidos de Andaluc\u00eda\" href=\"http:\/\/www.ventanadelvisitante.com\" target=\"_blank\" rel=\"noopener\"><b>La fen\u00eatre du visitant<\/b><\/a>\u00ab\u00a0, de la Junta de Andalucia (Minist\u00e8re de l\u2019environnement et de l\u2019am\u00e9nagement du territoire)<\/p>\n<p>Tu pourras trouver beaucoup plus d\u2019informations sur le Parc Naturel Cabo de Gata \u2013 Nijar sur le site: <a title=\"www.ventanadelvisitante.com: Ventana del visitante de los espacios naturales protegidos de Andaluc\u00eda\" href=\"http:\/\/www.ventanadelvisitante.com\" target=\"_blank\" rel=\"noopener\"><b>www.laventanadelvisitante.com<\/b><\/a>[\/vc_column_text][\/vc_column][\/vc_row][vc_row][vc_column][vc_single_image image=\u00a0\u00bb2336&Prime; img_size=\u00a0\u00bb1200&#215;400&Prime;][\/vc_column][\/vc_row]<\/p>\n<\/div>","protected":false},"excerpt":{"rendered":"<p>[vc_row][vc_column][vc_column_text]Cabo de Gata est riche de sentiers de randonn\u00e9e pour profiter de la nature intacte et le paradis offert par le Parc Naturel. Nous vous proposons ici une petite s\u00e9lection des trajectoires id\u00e9ales pour profiter avec un partenaire ou avec toute la famille. D\u00e9couvrez les magnifiques paysages et une vue imprenable sur le Parc Naturel [&hellip;]<\/p>\n","protected":false},"author":2,"featured_media":3591,"parent":3507,"menu_order":0,"comment_status":"closed","ping_status":"closed","template":"","meta":{"_acf_changed":false,"footnotes":""},"class_list":["post-3590","page","type-page","status-publish","has-post-thumbnail","hentry"],"acf":[],"publishpress_future_action":{"enabled":false,"date":"2026-04-29 08:38:42","action":"change-status","newStatus":"draft","terms":[],"taxonomy":"translation_priority"},"publishpress_future_workflow_manual_trigger":{"enabledWorkflows":[]},"_links":{"self":[{"href":"https:\/\/www.losesculloscabodegata.com\/fr\/wp-json\/wp\/v2\/pages\/3590","targetHints":{"allow":["GET"]}}],"collection":[{"href":"https:\/\/www.losesculloscabodegata.com\/fr\/wp-json\/wp\/v2\/pages"}],"about":[{"href":"https:\/\/www.losesculloscabodegata.com\/fr\/wp-json\/wp\/v2\/types\/page"}],"author":[{"embeddable":true,"href":"https:\/\/www.losesculloscabodegata.com\/fr\/wp-json\/wp\/v2\/users\/2"}],"replies":[{"embeddable":true,"href":"https:\/\/www.losesculloscabodegata.com\/fr\/wp-json\/wp\/v2\/comments?post=3590"}],"version-history":[{"count":2,"href":"https:\/\/www.losesculloscabodegata.com\/fr\/wp-json\/wp\/v2\/pages\/3590\/revisions"}],"predecessor-version":[{"id":3952,"href":"https:\/\/www.losesculloscabodegata.com\/fr\/wp-json\/wp\/v2\/pages\/3590\/revisions\/3952"}],"up":[{"embeddable":true,"href":"https:\/\/www.losesculloscabodegata.com\/fr\/wp-json\/wp\/v2\/pages\/3507"}],"wp:featuredmedia":[{"embeddable":true,"href":"https:\/\/www.losesculloscabodegata.com\/fr\/wp-json\/wp\/v2\/media\/3591"}],"wp:attachment":[{"href":"https:\/\/www.losesculloscabodegata.com\/fr\/wp-json\/wp\/v2\/media?parent=3590"}],"curies":[{"name":"wp","href":"https:\/\/api.w.org\/{rel}","templated":true}]}}