{"id":3600,"date":"2018-03-13T09:25:54","date_gmt":"2018-03-13T09:25:54","guid":{"rendered":"https:\/\/www.losesculloscabodegata.com\/cabo-de-gata\/calas-y-playas\/"},"modified":"2018-06-05T15:15:47","modified_gmt":"2018-06-05T15:15:47","slug":"plages-et-criques","status":"publish","type":"page","link":"https:\/\/www.losesculloscabodegata.com\/fr\/cabo-de-gata\/plages-et-criques\/","title":{"rendered":"Plages et Criques"},"content":{"rendered":"<div class=\"wpb-content-wrapper\"><p>[vc_row][vc_column][vc_column_text]L&rsquo;un des principaux charmes de Cabo de Gata sont ses belles <strong>plages et criques<\/strong>. \u00c0 Los Escullos, situ\u00e9 au c\u0153ur du parc naturel, vous vous trouverez tr\u00e8s proche des meilleures plages et criques. La plupart d\u2019entre eux sont des plages vierges sans services ou de supervision, nous vous conseillons donc d\u2019\u00eatre prudent, porter toujours beaucoup d\u2019eau avec vous et enlever votre poubelle lorsque vous allez.<\/p>\n<p>Certaines plages et criques sont sp\u00e9cifiquement nudistes, mais la <strong>nudit\u00e9<\/strong> est accept\u00e9e et courante dans la plupart d\u2019elles.<\/p>\n<p>Nous montrons dans cette section une petite <strong>s\u00e9lection<\/strong> de plages et de criques. Vous pouvez trouver toutes les plages et criques de Cabo de Gata (plus de 70) dans notre <strong>carte<\/strong> ci-dessous:[\/vc_column_text][\/vc_column][\/vc_row][vc_row][vc_column width=\u00a0\u00bb1\/2&Prime;][vc_column_text]<\/p>\n<h2 style=\"color: #1c75a9;\"><strong>Los Escullos. Playa del Arco<\/strong><\/h2>\n<p>&nbsp;<\/p>\n<p>La <strong>Playa del Arco<\/strong> de Los Escullos est de sable fin et dor\u00e9 et se caract\u00e9rise par sa spectaculaire dune fossile. Il est id\u00e9al pour la plong\u00e9e, gr\u00e2ce \u00e0 ses fonds marins rocheux et ses for\u00eats de posidonie oc\u00e9anique. D\u2019un c\u00f4t\u00e9 de la plage, vous pourrez voir le ch\u00e2teau de San Felipe, construit sur le XVIII si\u00e8cle et encore en parfait \u00e9tat.<\/p>\n<p>La <strong>Playa del Arco<\/strong> est situ\u00e9 tr\u00e8s pr\u00e8s du Camping Los Escullos, vous pouvez y arriver dans une promenade de 15 minutes.<\/p>\n<p>La Playa del Arco se trouve \u00e0 1 km du Camping.[\/vc_column_text][\/vc_column][vc_column width=\u00a0\u00bb1\/2&Prime;][vc_column_text]<\/p>\n<h2 style=\"color: #1c75a9;\"><strong>Genoveses<\/strong><\/h2>\n<p>&nbsp;<\/p>\n<p>La Playa de <strong>Genoveses<\/strong> est la plus grande du Parque Naturel, avec un longuer de plus d\u2019un kilometre. C\u2019est une plage de sable fin et dor\u00e9e avec des eaux cristallines et peu profonde: un vrai paradis pour se baigner avec toute la famille.<\/p>\n<p>Vous pouvez arriver avec un bus jusqu\u2019au la plage pour un sentier de sable qui arrive a <strong>San Jos\u00e9<\/strong>. Pendant l\u2019\u00e9t\u00e9 l\u2019acc\u00e8s en voiture est restreint.<\/p>\n<p>La Playa de Genoveses se trouve environs \u00e0 8 km du Camping.[\/vc_column_text][\/vc_column][\/vc_row][vc_row][vc_column width=\u00a0\u00bb1\/2&Prime;][vc_column_text]<\/p>\n<h2 style=\"color: #1c75a9;\"><strong>M\u00f3nsul<\/strong><\/h2>\n<p>&nbsp;<\/p>\n<p><strong>Monsul Beach<\/strong> est l\u2019une des plus c\u00e9l\u00e8bres du Parc Naturel, de sable fin et avec un pic spectaculaire de la roche volcanique qui avance dans la mer. Il a \u00e9t\u00e9 le jeu de plusieurs grands films comme Indiana Jones dans les Aventuriers de l&rsquo;Arche Perdue, Lawrence d&rsquo;Arabie et Les Aventures du Baron de M\u00fcnchhausen.<\/p>\n<p>Vous pouvez obtenir en voiture directement \u00e0 la plage par la route de sable de <strong>San Jos\u00e9<\/strong>. Pendant l\u2019\u00e9t\u00e9 l\u2019acc\u00e8s en voiture est restreint.<\/p>\n<p>La plage de Monsul est \u00e0 environ 10 km du Camping.[\/vc_column_text][\/vc_column][vc_column width=\u00a0\u00bb1\/2&Prime;][vc_column_text]<\/p>\n<h2 style=\"color: #1c75a9;\"><strong>El Playazo de Rodalquilar<\/strong><\/h2>\n<p>&nbsp;<\/p>\n<p>Le <strong>Playazo<\/strong> est une plage immacul\u00e9e avec des formations rocheuses sur les c\u00f4t\u00e9s, ses eaux claires et ses grands fonds riches de vie marine. Dans cette plage se trouve le ch\u00e2teau de San Ramon (XVIII\u00e8me si\u00e9cle).<\/p>\n<p>Vous pouvez acc\u00e9der \u00e0 le <strong>Playazo<\/strong> par un chemin en b\u00e9ton qui commence \u00e0 partir de la route entre Las Negras et Rodalquilar. En p\u00e9riode de pointe, les embouteillages sont fr\u00e9quents, \u00e9tant pour les fonctions limit\u00e9es de l\u2019all\u00e9e.<\/p>\n<p>Le Playazo est \u00e0 environ 10 km du Camping.[\/vc_column_text][\/vc_column][\/vc_row][vc_row][vc_column width=\u00a0\u00bb1\/2&Prime;][vc_column_text]<\/p>\n<h2 style=\"color: #1c75a9;\"><strong>Calanque San Pedro<\/strong><\/h2>\n<p>&nbsp;<\/p>\n<p>La <strong>Calanque de San Pedro<\/strong> est une belle plage, o\u00f9 il y a un ch\u00e2teau en ruine avec une petite source d\u2019eau douce. Le long chemin d\u2019acc\u00e8s est r\u00e9compens\u00e9 par des conditions \u00e9cologiques et des fonds marrins impressionnants.<\/p>\n<p>Pour acc\u00e9der \u00e0 la calanque vous devez arriver \u00e0 <strong>Las Negras<\/strong> et \u00e0 partir de l\u00e0 vous avez un trajet de 2km en voiture et 2km \u00e0 pieds. (4km au total) . Il existe un service pour arriver en <strong>b\u00e2teau<\/strong> \u00e0 partir de Las Negras.<\/p>\n<p>La calanque de San Pedro se trouve \u00e0 approxivement 15km du camping.[\/vc_column_text][\/vc_column][vc_column width=\u00a0\u00bb1\/2&Prime;][vc_column_text]<\/p>\n<h2 style=\"color: #1c75a9;\"><strong>Playa de Los Muertos<\/strong><\/h2>\n<p>&nbsp;<\/p>\n<p>La <strong>Playa de Los Muertos<\/strong> est une longue plage de plus de 1km. Son sable est fin et son eau est transparente. C\u2019est une plage reconnue \u00e0 niveau national, et qui a ce nom par rapport \u00e0 la quantit\u00e9 de cadavres de naufrag\u00e9s et de navigants que les courrants ont entra\u00een\u00e9s.<\/p>\n<p>L\u2019acc\u00e8s \u00e0 la <strong>Playa de Los Muertos<\/strong> se r\u00e9alise \u00e0 pied \u00e0 partir de deux sentiers (avec une certaine difficult\u00e9) qui partent de la route entre Aguamarga et Carboneras, o\u00f9 se trouve le parking non surveill\u00e9.<\/p>\n<p>La playa de Los Muertos se trouve \u00e0 approxivement 32km du camping.[\/vc_column_text][\/vc_column][\/vc_row][vc_row][vc_column][vc_single_image image=\u00a0\u00bb2340&Prime; img_size=\u00a0\u00bb1200&#215;400&Prime;][\/vc_column][\/vc_row]<\/p>\n<\/div>","protected":false},"excerpt":{"rendered":"<p>[vc_row][vc_column][vc_column_text]L&rsquo;un des principaux charmes de Cabo de Gata sont ses belles plages et criques. \u00c0 Los Escullos, situ\u00e9 au c\u0153ur du parc naturel, vous vous trouverez tr\u00e8s proche des meilleures plages et criques. La plupart d\u2019entre eux sont des plages vierges sans services ou de supervision, nous vous conseillons donc d\u2019\u00eatre prudent, porter toujours beaucoup [&hellip;]<\/p>\n","protected":false},"author":2,"featured_media":3601,"parent":3507,"menu_order":0,"comment_status":"closed","ping_status":"closed","template":"","meta":{"_acf_changed":false,"footnotes":""},"class_list":["post-3600","page","type-page","status-publish","has-post-thumbnail","hentry"],"acf":[],"publishpress_future_action":{"enabled":false,"date":"2026-04-29 09:11:31","action":"change-status","newStatus":"draft","terms":[],"taxonomy":"translation_priority"},"publishpress_future_workflow_manual_trigger":{"enabledWorkflows":[]},"_links":{"self":[{"href":"https:\/\/www.losesculloscabodegata.com\/fr\/wp-json\/wp\/v2\/pages\/3600","targetHints":{"allow":["GET"]}}],"collection":[{"href":"https:\/\/www.losesculloscabodegata.com\/fr\/wp-json\/wp\/v2\/pages"}],"about":[{"href":"https:\/\/www.losesculloscabodegata.com\/fr\/wp-json\/wp\/v2\/types\/page"}],"author":[{"embeddable":true,"href":"https:\/\/www.losesculloscabodegata.com\/fr\/wp-json\/wp\/v2\/users\/2"}],"replies":[{"embeddable":true,"href":"https:\/\/www.losesculloscabodegata.com\/fr\/wp-json\/wp\/v2\/comments?post=3600"}],"version-history":[{"count":2,"href":"https:\/\/www.losesculloscabodegata.com\/fr\/wp-json\/wp\/v2\/pages\/3600\/revisions"}],"predecessor-version":[{"id":3954,"href":"https:\/\/www.losesculloscabodegata.com\/fr\/wp-json\/wp\/v2\/pages\/3600\/revisions\/3954"}],"up":[{"embeddable":true,"href":"https:\/\/www.losesculloscabodegata.com\/fr\/wp-json\/wp\/v2\/pages\/3507"}],"wp:featuredmedia":[{"embeddable":true,"href":"https:\/\/www.losesculloscabodegata.com\/fr\/wp-json\/wp\/v2\/media\/3601"}],"wp:attachment":[{"href":"https:\/\/www.losesculloscabodegata.com\/fr\/wp-json\/wp\/v2\/media?parent=3600"}],"curies":[{"name":"wp","href":"https:\/\/api.w.org\/{rel}","templated":true}]}}